{"id":815,"date":"2024-12-12T12:43:36","date_gmt":"2024-12-12T11:43:36","guid":{"rendered":"https:\/\/agora.xtec.cat\/ins-idag\/?page_id=815"},"modified":"2025-01-31T12:23:11","modified_gmt":"2025-01-31T11:23:11","slug":"practiques-i-estada-a-empresa","status":"publish","type":"page","link":"https:\/\/agora.xtec.cat\/ins-idag\/serveis\/practiques-i-estada-a-empresa\/","title":{"rendered":"Pr\u00e0ctiques i estada a empresa"},"content":{"rendered":"\n<p><span style=\"font-weight: 400;\">La FCT (Formaci\u00f3 al centre de treball) s\u00f3n pr\u00e0ctiques formatives que realitzen els alumnes en centres de treball mitjan\u00e7ant un acord de col\u00b7laboraci\u00f3 on subscriuen l\u2019escola i l\u2019empresa.<\/span><\/p>\n<p><span style=\"font-weight: 400;\">Aquestes pr\u00e0ctiques formen part dels programes formatius (curriculars) dels ensenyaments.<\/span><\/p>\n<p>Si teniu una empresa del Sector de les Arts Gr\u00e0fiques i el Disseny, podeu contactar amb l&#8217;Institut i us explicarem com podem col\u00b7laborar.<\/p>\n<p><a href=\"https:\/\/agora.xtec.cat\/ins-idag\/wp-content\/uploads\/usu3038\/2025\/01\/Les-FCT.pdf\" target=\"_blank\" rel=\"noopener\">Veure\/descarregar informaci\u00f3<\/a><\/p>\n\n\n","protected":false},"excerpt":{"rendered":"<p>La FCT (Formaci\u00f3 al centre de treball) s\u00f3n pr\u00e0ctiques formatives que realitzen els alumnes en centres de treball mitjan\u00e7ant un acord de col\u00b7laboraci\u00f3 on subscriuen l\u2019escola i l\u2019empresa.<br \/>\nAquestes pr\u00e0ctiques formen part dels programes formatius (curriculars) dels ensenyaments.<br \/>\nSi teniu una empresa del Sector de les Arts&hellip;  <a href=\"https:\/\/agora.xtec.cat\/ins-idag\/serveis\/practiques-i-estada-a-empresa\/\" title=\"Read Pr\u00e0ctiques i estada a empresa\">Llegeix m\u00e9s\u00bb<\/a><\/p>\n","protected":false},"author":1,"featured_media":0,"parent":63,"menu_order":0,"comment_status":"closed","ping_status":"close","template":"page-templates\/side-menu.php","meta":{"footnotes":""},"class_list":["post-815","page","type-page","status-publish","hentry"],"post_mailing_queue_ids":[],"_links":{"self":[{"href":"https:\/\/agora.xtec.cat\/ins-idag\/wp-json\/wp\/v2\/pages\/815","targetHints":{"allow":["GET"]}}],"collection":[{"href":"https:\/\/agora.xtec.cat\/ins-idag\/wp-json\/wp\/v2\/pages"}],"about":[{"href":"https:\/\/agora.xtec.cat\/ins-idag\/wp-json\/wp\/v2\/types\/page"}],"author":[{"embeddable":true,"href":"https:\/\/agora.xtec.cat\/ins-idag\/wp-json\/wp\/v2\/users\/1"}],"replies":[{"embeddable":true,"href":"https:\/\/agora.xtec.cat\/ins-idag\/wp-json\/wp\/v2\/comments?post=815"}],"version-history":[{"count":2,"href":"https:\/\/agora.xtec.cat\/ins-idag\/wp-json\/wp\/v2\/pages\/815\/revisions"}],"predecessor-version":[{"id":881,"href":"https:\/\/agora.xtec.cat\/ins-idag\/wp-json\/wp\/v2\/pages\/815\/revisions\/881"}],"up":[{"embeddable":true,"href":"https:\/\/agora.xtec.cat\/ins-idag\/wp-json\/wp\/v2\/pages\/63"}],"wp:attachment":[{"href":"https:\/\/agora.xtec.cat\/ins-idag\/wp-json\/wp\/v2\/media?parent=815"}],"curies":[{"name":"wp","href":"https:\/\/api.w.org\/{rel}","templated":true}]}}