{"id":812,"date":"2024-12-12T12:42:03","date_gmt":"2024-12-12T11:42:03","guid":{"rendered":"https:\/\/agora.xtec.cat\/ins-idag\/?page_id=812"},"modified":"2026-01-28T11:29:56","modified_gmt":"2026-01-28T10:29:56","slug":"mobilitat-internacional","status":"publish","type":"page","link":"https:\/\/agora.xtec.cat\/ins-idag\/serveis\/mobilitat-internacional\/","title":{"rendered":"Mobilitat internacional"},"content":{"rendered":"\n\n\n<h3>GRAU MITJ\u00c0<\/h3>\n<p class=\"p2\">RESOLUCI\u00d3 DEL PROC\u00c8S DE SELECCI\u00d3 DEL PROJECTE ERASMUS+ DE GRAU Superior (N\u00famero d\u2019Expedient: 2025-1-ES01-KA121-VET-000336264)<\/p>\n<p><a href=\"https:\/\/agora.xtec.cat\/ins-idag\/wp-content\/uploads\/usu3038\/2026\/01\/RESOLUCIO-DEL-PROCES-DE-SELECCIO-DEL-PROJECTE-ERASMUS-KA121-GM.pdf\" target=\"_blank\" rel=\"noopener\">Veure el pdf<\/a><\/p>\n<p>RESOLUCI\u00d3 DEL PROC\u00c8S DE SELECCI\u00d3 DEL PROJECTE ERASMUS+ DE GRAU MITJ\u00c0 (N\u00famero d\u2019Expedient: 2024-1-ES01-KA121-VET-000236047)<\/p>\n<p><a href=\"https:\/\/agora.xtec.cat\/ins-idag\/wp-content\/uploads\/usu3038\/2025\/01\/RESOLUCIO-DEL-PROCES-DE-SELECCIO-DEL-PROJECTE-ERASMUS-KA121-GM.pdf\" target=\"_blank\" rel=\"noopener\">Veure el pdf<\/a><\/p>\n<h3>PFI<\/h3>\n<p>RESOLUCI\u00d3 DEL PROC\u00c9S DE SELECCI\u00d3 DEL PROJECTE ERASMUS+ Formaci\u00f3 Professional B\u00e0sica: Pr\u00e0ctiques professionals en Europa (n\u00famero d\u2019expedient 2025-1- ES01-KA121-VET-000336264)<\/p>\n<p><a href=\"https:\/\/agora.xtec.cat\/ins-idag\/wp-content\/uploads\/usu3038\/2026\/01\/Resolucio-2025-1-ES01-KA121-VET-000336264.pdf\" target=\"_blank\" rel=\"noopener\">Veure el pdf<\/a><\/p>\n<p>RESOLUCI\u00d3 DEL PROC\u00c9S DE SELECCI\u00d3 DEL PROJECTE ERASMUS+ Formaci\u00f3 Professional B\u00e0sica: Pr\u00e0ctiques professionals en Europa (n\u00famero d\u2019expedient: 2023-1-ES01-KA121-VET-000138585-1 i 2024-1-ES01-KA121-VET-000236047)<\/p>\n<p><a href=\"https:\/\/agora.xtec.cat\/ins-idag\/wp-content\/uploads\/usu3038\/2025\/01\/Resolucio-2023-1-ES01-KA121-VET-000138585-1-i-2024-1-ES01-KA121-VET-000236047-1.pdf\" target=\"_blank\" rel=\"noopener\">Veure el pdf<\/a><\/p>\n<p>\u00a0<\/p>\n<p><a href=\"https:\/\/agora.xtec.cat\/ins-idag\/wp-content\/uploads\/usu3038\/2025\/01\/logos_erasmus.jpg\"><img loading=\"lazy\" decoding=\"async\" class=\"alignleft size-full wp-image-882\" src=\"https:\/\/agora.xtec.cat\/ins-idag\/wp-content\/uploads\/usu3038\/2025\/01\/logos_erasmus.jpg\" alt=\"\" width=\"1080\" height=\"97\" srcset=\"https:\/\/agora.xtec.cat\/ins-idag\/wp-content\/uploads\/usu3038\/2025\/01\/logos_erasmus.jpg 1080w, https:\/\/agora.xtec.cat\/ins-idag\/wp-content\/uploads\/usu3038\/2025\/01\/logos_erasmus-300x27.jpg 300w, https:\/\/agora.xtec.cat\/ins-idag\/wp-content\/uploads\/usu3038\/2025\/01\/logos_erasmus-1024x92.jpg 1024w, https:\/\/agora.xtec.cat\/ins-idag\/wp-content\/uploads\/usu3038\/2025\/01\/logos_erasmus-768x69.jpg 768w\" sizes=\"auto, (max-width: 1080px) 100vw, 1080px\" \/><\/a><\/p>\n<p>\u00a0<\/p>\n<p>\u00a0<\/p>\n","protected":false},"excerpt":{"rendered":"<p>GRAU MITJ\u00c0<br \/>\nRESOLUCI\u00d3 DEL PROC\u00c8S DE SELECCI\u00d3 DEL PROJECTE ERASMUS+ DE GRAU Superior (N\u00famero d\u2019Expedient: 2025-1-ES01-KA121-VET-000336264)<br \/>\n<a href=\"https:\/\/agora.xtec.cat\/ins-idag\/wp-content\/uploads\/usu3038\/2026\/01\/RESOLUCIO-DEL-PROCES-DE-SELECCIO-DEL-PROJECTE-ERASMUS-KA121-GM.pdf\" target=\"_blank\" rel=\"noopener\">Veure el pdf<\/a><br \/>\nRESOLUCI\u00d3 DEL PROC\u00c8S DE SELECCI\u00d3 DEL PROJECTE ERASMUS+ DE GRAU MITJ\u00c0 (N\u00famero d\u2019Expedient: 2024-1-ES01-KA121-VET-000236047)<br \/>\n<a href=\"https:\/\/agora.xtec.cat\/ins-idag\/wp-content\/uploads\/usu3038\/2025\/01\/RESOLUCIO-DEL-PROCES-DE-SELECCIO-DEL-PROJECTE-ERASMUS-KA121-GM.pdf\" target=\"_blank\" rel=\"noopener\">Veure el pdf<\/a><br \/>\nPFI<br \/>\nRESOLUCI\u00d3 DEL PROC\u00c9S DE SELECCI\u00d3 DEL PROJECTE ERASMUS+&hellip;  <a href=\"https:\/\/agora.xtec.cat\/ins-idag\/serveis\/mobilitat-internacional\/\" title=\"Read Mobilitat internacional\">Llegeix m\u00e9s\u00bb<\/a><\/p>\n","protected":false},"author":1,"featured_media":0,"parent":63,"menu_order":0,"comment_status":"closed","ping_status":"close","template":"page-templates\/side-menu.php","meta":{"footnotes":""},"class_list":["post-812","page","type-page","status-publish","hentry"],"post_mailing_queue_ids":[],"_links":{"self":[{"href":"https:\/\/agora.xtec.cat\/ins-idag\/wp-json\/wp\/v2\/pages\/812","targetHints":{"allow":["GET"]}}],"collection":[{"href":"https:\/\/agora.xtec.cat\/ins-idag\/wp-json\/wp\/v2\/pages"}],"about":[{"href":"https:\/\/agora.xtec.cat\/ins-idag\/wp-json\/wp\/v2\/types\/page"}],"author":[{"embeddable":true,"href":"https:\/\/agora.xtec.cat\/ins-idag\/wp-json\/wp\/v2\/users\/1"}],"replies":[{"embeddable":true,"href":"https:\/\/agora.xtec.cat\/ins-idag\/wp-json\/wp\/v2\/comments?post=812"}],"version-history":[{"count":6,"href":"https:\/\/agora.xtec.cat\/ins-idag\/wp-json\/wp\/v2\/pages\/812\/revisions"}],"predecessor-version":[{"id":1217,"href":"https:\/\/agora.xtec.cat\/ins-idag\/wp-json\/wp\/v2\/pages\/812\/revisions\/1217"}],"up":[{"embeddable":true,"href":"https:\/\/agora.xtec.cat\/ins-idag\/wp-json\/wp\/v2\/pages\/63"}],"wp:attachment":[{"href":"https:\/\/agora.xtec.cat\/ins-idag\/wp-json\/wp\/v2\/media?parent=812"}],"curies":[{"name":"wp","href":"https:\/\/api.w.org\/{rel}","templated":true}]}}