{"id":797,"date":"2024-12-09T20:39:15","date_gmt":"2024-12-09T19:39:15","guid":{"rendered":"https:\/\/agora.xtec.cat\/ins-idag\/?page_id=797"},"modified":"2024-12-09T20:39:15","modified_gmt":"2024-12-09T19:39:15","slug":"avaluacio-cicles-formatius","status":"publish","type":"page","link":"https:\/\/agora.xtec.cat\/ins-idag\/estudis\/cicles-formatius\/avaluacio-cicles-formatius\/","title":{"rendered":"Avaluaci\u00f3 Cicles Formatius"},"content":{"rendered":"\n\n\n<h2>Avaluaci\u00f3 CFGM Preimpressi\u00f3 Digital<\/h2>\n<p>Per superar el cicle formatiu cal que la qualificaci\u00f3 final del programa sigui igual a 5 o superior, que la qualificaci\u00f3 de l&#8217;Estada a l&#8217;Empresa sigui d&#8217;\u201dassolit\u201d o \u201cexempt\/a\u201d i que l&#8217;assist\u00e8ncia sigui igual o superior al 80 %.<\/p>\n<p>Per superar cada M\u00f2dul Formatiu s&#8217;han de superar tots els Resultats d&#8217;Aprenentatge (RA) que els conformen. Les qualificacions de cada RA i dels m\u00f2duls son:<\/p>\n<ul>\n<li>Assolit (10); assolit (9); assolit (8); assolit (7); assolit (6); assolit (5).<\/li>\n<li>No assolit. (notes inferiors a 5)<\/li>\n<li>Exempt: \u00fanicament per a l&#8217;Estada a l&#8217;Empresa.<\/li>\n<\/ul>\n<p>Un cop s&#8217;han superats tots els RA s&#8217;obt\u00e9 la nota final del m\u00f2dul fent servir la ponderaci\u00f3 establerta a les programacions dels m\u00f2duls, en termes num\u00e8rics i sense decimals.<br \/><br \/><\/p>\n<h2>Avaluaci\u00f3 CFAM Assist\u00e8ncia al Producte Gr\u00e0fic Interactiu<\/h2>\n\n\n\n<p>Per superar el cicle formatiu cal que la qualificaci\u00f3 final del programa sigui igual a 5 o superior, que la qualificaci\u00f3 de l&#8217;Estada a l&#8217;Empresa sigui d&#8217;\u201dapte\u201d o \u201cexempt\/a\u201d i que l&#8217;assist\u00e8ncia sigui igual o superior al 80 %.<\/p>\n<p>Cada M\u00f2dul es composa d&#8217;una o m\u00e9s Unitats Formatives (UF). Per superar un M\u00f2dul s&#8217;han de superar totes les seves Unitats Formatives.<\/p>\n<p>Les qualificacions son:<\/p>\n<ul>\n<li>En termes num\u00e8rics de l&#8217;1 al 10 sense decimals.<\/li>\n<li>Exempt: \u00fanicament per al m\u00f2dul d&#8217;Estada a l&#8217;Empresa.<\/li>\n<\/ul>\n<p>Un cop s&#8217;han completat totes les UF s&#8217;obt\u00e9 la nota final del m\u00f2dul fent servir la ponderaci\u00f3 establerta a les programacions dels m\u00f2duls en termes num\u00e8rics de l&#8217;1 al 10 sense decimals.<\/p>\n","protected":false},"excerpt":{"rendered":"<p>Avaluaci\u00f3 CFGM Preimpressi\u00f3 Digital<br \/>\nPer superar el cicle formatiu cal que la qualificaci\u00f3 final del programa sigui igual a 5 o superior, que la qualificaci\u00f3 de l&#8217;Estada a l&#8217;Empresa sigui d&#8217;\u201dassolit\u201d o \u201cexempt\/a\u201d i que l&#8217;assist\u00e8ncia sigui igual o superior al 80 %.<br \/>\nPer superar cada M\u00f2dul&hellip;  <a href=\"https:\/\/agora.xtec.cat\/ins-idag\/estudis\/cicles-formatius\/avaluacio-cicles-formatius\/\" title=\"Read Avaluaci\u00f3 Cicles Formatius\">Llegeix m\u00e9s\u00bb<\/a><\/p>\n","protected":false},"author":1,"featured_media":0,"parent":649,"menu_order":0,"comment_status":"closed","ping_status":"close","template":"page-templates\/side-menu.php","meta":{"footnotes":""},"class_list":["post-797","page","type-page","status-publish","hentry"],"post_mailing_queue_ids":[],"_links":{"self":[{"href":"https:\/\/agora.xtec.cat\/ins-idag\/wp-json\/wp\/v2\/pages\/797","targetHints":{"allow":["GET"]}}],"collection":[{"href":"https:\/\/agora.xtec.cat\/ins-idag\/wp-json\/wp\/v2\/pages"}],"about":[{"href":"https:\/\/agora.xtec.cat\/ins-idag\/wp-json\/wp\/v2\/types\/page"}],"author":[{"embeddable":true,"href":"https:\/\/agora.xtec.cat\/ins-idag\/wp-json\/wp\/v2\/users\/1"}],"replies":[{"embeddable":true,"href":"https:\/\/agora.xtec.cat\/ins-idag\/wp-json\/wp\/v2\/comments?post=797"}],"version-history":[{"count":1,"href":"https:\/\/agora.xtec.cat\/ins-idag\/wp-json\/wp\/v2\/pages\/797\/revisions"}],"predecessor-version":[{"id":798,"href":"https:\/\/agora.xtec.cat\/ins-idag\/wp-json\/wp\/v2\/pages\/797\/revisions\/798"}],"up":[{"embeddable":true,"href":"https:\/\/agora.xtec.cat\/ins-idag\/wp-json\/wp\/v2\/pages\/649"}],"wp:attachment":[{"href":"https:\/\/agora.xtec.cat\/ins-idag\/wp-json\/wp\/v2\/media?parent=797"}],"curies":[{"name":"wp","href":"https:\/\/api.w.org\/{rel}","templated":true}]}}