{"id":775,"date":"2024-10-27T20:49:51","date_gmt":"2024-10-27T19:49:51","guid":{"rendered":"https:\/\/agora.xtec.cat\/ins-idag\/?page_id=775"},"modified":"2024-10-27T20:49:51","modified_gmt":"2024-10-27T19:49:51","slug":"consell-de-delegats","status":"publish","type":"page","link":"https:\/\/agora.xtec.cat\/ins-idag\/alumnat-i-afa\/consell-de-delegats\/","title":{"rendered":"Consell de delegats"},"content":{"rendered":"\n<p><strong>2.8.1. Consell de Delegats<\/strong><br \/>Els centres docents sostinguts amb fons p\u00fablics regularan el sistema de representaci\u00f3 dels grups d&#8217;alumnes mitjan\u00e7ant delegats i delegades, el funcionament d&#8217;un consell de delegats i delegades i els representants de l\u2019alumnat en el CE del centre.<br \/>Els membres del consell de delegats i delegades tenen el dret de con\u00e8ixer i consultar la documentaci\u00f3 administrativa del centre necess\u00e0ria per a l&#8217;exercici de les seves activitats, a criteri del director\/a o de la directora del centre, sempre que no puguin afectar el dret a la intimitat de les persones. El centre fonamenta el funcionament del consell de delegats i delegades que es reuneixen un cop cada mes i protegeix l&#8217;exercici de les seves funcions per part dels seus membres.<\/p>\n<p><strong>Composici\u00f3 del Consell:<\/strong><\/p>\n<p>Delegats i subdelegats dels grups classe i Coordinador Pedag\u00f2gic en representaci\u00f3 de l&#8217;Equip Directiu del centre.<\/p>\n<p><strong>Funcions del Consell de Delegats:<\/strong><\/p>\n<ul>\n<li>Col\u00b7laboraci\u00f3 en l\u2019elaboraci\u00f3, difusi\u00f3 i aplicaci\u00f3 de mesures i normes que millorin la conviv\u00e8ncia i la vida en el centre.<\/li>\n<li>Informar als representants dels alumnes en el CE del centre de la problem\u00e0tica de cada grup, aix\u00ed com de traslladar aquestes inquietuds a la direcci\u00f3 del Centre.<\/li>\n<li>\u00c9sser informats pels representants dels alumnes en el CE del centre sobre els temes que es tractin en el CE.<\/li>\n<li>Participaci\u00f3 en l\u2019organitzaci\u00f3 d\u2019activitats l\u00fadiques i culturals.<\/li>\n<li>Realitzaci\u00f3 de propostes a l\u2019equip directiu sobre temes relatius al Centre.<\/li>\n<li>Canalitzaci\u00f3 de la informaci\u00f3 rebuda i explicaci\u00f3 a la resta de l&#8217;alumnat.<\/li>\n<li>Assist\u00e8ncia i participaci\u00f3 com a representants del grup classe a les juntes d\u2019avaluaci\u00f3 trimestrals.<\/li>\n<li>Ser els representants dels estudiants davant la Direcci\u00f3 del Centre.<\/li>\n<\/ul>\n<p><strong>S\u00f3n funcions dels Delegats<\/strong><\/p>\n<ul>\n<li>Representar el grup.<\/li>\n<li>Assistir a les reunions del Consell de Delegats i participar en les seves deliberacions. <\/li>\n<li>Exposar als \u00f2rgans de govern i de coordinaci\u00f3 docent els suggeriments i reclamacions del grup al que representen. <\/li>\n<li>Fomentar la conviv\u00e8ncia entre els i les alumnes del grup. <\/li>\n<li>Col\u00b7laborar amb el Tutor i amb l&#8217;Equip Docent en els temes que afectin al funcionament del grup d&#8217;alumnes. <\/li>\n<li>Col\u00b7laborar amb el professorat i amb els \u00f2rgans de govern del centre per al bon funcionament del mateix. <\/li>\n<li>Fomentar l&#8217;adequada utilitzaci\u00f3 del material i de les instal\u00b7lacions del centre. <\/li>\n<li>Participar en les sessions d&#8217;avaluaci\u00f3 en la forma que estableix el Reglament de R\u00e8gim Intern. <\/li>\n<li>Assistir a les reunions a qu\u00e8 se\u2019l convoqui i informar la resta d\u2019estudiants del contingut d\u2019aquestes.<\/li>\n<li>Totes aquelles funcions que estableix el Reglament de R\u00e8gim intern. <\/li>\n<\/ul>\n<p><strong>Procediment de funcionament de la reuni\u00f3 de Consell de Delegats:<\/strong><\/p>\n<ol>\n<li>Dos dies abans de la reuni\u00f3 es far\u00e0 arribar la convocat\u00f2ria als delegats<\/li>\n<li>La convocat\u00f2ria es penja a la carpeta anomenada \u201cDelegats\u201d que es troba dins la carpeta comuna del grup.<\/li>\n<li>L\u2019acta de la reuni\u00f3 estar\u00e0 disponible per la seva consulta l\u2019endem\u00e0 de la sessi\u00f3.<\/li>\n<li>En la sessi\u00f3 de tutoria de grup pr\u00e8via a la reuni\u00f3 de delegats, els delegats han de recollir les propostes o temes que el seu grup vol que es tractin<\/li>\n<li>En la sessi\u00f3 de tutoria de grup posterior a la reuni\u00f3 de delegats, el delegats han d\u2019informar als seus companys dels temes tractats.<\/li>\n<\/ol>\n<p><br \/><strong>Proposta de temes a ser tractats a les reunions:<\/strong><br \/>&#8211; Informacions sobre el funcionament intern del Centre<br \/>&#8211; Aspectes d\u2019organitzaci\u00f3 i millora del funcionament del centre<br \/>&#8211; Informacions de les sessions del Consell Escolar i les comissions del consell Escolar.<br \/>&#8211; Elecci\u00f3 representants alumnes al Consell Escolar.<br \/>&#8211; Informacions sobre convocat\u00f2ries de beques i ajuts<br \/>&#8211; Relacions fam\u00edlia-escola: canals i vies de comunicaci\u00f3 (correspondencia, emails&#8230;.)<br \/>&#8211; Neteja del centre<br \/>&#8211; Disponibilitat del material fungible i inform\u00e0tic<br \/>&#8211; Valoraci\u00f3 de la pr\u00f2pia reuni\u00f3<br \/>&#8211; Esdeveniments i actes a destacar<br \/>&#8211; Participaci\u00f3 en l\u2019organitzaci\u00f3 de les activitats complement\u00e0ries<br \/>&#8211; Valoraci\u00f3 de les activitats complement\u00e0ries<\/p>\n","protected":false},"excerpt":{"rendered":"<p>2.8.1. Consell de DelegatsEls centres docents sostinguts amb fons p\u00fablics regularan el sistema de representaci\u00f3 dels grups d&#8217;alumnes mitjan\u00e7ant delegats i delegades, el funcionament d&#8217;un consell de delegats i delegades i els representants de l\u2019alumnat en el CE del centre.Els membres del consell de delegats&hellip;  <a href=\"https:\/\/agora.xtec.cat\/ins-idag\/alumnat-i-afa\/consell-de-delegats\/\" title=\"Read Consell de delegats\">Llegeix m\u00e9s\u00bb<\/a><\/p>\n","protected":false},"author":1,"featured_media":0,"parent":771,"menu_order":0,"comment_status":"closed","ping_status":"close","template":"page-templates\/side-menu.php","meta":{"footnotes":""},"class_list":["post-775","page","type-page","status-publish","hentry"],"post_mailing_queue_ids":[],"_links":{"self":[{"href":"https:\/\/agora.xtec.cat\/ins-idag\/wp-json\/wp\/v2\/pages\/775","targetHints":{"allow":["GET"]}}],"collection":[{"href":"https:\/\/agora.xtec.cat\/ins-idag\/wp-json\/wp\/v2\/pages"}],"about":[{"href":"https:\/\/agora.xtec.cat\/ins-idag\/wp-json\/wp\/v2\/types\/page"}],"author":[{"embeddable":true,"href":"https:\/\/agora.xtec.cat\/ins-idag\/wp-json\/wp\/v2\/users\/1"}],"replies":[{"embeddable":true,"href":"https:\/\/agora.xtec.cat\/ins-idag\/wp-json\/wp\/v2\/comments?post=775"}],"version-history":[{"count":1,"href":"https:\/\/agora.xtec.cat\/ins-idag\/wp-json\/wp\/v2\/pages\/775\/revisions"}],"predecessor-version":[{"id":776,"href":"https:\/\/agora.xtec.cat\/ins-idag\/wp-json\/wp\/v2\/pages\/775\/revisions\/776"}],"up":[{"embeddable":true,"href":"https:\/\/agora.xtec.cat\/ins-idag\/wp-json\/wp\/v2\/pages\/771"}],"wp:attachment":[{"href":"https:\/\/agora.xtec.cat\/ins-idag\/wp-json\/wp\/v2\/media?parent=775"}],"curies":[{"name":"wp","href":"https:\/\/api.w.org\/{rel}","templated":true}]}}