{"id":676,"date":"2024-09-27T12:48:18","date_gmt":"2024-09-27T10:48:18","guid":{"rendered":"https:\/\/agora.xtec.cat\/ins-idag\/?page_id=676"},"modified":"2025-10-01T08:49:32","modified_gmt":"2025-10-01T06:49:32","slug":"convalidacions-cicles","status":"publish","type":"page","link":"https:\/\/agora.xtec.cat\/ins-idag\/estudis\/cicles-formatius\/convalidacions-cicles\/","title":{"rendered":"Convalidacions"},"content":{"rendered":"\n<h2>Convalidaci\u00f3 de M\u00f2duls als Cicles Formatius<\/h2>\n<p id=\"yui_3_17_2_1_1727433141796_57\">La convalidaci\u00f3 \u00e9s el procediment pel qual es reconeix i dona valor acad\u00e8mic als estudis oficials certificats per l\u2019entitat competent. Moltes convalidacions es fan directament als centres educatius excepte les convalidaci\u200bons singulars\u00a0<a title=\"Ves a Convalidacions d'FP\" href=\"https:\/\/espai.educacio.gencat.cat\/Alumnes\/Curriculum\/FP\/Convalidacions\/Pagines\/default.aspx#%21%23h23\">\u200b<\/a>que les resol, o la Direcci\u00f3 General de Formaci\u00f3 Professional o el MEFP, segons correspongui.<\/p>\n<h3>CONVALIDACIONS DIRECTES<\/h3>\n<p>Les resol el centre, abans de la finalitzaci\u00f3 del 1r trimestre de curs.<br \/>Per convalidar m\u00f2duls o unitats formatives que siguin comuns o segons normativa (taula de convalidacions) aportant documentaci\u00f3 que acrediti aquests m\u00f2duls o unitats formatives comuns (amb la mateixa denominaci\u00f3, durada i curr\u00edculum) d\u2019un altre cicle formatiu LOE.<\/p>\n<p><strong>PER\u00cdODE I MODE DE PRESENTACI\u00d3<\/strong><br \/>De l\u20191 al 31 d\u2019octubre a la secretaria del centre<\/p>\n<p><strong>SOL\u00b7LICITUD<\/strong><br \/><a href=\"https:\/\/agora.xtec.cat\/ins-idag\/wp-content\/uploads\/usu3038\/2025\/10\/Sollicitud_Convalidacio.pdf\" target=\"_blank\" rel=\"noopener\">Descarregar formulari de sol\u00b7licitud<\/a><\/p>\n<p><strong>TAULES DE CONVALIDACIONS<\/strong><br \/>Aquelles convalidacions que no estiguin contemplades en aquestes graelles es consideren com a \u201cconvalidacions singulars\u201d i les haur\u00e0 de resoldre el Departament d\u2019Educaci\u00f3.<\/p>\n<p>Taules de convalidaci\u00f3 orientatives per l\u2019alumnat matriculat per MP dels nous plans d\u2019estudis:<\/p>\n<ul>\n<li><a href=\"https:\/\/agora.xtec.cat\/ins-idag\/wp-content\/uploads\/usu3038\/2024\/09\/Llengua-estrangera_2425_noupla.pdf\" target=\"_blank\" rel=\"noopener\">Angl\u00e8s professional<\/a><\/li>\n<li><a href=\"https:\/\/agora.xtec.cat\/ins-idag\/wp-content\/uploads\/usu3038\/2024\/09\/IPO_DIGIT_SOST_2425_noupla.pdf\" target=\"_blank\" rel=\"noopener\">IPO1, IPO2, Digitalitzaci\u00f3 i Sostenibilitat<\/a><\/li>\n<li><a href=\"https:\/\/agora.xtec.cat\/ins-idag\/wp-content\/uploads\/usu3038\/2024\/09\/AF10-CFGM-Preimpressio-digital_2425_noupla.pdf\" target=\"_blank\" rel=\"noopener\">CFPM Preimpressi\u00f3 digital<\/a><\/li>\n<li><a href=\"https:\/\/agora.xtec.cat\/ins-idag\/wp-content\/uploads\/usu3038\/2024\/09\/Taules_Arts_Plastiques.pdf\" target=\"_blank\" rel=\"noopener\">CFAM Assist\u00e8ncia al producte gr\u00e0fic interactiu<\/a><\/li>\n<\/ul>\n<p><strong>DOCUMENTACI\u00d3 A PRESENTAR<\/strong><\/p>\n<ul>\n<li><strong>DNI\/NIE\/Passaport<\/strong><\/li>\n<li><strong>Certificat de qualificacions oficial<\/strong>, expedit pel centre educatiu on s\u2019han cursat, els cr\u00e8dits o m\u00f2duls superats corresponents (si es presenta un cicle LOE \u00e9s imprescindible aportar el detall de les unitats formatives aprovades).<br \/>Tingueu en compte que els butlletins de notes o informes d\u2019avaluaci\u00f3 <strong>no s\u00f3n v\u00e0lids<\/strong>.<\/li>\n<\/ul>\n<p>Per poder sol\u00b7licitar una convalidaci\u00f3 \u00e9s requisit imprescindible estar matriculat\/ada en el cicle formatiu pel qual es demana la convalidaci\u00f3. L&#8217;alumne ha d&#8217;estar matriculat del m\u00f2dul professional que sol\u00b7licita convalidar i cursar l&#8217;assignatura fins que no tingui una resoluci\u00f3 positiva de la mateixa.<\/p>\n<h3>Normativa de refer\u00e8ncia <strong>Formaci\u00f3 Professional (CFGM)<\/strong><\/h3>\n<ul>\n<li><a href=\"https:\/\/odissea.xtec.cat\/mod\/url\/view.php?id=2338033\">Reial decret 1085\/2020, de 9 de desembre on s\u2019estableixen les convalidacions entre m\u00f2duls professionals de formaci\u00f3 professional<\/a><\/li>\n<li><a href=\"https:\/\/xtec.gencat.cat\/ca\/curriculum\/professionals\/fp\/titolsloe\/\">Desplegament curricular cicles formatius de formaci\u00f3 professional<\/a><\/li>\n<li><a href=\"https:\/\/www.boe.es\/diario_boe\/txt.php?id=BOE-A-2023-16889\">Reial decret 659\/2023, de 18 de juliol, pel qual es desenvolupa l\u2019ordenaci\u00f3 del sistema de formaci\u00f3 professional<\/a><\/li>\n<\/ul>\n<h3>Normativa de refer\u00e8ncia\u00a0<strong>Arts Pl\u00e0stiques i Disseny (CFAM)<\/strong><\/h3>\n<ul>\n<li><a href=\"https:\/\/www.boe.es\/buscar\/act.php?id=BOE-A-2007-10487\">Reial decret 596\/2007, de 4 de maig, pel qual s\u2019estableix l\u2019ordenaci\u00f3 general dels ensenyaments professionals d\u2019arts pl\u00e0stiques i disseny<\/a><\/li>\n<li><a href=\"https:\/\/www.boe.es\/diario_boe\/txt.php?id=BOE-A-2011-19597\">Reial Decret 1618\/2011, de 14 de novembre, sobre reconeixement d\u2019estudis en l\u2019\u00e0mbit de l\u2019Educaci\u00f3 Superior<\/a><\/li>\n<\/ul>\n<h3 id=\"h21\">\u200bQ\u00fcestions a\u00a0tenir en compte<\/h3>\n<ul>\n<li>\n<p>Els m\u00f2duls professionals i les mat\u00e8ries d&#8217;estudis universitaris oficials\u00a0<strong>que hagin estat pr\u00e8viament convalidats<\/strong>, reconeguts\u00a0o superats per compensaci\u00f3,\u00a0<strong>no podran ser aportats per sol\u00b7licitar la convalidaci\u00f3 d&#8217;altres m\u00f2duls professionals<\/strong>.\u00a0<\/p>\n<\/li>\n<li>\n<p>El m\u00f2dul professional de\u00a0<strong>Projecte<\/strong>, en t\u00edtols de grau superior,\u00a0<strong>no \u00e9s objecte de convalidaci\u00f3.<\/strong>\u00a0<\/p>\n<\/li>\n<li>\n<p>Els m\u00f2duls professionals d&#8217;<strong>Itinerari personal per a l&#8217;ocupabilitat I i II<\/strong>, inclosos en els reials decrets que regulen els t\u00edtols de formaci\u00f3 professional LOE, es convalidaran amb independ\u00e8ncia del cicle formatiu de grau mitj\u00e0 o superior a qu\u00e8 pertanyen.\u00a0<\/p>\n<\/li>\n<li>\n<p>El\u00a0<strong>certificat de qualificacions\u00a0<\/strong>que aporti l&#8217;alumnat per acreditar els seus estudis\u00a0ha de ser un certificat de qualificacions oficial expedit i signat pel centre educatiu on s&#8217;han cursat. Tingueu en compte que\u00a0els butlletins de notes o informes d&#8217;avaluaci\u00f3 no s\u00f3n v\u00e0lids.\u00a0<\/p>\n<\/li>\n<li>\n<p>Les\u00a0<strong>convalidacions entre estudis universitaris i de formaci\u00f3 professional\u00a0<\/strong>es podran sol\u00b7licitar quan aquests \u00faltims pertanyin a l&#8217;espai eur\u200bopeu\u00a0de l&#8217;educaci\u00f3 superior. A m\u00e9s, el nombre de m\u00f2duls professionals dels cicles de grau superior convalidats no podr\u00e0 superar el 60% de la totalitat de cr\u00e8dits ECTS que estableix el Reial decret pel qual s&#8217;estableix el t\u00edtol de t\u00e8cnic o t\u00e8cnica superior i es fixen els aspectes b\u00e0sics del curr\u00edculum, sempre que s&#8217;aportin ensenyaments universitaris que estiguin relacionats amb el camp de coneixement i hi hagi similitud entre les compet\u00e8ncies, coneixements i resultats d&#8217;aprenentatge.\u00a0\u00a0<\/p>\n<\/li>\n<\/ul>\n<h3>CONVALIDACIONS SINGULARS<\/h3>\n<div>\u200bS\u00f3n convalidacions singulars:<\/div>\n<div class=\"editor-indent\">\n<ul>\n<li>Convalidacions a partir d\u2019estudis de formaci\u00f3 professional finalitzats o parcialment superats que no estan previstes en els decrets que estableixen els curr\u00edculums i normativa de convalidacions.<\/li>\n<li>Convalidacions a partir d\u2019estudis universitaris.<\/li>\n<\/ul>\n<\/div>\n<p>Les resol la Direcci\u00f3 General de Formaci\u00f3 Professional Inicial i Ensenyaments de R\u00e8gim Especial (DGFPIERE), habitualment en un per\u00edode de mesos, abans de finalitzar el curs.<br \/>Per convalidar m\u00f2duls o unitats formatives amb continguts similars o afins (no comuns) i que no es contemplen a la normativa (taula de convalidacions) aportant documentaci\u00f3 que acrediti d\u2019un altre cicle formatiu (LOGSE o LOE), d\u2019estudis extingits (FP2, MP3\u2026), d\u2019estudis universitaris i d\u2019altres formacions oficials i\/o reglades espec\u00edfiques.<\/p>\n<p>Les sol\u00b7licituds de convalidacions singulars les resol la Direcci\u00f3 General de Formaci\u00f3 Professional i tamb\u00e9 totes les que no pugui resoldre el centre. Entre les convalidacions singulars que resol la DGFP hi ha:<\/p>\n<ul>\n<li>Convalidacions a partir d\u2019estudis de formaci\u00f3 professional finalitzats o parcialment superats<br \/>Les que no estan establertes en els decrets que estableixen els curr\u00edculums i normativa de convalidacions.<\/li>\n<li>Convalidacions a partir d\u2019estudis universitaris<br \/>Les convalidacions a partir d\u2019estudis universitaris nom\u00e9s es poden aplicar a cr\u00e8dits, unitats formatives i m\u00f2duls professionals de cicles formatius de grau superior.<br \/>Les assignatures d\u2019estudis universitaris oficials que hagin estat pr\u00e8viament convalidades o reconegudes no es poden tornar a convalidar per m\u00f2duls professionals de cicles formatius de grau superior.<\/li>\n<\/ul>\n<p>Es sol\u00b7liciten mitjan\u00e7ant <a href=\"https:\/\/ovt.gencat.cat\/gsitgf\/AppJava\/traint\/renderitzar.do?reqCode=inicial&amp;set-locale=ca_ES&amp;idServei=EDU018SOLC\" target=\"_blank\" rel=\"noopener\">aquest formulari en l\u00ednia<\/a><\/p>\n<p><strong>ATENCI\u00d3!<\/strong><br \/><strong>En qualsevol dels casos, fins que no es resol la convalidaci\u00f3 l\u2019alumnat ha d\u2019assistir a classe.<\/strong><br \/><strong>Si l\u2019alumne\/a decideix no assistir a classe, ser\u00e0 sota la seva responsabilitat, i si posteriorment no es resol la convalidaci\u00f3 al seu favor, haur\u00e0 d\u2019assumir les conseq\u00fc\u00e8ncies de la seva no assist\u00e8ncia.<\/strong><\/p>\n","protected":false},"excerpt":{"rendered":"<p>Convalidaci\u00f3 de M\u00f2duls als Cicles Formatius<br \/>\nLa convalidaci\u00f3 \u00e9s el procediment pel qual es reconeix i dona valor acad\u00e8mic als estudis oficials certificats per l\u2019entitat competent. Moltes convalidacions es fan directament als centres educatius excepte les convalidaci\u200bons singulars\u00a0<a title=\"Ves a Convalidacions d'FP\" href=\"https:\/\/espai.educacio.gencat.cat\/Alumnes\/Curriculum\/FP\/Convalidacions\/Pagines\/default.aspx#%21%23h23\">\u200b<\/a>que les resol, o&hellip;  <a href=\"https:\/\/agora.xtec.cat\/ins-idag\/estudis\/cicles-formatius\/convalidacions-cicles\/\" title=\"Read Convalidacions\">Llegeix m\u00e9s\u00bb<\/a><\/p>\n","protected":false},"author":1,"featured_media":0,"parent":649,"menu_order":0,"comment_status":"closed","ping_status":"close","template":"page-templates\/side-menu.php","meta":{"footnotes":""},"class_list":["post-676","page","type-page","status-publish","hentry"],"post_mailing_queue_ids":[],"_links":{"self":[{"href":"https:\/\/agora.xtec.cat\/ins-idag\/wp-json\/wp\/v2\/pages\/676","targetHints":{"allow":["GET"]}}],"collection":[{"href":"https:\/\/agora.xtec.cat\/ins-idag\/wp-json\/wp\/v2\/pages"}],"about":[{"href":"https:\/\/agora.xtec.cat\/ins-idag\/wp-json\/wp\/v2\/types\/page"}],"author":[{"embeddable":true,"href":"https:\/\/agora.xtec.cat\/ins-idag\/wp-json\/wp\/v2\/users\/1"}],"replies":[{"embeddable":true,"href":"https:\/\/agora.xtec.cat\/ins-idag\/wp-json\/wp\/v2\/comments?post=676"}],"version-history":[{"count":6,"href":"https:\/\/agora.xtec.cat\/ins-idag\/wp-json\/wp\/v2\/pages\/676\/revisions"}],"predecessor-version":[{"id":1159,"href":"https:\/\/agora.xtec.cat\/ins-idag\/wp-json\/wp\/v2\/pages\/676\/revisions\/1159"}],"up":[{"embeddable":true,"href":"https:\/\/agora.xtec.cat\/ins-idag\/wp-json\/wp\/v2\/pages\/649"}],"wp:attachment":[{"href":"https:\/\/agora.xtec.cat\/ins-idag\/wp-json\/wp\/v2\/media?parent=676"}],"curies":[{"name":"wp","href":"https:\/\/api.w.org\/{rel}","templated":true}]}}