{"id":655,"date":"2024-09-27T09:30:22","date_gmt":"2024-09-27T07:30:22","guid":{"rendered":"https:\/\/agora.xtec.cat\/ins-idag\/?page_id=655"},"modified":"2026-03-16T19:58:06","modified_gmt":"2026-03-16T18:58:06","slug":"itineraris-formatius-especifics-ife","status":"publish","type":"page","link":"https:\/\/agora.xtec.cat\/ins-idag\/estudis\/itineraris-formatius-especifics-ife\/","title":{"rendered":"Itineraris formatius espec\u00edfics (IFE)"},"content":{"rendered":"\n<h2><strong>IFE Auxiliar en Vendes i Atenci\u00f3 al P\u00fablic<\/strong><\/h2>\n<p><a href=\"https:\/\/agora.xtec.cat\/ins-idag\/wp-content\/uploads\/usu3038\/2025\/02\/IFE.jpg\"><img loading=\"lazy\" decoding=\"async\" class=\"alignleft  wp-image-899\" src=\"https:\/\/agora.xtec.cat\/ins-idag\/wp-content\/uploads\/usu3038\/2025\/02\/IFE.jpg\" alt=\"\" width=\"367\" height=\"246\" \/><\/a>Aquests estudis desenvolupen compet\u00e8ncies per a fer tasques auxiliars de comercialitzaci\u00f3, marxandatge, preparaci\u00f3 de comandes i venda de productes, i treballs de reprografia, observant les normes de prevenci\u00f3 de riscos laborals i protecci\u00f3 mediambiental corresponents, aix\u00ed com compet\u00e8ncies de comunicaci\u00f3, autonomia personal i de participaci\u00f3 en activitats comunit\u00e0ries.<\/p>\n<p>La durada \u00e9s de 3.360 hores, distribu\u00efdes en <strong>4 cursos<\/strong> acad\u00e8mics. El darrer curs inclou 385 hores de formaci\u00f3 en centres de treball.<\/p>\n<p><strong>Horari:<\/strong> Matins<br \/>Seu Sant Andreu &#8211; C\/ Gran de la Sagrera, 179\u00a0<\/p>\n<p><a href=\"https:\/\/agora.xtec.cat\/ins-idag\/wp-content\/uploads\/usu3038\/2025\/01\/IFE_____CM01_CA.pdf\" target=\"_blank\" rel=\"noopener\">Veure\/Descarregar Fitxa<\/a><\/p>\n<p><a href=\"https:\/\/preinscripcio.gencat.cat\/ca\/estudis\/ife\/inici\/index.html\" target=\"_blank\" rel=\"noopener\">Preinscripci\u00f3<\/a><\/p>\n<header class=\"entry-header\"><\/header>\n","protected":false},"excerpt":{"rendered":"<p>IFE Auxiliar en Vendes i Atenci\u00f3 al P\u00fablic<br \/>\n<a href=\"https:\/\/agora.xtec.cat\/ins-idag\/wp-content\/uploads\/usu3038\/2025\/02\/IFE.jpg\"><\/a>Aquests estudis desenvolupen compet\u00e8ncies per a fer tasques auxiliars de comercialitzaci\u00f3, marxandatge, preparaci\u00f3 de comandes i venda de productes, i treballs de reprografia, observant les normes de prevenci\u00f3 de riscos laborals i protecci\u00f3 mediambiental corresponents, aix\u00ed com&hellip;  <a href=\"https:\/\/agora.xtec.cat\/ins-idag\/estudis\/itineraris-formatius-especifics-ife\/\" title=\"Read Itineraris formatius espec\u00edfics (IFE)\">Llegeix m\u00e9s\u00bb<\/a><\/p>\n","protected":false},"author":1,"featured_media":0,"parent":195,"menu_order":3,"comment_status":"closed","ping_status":"close","template":"page-templates\/side-menu.php","meta":{"footnotes":""},"class_list":["post-655","page","type-page","status-publish","hentry"],"post_mailing_queue_ids":[],"_links":{"self":[{"href":"https:\/\/agora.xtec.cat\/ins-idag\/wp-json\/wp\/v2\/pages\/655","targetHints":{"allow":["GET"]}}],"collection":[{"href":"https:\/\/agora.xtec.cat\/ins-idag\/wp-json\/wp\/v2\/pages"}],"about":[{"href":"https:\/\/agora.xtec.cat\/ins-idag\/wp-json\/wp\/v2\/types\/page"}],"author":[{"embeddable":true,"href":"https:\/\/agora.xtec.cat\/ins-idag\/wp-json\/wp\/v2\/users\/1"}],"replies":[{"embeddable":true,"href":"https:\/\/agora.xtec.cat\/ins-idag\/wp-json\/wp\/v2\/comments?post=655"}],"version-history":[{"count":6,"href":"https:\/\/agora.xtec.cat\/ins-idag\/wp-json\/wp\/v2\/pages\/655\/revisions"}],"predecessor-version":[{"id":1329,"href":"https:\/\/agora.xtec.cat\/ins-idag\/wp-json\/wp\/v2\/pages\/655\/revisions\/1329"}],"up":[{"embeddable":true,"href":"https:\/\/agora.xtec.cat\/ins-idag\/wp-json\/wp\/v2\/pages\/195"}],"wp:attachment":[{"href":"https:\/\/agora.xtec.cat\/ins-idag\/wp-json\/wp\/v2\/media?parent=655"}],"curies":[{"name":"wp","href":"https:\/\/api.w.org\/{rel}","templated":true}]}}