{"id":653,"date":"2024-09-27T09:29:42","date_gmt":"2024-09-27T07:29:42","guid":{"rendered":"https:\/\/agora.xtec.cat\/ins-idag\/?page_id=653"},"modified":"2026-03-16T19:57:46","modified_gmt":"2026-03-16T18:57:46","slug":"programes-de-formacio-i-insercio-pfi","status":"publish","type":"page","link":"https:\/\/agora.xtec.cat\/ins-idag\/estudis\/programes-de-formacio-i-insercio-pfi\/","title":{"rendered":"Programes de formaci\u00f3 i inserci\u00f3 (PFI)"},"content":{"rendered":"\n<h2 class=\"entry-title\" style=\"font-weight: 400; color: #087eb6;\"><strong><span style=\"color: revert; font-size: revert;\">PFI Auxiliar d\u2019Arts Gr\u00e0fiques i Serigrafia<\/span><\/strong><\/h2>\n<p><a href=\"https:\/\/agora.xtec.cat\/ins-idag\/wp-content\/uploads\/usu3038\/2025\/02\/printag.jpg\"><img loading=\"lazy\" decoding=\"async\" class=\"alignleft  wp-image-900\" src=\"https:\/\/agora.xtec.cat\/ins-idag\/wp-content\/uploads\/usu3038\/2025\/02\/printag.jpg\" alt=\"\" width=\"354\" height=\"236\" srcset=\"https:\/\/agora.xtec.cat\/ins-idag\/wp-content\/uploads\/usu3038\/2025\/02\/printag.jpg 626w, https:\/\/agora.xtec.cat\/ins-idag\/wp-content\/uploads\/usu3038\/2025\/02\/printag-300x200.jpg 300w\" sizes=\"auto, (max-width: 354px) 100vw, 354px\" \/><\/a>Aquests estudis capaciten per dur a terme tasques auxiliars de treballs de reprografia i operacions b\u00e0siques de suport a la producci\u00f3, manipulaci\u00f3 i acabats de productes gr\u00e0fics.<\/p>\n<p>Tenen una durada total de 1.000 hores,<strong> 1 curs<\/strong> acad\u00e8mic. Inclou 200 hores de pr\u00e0ctiques a empresa.<\/p>\n<p><strong>Horari:<\/strong> Matins<br \/>Seu Sant Andreu &#8211; C\/ Gran de la Sagrera, 179\u00a0<\/p>\n<p><a href=\"https:\/\/agora.xtec.cat\/ins-idag\/wp-content\/uploads\/usu3038\/2025\/01\/PFI_____AF01_CA.pdf\" target=\"_blank\" rel=\"noopener\">Veure\/Descarregar Fitxa<\/a><\/p>\n<p><a href=\"https:\/\/preinscripcio.gencat.cat\/ca\/estudis\/pfi\/inici\/\" target=\"_blank\" rel=\"noopener\">Preinscripci\u00f3<\/a><\/p>\n<h2>\u00a0<\/h2>\n<h2><strong>PFI EE Auxiliar d\u2019Arts Gr\u00e0fiques i Serigrafia per a l\u2019alumnat d\u2019educaci\u00f3 especial<\/strong><\/h2>\n<p><a href=\"https:\/\/agora.xtec.cat\/ins-idag\/wp-content\/uploads\/usu3038\/2025\/02\/agnee.jpg\"><img loading=\"lazy\" decoding=\"async\" class=\"alignleft  wp-image-906\" src=\"https:\/\/agora.xtec.cat\/ins-idag\/wp-content\/uploads\/usu3038\/2025\/02\/agnee.jpg\" alt=\"\" width=\"356\" height=\"237\" srcset=\"https:\/\/agora.xtec.cat\/ins-idag\/wp-content\/uploads\/usu3038\/2025\/02\/agnee.jpg 626w, https:\/\/agora.xtec.cat\/ins-idag\/wp-content\/uploads\/usu3038\/2025\/02\/agnee-300x200.jpg 300w\" sizes=\"auto, (max-width: 356px) 100vw, 356px\" \/><\/a>Aquests estudis capaciten per dur a terme tasques auxiliars de treballs de reprografia i operacions b\u00e0siques de suport a la producci\u00f3, manipulaci\u00f3 i acabats de productes gr\u00e0fics.<\/p>\n<p>Adre\u00e7ats a alumnat amb necessitats educatives especials.<\/p>\n<p>Tenen una durada total de 2.000 hores en <strong>2 cursos<\/strong> acad\u00e8mics. Inclou 200 hores de pr\u00e0ctiques a empresa.<\/p>\n<p><strong>Horari:<\/strong> Matins<br \/>Seu Sant Andreu &#8211; C\/ Gran de la Sagrera, 179\u00a0<\/p>\n<p><a href=\"https:\/\/agora.xtec.cat\/ins-idag\/wp-content\/uploads\/usu3038\/2025\/01\/PFIE____AF01_CA.pdf\" target=\"_blank\" rel=\"noopener\">Veure\/Descarregar Fitxa<\/a><\/p>\n<p><a href=\"https:\/\/preinscripcio.gencat.cat\/ca\/estudis\/pfi\/inici\/\" target=\"_blank\" rel=\"noopener\">Preinscripci\u00f3<\/a><\/p>\n<h2><strong>PFI Auxiliar d\u2019Inform\u00e0tica i Producci\u00f3 Digital<\/strong><\/h2>\n<p><a href=\"https:\/\/agora.xtec.cat\/ins-idag\/wp-content\/uploads\/usu3038\/2025\/02\/pfi-info.jpg\"><img loading=\"lazy\" decoding=\"async\" class=\"alignleft  wp-image-902\" src=\"https:\/\/agora.xtec.cat\/ins-idag\/wp-content\/uploads\/usu3038\/2025\/02\/pfi-info.jpg\" alt=\"\" width=\"363\" height=\"251\" \/><\/a>Aquests estudis capaciten per dur a terme operacions auxiliars de configuraci\u00f3, explotaci\u00f3 de sistemes inform\u00e0tics, digitalitzaci\u00f3 d&#8217;imatges, il\u00b7lustraci\u00f3 vectorial i edici\u00f3 de v\u00eddeo en ind\u00fastries gr\u00e0fiques i altres.<\/p>\n<p>Tenen una durada total de 1.000 hores,<strong> 1 curs<\/strong> acad\u00e8mic. Inclou 200 hores de pr\u00e0ctiques a empresa.<\/p>\n<p><strong>Horari:<\/strong> Matins<br \/>Seu Sant Andreu &#8211; C\/ Gran de la Sagrera, 179\u00a0<\/p>\n<p><a href=\"https:\/\/agora.xtec.cat\/ins-idag\/wp-content\/uploads\/usu3038\/2025\/01\/PFI_____IC02_CA.pdf\" target=\"_blank\" rel=\"noopener\">Veure\/Descarregar Fitxa<\/a><\/p>\n<p><a href=\"https:\/\/preinscripcio.gencat.cat\/ca\/estudis\/pfi\/inici\/\" target=\"_blank\" rel=\"noopener\">Preinscripci\u00f3<\/a><\/p>\n<h2>\u00a0<\/h2>\n<h2><strong>PFI EE Auxiliar d\u2019Activitats d\u2019Oficina i en Serveis Administratius Generals per a l\u2019alumnat d\u2019educaci\u00f3 especial<\/strong><\/h2>\n<p><a href=\"https:\/\/agora.xtec.cat\/ins-idag\/wp-content\/uploads\/usu3038\/2025\/02\/oficina.jpg\"><img loading=\"lazy\" decoding=\"async\" class=\"alignleft  wp-image-904\" src=\"https:\/\/agora.xtec.cat\/ins-idag\/wp-content\/uploads\/usu3038\/2025\/02\/oficina.jpg\" alt=\"\" width=\"353\" height=\"235\" srcset=\"https:\/\/agora.xtec.cat\/ins-idag\/wp-content\/uploads\/usu3038\/2025\/02\/oficina.jpg 626w, https:\/\/agora.xtec.cat\/ins-idag\/wp-content\/uploads\/usu3038\/2025\/02\/oficina-300x200.jpg 300w\" sizes=\"auto, (max-width: 353px) 100vw, 353px\" \/><\/a>Aquests estudis capaciten per dur a terme tasques auxiliars en l&#8217;\u00e0mbit de l&#8217;administraci\u00f3 i gesti\u00f3, aix\u00ed com l&#8217;enregistrament i la verificaci\u00f3 de dades i documents.<\/p>\n<p>Adre\u00e7ats a alumnat amb necessitats educatives especials.<\/p>\n<p>Tenen una durada total de 2.000 hores en <strong>2 cursos <\/strong>acad\u00e8mics. Inclou 200 hores de pr\u00e0ctiques a empresa.<\/p>\n<p><strong>Horari:<\/strong> Matins<br \/>Seu Sant Andreu &#8211; C\/ Gran de la Sagrera, 179\u00a0<\/p>\n<p><a href=\"https:\/\/agora.xtec.cat\/ins-idag\/wp-content\/uploads\/usu3038\/2025\/01\/PFIE____AG01_CA.pdf\" target=\"_blank\" rel=\"noopener\">Veure\/Descarregar Fitxa<\/a><\/p>\n<p><a href=\"https:\/\/preinscripcio.gencat.cat\/ca\/estudis\/pfi\/inici\/\" target=\"_blank\" rel=\"noopener\">Preinscripci\u00f3<\/a><\/p>\n","protected":false},"excerpt":{"rendered":"<p>PFI Auxiliar d\u2019Arts Gr\u00e0fiques i Serigrafia<br \/>\n<a href=\"https:\/\/agora.xtec.cat\/ins-idag\/wp-content\/uploads\/usu3038\/2025\/02\/printag.jpg\"><\/a>Aquests estudis capaciten per dur a terme tasques auxiliars de treballs de reprografia i operacions b\u00e0siques de suport a la producci\u00f3, manipulaci\u00f3 i acabats de productes gr\u00e0fics.<br \/>\nTenen una durada total de 1.000 hores, 1 curs acad\u00e8mic. Inclou 200 hores&hellip;  <a href=\"https:\/\/agora.xtec.cat\/ins-idag\/estudis\/programes-de-formacio-i-insercio-pfi\/\" title=\"Read Programes de formaci\u00f3 i inserci\u00f3 (PFI)\">Llegeix m\u00e9s\u00bb<\/a><\/p>\n","protected":false},"author":1,"featured_media":0,"parent":195,"menu_order":2,"comment_status":"closed","ping_status":"close","template":"page-templates\/side-menu.php","meta":{"footnotes":""},"class_list":["post-653","page","type-page","status-publish","hentry"],"post_mailing_queue_ids":[],"_links":{"self":[{"href":"https:\/\/agora.xtec.cat\/ins-idag\/wp-json\/wp\/v2\/pages\/653","targetHints":{"allow":["GET"]}}],"collection":[{"href":"https:\/\/agora.xtec.cat\/ins-idag\/wp-json\/wp\/v2\/pages"}],"about":[{"href":"https:\/\/agora.xtec.cat\/ins-idag\/wp-json\/wp\/v2\/types\/page"}],"author":[{"embeddable":true,"href":"https:\/\/agora.xtec.cat\/ins-idag\/wp-json\/wp\/v2\/users\/1"}],"replies":[{"embeddable":true,"href":"https:\/\/agora.xtec.cat\/ins-idag\/wp-json\/wp\/v2\/comments?post=653"}],"version-history":[{"count":6,"href":"https:\/\/agora.xtec.cat\/ins-idag\/wp-json\/wp\/v2\/pages\/653\/revisions"}],"predecessor-version":[{"id":1328,"href":"https:\/\/agora.xtec.cat\/ins-idag\/wp-json\/wp\/v2\/pages\/653\/revisions\/1328"}],"up":[{"embeddable":true,"href":"https:\/\/agora.xtec.cat\/ins-idag\/wp-json\/wp\/v2\/pages\/195"}],"wp:attachment":[{"href":"https:\/\/agora.xtec.cat\/ins-idag\/wp-json\/wp\/v2\/media?parent=653"}],"curies":[{"name":"wp","href":"https:\/\/api.w.org\/{rel}","templated":true}]}}