{"id":643,"date":"2024-09-27T09:08:59","date_gmt":"2024-09-27T07:08:59","guid":{"rendered":"https:\/\/agora.xtec.cat\/ins-idag\/?page_id=643"},"modified":"2026-03-02T12:20:32","modified_gmt":"2026-03-02T11:20:32","slug":"documentacio-estrategica","status":"publish","type":"page","link":"https:\/\/agora.xtec.cat\/ins-idag\/documentacio-estrategica\/","title":{"rendered":"Documentaci\u00f3 Estrat\u00e8gica"},"content":{"rendered":"\n<ul>\n<li><a href=\"https:\/\/agora.xtec.cat\/ins-idag\/wp-content\/uploads\/usu3038\/2026\/03\/Projecte-de-direccio-24-28-IDAG-def.pdf\" target=\"_blank\" rel=\"noopener\">Projecte de direcci\u00f3 24-28<\/a><\/li>\n<li class=\"gmail_default\"><a href=\"https:\/\/agora.xtec.cat\/ins-idag\/wp-content\/uploads\/usu3038\/2025\/03\/Linies-Pla-estrategic-IDAG-24-28.pdf\" target=\"_blank\" rel=\"noopener\" data-saferedirecturl=\"https:\/\/www.google.com\/url?q=https:\/\/drive.google.com\/file\/d\/1aOqyvY8bjRc6aGqY6MOXQSgjN8vOQHBM\/view?usp%3Ddrive_link&amp;source=gmail&amp;ust=1741766257832000&amp;usg=AOvVaw2kvVG8iv6pajtEaXFG2RBx\">Pla estrat\u00e8gic 24-28<\/a><\/li>\n<li class=\"gmail_default\"><a href=\"https:\/\/agora.xtec.cat\/ins-idag\/wp-content\/uploads\/usu3038\/2025\/10\/PGA-25-26-IDAG.pdf\" target=\"_blank\" rel=\"noopener\" data-saferedirecturl=\"https:\/\/www.google.com\/url?q=https:\/\/drive.google.com\/file\/d\/1ImIMbc6_RQdonjlXnG3i_UjB5Y_LFUZA\/view?usp%3Ddrive_link&amp;source=gmail&amp;ust=1741766257832000&amp;usg=AOvVaw3Tr61uHwYoSp-oK1cP3Qhi\">Programaci\u00f3 general anual (PGA)<\/a><\/li>\n<li class=\"gmail_default\"><a href=\"https:\/\/agora.xtec.cat\/ins-idag\/wp-content\/uploads\/usu3038\/2026\/02\/Dades-del-pressupost-IDAG-2026.pdf\" target=\"_blank\" rel=\"noopener\" data-saferedirecturl=\"https:\/\/www.google.com\/url?q=https:\/\/drive.google.com\/file\/d\/1qAc6VAN0yASnAPiJDW5nCErzM-0twVh8\/view?usp%3Ddrive_link&amp;source=gmail&amp;ust=1741766257832000&amp;usg=AOvVaw2CWsI23t2QA6D29E9YhFGC\">Pressupost anual<\/a><\/li>\n<li class=\"gmail_default\"><a href=\"https:\/\/agora.xtec.cat\/ins-idag\/wp-content\/uploads\/usu3038\/2025\/07\/PEC-1.0-vigent-30-06-2025.pdf\" target=\"_blank\" rel=\"noopener\">Projecte educatiu de centre (PEC)<\/a><\/li>\n<li class=\"gmail_default\"><a href=\"https:\/\/agora.xtec.cat\/ins-idag\/wp-content\/uploads\/usu3038\/2026\/02\/IDAG-NOFC-2024-2025-v.1.1-vigent.pdf\" target=\"_blank\" rel=\"noopener\">Normes d&#8217;organitzaci\u00f3 i funcionament del centre (NOFC)<\/a>\u00a0<\/li>\n<li><a href=\"https:\/\/agora.xtec.cat\/ins-idag\/wp-content\/uploads\/usu3038\/2026\/02\/Pla-demergencia-IDAG-25-26-1.pdf\" target=\"_blank\" rel=\"noopener\">Pla d&#8217;emerg\u00e8ncia 2025-26<\/a><\/li>\n<li class=\"gmail_default\">Projecte Ling\u00fc\u00edstic (en elaboraci\u00f3)<\/li>\n<li class=\"gmail_default\">Estrategia Digital de Centre (en elaboraci\u00f3)<\/li>\n<li class=\"gmail_default\">Projecte de Conviv\u00e8ncia (en elaboraci\u00f3)<\/li>\n<\/ul>\n","protected":false},"excerpt":{"rendered":"<ul>\n<li><a href=\"https:\/\/agora.xtec.cat\/ins-idag\/wp-content\/uploads\/usu3038\/2026\/03\/Projecte-de-direccio-24-28-IDAG-def.pdf\" target=\"_blank\" rel=\"noopener\">Projecte de direcci\u00f3 24-28<\/a><\/li>\n<li class=\"gmail_default\"><a href=\"https:\/\/agora.xtec.cat\/ins-idag\/wp-content\/uploads\/usu3038\/2025\/03\/Linies-Pla-estrategic-IDAG-24-28.pdf\" target=\"_blank\" rel=\"noopener\" data-saferedirecturl=\"https:\/\/www.google.com\/url?q=https:\/\/drive.google.com\/file\/d\/1aOqyvY8bjRc6aGqY6MOXQSgjN8vOQHBM\/view?usp%3Ddrive_link&amp;source=gmail&amp;ust=1741766257832000&amp;usg=AOvVaw2kvVG8iv6pajtEaXFG2RBx\">Pla estrat\u00e8gic 24-28<\/a><\/li>\n<li class=\"gmail_default\"><a href=\"https:\/\/agora.xtec.cat\/ins-idag\/wp-content\/uploads\/usu3038\/2025\/10\/PGA-25-26-IDAG.pdf\" target=\"_blank\" rel=\"noopener\" data-saferedirecturl=\"https:\/\/www.google.com\/url?q=https:\/\/drive.google.com\/file\/d\/1ImIMbc6_RQdonjlXnG3i_UjB5Y_LFUZA\/view?usp%3Ddrive_link&amp;source=gmail&amp;ust=1741766257832000&amp;usg=AOvVaw3Tr61uHwYoSp-oK1cP3Qhi\">Programaci\u00f3 general anual (PGA)<\/a><\/li>\n<li class=\"gmail_default\"><a href=\"https:\/\/agora.xtec.cat\/ins-idag\/wp-content\/uploads\/usu3038\/2026\/02\/Dades-del-pressupost-IDAG-2026.pdf\" target=\"_blank\" rel=\"noopener\" data-saferedirecturl=\"https:\/\/www.google.com\/url?q=https:\/\/drive.google.com\/file\/d\/1qAc6VAN0yASnAPiJDW5nCErzM-0twVh8\/view?usp%3Ddrive_link&amp;source=gmail&amp;ust=1741766257832000&amp;usg=AOvVaw2CWsI23t2QA6D29E9YhFGC\">Pressupost anual<\/a><\/li>\n<li class=\"gmail_default\"><a href=\"https:\/\/agora.xtec.cat\/ins-idag\/wp-content\/uploads\/usu3038\/2025\/07\/PEC-1.0-vigent-30-06-2025.pdf\" target=\"_blank\" rel=\"noopener\">Projecte educatiu de centre (PEC)<\/a><\/li>\n<li class=\"gmail_default\"><a href=\"https:\/\/agora.xtec.cat\/ins-idag\/wp-content\/uploads\/usu3038\/2026\/02\/IDAG-NOFC-2024-2025-v.1.1-vigent.pdf\" target=\"_blank\" rel=\"noopener\">Normes d&#8217;organitzaci\u00f3 i funcionament del centre&hellip;  <a href=\"https:\/\/agora.xtec.cat\/ins-idag\/documentacio-estrategica\/\" title=\"Read Documentaci\u00f3 Estrat\u00e8gica\">Llegeix m\u00e9s\u00bb<\/a><br \/>\n","protected":false},"author":1,"featured_media":0,"parent":0,"menu_order":0,"comment_status":"closed","ping_status":"close","template":"","meta":{"footnotes":""},"class_list":["post-643","page","type-page","status-publish","hentry"],"post_mailing_queue_ids":[],"_links":{"self":[{"href":"https:\/\/agora.xtec.cat\/ins-idag\/wp-json\/wp\/v2\/pages\/643","targetHints":{"allow":["GET"]}}],"collection":[{"href":"https:\/\/agora.xtec.cat\/ins-idag\/wp-json\/wp\/v2\/pages"}],"about":[{"href":"https:\/\/agora.xtec.cat\/ins-idag\/wp-json\/wp\/v2\/types\/page"}],"author":[{"embeddable":true,"href":"https:\/\/agora.xtec.cat\/ins-idag\/wp-json\/wp\/v2\/users\/1"}],"replies":[{"embeddable":true,"href":"https:\/\/agora.xtec.cat\/ins-idag\/wp-json\/wp\/v2\/comments?post=643"}],"version-history":[{"count":6,"href":"https:\/\/agora.xtec.cat\/ins-idag\/wp-json\/wp\/v2\/pages\/643\/revisions"}],"predecessor-version":[{"id":1311,"href":"https:\/\/agora.xtec.cat\/ins-idag\/wp-json\/wp\/v2\/pages\/643\/revisions\/1311"}],"wp:attachment":[{"href":"https:\/\/agora.xtec.cat\/ins-idag\/wp-json\/wp\/v2\/media?parent=643"}],"curies":[{"name":"wp","href":"https:\/\/api.w.org\/{rel}","templated":true}]}}