{"id":46,"date":"2014-09-17T16:53:45","date_gmt":"2014-09-17T16:53:45","guid":{"rendered":"http:\/\/agora.xtec.cat\/ins-idag\/?page_id=46"},"modified":"2025-12-15T14:11:44","modified_gmt":"2025-12-15T13:11:44","slug":"organigrama","status":"publish","type":"page","link":"https:\/\/agora.xtec.cat\/ins-idag\/linstitut\/organigrama\/","title":{"rendered":"Organigrama"},"content":{"rendered":"<p>L&#8217;IDAG est\u00e0 format per un equip de professionals especialistes en la formaci\u00f3 professionalitzadora de l&#8217;\u00e0mbit de la transformaci\u00f3 digital.<\/p>\n<h6>Professionals de l&#8217;Equip\u00a0Directiu:<\/h6>\n<ul>\n<li class=\"gmail_default\"><b>Directora<\/b>\u00a0Anna de la Cuesta<\/li>\n<li class=\"gmail_default\"><b>Cap d&#8217;Estudis<\/b>\u00a0Silvia Andr\u00e9s<\/li>\n<li class=\"gmail_default\"><b>Secretari<\/b>\u00a0Albert Llorente<\/li>\n<li><b>Coordinador pedag\u00f2gic <\/b>Toni Buenadicha<\/li>\n<\/ul>\n<h6>Departaments did\u00e0ctics:<\/h6>\n<ul>\n<li class=\"gmail_default\"><b>Cap del Departament d&#8217;<\/b><b>Administratiu<\/b> Marta Benedico<\/li>\n<li class=\"gmail_default\"><b>Cap del Departament d&#8217;<\/b><b>Arts gr\u00e0fiques<\/b> Diego Gil<\/li>\n<li class=\"gmail_default\"><b>Cap del Departament de\u00a0<\/b><b>M\u00f2duls generals<\/b>\u00a0Elisabet Pena<\/li>\n<\/ul>\n<h6>Tutoria:<\/h6>\n<ul>\n<li><b>1r Preimpressi\u00f3 digital CFGM <\/b>Miguel Baixauli<\/li>\n<li><b>2n Preimpressi\u00f3 digital CFGM <\/b>Nando Vivas<\/li>\n<li><b>1r Assist\u00e8ncia al producte gr\u00e0fic interactiu CFAM<\/b> Pablo Santirso<\/li>\n<li><b>2n Assist\u00e8ncia al producte gr\u00e0fic interactiu CFAM<\/b> Jenifer Ru\u00edz<\/li>\n<li><b>PFI Arts Gr\u00e0fiques<\/b> Anna Almirall<\/li>\n<li><b>PFI Arts Inform\u00e0tica <\/b>Gl\u00f2ria Ti\u00f1ena<\/li>\n<li><b>1r IFE Auxiliar de vendes <\/b>Lidia Morillas<\/li>\n<li><b>2n IFE Auxiliar de vendes <\/b>Alba Guijarro<\/li>\n<li><b>3r IFE Auxiliar de vendes <\/b>Ana Quinto<\/li>\n<li><strong>1r PFIE Arts Gr\u00e0fiques <\/strong>Anna Carreras<\/li>\n<li><strong>2n PFIE Arts Gr\u00e0fiques <\/strong>Carmen Mart\u00ednez<\/li>\n<li><strong>1r PFIE Administratiu <\/strong>Laura Saus<\/li>\n<li><strong>2n PFIE Administratiu <\/strong>Eli Pena<\/li>\n<\/ul>\n","protected":false},"excerpt":{"rendered":"<p>L&#8217;IDAG est\u00e0 format per un equip de professionals especialistes en la formaci\u00f3 professionalitzadora de l&#8217;\u00e0mbit de la transformaci\u00f3 digital.<br \/>\nProfessionals de l&#8217;Equip\u00a0Directiu:<\/p>\n<ul>\n<li class=\"gmail_default\">Directora\u00a0Anna de la Cuesta<\/li>\n<li class=\"gmail_default\">Cap d&#8217;Estudis\u00a0Silvia Andr\u00e9s<\/li>\n<li class=\"gmail_default\">Secretari\u00a0Albert Llorente<\/li>\n<li>Coordinador pedag\u00f2gic Toni Buenadicha<\/li>\n<\/ul>\n<p>Departaments did\u00e0ctics:<\/p>\n<ul>\n<li class=\"gmail_default\">Cap del Departament d&#8217;Administratiu Marta Benedico<\/li>\n<li class=\"gmail_default\">Cap del Departament d&#8217;Arts gr\u00e0fiques&hellip;  <a href=\"https:\/\/agora.xtec.cat\/ins-idag\/linstitut\/organigrama\/\" title=\"Read Organigrama\">Llegeix m\u00e9s\u00bb<\/a><br \/>\n","protected":false},"author":1,"featured_media":0,"parent":19,"menu_order":50,"comment_status":"closed","ping_status":"closed","template":"page-templates\/side-menu.php","meta":{"footnotes":""},"class_list":["post-46","page","type-page","status-publish","hentry"],"post_mailing_queue_ids":[],"_links":{"self":[{"href":"https:\/\/agora.xtec.cat\/ins-idag\/wp-json\/wp\/v2\/pages\/46","targetHints":{"allow":["GET"]}}],"collection":[{"href":"https:\/\/agora.xtec.cat\/ins-idag\/wp-json\/wp\/v2\/pages"}],"about":[{"href":"https:\/\/agora.xtec.cat\/ins-idag\/wp-json\/wp\/v2\/types\/page"}],"author":[{"embeddable":true,"href":"https:\/\/agora.xtec.cat\/ins-idag\/wp-json\/wp\/v2\/users\/1"}],"replies":[{"embeddable":true,"href":"https:\/\/agora.xtec.cat\/ins-idag\/wp-json\/wp\/v2\/comments?post=46"}],"version-history":[{"count":5,"href":"https:\/\/agora.xtec.cat\/ins-idag\/wp-json\/wp\/v2\/pages\/46\/revisions"}],"predecessor-version":[{"id":1212,"href":"https:\/\/agora.xtec.cat\/ins-idag\/wp-json\/wp\/v2\/pages\/46\/revisions\/1212"}],"up":[{"embeddable":true,"href":"https:\/\/agora.xtec.cat\/ins-idag\/wp-json\/wp\/v2\/pages\/19"}],"wp:attachment":[{"href":"https:\/\/agora.xtec.cat\/ins-idag\/wp-json\/wp\/v2\/media?parent=46"}],"curies":[{"name":"wp","href":"https:\/\/api.w.org\/{rel}","templated":true}]}}