{"id":27,"date":"2014-09-17T16:24:03","date_gmt":"2014-09-17T16:24:03","guid":{"rendered":"http:\/\/agora.xtec.cat\/ins-idag\/?page_id=27"},"modified":"2025-03-11T12:49:23","modified_gmt":"2025-03-11T11:49:23","slug":"historia","status":"publish","type":"page","link":"https:\/\/agora.xtec.cat\/ins-idag\/linstitut\/historia\/","title":{"rendered":"Hist\u00f2ria"},"content":{"rendered":"<p>L\u2019Institut del Disseny i Arts Gr\u00e0fiques de Barcelona, \u00e9s un centre p\u00fablic que inicia el seu funcionament el curs 2024-2025, en el marc de la transformaci\u00f3 dels centres de formaci\u00f3 professional de Barcelona. Forma part de la xarxa de centres Be-Pro, dins del sector de la transformaci\u00f3 digital.<\/p>\n<p>L\u2019IDAG neix amb l\u2019objectiu d\u2019oferir una formaci\u00f3 de qualitat dins el sector de les Arts Gr\u00e0fiques i el Disseny a Barcelona. Amb la prioritat de l\u2019acompanyament dins d\u2019un ambient inclusiu que fomenta les capacitats i el desenvolupament de l\u2019alumnat per garantir el seu futur professional i educatiu.<\/p>\n<p><a href=\"https:\/\/agora.xtec.cat\/ins-idag\/wp-content\/uploads\/usu3038\/2024\/05\/Centres-Be-Pro.jpg\"><img loading=\"lazy\" decoding=\"async\" class=\"alignnone size-full wp-image-565\" src=\"https:\/\/agora.xtec.cat\/ins-idag\/wp-content\/uploads\/usu3038\/2024\/05\/Centres-Be-Pro.jpg\" alt=\"\" width=\"363\" height=\"449\" srcset=\"https:\/\/agora.xtec.cat\/ins-idag\/wp-content\/uploads\/usu3038\/2024\/05\/Centres-Be-Pro.jpg 363w, https:\/\/agora.xtec.cat\/ins-idag\/wp-content\/uploads\/usu3038\/2024\/05\/Centres-Be-Pro-243x300.jpg 243w\" sizes=\"auto, (max-width: 363px) 100vw, 363px\" \/><\/a><\/p>\n","protected":false},"excerpt":{"rendered":"<p>L\u2019Institut del Disseny i Arts Gr\u00e0fiques de Barcelona, \u00e9s un centre p\u00fablic que inicia el seu funcionament el curs 2024-2025, en el marc de la transformaci\u00f3 dels centres de formaci\u00f3 professional de Barcelona. Forma part de la xarxa de centres Be-Pro, dins del sector de&hellip;  <a href=\"https:\/\/agora.xtec.cat\/ins-idag\/linstitut\/historia\/\" title=\"Read Hist\u00f2ria\">Llegeix m\u00e9s\u00bb<\/a><\/p>\n","protected":false},"author":1,"featured_media":0,"parent":19,"menu_order":20,"comment_status":"closed","ping_status":"closed","template":"page-templates\/side-menu.php","meta":{"footnotes":""},"class_list":["post-27","page","type-page","status-publish","hentry"],"post_mailing_queue_ids":[],"_links":{"self":[{"href":"https:\/\/agora.xtec.cat\/ins-idag\/wp-json\/wp\/v2\/pages\/27","targetHints":{"allow":["GET"]}}],"collection":[{"href":"https:\/\/agora.xtec.cat\/ins-idag\/wp-json\/wp\/v2\/pages"}],"about":[{"href":"https:\/\/agora.xtec.cat\/ins-idag\/wp-json\/wp\/v2\/types\/page"}],"author":[{"embeddable":true,"href":"https:\/\/agora.xtec.cat\/ins-idag\/wp-json\/wp\/v2\/users\/1"}],"replies":[{"embeddable":true,"href":"https:\/\/agora.xtec.cat\/ins-idag\/wp-json\/wp\/v2\/comments?post=27"}],"version-history":[{"count":3,"href":"https:\/\/agora.xtec.cat\/ins-idag\/wp-json\/wp\/v2\/pages\/27\/revisions"}],"predecessor-version":[{"id":952,"href":"https:\/\/agora.xtec.cat\/ins-idag\/wp-json\/wp\/v2\/pages\/27\/revisions\/952"}],"up":[{"embeddable":true,"href":"https:\/\/agora.xtec.cat\/ins-idag\/wp-json\/wp\/v2\/pages\/19"}],"wp:attachment":[{"href":"https:\/\/agora.xtec.cat\/ins-idag\/wp-json\/wp\/v2\/media?parent=27"}],"curies":[{"name":"wp","href":"https:\/\/api.w.org\/{rel}","templated":true}]}}