{"id":195,"date":"2014-09-22T10:39:39","date_gmt":"2014-09-22T10:39:39","guid":{"rendered":"http:\/\/agora.xtec.cat\/ins-idag\/?page_id=195"},"modified":"2026-03-20T16:38:06","modified_gmt":"2026-03-20T15:38:06","slug":"estudis","status":"publish","type":"page","link":"https:\/\/agora.xtec.cat\/ins-idag\/estudis\/","title":{"rendered":"Estudis"},"content":{"rendered":"<h1><strong>La nostra oferta formativa:<\/strong><\/h1>\n<header class=\"entry-header\" style=\"color: #444444;\">\n<h1 class=\"entry-title\" style=\"font-weight: 400; color: #087eb6;\">Cicles Formatius<\/h1>\n<\/header>\n<div class=\"entry-content\" style=\"color: #444444;\">\n<h2>CICLES FORMATIUS DE GRAU MITJ\u00c0 D&#8217;ARTS GR\u00c0FIQUES<\/h2>\n<h2><strong>CFGM Preimpressi\u00f3 Digital<\/strong><\/h2>\n<p><a href=\"https:\/\/agora.xtec.cat\/ins-idag\/wp-content\/uploads\/usu3038\/2026\/02\/Pd_icon.png\"><img loading=\"lazy\" decoding=\"async\" class=\"alignleft wp-image-1247 size-medium\" src=\"https:\/\/agora.xtec.cat\/ins-idag\/wp-content\/uploads\/usu3038\/2026\/02\/Pd_icon-300x300.png\" alt=\"\" width=\"300\" height=\"300\" srcset=\"https:\/\/agora.xtec.cat\/ins-idag\/wp-content\/uploads\/usu3038\/2026\/02\/Pd_icon-300x300.png 300w, https:\/\/agora.xtec.cat\/ins-idag\/wp-content\/uploads\/usu3038\/2026\/02\/Pd_icon-150x150.png 150w, https:\/\/agora.xtec.cat\/ins-idag\/wp-content\/uploads\/usu3038\/2026\/02\/Pd_icon-768x768.png 768w, https:\/\/agora.xtec.cat\/ins-idag\/wp-content\/uploads\/usu3038\/2026\/02\/Pd_icon.png 1000w\" sizes=\"auto, (max-width: 300px) 100vw, 300px\" \/><\/a><\/p>\n<p class=\"p1\">Apr\u00e8n a preparar materials gr\u00e0fics per a la seva impressi\u00f3 o publicaci\u00f3 digital, treballant el tractament d\u2019imatges, la maquetaci\u00f3 i l\u2019\u00fas d\u2019eines de disseny. Tamb\u00e9 adquireix coneixements sobre gesti\u00f3 del color, preparaci\u00f3 d\u2019arxius finals i processos de preimpressi\u00f3, aix\u00ed com habilitats per interpretar enc\u00e0rrecs i garantir la qualitat del producte final.<\/p>\n<p>La durada \u00e9s de 2.000 hores distribu\u00efdes en <strong>2 cursos<\/strong> acad\u00e8mics: 1.485 hores en el centre educatiu i 515 hores d\u2019estada a l\u2019empresa en un centre de treball.<\/p>\n<p><strong>Horari:<\/strong> Matins<br \/>\nSeu Impremta &#8211; Marina del Prat Vermell (Passeig de la zona Franca 56-66)<\/p>\n<p><a href=\"https:\/\/agora.xtec.cat\/ins-idag\/wp-content\/uploads\/usu3038\/2025\/01\/CFPM____AF10_CA.pdf\" target=\"_blank\" rel=\"noopener\">Veure \/ Descarregar Fitxa<\/a><\/p>\n<p><a href=\"https:\/\/preinscripcio.gencat.cat\/ca\/estudis\/fp-grau-mitja\/inici\/\" target=\"_blank\" rel=\"noopener\">Preinscripci\u00f3<\/a><\/p>\n<h2><strong>CFGM Impressi\u00f3 Gr\u00e0fica <\/strong><strong><span style=\"color: #ea0029;\">(Nova Oferta inici 26-27)<\/span><\/strong><\/h2>\n<p><a href=\"https:\/\/agora.xtec.cat\/ins-idag\/wp-content\/uploads\/usu3038\/2026\/02\/Ig_icon.png\"><img loading=\"lazy\" decoding=\"async\" class=\"alignleft wp-image-1249 size-medium\" src=\"https:\/\/agora.xtec.cat\/ins-idag\/wp-content\/uploads\/usu3038\/2026\/02\/Ig_icon-300x300.png\" alt=\"\" width=\"300\" height=\"300\" srcset=\"https:\/\/agora.xtec.cat\/ins-idag\/wp-content\/uploads\/usu3038\/2026\/02\/Ig_icon-300x300.png 300w, https:\/\/agora.xtec.cat\/ins-idag\/wp-content\/uploads\/usu3038\/2026\/02\/Ig_icon-150x150.png 150w, https:\/\/agora.xtec.cat\/ins-idag\/wp-content\/uploads\/usu3038\/2026\/02\/Ig_icon-768x768.png 768w, https:\/\/agora.xtec.cat\/ins-idag\/wp-content\/uploads\/usu3038\/2026\/02\/Ig_icon.png 1000w\" sizes=\"auto, (max-width: 300px) 100vw, 300px\" \/><\/a><\/p>\n<p class=\"p1\">Apr\u00e8n a produir materials impresos utilitzant diferents sistemes d\u2019impressi\u00f3, com l\u2019\u00f2fset o la impressi\u00f3 digital, controlant les m\u00e0quines i els processos productius. Tamb\u00e9 adquireix coneixements sobre els materials (papers, tintes), el control de qualitat i els acabats, aix\u00ed com habilitats per ajustar els par\u00e0metres d\u2019impressi\u00f3 i garantir que el resultat final sigui correcte i fidel al disseny original.<\/p>\n<p>La durada \u00e9s de 2.000 hores\u00a0distribu\u00efdes en dos cursos<strong>\u00a0<\/strong>acad\u00e8mics (1.485 en un centre educatiu i 515 (hores d&#8217;estada a l&#8217;empresa) en un centre de treball).<\/p>\n<p><strong>Horari:<\/strong> Matins<br \/>\nSeu Impremta &#8211; Marina del Prat Vermell (Passeig de la zona Franca 56-66)<\/p>\n<p><a href=\"https:\/\/www.gencat.cat\/ensenyament\/eac\/pdf\/CFPM____AF20_CA.pdf\" target=\"_blank\" rel=\"noopener\">Veure \/ Descarregar Fitxa<\/a><\/p>\n<p><a href=\"https:\/\/preinscripcio.gencat.cat\/ca\/estudis\/fp-grau-mitja\/inici\/\" target=\"_blank\" rel=\"noopener\">Preinscripci\u00f3<\/a><\/p>\n<h2>CICLES FORMATIUS DE GRAU MITJ\u00c0 D&#8217;ARTS PL\u00c0STIQUES I DISSENY<\/h2>\n<p><a href=\"https:\/\/agora.xtec.cat\/ins-idag\/wp-content\/uploads\/usu3038\/2025\/02\/APD_Ensenyaments_Regim_Especial.pdf\" target=\"_blank\" rel=\"noopener\">Els ensenyaments de r\u00e8gim especial d&#8217;Arts pl\u00e0stiques i disseny (presentaci\u00f3)<\/a><\/p>\n<h2><strong>CFAM Assist\u00e8ncia al producte gr\u00e0fic interactiu<\/strong><\/h2>\n<p><a href=\"https:\/\/agora.xtec.cat\/ins-idag\/wp-content\/uploads\/usu3038\/2026\/02\/Apgi_icon.png\"><img loading=\"lazy\" decoding=\"async\" class=\"alignleft size-medium wp-image-1255\" src=\"https:\/\/agora.xtec.cat\/ins-idag\/wp-content\/uploads\/usu3038\/2026\/02\/Apgi_icon-300x300.png\" alt=\"\" width=\"300\" height=\"300\" srcset=\"https:\/\/agora.xtec.cat\/ins-idag\/wp-content\/uploads\/usu3038\/2026\/02\/Apgi_icon-300x300.png 300w, https:\/\/agora.xtec.cat\/ins-idag\/wp-content\/uploads\/usu3038\/2026\/02\/Apgi_icon-150x150.png 150w, https:\/\/agora.xtec.cat\/ins-idag\/wp-content\/uploads\/usu3038\/2026\/02\/Apgi_icon-768x768.png 768w, https:\/\/agora.xtec.cat\/ins-idag\/wp-content\/uploads\/usu3038\/2026\/02\/Apgi_icon.png 1000w\" sizes=\"auto, (max-width: 300px) 100vw, 300px\" \/><\/a><\/p>\n<p class=\"p1\">Apr\u00e8n a crear i adaptar continguts visuals per a entorns digitals, com webs o aplicacions, utilitzant eines de disseny i edici\u00f3 multim\u00e8dia. Tamb\u00e9 adquireix coneixements b\u00e0sics de llenguatges com HTML i CSS, experi\u00e8ncia d\u2019usuari (UX) i organitzaci\u00f3 de continguts, aix\u00ed com habilitats per desenvolupar productes interactius funcionals i atractius segons les necessitats del projecte.<\/p>\n<p><strong>Horari:<\/strong> Matins<br \/>\nSeu Impremta &#8211; Marina del Prat Vermell (Passeig de la zona Franca 56-66)<\/p>\n<p><a href=\"https:\/\/agora.xtec.cat\/ins-idag\/wp-content\/uploads\/usu3038\/2025\/02\/CFAM____CG10_CA.pdf\" target=\"_blank\" rel=\"noopener\">Veure \/ Descarregar Fitxa<\/a><\/p>\n<p>Es requereix una\u00a0<a href=\"https:\/\/triaeducativa.gencat.cat\/ca\/proves\/proves-acces\/apd\/apd-gm\/index.html\" target=\"_blank\" rel=\"noopener\">prova d\u2019acc\u00e9s<\/a>\u00a0espec\u00edfica, que podreu fer al nostre centre.<\/p>\n<p><a href=\"https:\/\/preinscripcio.gencat.cat\/ca\/estudis\/apd-grau-mitja\/inici\/\" target=\"_blank\" rel=\"noopener\">Preinscripci\u00f3<\/a><\/p>\n<h2>CICLES FORMATIUS DE GRAU SUPERIOR D&#8217;ARTS PL\u00c0STIQUES I DISSENY<\/h2>\n<h2><strong>CFAS Gr\u00e0fica Impresa <\/strong><strong><span style=\"color: #ea0029;\">(Nova Oferta inici 26-27)<\/span><\/strong><\/h2>\n<p><a href=\"https:\/\/agora.xtec.cat\/ins-idag\/wp-content\/uploads\/usu3038\/2026\/02\/Gi_icon.png\"><img loading=\"lazy\" decoding=\"async\" class=\"alignleft size-medium wp-image-1257\" src=\"https:\/\/agora.xtec.cat\/ins-idag\/wp-content\/uploads\/usu3038\/2026\/02\/Gi_icon-300x300.png\" alt=\"\" width=\"300\" height=\"300\" srcset=\"https:\/\/agora.xtec.cat\/ins-idag\/wp-content\/uploads\/usu3038\/2026\/02\/Gi_icon-300x300.png 300w, https:\/\/agora.xtec.cat\/ins-idag\/wp-content\/uploads\/usu3038\/2026\/02\/Gi_icon-150x150.png 150w, https:\/\/agora.xtec.cat\/ins-idag\/wp-content\/uploads\/usu3038\/2026\/02\/Gi_icon-768x768.png 768w, https:\/\/agora.xtec.cat\/ins-idag\/wp-content\/uploads\/usu3038\/2026\/02\/Gi_icon.png 1000w\" sizes=\"auto, (max-width: 300px) 100vw, 300px\" \/><\/a><\/p>\n<p class=\"p1\">Apr\u00e8n a planificar, gestionar i supervisar la producci\u00f3 de productes impresos, coordinant totes les fases del proc\u00e9s des del disseny fins a l\u2019acabat final. Adquireix coneixements avan\u00e7ats en sistemes d\u2019impressi\u00f3, materials, control de qualitat i processos industrials, aix\u00ed com habilitats per optimitzar recursos, resoldre incid\u00e8ncies i garantir que el producte final compleixi els requisits t\u00e8cnics, est\u00e8tics i econ\u00f2mics establerts.<\/p>\n<p>La durada \u00e9s de 2.000 hores (1.716 en un centre educatiu i 284\u00a0en un centre de treball) distribu\u00efdes en\u00a0<strong>dos cursos\u00a0<\/strong>acad\u00e8mics.<\/p>\n<p><strong>Horari:<\/strong> Matins<br \/>\nSeu Impremta &#8211; Marina del Prat Vermell (Passeig de la zona Franca 56-66)<\/p>\n<p><a href=\"https:\/\/www.gencat.cat\/ensenyament\/eac\/pdf\/CFAS____CGE0_ES.pdf\" target=\"_blank\" rel=\"noopener\">Veure \/ Descarregar Fitxa<\/a><\/p>\n<p>Si l&#8217;estudiant no accedeix des de grau mitj\u00e0 d&#8217;art\u00edstic es requereix una <a href=\"https:\/\/triaeducativa.gencat.cat\/ca\/proves\/proves-acces\/apd\/apd-gs\/\" target=\"_blank\" rel=\"noopener\">prova d\u2019acc\u00e9s<\/a> espec\u00edfica.<\/p>\n<p><a href=\"https:\/\/preinscripcio.gencat.cat\/ca\/estudis\/apd-grau-superior\/inici\/\" target=\"_blank\" rel=\"noopener\">Preinscripci\u00f3<\/a><\/p>\n<header class=\"entry-header\">\n<h1 class=\"entry-title\" style=\"font-weight: 400; color: #087eb6;\">Programes de formaci\u00f3 i inserci\u00f3 (PFI)<\/h1>\n<\/header>\n<div class=\"entry-content\">\n<h2><strong>PFI Auxiliar d\u2019Arts Gr\u00e0fiques i Serigrafia<\/strong><\/h2>\n<p><a href=\"https:\/\/agora.xtec.cat\/ins-idag\/wp-content\/uploads\/usu3038\/2025\/02\/printag.jpg\"><img loading=\"lazy\" decoding=\"async\" class=\"alignleft  wp-image-900\" src=\"https:\/\/agora.xtec.cat\/ins-idag\/wp-content\/uploads\/usu3038\/2025\/02\/printag.jpg\" alt=\"\" width=\"354\" height=\"236\" srcset=\"https:\/\/agora.xtec.cat\/ins-idag\/wp-content\/uploads\/usu3038\/2025\/02\/printag.jpg 626w, https:\/\/agora.xtec.cat\/ins-idag\/wp-content\/uploads\/usu3038\/2025\/02\/printag-300x200.jpg 300w\" sizes=\"auto, (max-width: 354px) 100vw, 354px\" \/><\/a>Aquests estudis capaciten per dur a terme tasques auxiliars de treballs de reprografia i operacions b\u00e0siques de suport a la producci\u00f3, manipulaci\u00f3 i acabats de productes gr\u00e0fics.<\/p>\n<p>Tenen una durada total de 1.000 hores, <strong>1 curs<\/strong> acad\u00e8mic. Inclou 200 hores d\u2019estada a la empresa.<\/p>\n<p><strong>Horari:<\/strong>\u00a0Matins<br \/>\nSeu Sant Andreu \u2013 C\/ Gran de la Sagrera, 179<\/p>\n<p><a href=\"https:\/\/agora.xtec.cat\/ins-idag\/wp-content\/uploads\/usu3038\/2025\/01\/PFI_____AF01_CA.pdf\" target=\"_blank\" rel=\"noopener\">Veure\/Descarregar Fitxa<\/a><\/p>\n<p><a href=\"https:\/\/preinscripcio.gencat.cat\/ca\/estudis\/pfi\/inici\/\" target=\"_blank\" rel=\"noopener\">Preinscripci\u00f3<\/a><\/p>\n<h2><strong>PFI EE Auxiliar d\u2019Arts Gr\u00e0fiques i Serigrafia per a l\u2019alumnat d\u2019educaci\u00f3 especial<\/strong><\/h2>\n<p><a href=\"https:\/\/agora.xtec.cat\/ins-idag\/wp-content\/uploads\/usu3038\/2025\/02\/agnee.jpg\"><img loading=\"lazy\" decoding=\"async\" class=\"alignleft  wp-image-906\" src=\"https:\/\/agora.xtec.cat\/ins-idag\/wp-content\/uploads\/usu3038\/2025\/02\/agnee.jpg\" alt=\"\" width=\"356\" height=\"237\" srcset=\"https:\/\/agora.xtec.cat\/ins-idag\/wp-content\/uploads\/usu3038\/2025\/02\/agnee.jpg 626w, https:\/\/agora.xtec.cat\/ins-idag\/wp-content\/uploads\/usu3038\/2025\/02\/agnee-300x200.jpg 300w\" sizes=\"auto, (max-width: 356px) 100vw, 356px\" \/><\/a>Aquests estudis capaciten per dur a terme tasques auxiliars de treballs de reprografia i operacions b\u00e0siques de suport a la producci\u00f3, manipulaci\u00f3 i acabats de productes gr\u00e0fics.<\/p>\n<p>Adre\u00e7ats a alumnat amb necessitats educatives especials.<\/p>\n<p>Tenen una durada total de 2.000 hores en <strong>2 cursos<\/strong> acad\u00e8mics. Inclou 200 hores de pr\u00e0ctiques a empresa.<\/p>\n<p><strong>Horari:<\/strong>\u00a0Matins<br \/>\nSeu Sant Andreu \u2013 C\/ Gran de la Sagrera, 179<\/p>\n<p><a href=\"https:\/\/agora.xtec.cat\/ins-idag\/wp-content\/uploads\/usu3038\/2025\/01\/PFIE____AF01_CA.pdf\" target=\"_blank\" rel=\"noopener\">Veure\/Descarregar Fitxa<\/a><\/p>\n<p><a href=\"https:\/\/preinscripcio.gencat.cat\/ca\/estudis\/pfi\/inici\/\" target=\"_blank\" rel=\"noopener\">Preinscripci\u00f3<\/a><\/p>\n<h2><strong>PFI Auxiliar d\u2019Inform\u00e0tica i Producci\u00f3 Digital<\/strong><\/h2>\n<p><a href=\"https:\/\/agora.xtec.cat\/ins-idag\/wp-content\/uploads\/usu3038\/2025\/02\/pfi-info.jpg\"><img loading=\"lazy\" decoding=\"async\" class=\"alignleft  wp-image-902\" src=\"https:\/\/agora.xtec.cat\/ins-idag\/wp-content\/uploads\/usu3038\/2025\/02\/pfi-info.jpg\" alt=\"\" width=\"363\" height=\"251\" \/><\/a>Aquests estudis capaciten per dur a terme operacions auxiliars de configuraci\u00f3, explotaci\u00f3 de sistemes inform\u00e0tics, digitalitzaci\u00f3 d&#8217;imatges, il\u00b7lustraci\u00f3 vectorial i edici\u00f3 de v\u00eddeo en ind\u00fastries gr\u00e0fiques i altres.<\/p>\n<p>Tenen una durada total de 1.000 hores,<strong> 1 curs<\/strong> acad\u00e8mic. Inclou 200 hores de pr\u00e0ctiques a empresa.<\/p>\n<p><strong>Horari:<\/strong>\u00a0Matins<br \/>\nSeu Sant Andreu \u2013 C\/ Gran de la Sagrera, 179<\/p>\n<p><a href=\"https:\/\/agora.xtec.cat\/ins-idag\/wp-content\/uploads\/usu3038\/2025\/01\/PFI_____IC02_CA.pdf\" target=\"_blank\" rel=\"noopener\">Veure\/Descarregar Fitxa<\/a><\/p>\n<p><a href=\"https:\/\/preinscripcio.gencat.cat\/ca\/estudis\/pfi\/inici\/\" target=\"_blank\" rel=\"noopener\">Preinscripci\u00f3<\/a><\/p>\n<h2><\/h2>\n<h2><strong>PFI EE Auxiliar d\u2019Activitats d\u2019Oficina i en Serveis Administratius Generals per a l\u2019alumnat d\u2019educaci\u00f3 especial<\/strong><\/h2>\n<p><a href=\"https:\/\/agora.xtec.cat\/ins-idag\/wp-content\/uploads\/usu3038\/2025\/02\/oficina.jpg\"><img loading=\"lazy\" decoding=\"async\" class=\"alignleft  wp-image-904\" src=\"https:\/\/agora.xtec.cat\/ins-idag\/wp-content\/uploads\/usu3038\/2025\/02\/oficina.jpg\" alt=\"\" width=\"353\" height=\"235\" srcset=\"https:\/\/agora.xtec.cat\/ins-idag\/wp-content\/uploads\/usu3038\/2025\/02\/oficina.jpg 626w, https:\/\/agora.xtec.cat\/ins-idag\/wp-content\/uploads\/usu3038\/2025\/02\/oficina-300x200.jpg 300w\" sizes=\"auto, (max-width: 353px) 100vw, 353px\" \/><\/a>Aquests estudis capaciten per dur a terme tasques auxiliars en l&#8217;\u00e0mbit de l&#8217;administraci\u00f3 i gesti\u00f3, aix\u00ed com l&#8217;enregistrament i la verificaci\u00f3 de dades i documents.<\/p>\n<p>Adre\u00e7ats a alumnat amb necessitats educatives especials.<\/p>\n<p>Tenen una durada total de 2.000 hores en <strong>2 cursos <\/strong>acad\u00e8mics. Inclou 200 hores de pr\u00e0ctiques a empresa.<\/p>\n<p><strong>Horari:<\/strong>\u00a0Matins<br \/>\nSeu Sant Andreu \u2013 C\/ Gran de la Sagrera, 179<\/p>\n<p><a href=\"https:\/\/agora.xtec.cat\/ins-idag\/wp-content\/uploads\/usu3038\/2025\/01\/PFIE____AG01_CA.pdf\" target=\"_blank\" rel=\"noopener\">Veure\/Descarregar Fitxa<\/a><\/p>\n<p><a href=\"https:\/\/preinscripcio.gencat.cat\/ca\/estudis\/pfi\/inici\/\" target=\"_blank\" rel=\"noopener\">Preinscripci\u00f3<\/a><\/p>\n<\/div>\n<\/div>\n<header class=\"entry-header\" style=\"color: #444444;\">\n<h1 class=\"entry-title\" style=\"font-weight: 400; color: #087eb6;\">Itineraris formatius espec\u00edfics (IFE)<\/h1>\n<\/header>\n<div class=\"entry-content\" style=\"color: #444444;\">\n<h2><strong>IFE Auxiliar en Vendes i Atenci\u00f3 al P\u00fablic<\/strong><\/h2>\n<p><a href=\"https:\/\/agora.xtec.cat\/ins-idag\/wp-content\/uploads\/usu3038\/2025\/02\/IFE.jpg\"><img loading=\"lazy\" decoding=\"async\" class=\"alignleft  wp-image-899\" src=\"https:\/\/agora.xtec.cat\/ins-idag\/wp-content\/uploads\/usu3038\/2025\/02\/IFE.jpg\" alt=\"\" width=\"367\" height=\"246\" \/><\/a>Aquests estudis desenvolupen compet\u00e8ncies per a fer tasques auxiliars de comercialitzaci\u00f3, marxandatge, preparaci\u00f3 de comandes i venda de productes, i treballs de reprografia, observant les normes de prevenci\u00f3 de riscos laborals i protecci\u00f3 mediambiental corresponents, aix\u00ed com compet\u00e8ncies de comunicaci\u00f3, autonomia personal i de participaci\u00f3 en activitats comunit\u00e0ries.<\/p>\n<p>La durada \u00e9s de 3.360 hores, distribu\u00efdes en <strong>4 cursos<\/strong> acad\u00e8mics. El darrer curs inclou 385 hores de formaci\u00f3 en centres de treball.<\/p>\n<p><strong>Horari:<\/strong>\u00a0Matins<br \/>\nSeu Sant Andreu \u2013 C\/ Gran de la Sagrera, 179<\/p>\n<p><a href=\"https:\/\/agora.xtec.cat\/ins-idag\/wp-content\/uploads\/usu3038\/2025\/01\/IFE_____CM01_CA.pdf\" target=\"_blank\" rel=\"noopener\">Veure\/Descarregar Fitxa<\/a><\/p>\n<p><a href=\"https:\/\/preinscripcio.gencat.cat\/ca\/estudis\/ife\/inici\/index.html\" target=\"_blank\" rel=\"noopener\">Preinscripci\u00f3<\/a><\/p>\n<header class=\"entry-header\"><\/header>\n<div class=\"entry-content\"><\/div>\n<\/div>\n","protected":false},"excerpt":{"rendered":"<p>La nostra oferta formativa:<\/p>\n<p>Cicles Formatius<\/p>\n<p>CICLES FORMATIUS DE GRAU MITJ\u00c0 D&#8217;ARTS GR\u00c0FIQUES<br \/>\nCFGM Preimpressi\u00f3 Digital<br \/>\n<a href=\"https:\/\/agora.xtec.cat\/ins-idag\/wp-content\/uploads\/usu3038\/2026\/02\/Pd_icon.png\"><\/a><br \/>\nApr\u00e8n a preparar materials gr\u00e0fics per a la seva impressi\u00f3 o publicaci\u00f3 digital, treballant el tractament d\u2019imatges, la maquetaci\u00f3 i l\u2019\u00fas d\u2019eines de disseny. Tamb\u00e9 adquireix coneixements sobre gesti\u00f3 del color, preparaci\u00f3&hellip;  <a href=\"https:\/\/agora.xtec.cat\/ins-idag\/estudis\/\" title=\"Read Estudis\">Llegeix m\u00e9s\u00bb<\/a><\/p>\n","protected":false},"author":1,"featured_media":0,"parent":0,"menu_order":0,"comment_status":"closed","ping_status":"closed","template":"page-templates\/side-menu.php","meta":{"footnotes":""},"class_list":["post-195","page","type-page","status-publish","hentry"],"post_mailing_queue_ids":[],"_links":{"self":[{"href":"https:\/\/agora.xtec.cat\/ins-idag\/wp-json\/wp\/v2\/pages\/195","targetHints":{"allow":["GET"]}}],"collection":[{"href":"https:\/\/agora.xtec.cat\/ins-idag\/wp-json\/wp\/v2\/pages"}],"about":[{"href":"https:\/\/agora.xtec.cat\/ins-idag\/wp-json\/wp\/v2\/types\/page"}],"author":[{"embeddable":true,"href":"https:\/\/agora.xtec.cat\/ins-idag\/wp-json\/wp\/v2\/users\/1"}],"replies":[{"embeddable":true,"href":"https:\/\/agora.xtec.cat\/ins-idag\/wp-json\/wp\/v2\/comments?post=195"}],"version-history":[{"count":6,"href":"https:\/\/agora.xtec.cat\/ins-idag\/wp-json\/wp\/v2\/pages\/195\/revisions"}],"predecessor-version":[{"id":1340,"href":"https:\/\/agora.xtec.cat\/ins-idag\/wp-json\/wp\/v2\/pages\/195\/revisions\/1340"}],"wp:attachment":[{"href":"https:\/\/agora.xtec.cat\/ins-idag\/wp-json\/wp\/v2\/media?parent=195"}],"curies":[{"name":"wp","href":"https:\/\/api.w.org\/{rel}","templated":true}]}}