{"id":19,"date":"2014-09-17T14:56:56","date_gmt":"2014-09-17T14:56:56","guid":{"rendered":"http:\/\/agora.xtec.cat\/ins-idag\/?page_id=19"},"modified":"2024-09-27T10:43:40","modified_gmt":"2024-09-27T08:43:40","slug":"linstitut","status":"publish","type":"page","link":"https:\/\/agora.xtec.cat\/ins-idag\/linstitut\/","title":{"rendered":"L&#8217;institut"},"content":{"rendered":"<p><span style=\"font-weight: 400;\">L&#8217;Institut del Disseny i les Arts Gr\u00e0fiques de Barcelona \u00e9s un centre d\u2019ensenyaments professionals de nova creaci\u00f3, \u00e9s p\u00fablic-municipal i dep\u00e8n del <\/span><a href=\"https:\/\/www.edubcn.cat\/ca\"><span style=\"font-weight: 400;\">Consorci d&#8217;Educaci\u00f3 de Barcelona<\/span><\/a><span style=\"font-weight: 400;\">.<\/span><\/p>\n<p><span style=\"font-weight: 400;\">Imparteix formaci\u00f3 professional i art\u00edstica de grau mitj\u00e0, programes de formaci\u00f3 i inserci\u00f3 ordinaris i adaptats i itineraris formatius espec\u00edfics. Actualment, es troba en fase de creixement i en els seg\u00fcents cursos incorporar\u00e0 nova oferta de cicles formatius de grau superior i altres.<\/span><\/p>\n","protected":false},"excerpt":{"rendered":"<p>L&#8217;Institut del Disseny i les Arts Gr\u00e0fiques de Barcelona \u00e9s un centre d\u2019ensenyaments professionals de nova creaci\u00f3, \u00e9s p\u00fablic-municipal i dep\u00e8n del <a href=\"https:\/\/www.edubcn.cat\/ca\">Consorci d&#8217;Educaci\u00f3 de Barcelona<\/a>.<br \/>\nImparteix formaci\u00f3 professional i art\u00edstica de grau mitj\u00e0, programes de formaci\u00f3 i inserci\u00f3 ordinaris i adaptats i itineraris formatius&hellip;  <a href=\"https:\/\/agora.xtec.cat\/ins-idag\/linstitut\/\" title=\"Read L&#8217;institut\">Llegeix m\u00e9s\u00bb<\/a><\/p>\n","protected":false},"author":1,"featured_media":0,"parent":0,"menu_order":0,"comment_status":"closed","ping_status":"closed","template":"page-templates\/side-menu.php","meta":{"footnotes":""},"class_list":["post-19","page","type-page","status-publish","hentry"],"post_mailing_queue_ids":[],"_links":{"self":[{"href":"https:\/\/agora.xtec.cat\/ins-idag\/wp-json\/wp\/v2\/pages\/19","targetHints":{"allow":["GET"]}}],"collection":[{"href":"https:\/\/agora.xtec.cat\/ins-idag\/wp-json\/wp\/v2\/pages"}],"about":[{"href":"https:\/\/agora.xtec.cat\/ins-idag\/wp-json\/wp\/v2\/types\/page"}],"author":[{"embeddable":true,"href":"https:\/\/agora.xtec.cat\/ins-idag\/wp-json\/wp\/v2\/users\/1"}],"replies":[{"embeddable":true,"href":"https:\/\/agora.xtec.cat\/ins-idag\/wp-json\/wp\/v2\/comments?post=19"}],"version-history":[{"count":1,"href":"https:\/\/agora.xtec.cat\/ins-idag\/wp-json\/wp\/v2\/pages\/19\/revisions"}],"predecessor-version":[{"id":652,"href":"https:\/\/agora.xtec.cat\/ins-idag\/wp-json\/wp\/v2\/pages\/19\/revisions\/652"}],"wp:attachment":[{"href":"https:\/\/agora.xtec.cat\/ins-idag\/wp-json\/wp\/v2\/media?parent=19"}],"curies":[{"name":"wp","href":"https:\/\/api.w.org\/{rel}","templated":true}]}}