{"id":1014,"date":"2025-05-13T08:46:10","date_gmt":"2025-05-13T06:46:10","guid":{"rendered":"https:\/\/agora.xtec.cat\/ins-idag\/?page_id=1014"},"modified":"2025-05-13T08:50:50","modified_gmt":"2025-05-13T06:50:50","slug":"proves-acces-arts-plastiques-i-disseny","status":"publish","type":"page","link":"https:\/\/agora.xtec.cat\/ins-idag\/estudis\/cicles-formatius\/proves-acces-arts-plastiques-i-disseny\/","title":{"rendered":"Proves acc\u00e9s Arts Pl\u00e0stiques i Disseny"},"content":{"rendered":"\n\n\n<h2>Proves d&#8217;acc\u00e9s als cicles curs 2025-2026 Part Espec\u00edfica (convocat\u00f2ria ordin\u00e0ria)<\/h2>\n<p><span style=\"color: #800000;\"><strong>A IDAG nom\u00e9s realitzem les proves d&#8217;acc\u00e9s espec\u00edfiques de grau mitj\u00e0.<\/strong><\/span><\/p>\n<h4>Inscripcions a les proves d&#8217;acc\u00e9s de GM i GS:<\/h4>\n<ul>\n<li><strong>Per\u00edode d&#8217;inscripcions: del 17 (a partir de les 9 h) al 30 de mar\u00e7 de 2025<\/strong><\/li>\n<li>Pagament de la taxa: fins al 31 de mar\u00e7 de 2025 (abans de les 22 h)<br \/>* Nom\u00e9s han de pagar taxa d&#8217;inscripci\u00f3 (24,85\u00a0 per grau mitj\u00e0 i<strong>\u00a0<\/strong>39,95 euros per grau superior) les persones que s&#8217;inscriuen a la\u00a0<strong>part comuna<\/strong>\u00a0de la prova.<\/li>\n<\/ul>\n<p><a class=\"btn\" href=\"https:\/\/educacio.gencat.cat\/ca\/tramits\/tramits-temes\/prova-arts-plastiques-gm?category=7445de6a-a82c-11e3-a972-000c29052e2c\" target=\"_blank\" rel=\"noopener\">Inscriure&#8217;s a les proves per Grau Mitj\u00e0<\/a><\/p>\n<p><a class=\"btn\" href=\"https:\/\/educacio.gencat.cat\/ca\/tramits\/tramits-temes\/prova-arts-plastiques-gs?category=7445de6a-a82c-11e3-a972-000c29052e2c\" target=\"_blank\" rel=\"noopener\">Inscriure&#8217;s a les proves per Grau Superior<\/a><\/p>\n<h3>Per cicles de Grau Mitj\u00e0:<\/h3>\n<ul>\n<li>Llista provisional d&#8217;admesos i exclosos: a partir del 22 d&#8217;abril de 2025<\/li>\n<li>Presentaci\u00f3 de la documentaci\u00f3\u00a0al centre:\u00a0del 18 de mar\u00e7 al 9 d&#8217;abril de 2025 (en horari d&#8217;atenci\u00f3 al p\u00fablic)<\/li>\n<li><a href=\"https:\/\/agora.xtec.cat\/ins-idag\/wp-content\/uploads\/usu3038\/2025\/05\/20250512125043.pdf\" target=\"_blank\" rel=\"noopener\">Llista definitiva d&#8217;admesos i exclosos:a partir del 12 de maig de 2025<\/a><\/li>\n<\/ul>\n<p>Dates de les proves:<\/p>\n<h4>14 de maig de 2025 &#8211; part comuna (al centre assignat per realitzar la prova)<\/h4>\n<div class=\"gmail_default\">\n<p>15.30 h Verificaci\u00f3 de la identitat dels aspirants<br \/>16.00 h Primer bloc: parts comunicativa i social<br \/>18.00 h Descans<br \/>18.30 h Segon bloc: parts cientificotecnol\u00f2gica i matem\u00e0tica<\/p>\n<h4>15 de maig de 2025 &#8211; part espec\u00edfica (al centre assignat per realitzar la prova)<\/h4>\n<p>15.30 h Verificaci\u00f3 de la identitat dels aspirants<br \/>16.00 h (dues hores, en un \u00fanic bloc temporal)<\/p>\n<div class=\"gmail_default\">\n<p>Qualificacions provisionals:\u00a0a partir del 3 de juny de 2025<\/p>\n<p>Termini per presentar reclamacions al centre: del 4 al 6 de juny de 2025 (en horari d&#8217;atenci\u00f3 al p\u00fablic)<\/p>\n<\/div>\n<div class=\"gmail_default\">\n<p>Qualificacions definitives: a partir del 10 de juny de 2025<\/p>\n<a class=\"btn\" href=\"https:\/\/triaeducativa.gencat.cat\/ca\/proves\/proves-acces\/apd\/apd-gm\/material\/\" target=\"_blank\" rel=\"noopener\">Consulta el material necessari per a fer la prova<\/a><\/div>\n<div class=\"gmail_default\">\u00a0<\/div>\n<p><a class=\"btn\" href=\"https:\/\/triaeducativa.gencat.cat\/ca\/proves\/proves-acces\/apd\/apd-gm\/\" target=\"_blank\" rel=\"noopener\">+ info<\/a><\/p>\n<hr \/>\n<h3>Per cicles de Grau Superior:<\/h3>\n<ul>\n<li>Llista provisional d&#8217;admesos i exclosos: a partir del 23 d&#8217;abril de 2025<\/li>\n<li>Presentaci\u00f3 de la documentaci\u00f3 mitjan\u00e7ant un correu electr\u00f2nic a la b\u00fastia corporativa del centre seu triat per fer la prova: del 18 de mar\u00e7 al 9 d&#8217;abril de 2025 (en horari d&#8217;atenci\u00f3 al p\u00fablic)<\/li>\n<li>Llista definitiva d&#8217;admesos i exclosos: a partir del 19 de maig de 2025<\/li>\n<\/ul>\n<h4>Dates de les proves:<\/h4>\n<div>\n<div data-smartmail=\"gmail_signature\">\n<ul>\n<li style=\"list-style-type: none;\">\n<ul>\n<li>Part comuna: 21 de maig de 2025 a les 16 h<\/li>\n<li>Part espec\u00edfica: 22 de maig de 2025 a les 16 h<\/li>\n<\/ul>\n<\/li>\n<\/ul>\n<p>Qualificacions provisionals: a partir del 10 de juny de 2025<\/p>\n<\/div>\n<\/div>\n<div>\n<div data-smartmail=\"gmail_signature\">\n<div>\n<div>\n<div>\n<div>\n<div>\n<div>\n<div>\n<div>\n<div>\n<div>\n<div>\n<p>Termini per presentar reclamacions\u00a0al centre:\u00a0de l&#8217;11 al 13 de juny de 2025 (en horari d&#8217;atenci\u00f3 al p\u00fablic)<\/p>\n<\/div>\n<\/div>\n<\/div>\n<\/div>\n<\/div>\n<\/div>\n<\/div>\n<\/div>\n<\/div>\n<\/div>\n<\/div>\n<\/div>\n<\/div>\n<div>\n<div data-smartmail=\"gmail_signature\">\n<div class=\"gmail_default\">Qualificacions definitives: a partir del 17 de juny de 2025<\/div>\n<div class=\"gmail_default\">\u00a0<\/div>\n<div class=\"gmail_default\">\u00a0<\/div>\n<a class=\"btn\" href=\"https:\/\/triaeducativa.gencat.cat\/ca\/proves\/proves-acces\/apd\/apd-gs\/material\/\">Consulta el material necessari per a fer la prova<\/a><\/div>\n<div data-smartmail=\"gmail_signature\">\u00a0<\/div>\n<a class=\"btn\" href=\"https:\/\/triaeducativa.gencat.cat\/ca\/proves\/proves-acces\/apd\/apd-gs\/\">+ info<\/a><\/div>\n<div>\u00a0<\/div>\n<div><hr \/><\/div>\n<h4 class=\"gmail_default\">\u00a0Qui necessita fer les proves d&#8217;acc\u00e9s?<\/h4>\n<p>Les persones que tenen el\u00a0<strong>t\u00edtol de\u00a0batxillerat\u00a0o un\u00a0<a href=\"https:\/\/triaeducativa.gencat.cat\/ca\/artistics\/apd\/equivalencies-acces-cicles\/\">t\u00edtol equivalent<\/a><\/strong>\u00a0a efectes d&#8217;acc\u00e9s, nom\u00e9s han de fer la\u00a0<strong>part espec\u00edfica<\/strong>\u00a0de la prova. Les persones que es troben a l&#8217;\u00faltim curs d&#8217;un d&#8217;aquests t\u00edtols tamb\u00e9 poden fer la prova i han d&#8217;acreditar que tenen la titulaci\u00f3 en el proc\u00e9s de matr\u00edcula.<\/p>\n<p>Les persones que no tenen el t\u00edtol de batxillerat han de fer les dues parts de la prova:\u00a0<strong>la\u00a0part comuna\u00a0i la\u00a0part espec\u00edfica.<\/strong>\u00a0En aquest cas, es poden inscriure a la prova les persones que tenen\u00a0<strong>19 anys<\/strong>\u00a0o m\u00e9s (o els compleixen l&#8217;any 2025).<\/p>\n<p>\u00a0<strong>PROVA D\u2019ACC\u00c9S (part espec\u00edfica)<\/strong><\/p>\n<p>Caldr\u00e0 que realitzin una prova d&#8217;acc\u00e9s (part espec\u00edfica) els aspirants que acreditin estar en possessi\u00f3 de qualsevol dels requisits seg\u00fcents:\u00a0<\/p>\n<ul>\n<li>\n<div>T\u00edtol universitari.<\/div>\n<\/li>\n<li>\n<div>T\u00edtol de batxillerat (no art\u00edstic).<\/div>\n<\/li>\n<li>\n<div>Acreditaci\u00f3 de la superaci\u00f3 del curs d&#8217;orientaci\u00f3 universit\u00e0ria (COU) o preuniversitari.<\/div>\n<\/li>\n<li>\n<div>T\u00edtol de t\u00e8cnic\/a especialista o t\u00e8cnic\/a superior de formaci\u00f3 professional o\u00a0 d&#8217;ensenyaments esportius.\u00a0<\/div>\n<\/li>\n<li>\n<div>Acreditaci\u00f3 de la superaci\u00f3 de la part comuna de la prova d&#8217;acc\u00e9s a cicles formatius de grau superior de formaci\u00f3 professional inicial, o de la prova general d&#8217;acc\u00e9s a\u00a0\u00a0grau superior\u00a0d\u2019ensenyaments esportius.<\/div>\n<\/li>\n<li>\n<div>Acreditaci\u00f3 de la superaci\u00f3 total de les proves d&#8217;acc\u00e9s a la universitat per a m\u00e9s grans de 25 anys.<\/div>\n<\/li>\n<li>\n<div>Acreditaci\u00f3 de la superaci\u00f3 del curs de formaci\u00f3 espec\u00edfic per a l&#8217;acc\u00e9s a cicles formatius de grau superior o del curs de preparaci\u00f3 per a la incorporaci\u00f3 als cicles formatius de grau superior.<\/div>\n<\/li>\n<li>\n<div>Acreditaci\u00f3 de la superaci\u00f3 de les proves d&#8217;acc\u00e9s a la universitat per a majors de 45 anys o de l&#8217;acc\u00e9s a la universitat per haver acreditat experi\u00e8ncia laboral o professional tenint complerts 40 anys d&#8217;edat.<\/div>\n<\/li>\n<\/ul>\n<p><strong>PROVA D\u2019ACC\u00c9S (part comuna i espec\u00edfica)<\/strong><\/p>\n<p>Caldr\u00e0 que realitzin una prova d&#8217;acc\u00e9s (part comuna i espec\u00edfica) els aspirants que acreditin estar en possessi\u00f3 de qualsevol dels\u00a0 requisits seg\u00fcents:<\/p>\n<ul>\n<li>\n<div>T\u00edtol de t\u00e8cnic\/a de qualsevol cicle de grau mitj\u00e0 d\u2019arts pl\u00e0stiques i disseny o d\u2019arts gr\u00e0fiques, o b\u00e9 d&#8217;un cicle de formaci\u00f3 professional inicial de la fam\u00edlia d&#8217;edificaci\u00f3 i obra civil\u00a0\u00a0(per a l&#8217;acc\u00e9s als cicles de projectes i obres de decoraci\u00f3 i d&#8217;arquitectura ef\u00edmera)\u00a0o de les fam\u00edlies d&#8217;imatge i so i d&#8217;arts gr\u00e0fiques (per a l&#8217;acc\u00e9s al cicle de gr\u00e0fica audiovisual, perfil professional infografia 3D)\u00a0i que hagi complert els 18 anys o els compleixi l\u2019any en curs.<\/div>\n<\/li>\n<li>\n<div>Sense titulaci\u00f3 i que hagi complert els 19 anys o els compleixi l\u2019any en curs.<\/div>\n<\/li>\n<\/ul>\n<p><strong>No necessites fer la prova d&#8217;acc\u00e9s si est\u00e0s en possessi\u00f3 d&#8217;algun dels t\u00edtols seg\u00fcents:<\/strong><\/p>\n<ul>\n<li>\n<div>Prova d\u2019acc\u00e9s superada a un cicle de grau superior d\u2019arts pl\u00e0stiques i disseny.<\/div>\n<\/li>\n<li>\n<div>T\u00edtol de batxillerat d\u2019arts o art\u00edstic experimental.\u00a0<\/div>\n<\/li>\n<li>\n<div>Llicenciatura en belles arts, o certificat de superaci\u00f3 de la prova espec\u00edfica d&#8217;acc\u00e9s a aquests ensenyaments; arquitectura o enginyeria t\u00e8cnica en disseny industrial.\u00a0<\/div>\n<\/li>\n<li>\n<div>T\u00edtol de batxillerat (no art\u00edstic) si s&#8217;han cursat 3 mat\u00e8ries\u00a0de les seg\u00fcents: dibuix t\u00e8cnic, dibuix art\u00edstic, disseny, cultura audiovisual o hist\u00f2ria de l&#8217;art.<\/div>\n<\/li>\n<li>\n<div>T\u00edtol de t\u00e8cnic\/a superior d\u2019arts pl\u00e0stiques i disseny.<\/div>\n<\/li>\n<li>\n<div>T\u00edtol superior d&#8217;arts pl\u00e0stiques, de disseny o de conservaci\u00f3 i restauraci\u00f3 de b\u00e9ns culturals,\u00a0o b\u00e9 certificat de superaci\u00f3 de la prova espec\u00edfica d&#8217;acc\u00e9s a aquests ensenyaments.<\/div>\n<\/li>\n<li>\n<div>T\u00edtol de graduat en arts aplicades i oficis art\u00edstics en alguna de les especialitats dels plans d&#8217;estudis establerts els anys 1963, 1984 o 1986.<\/div>\n<\/li>\n<li>\n<div>T\u00edtol de t\u00e8cnic\/a superior de formaci\u00f3 professional de la fam\u00edlia d&#8217;edificaci\u00f3 i obra civil (per a l&#8217;acc\u00e9s als cicles de projectes i obres de decoraci\u00f3 i d&#8217;arquitectura ef\u00edmera),\u00a0o de les fam\u00edlies d&#8217;imatge i so i d&#8217;arts gr\u00e0fiques (per a l&#8217;acc\u00e9s al cicle de gr\u00e0fica audiovisual, perfil professional infografia 3D).<\/div>\n<\/li>\n<li>\n<div>Resoluci\u00f3 d&#8217;exempci\u00f3 reconeguda per la Direcci\u00f3 General de Formaci\u00f3 Professional Inicial i Ensenyaments de R\u00e8gim Especial.<\/div>\n<\/li>\n<\/ul>\n<\/div>\n","protected":false},"excerpt":{"rendered":"<p>Proves d&#8217;acc\u00e9s als cicles curs 2025-2026 Part Espec\u00edfica (convocat\u00f2ria ordin\u00e0ria)<br \/>\nA IDAG nom\u00e9s realitzem les proves d&#8217;acc\u00e9s espec\u00edfiques de grau mitj\u00e0.<br \/>\nInscripcions a les proves d&#8217;acc\u00e9s de GM i GS:<\/p>\n<ul>\n<li>Per\u00edode d&#8217;inscripcions: del 17 (a partir de les 9 h) al 30 de mar\u00e7 de 2025<\/li>\n<li>Pagament de la&hellip;  <a href=\"https:\/\/agora.xtec.cat\/ins-idag\/estudis\/cicles-formatius\/proves-acces-arts-plastiques-i-disseny\/\" title=\"Read Proves acc\u00e9s Arts Pl\u00e0stiques i Disseny\">Llegeix m\u00e9s\u00bb<\/a><br \/>\n","protected":false},"author":1,"featured_media":0,"parent":649,"menu_order":0,"comment_status":"closed","ping_status":"close","template":"page-templates\/side-menu.php","meta":{"footnotes":""},"class_list":["post-1014","page","type-page","status-publish","hentry"],"post_mailing_queue_ids":[],"_links":{"self":[{"href":"https:\/\/agora.xtec.cat\/ins-idag\/wp-json\/wp\/v2\/pages\/1014","targetHints":{"allow":["GET"]}}],"collection":[{"href":"https:\/\/agora.xtec.cat\/ins-idag\/wp-json\/wp\/v2\/pages"}],"about":[{"href":"https:\/\/agora.xtec.cat\/ins-idag\/wp-json\/wp\/v2\/types\/page"}],"author":[{"embeddable":true,"href":"https:\/\/agora.xtec.cat\/ins-idag\/wp-json\/wp\/v2\/users\/1"}],"replies":[{"embeddable":true,"href":"https:\/\/agora.xtec.cat\/ins-idag\/wp-json\/wp\/v2\/comments?post=1014"}],"version-history":[{"count":6,"href":"https:\/\/agora.xtec.cat\/ins-idag\/wp-json\/wp\/v2\/pages\/1014\/revisions"}],"predecessor-version":[{"id":1035,"href":"https:\/\/agora.xtec.cat\/ins-idag\/wp-json\/wp\/v2\/pages\/1014\/revisions\/1035"}],"up":[{"embeddable":true,"href":"https:\/\/agora.xtec.cat\/ins-idag\/wp-json\/wp\/v2\/pages\/649"}],"wp:attachment":[{"href":"https:\/\/agora.xtec.cat\/ins-idag\/wp-json\/wp\/v2\/media?parent=1014"}],"curies":[{"name":"wp","href":"https:\/\/api.w.org\/{rel}","templated":true}]}}