{"id":9787,"date":"2021-05-06T02:37:09","date_gmt":"2021-05-06T00:37:09","guid":{"rendered":"https:\/\/agora.xtec.cat\/ins-esport\/?page_id=9787"},"modified":"2025-04-23T09:30:56","modified_gmt":"2025-04-23T07:30:56","slug":"sollicitud-de-certificat-o-titols","status":"publish","type":"page","link":"https:\/\/agora.xtec.cat\/ins-esport\/secretaria\/sollicitud-de-certificat-o-titols\/","title":{"rendered":"Certificats i t\u00edtols"},"content":{"rendered":"<ul style=\"list-style-type: disc;\">\n<li><strong>SOL\u00b7LICITAR UN CERTIFICAT<\/strong><\/li>\n<\/ul>\n<p>Si necessites un certificat d&#8217;estudis, de matr\u00edcula, d&#8217;assist\u00e8ncia a activitat lectiva &#8230;, has d&#8217;emplenar el seg\u00fcent <span style=\"color: #0000ff;\"><a style=\"color: #0000ff;\" href=\"https:\/\/forms.gle\/7DmzFnsWtGr1arZEA\" target=\"_blank\" rel=\"noopener noreferrer\">\u00a0 <strong>FORMULARI<\/strong><\/a><\/span><strong>.\u00a0<\/strong> \u00a0Recorda que haur\u00e0s de pujar el DNI\/NIE o Passaport en arxiu pdf o foto.<\/p>\n<ul style=\"list-style-type: disc;\">\n<li><strong>SOL\u00b7LICITAR UN CERTIFICAT DE COMPET\u00c8NCIES PROFESSIONALS PER A LA TRAMITACI\u00d3 DEL CERTIFICAT DE PROFESSIONALITAT AL SOC<\/strong><\/li>\n<\/ul>\n<p>Si tens superats els m\u00f2duls per tramitar el certificat de professionalitat, ens has de sol\u00b7licitar un Certificat de Compet\u00e8ncies Professionals al seg\u00fcent <span style=\"color: #0000ff;\"><a style=\"color: #0000ff;\" href=\"https:\/\/forms.gle\/7DmzFnsWtGr1arZEA\" target=\"_blank\" rel=\"noopener noreferrer\">\u00a0 <strong>FORMULARI<\/strong><\/a><\/span><strong>.<\/strong>\u00a0 Amb el certificat que et lliurarem, has de fer el tr\u00e0mit al SOC, Servei Catal\u00e0 d&#8217;Ocupaci\u00f3, adjuntem<span style=\"color: #0000ff;\"><a style=\"color: #0000ff;\" href=\"https:\/\/serveiocupacio.gencat.cat\/ca\/persones\/vull-formar-me\/certificats-professionals\/demanar-lexpedicio-del-certificat-de-professionalitat\/\" target=\"_blank\" rel=\"noopener\"> l&#8217;enlla\u00e7 del SOC<\/a><\/span><\/p>\n<p><span style=\"color: #000000;\"><strong>EAS<\/strong> &#8211; Correspond\u00e8ncia entre els m\u00f2duls aprovats i el certificat de professionalitat. Vegeu <a href=\"https:\/\/agora.xtec.cat\/ins-esport\/wp-content\/uploads\/usu2109\/2025\/04\/EAS-Correspondencia-entre-moduls-professionals-superats-del-GS-i-certificats-de-professionalitat-EAS.pdf\" target=\"_blank\" rel=\"noopener\"><span style=\"color: #0000ff;\"><strong>AQU\u00cd<\/strong><\/span><\/a><\/span><\/p>\n<p><span style=\"color: #000000;\"><strong>CF<\/strong> &#8211; Correspond\u00e8ncia entre els m\u00f2duls aprovats i el certificat de professionalitat. Vegeu <a href=\"https:\/\/agora.xtec.cat\/ins-esport\/wp-content\/uploads\/usu2109\/2025\/04\/CF-Correspondencia-entre-moduls-professionals-superats-del-GS-i-certificats-de-professionalitat-Condicionament-Fisic.pdf\" target=\"_blank\" rel=\"noopener\"><strong><span style=\"color: #0000ff;\">AQU\u00cd<\/span><\/strong><\/a><\/span><\/p>\n<ul style=\"list-style-type: disc;\">\n<li><strong>SOL\u00b7LICITAR TRAMITACI\u00d3 DEL T\u00cdTOL<\/strong><\/li>\n<\/ul>\n<p>Si sol\u00b7licites la tramitaci\u00f3 del t\u00edtol acad\u00e8mic, has d&#8217;emplenar el seg\u00fcent <span style=\"color: #0000ff;\"><a style=\"color: #0000ff;\" href=\"https:\/\/forms.gle\/7DmzFnsWtGr1arZEA\" target=\"_blank\" rel=\"noopener noreferrer\">\u00a0 <strong>FORMULARI<\/strong><\/a><\/span><strong>.\u00a0<\/strong> \u00a0Haur\u00e0s de pujar el DNI\/NIE o Passaport en arxiu pdf o foto. i en cas de tenir bonificaci\u00f3 o exempci\u00f3 en el pagament de les taxes, haur\u00e0s de pujar el document que ho acrediti<\/p>\n<p><span style=\"color: #0000ff;\"><span style=\"color: #000000;\">Normativa de preu de taxes de tramitaci\u00f3 de t\u00edtols acad\u00e8mics : PREUS DE TAXES DE TRAMITACI\u00d3 DE T\u00cdTOLS ACAD\u00c8MICS \u00a0\u00a0 <\/span><a style=\"color: #0000ff;\" href=\"https:\/\/educacio.gencat.cat\/ca\/departament\/normativa\/taxes-preus-publics\/taxes\/\" target=\"_blank\" rel=\"noopener\"><strong>AQU\u00cd<\/strong><\/a><\/span><\/p>\n<p><span style=\"color: #000000;\"><strong>Formaci\u00f3 professional:<\/strong><\/span><\/p>\n<ul>\n<li>T\u00edtol de t\u00e8cnic\/a GM: 69,65 euros<\/li>\n<li>T\u00edtol de t\u00e8cnic\/a superior GS: 78 euros<\/li>\n<\/ul>\n<ul>\n<li><span style=\"color: #000000;\"><strong style=\"font-family: inherit; font-size: 1em;\">Ensenyaments d&#8217;esports:<\/strong><\/span>\n<ul>\n<li>T\u00edtol de t\u00e8cnic\/a GM: 69,65 euros<\/li>\n<\/ul>\n<\/li>\n<\/ul>\n<p>Consulteu les<a href=\"https:\/\/educacio.gencat.cat\/ca\/departament\/normativa\/taxes-preus-publics\/exempcions-bonificacions\/\" target=\"_blank\" rel=\"noopener\">\u00a0<strong>bonificacions i exempcions generals<\/strong><\/a><strong>\u00a0<\/strong>que s&#8217;apliquen a aquestes taxes.<\/p>\n","protected":false},"excerpt":{"rendered":"<ul style=\"list-style-type: disc;\">\n<li>SOL\u00b7LICITAR UN CERTIFICAT<\/li>\n<\/ul>\n<p>Si necessites un certificat d&#8217;estudis, de matr\u00edcula, d&#8217;assist\u00e8ncia a activitat lectiva &#8230;, has d&#8217;emplenar el seg\u00fcent <a style=\"color: #0000ff;\" href=\"https:\/\/forms.gle\/7DmzFnsWtGr1arZEA\" target=\"_blank\" rel=\"noopener noreferrer\">\u00a0 FORMULARI<\/a>.\u00a0 \u00a0Recorda que haur\u00e0s de pujar el DNI\/NIE o Passaport en arxiu pdf o foto.<\/p>\n<ul style=\"list-style-type: disc;\">\n<li>SOL\u00b7LICITAR UN&hellip;  <a href=\"https:\/\/agora.xtec.cat\/ins-esport\/secretaria\/sollicitud-de-certificat-o-titols\/\" title=\"Read Certificats i t\u00edtols\">Llegeix m\u00e9s\u00bb<\/a><br \/>\n","protected":false},"author":1,"featured_media":0,"parent":8556,"menu_order":4,"comment_status":"closed","ping_status":"closed","template":"page-templates\/side-menu.php","meta":{"_bbp_topic_count":0,"_bbp_reply_count":0,"_bbp_total_topic_count":0,"_bbp_total_reply_count":0,"_bbp_voice_count":0,"_bbp_anonymous_reply_count":0,"_bbp_topic_count_hidden":0,"_bbp_reply_count_hidden":0,"_bbp_forum_subforum_count":0,"footnotes":""},"class_list":["post-9787","page","type-page","status-publish","hentry"],"post_mailing_queue_ids":[],"_links":{"self":[{"href":"https:\/\/agora.xtec.cat\/ins-esport\/wp-json\/wp\/v2\/pages\/9787","targetHints":{"allow":["GET"]}}],"collection":[{"href":"https:\/\/agora.xtec.cat\/ins-esport\/wp-json\/wp\/v2\/pages"}],"about":[{"href":"https:\/\/agora.xtec.cat\/ins-esport\/wp-json\/wp\/v2\/types\/page"}],"author":[{"embeddable":true,"href":"https:\/\/agora.xtec.cat\/ins-esport\/wp-json\/wp\/v2\/users\/1"}],"replies":[{"embeddable":true,"href":"https:\/\/agora.xtec.cat\/ins-esport\/wp-json\/wp\/v2\/comments?post=9787"}],"version-history":[{"count":6,"href":"https:\/\/agora.xtec.cat\/ins-esport\/wp-json\/wp\/v2\/pages\/9787\/revisions"}],"predecessor-version":[{"id":14455,"href":"https:\/\/agora.xtec.cat\/ins-esport\/wp-json\/wp\/v2\/pages\/9787\/revisions\/14455"}],"up":[{"embeddable":true,"href":"https:\/\/agora.xtec.cat\/ins-esport\/wp-json\/wp\/v2\/pages\/8556"}],"wp:attachment":[{"href":"https:\/\/agora.xtec.cat\/ins-esport\/wp-json\/wp\/v2\/media?parent=9787"}],"curies":[{"name":"wp","href":"https:\/\/api.w.org\/{rel}","templated":true}]}}