{"id":9782,"date":"2021-05-05T13:15:43","date_gmt":"2021-05-05T11:15:43","guid":{"rendered":"https:\/\/agora.xtec.cat\/ins-esport\/?page_id=9782"},"modified":"2025-01-24T08:31:26","modified_gmt":"2025-01-24T07:31:26","slug":"sollicitud-reclamacio-notes","status":"publish","type":"page","link":"https:\/\/agora.xtec.cat\/ins-esport\/secretaria\/sollicitud-reclamacio-notes\/","title":{"rendered":"Formulari de reclamaci\u00f3 de qualificacions"},"content":{"rendered":"<p>L&#8217;alumne\/a, o els seus pares o tutors legals (en el cas que sigui menor d&#8217;edat) t\u00e9 dret<br \/>\na sol\u00b7licitar aclariments per part del professorat respecte de les qualificacions, fins les 15 hores del segon dia de termini de reclamacions.<\/p>\n<p>Les reclamacions respecte de les qualificacions obtingudes i comunicades a l&#8217;alumne,\u00a0 caldr\u00e0 adre\u00e7ar-les al director del centre utilitzant el seg\u00fcent <a href=\"https:\/\/forms.gle\/LQ7i1hywvMR1yFLh9\" target=\"_blank\" rel=\"noopener\"><span style=\"color: #0000ff;\"><strong>FORMULARI DE RECLAMACI\u00d3 DE QUALIFICACIONS<\/strong><\/span><\/a>\u00a0en el termini establert al calendari de reclamacions.<\/p>\n<p>El director traslladar\u00e0 la reclamaci\u00f3 al departament corresponent perqu\u00e8 estudi\u00ef si la qualificaci\u00f3 s&#8217;ha atorgat d&#8217;acord amb els criteris d&#8217;avaluaci\u00f3 per ell establerts i formuli la proposta pertinent.<\/p>\n<p>A la vista de la proposta que formuli i de l&#8217;acta de la junta d&#8217;avaluaci\u00f3, el director<br \/>\nresoldr\u00e0 la reclamaci\u00f3 que s&#8217;enviar\u00e0 per correo electr\u00f2nic a l&#8217;alumne\/a.<\/p>\n","protected":false},"excerpt":{"rendered":"<p>L&#8217;alumne\/a, o els seus pares o tutors legals (en el cas que sigui menor d&#8217;edat) t\u00e9 dret<br \/>\na sol\u00b7licitar aclariments per part del professorat respecte de les qualificacions, fins les 15 hores del segon dia de termini de reclamacions.<br \/>\nLes reclamacions respecte de les qualificacions obtingudes i&hellip;  <a href=\"https:\/\/agora.xtec.cat\/ins-esport\/secretaria\/sollicitud-reclamacio-notes\/\" title=\"Read Formulari de reclamaci\u00f3 de qualificacions\">Llegeix m\u00e9s\u00bb<\/a><\/p>\n","protected":false},"author":1,"featured_media":0,"parent":8556,"menu_order":7,"comment_status":"closed","ping_status":"closed","template":"page-templates\/side-menu.php","meta":{"_bbp_topic_count":0,"_bbp_reply_count":0,"_bbp_total_topic_count":0,"_bbp_total_reply_count":0,"_bbp_voice_count":0,"_bbp_anonymous_reply_count":0,"_bbp_topic_count_hidden":0,"_bbp_reply_count_hidden":0,"_bbp_forum_subforum_count":0,"footnotes":""},"class_list":["post-9782","page","type-page","status-publish","hentry"],"post_mailing_queue_ids":[],"_links":{"self":[{"href":"https:\/\/agora.xtec.cat\/ins-esport\/wp-json\/wp\/v2\/pages\/9782","targetHints":{"allow":["GET"]}}],"collection":[{"href":"https:\/\/agora.xtec.cat\/ins-esport\/wp-json\/wp\/v2\/pages"}],"about":[{"href":"https:\/\/agora.xtec.cat\/ins-esport\/wp-json\/wp\/v2\/types\/page"}],"author":[{"embeddable":true,"href":"https:\/\/agora.xtec.cat\/ins-esport\/wp-json\/wp\/v2\/users\/1"}],"replies":[{"embeddable":true,"href":"https:\/\/agora.xtec.cat\/ins-esport\/wp-json\/wp\/v2\/comments?post=9782"}],"version-history":[{"count":6,"href":"https:\/\/agora.xtec.cat\/ins-esport\/wp-json\/wp\/v2\/pages\/9782\/revisions"}],"predecessor-version":[{"id":14150,"href":"https:\/\/agora.xtec.cat\/ins-esport\/wp-json\/wp\/v2\/pages\/9782\/revisions\/14150"}],"up":[{"embeddable":true,"href":"https:\/\/agora.xtec.cat\/ins-esport\/wp-json\/wp\/v2\/pages\/8556"}],"wp:attachment":[{"href":"https:\/\/agora.xtec.cat\/ins-esport\/wp-json\/wp\/v2\/media?parent=9782"}],"curies":[{"name":"wp","href":"https:\/\/api.w.org\/{rel}","templated":true}]}}