{"id":9564,"date":"2021-04-21T14:21:10","date_gmt":"2021-04-21T12:21:10","guid":{"rendered":"https:\/\/agora.xtec.cat\/ins-esport\/?page_id=9564"},"modified":"2022-12-19T10:47:58","modified_gmt":"2022-12-19T09:47:58","slug":"natura","status":"publish","type":"page","link":"https:\/\/agora.xtec.cat\/ins-esport\/projectes\/natura\/","title":{"rendered":"CFGM Guia Medi Natural i Lleure"},"content":{"rendered":"<p><img loading=\"lazy\" decoding=\"async\" class=\"alignnone size-full wp-image-8581\" src=\"https:\/\/agora.xtec.cat\/ins-esport\/wp-content\/uploads\/usu2109\/2020\/05\/ProjectesEng.png\" alt=\"\" width=\"987\" height=\"60\" srcset=\"https:\/\/agora.xtec.cat\/ins-esport\/wp-content\/uploads\/usu2109\/2020\/05\/ProjectesEng.png 987w, https:\/\/agora.xtec.cat\/ins-esport\/wp-content\/uploads\/usu2109\/2020\/05\/ProjectesEng-300x18.png 300w, https:\/\/agora.xtec.cat\/ins-esport\/wp-content\/uploads\/usu2109\/2020\/05\/ProjectesEng-768x47.png 768w\" sizes=\"auto, (max-width: 987px) 100vw, 987px\" \/><\/p>\n<p><span style=\"font-weight: 400;\">En el marc del M\u00f2dul Professional 15 &#8211; S\u00edntesi, els alumnes de segon curs del CFGM de GMNiTLL planificaran i duran a terme una s\u00e8rie de projectes al llarg del curs. L\u2019objectiu d\u2019aquests \u00e9s utilitzar tots els coneixements apresos durant el cicle i aplicar-los en la preparaci\u00f3 i realitzaci\u00f3 d\u2019activitats al Medi Natural.\u00a0<\/span><\/p>\n<p><span style=\"font-weight: 400;\">Cada un d\u2019aquests projectes es relaciona estretament amb algun dels m\u00f2duls professionals treballats durant el cicle, i tots tenen en com\u00fa la planificaci\u00f3 i realitzaci\u00f3 d\u2019activitats al medi natural.\u00a0<\/span><\/p>\n<p><span style=\"font-weight: 400;\">En aquest apartat anirem penjant petits resums de cadascuna de les sortides a mesura que les anem fent. No us ho perdeu!<\/span><\/p>\n<p><span style=\"font-weight: 400;\"><b><strong><span style=\"color: #3366ff;\"><span style=\"caret-color: #3366ff;\">Primer projecte &#8211; RUTA CIRCULAR AL PEDRAFORCA<a href=\"https:\/\/agora.xtec.cat\/ins-esport\/wp-content\/uploads\/usu2109\/2022\/12\/IMG_4550-scaled.jpg\"><img loading=\"lazy\" decoding=\"async\" class=\"wp-image-11510 alignright\" src=\"https:\/\/agora.xtec.cat\/ins-esport\/wp-content\/uploads\/usu2109\/2022\/12\/IMG_4550-1024x768.jpg\" alt=\"\" width=\"319\" height=\"239\" srcset=\"https:\/\/agora.xtec.cat\/ins-esport\/wp-content\/uploads\/usu2109\/2022\/12\/IMG_4550-1024x768.jpg 1024w, https:\/\/agora.xtec.cat\/ins-esport\/wp-content\/uploads\/usu2109\/2022\/12\/IMG_4550-300x225.jpg 300w, https:\/\/agora.xtec.cat\/ins-esport\/wp-content\/uploads\/usu2109\/2022\/12\/IMG_4550-768x576.jpg 768w, https:\/\/agora.xtec.cat\/ins-esport\/wp-content\/uploads\/usu2109\/2022\/12\/IMG_4550-1536x1152.jpg 1536w, https:\/\/agora.xtec.cat\/ins-esport\/wp-content\/uploads\/usu2109\/2022\/12\/IMG_4550-2048x1536.jpg 2048w, https:\/\/agora.xtec.cat\/ins-esport\/wp-content\/uploads\/usu2109\/2022\/12\/IMG_4550-200x150.jpg 200w\" sizes=\"auto, (max-width: 319px) 100vw, 319px\" \/><\/a> <\/span><\/span><\/strong><\/b><\/span><\/p>\n<p><span style=\"font-weight: 400;\">Com a primer projecte del curs i lligat amb el MP05 Guia de muntanya baixa i mitjana, i per crear lligams entre l\u2019alumnat de 1r i 2n del GMNiTLL a principi de curs, el 29 i 30 de Setembre es va fer una ruta circular de dos dies pels voltants del mass\u00eds del Pedraforca. Aquesta va comen\u00e7ar a G\u00f2sol, vam fer nit en una zona d\u2019acampada propera a Saldes, i va acabar altra vegada a G\u00f2sol, amb un recorregut total d\u2019uns 25km i 1200m de desnivell positiu.\u00a0<\/span><\/p>\n<p><span style=\"font-weight: 400;\">Els alumnes de 2n es van encarregar de preparar el track de la ruta i de guiar-la, donant exemple als de 1r i posant en pr\u00e0ctica all\u00f2 apr\u00e8s al m\u00f2dul de senderisme. Tamb\u00e9 van dinamitzar les estones mortes, aprofitant tots els coneixements adquirits en els m\u00f2duls encarats al lleure, i van ajudar a preparar els vivacs per a que tothom dorm\u00eds de la millor manera possible.<\/span><\/p>\n<p><span style=\"font-weight: 400;\">Tot i que la meteorologia no va acompanyar massa (va ploure durant bona part del primer dia), va ser una molt bona maner<a href=\"https:\/\/agora.xtec.cat\/ins-esport\/wp-content\/uploads\/usu2109\/2022\/12\/PXL_20220929_114556353-scaled.jpg\"><img loading=\"lazy\" decoding=\"async\" class=\"wp-image-11511 alignleft\" src=\"https:\/\/agora.xtec.cat\/ins-esport\/wp-content\/uploads\/usu2109\/2022\/12\/PXL_20220929_114556353-1024x768.jpg\" alt=\"\" width=\"322\" height=\"242\" srcset=\"https:\/\/agora.xtec.cat\/ins-esport\/wp-content\/uploads\/usu2109\/2022\/12\/PXL_20220929_114556353-1024x768.jpg 1024w, https:\/\/agora.xtec.cat\/ins-esport\/wp-content\/uploads\/usu2109\/2022\/12\/PXL_20220929_114556353-300x225.jpg 300w, https:\/\/agora.xtec.cat\/ins-esport\/wp-content\/uploads\/usu2109\/2022\/12\/PXL_20220929_114556353-768x576.jpg 768w, https:\/\/agora.xtec.cat\/ins-esport\/wp-content\/uploads\/usu2109\/2022\/12\/PXL_20220929_114556353-1536x1152.jpg 1536w, https:\/\/agora.xtec.cat\/ins-esport\/wp-content\/uploads\/usu2109\/2022\/12\/PXL_20220929_114556353-2048x1536.jpg 2048w, https:\/\/agora.xtec.cat\/ins-esport\/wp-content\/uploads\/usu2109\/2022\/12\/PXL_20220929_114556353-200x150.jpg 200w\" sizes=\"auto, (max-width: 322px) 100vw, 322px\" \/><\/a>a de mostrar a l\u2019alumnat de primer quin tipus d\u2019experi\u00e8ncies es viuen durant el cicle, i de veure que la pluja no ens atura!<\/span><\/p>\n<p><span style=\"font-weight: 400;\">En resum, va ser una molt bona primera sortida. Les vistes constants del Pedraforca des de 360\u00ba, i el recorregut de dificultat baixa &#8211; mitja van servir per motivar als de primer. I pels de segon va servir com a tast del repte que suposa preparar activitats per grups en la incertesa inherent al medi natural, que \u00e9s l\u2019objectiu del MP15 S\u00edntesi.\u00a0<\/span><\/p>\n<p>&nbsp;<\/p>\n<p><b><strong><span style=\"color: #3366ff;\">Segon projecte &#8211; Simulacre de <span style=\"caret-color: #3366ff;\">Proves<\/span> d&#8217;acc\u00e9s del T\u00e8cnic Esportiu de nivell 1 d&#8217;Excursionisme<\/span><\/strong><\/b><\/p>\n<p><a href=\"https:\/\/agora.xtec.cat\/ins-esport\/wp-content\/uploads\/usu2109\/2022\/12\/Simulacre-TE1-Excursionisme.jpg\"><img loading=\"lazy\" decoding=\"async\" class=\"alignright size-medium wp-image-11454\" src=\"https:\/\/agora.xtec.cat\/ins-esport\/wp-content\/uploads\/usu2109\/2022\/12\/Simulacre-TE1-Excursionisme-300x300.jpg\" alt=\"\" width=\"300\" height=\"300\" srcset=\"https:\/\/agora.xtec.cat\/ins-esport\/wp-content\/uploads\/usu2109\/2022\/12\/Simulacre-TE1-Excursionisme-300x300.jpg 300w, https:\/\/agora.xtec.cat\/ins-esport\/wp-content\/uploads\/usu2109\/2022\/12\/Simulacre-TE1-Excursionisme-1024x1024.jpg 1024w, https:\/\/agora.xtec.cat\/ins-esport\/wp-content\/uploads\/usu2109\/2022\/12\/Simulacre-TE1-Excursionisme-150x150.jpg 150w, https:\/\/agora.xtec.cat\/ins-esport\/wp-content\/uploads\/usu2109\/2022\/12\/Simulacre-TE1-Excursionisme-768x767.jpg 768w, https:\/\/agora.xtec.cat\/ins-esport\/wp-content\/uploads\/usu2109\/2022\/12\/Simulacre-TE1-Excursionisme.jpg 1370w\" sizes=\"auto, (max-width: 300px) 100vw, 300px\" \/><\/a><\/p>\n<p style=\"font-weight: 400; text-align: justify;\">El 8 de novembre d&#8217;enguany, l&#8217;alumnat de segon del\u00a0GUIAMNLL\u00a0va organitzar un simulacre de les proves d&#8217;acc\u00e9s al t\u00e8cnic d&#8217;excursionisme de nivell 1 a l&#8217;alumnat de primer curs. Aquestes proves consistien\u00a0a\u00a0realitzar un recorregut\u00a0d&#8217;uns\u00a010 kil\u00f2metres aproximadament amb 1000 metres de desnivell positiu des de la poblaci\u00f3 de Ribes de Freser fins al cim del Taga i tornar al punt d&#8217;origen.<\/p>\n<p style=\"font-weight: 400; text-align: justify;\">Durant el recorregut a fer, en diferents punts de la ruta, l&#8217;alumnat s&#8217;anava trobant proves de destresa i habilitat t\u00e8cnica com la grimpada, el descens t\u00e8cnic sense caure per terreny de pedra, terra i herba. El simulacre tenia un temps l\u00edmit establert per a la seva realitzaci\u00f3 per aix\u00ed poder considerar el o la participant apte o no apte. D&#8217;aquesta manera el mateix alumnat pot saber si es pot presentar amb certes garanties d&#8217;\u00e8xit a les proves d&#8217;acc\u00e9s oficials que organitza la generalitat.<\/p>\n<p><b><strong><span style=\"color: #3366ff;\">Projecte \u00abEns orientem a Montju\u00efc\u00bb<\/span><\/strong><\/b><\/p>\n<div style=\"text-align: justify; float: left; width: 45%;\">\n<p style=\"text-align: justify;\"><span style=\"font-weight: 400;\">Durant tot el curs, l&#8217;alumnat de CAFMN organitza curses d\u2019orientaci\u00f3 a diferents grups educatius.\u00a0<\/span><\/p>\n<p><span style=\"font-weight: 400;\">La idea \u00e9s presentar l\u2019entorn de Montju\u00efc d\u2019una manera diferent a tots els grups que estiguin interessats a participar en aquesta activitat. De moment s\u2019ha realitzat amb l&#8217;alumnat dels Cicles de Grau superior i de l&#8217;IFE de l\u2019Institut de l\u2019esport de Barcelona.<\/span><\/p>\n<p><span style=\"font-weight: 400;\">El curs 2021\/22, aquest projecte s\u2019ampliar\u00e0, per fer-ho tamb\u00e9 a les escoles de prim\u00e0ria i secund\u00e0ria dels voltants de Montju\u00efc.<\/span><\/p>\n<\/div>\n<div style=\"float: right; width: 45%;\"><img loading=\"lazy\" decoding=\"async\" class=\"alignnone size-full wp-image-9715\" src=\"https:\/\/agora.xtec.cat\/ins-esport\/wp-content\/uploads\/usu2109\/2021\/04\/OrientacioGM.jpg\" alt=\"\" width=\"595\" height=\"444\" srcset=\"https:\/\/agora.xtec.cat\/ins-esport\/wp-content\/uploads\/usu2109\/2021\/04\/OrientacioGM.jpg 595w, https:\/\/agora.xtec.cat\/ins-esport\/wp-content\/uploads\/usu2109\/2021\/04\/OrientacioGM-300x224.jpg 300w, https:\/\/agora.xtec.cat\/ins-esport\/wp-content\/uploads\/usu2109\/2021\/04\/OrientacioGM-200x150.jpg 200w\" sizes=\"auto, (max-width: 595px) 100vw, 595px\" \/><\/div>\n<div style=\"clear: both;\"><\/div>\n<p><b><strong><span style=\"color: #3366ff;\">Projecte <\/span><\/strong><strong><span style=\"color: #3366ff;\">\u00abJornada inclusiva a l&#8217;escola\u00bb<\/span><\/strong><\/b><\/p>\n<p><span style=\"font-weight: 400;\">Com a part del contingut del cr\u00e8dit 10 de Din\u00e0miques de grup, l\u2019alumnat de 1r curs de conducci\u00f3 d\u2019activitats esportives al medi natural (CAFEMN) dur\u00e0 a terme una jornada inclusiva per alumnat amb risc d\u2019exclusi\u00f3 social mitjan\u00e7ant din\u00e0miques de grup relacionades amb la comunicaci\u00f3.\u00a0<\/span><\/p>\n<p><span style=\"font-weight: 400;\">L\u2019alumnat s\u2019encarregar\u00e0 d\u2019organitzar, planificar i portar a terme aquesta jornada en un centre p\u00fablic de la mateixa zona que l\u2019Institut de l\u2019Esport de Barcelona (IEB) amb l\u2019objectiu de fusionar l\u2019activitat f\u00edsica i l\u2019esport de forma inclusiva amb nenes i nens de prim\u00e0ria.\u00a0<\/span><\/p>\n","protected":false},"excerpt":{"rendered":"<p>En el marc del M\u00f2dul Professional 15 &#8211; S\u00edntesi, els alumnes de segon curs del CFGM de GMNiTLL planificaran i duran a terme una s\u00e8rie de projectes al llarg del curs. L\u2019objectiu d\u2019aquests \u00e9s utilitzar tots els coneixements apresos durant el cicle i aplicar-los en&hellip;  <a href=\"https:\/\/agora.xtec.cat\/ins-esport\/projectes\/natura\/\" title=\"Read CFGM Guia Medi Natural i Lleure\">Llegeix m\u00e9s\u00bb<\/a><\/p>\n","protected":false},"author":1,"featured_media":0,"parent":8388,"menu_order":1,"comment_status":"closed","ping_status":"closed","template":"page-templates\/side-menu.php","meta":{"_bbp_topic_count":0,"_bbp_reply_count":0,"_bbp_total_topic_count":0,"_bbp_total_reply_count":0,"_bbp_voice_count":0,"_bbp_anonymous_reply_count":0,"_bbp_topic_count_hidden":0,"_bbp_reply_count_hidden":0,"_bbp_forum_subforum_count":0,"footnotes":""},"class_list":["post-9564","page","type-page","status-publish","hentry"],"post_mailing_queue_ids":[],"_links":{"self":[{"href":"https:\/\/agora.xtec.cat\/ins-esport\/wp-json\/wp\/v2\/pages\/9564","targetHints":{"allow":["GET"]}}],"collection":[{"href":"https:\/\/agora.xtec.cat\/ins-esport\/wp-json\/wp\/v2\/pages"}],"about":[{"href":"https:\/\/agora.xtec.cat\/ins-esport\/wp-json\/wp\/v2\/types\/page"}],"author":[{"embeddable":true,"href":"https:\/\/agora.xtec.cat\/ins-esport\/wp-json\/wp\/v2\/users\/1"}],"replies":[{"embeddable":true,"href":"https:\/\/agora.xtec.cat\/ins-esport\/wp-json\/wp\/v2\/comments?post=9564"}],"version-history":[{"count":5,"href":"https:\/\/agora.xtec.cat\/ins-esport\/wp-json\/wp\/v2\/pages\/9564\/revisions"}],"predecessor-version":[{"id":11512,"href":"https:\/\/agora.xtec.cat\/ins-esport\/wp-json\/wp\/v2\/pages\/9564\/revisions\/11512"}],"up":[{"embeddable":true,"href":"https:\/\/agora.xtec.cat\/ins-esport\/wp-json\/wp\/v2\/pages\/8388"}],"wp:attachment":[{"href":"https:\/\/agora.xtec.cat\/ins-esport\/wp-json\/wp\/v2\/media?parent=9564"}],"curies":[{"name":"wp","href":"https:\/\/api.w.org\/{rel}","templated":true}]}}