{"id":8913,"date":"2020-10-05T14:17:47","date_gmt":"2020-10-05T12:17:47","guid":{"rendered":"https:\/\/agora.xtec.cat\/ins-esport\/?page_id=8913"},"modified":"2025-06-22T23:14:38","modified_gmt":"2025-06-22T21:14:38","slug":"complecio","status":"publish","type":"page","link":"https:\/\/agora.xtec.cat\/ins-esport\/secretaria\/complecio\/","title":{"rendered":"Compleci\u00f3 GUIAMNLL-EAS-CF"},"content":{"rendered":"<p><strong>Procediment per completar els ensenyaments de formaci\u00f3 professional que s\u2019extingeixen.<\/strong><\/p>\n<p>Seguint la normativa, a partir del curs 2025-26, cal fer la Compleci\u00f3 per tal de finalitzar els estudis LOE extingits. Normativa<a href=\"https:\/\/agora.xtec.cat\/ins-esport\/wp-content\/uploads\/usu2109\/2025\/06\/COMPLECIO-Ordre-EDF-74-2025-de-15-de-maig-del-procediment-per-completar-els-ensenyaments-professionalitzadors.pdf\" target=\"_blank\" rel=\"noopener\"><strong><span style=\"color: #0000ff;\"> AQU\u00cd<\/span><\/strong><\/a><\/p>\n<p>Durant els dos cursos acad\u00e8mics seg\u00fcents a la data de supressi\u00f3 legal del t\u00edtol o del pla d&#8217;estudis, per als ensenyaments en la modalitat presencial.<\/p>\n<p>Les proves d&#8217;avaluaci\u00f3 s&#8217;han de dur a terme:<\/p>\n<p>a) Per a la convocat\u00f2ria de novembre, entre l&#8217;1 i el 30 de novembre.<\/p>\n<p>b) Per a la convocat\u00f2ria d&#8217;abril, entre l&#8217;1 i el 30 d&#8217;abril.<\/p>\n<p>La recomanci\u00f3 des del centre \u00e9s que l<strong>&#8216;alumnat que \u00fanicament t\u00e9 pendent FCT del pla d&#8217;estudis antic (LOE)\u00a0 s&#8217;aculli a la Compleci\u00f3,<\/strong> ja que la compleci\u00f3 NO dona dret a assistir a classes ni a l&#8217;avaluaci\u00f3 cont\u00ednua.<\/p>\n<p>Tot l&#8217;alumnat amb PENDENT, ha de formalitzar la matr\u00edcula al formulari web, tot marcant si faran:<\/p>\n<ul style=\"list-style-type: square;\">\n<li>SOLTES\u00a0<strong>del pla d&#8217;estudis nou<\/strong>,<\/li>\n<li>SOLTES <strong>del pla d&#8217;estudis antic (LOE-compleci\u00f3)<\/strong> o<\/li>\n<li>\u00fanicament FCT <strong>del pla d&#8217;estudis antic (LOE-compleci\u00f3)<\/strong><\/li>\n<\/ul>\n<p><strong><span style=\"color: #ff0000;\">Properament actualitzarem les dates exactes, continguts i tutors de grups de Compleci\u00f3 dels diferents cicles.<\/span><\/strong><\/p>\n<p>&nbsp;<\/p>\n<p>&nbsp;<\/p>\n<p>.<\/p>\n","protected":false},"excerpt":{"rendered":"<p>Procediment per completar els ensenyaments de formaci\u00f3 professional que s\u2019extingeixen.<br \/>\nSeguint la normativa, a partir del curs 2025-26, cal fer la Compleci\u00f3 per tal de finalitzar els estudis LOE extingits. Normativa<a href=\"https:\/\/agora.xtec.cat\/ins-esport\/wp-content\/uploads\/usu2109\/2025\/06\/COMPLECIO-Ordre-EDF-74-2025-de-15-de-maig-del-procediment-per-completar-els-ensenyaments-professionalitzadors.pdf\" target=\"_blank\" rel=\"noopener\"> AQU\u00cd<\/a><br \/>\nDurant els dos cursos acad\u00e8mics seg\u00fcents a la data de supressi\u00f3 legal&hellip;  <a href=\"https:\/\/agora.xtec.cat\/ins-esport\/secretaria\/complecio\/\" title=\"Read Compleci\u00f3 GUIAMNLL-EAS-CF\">Llegeix m\u00e9s\u00bb<\/a><\/p>\n","protected":false},"author":1,"featured_media":0,"parent":8556,"menu_order":5,"comment_status":"closed","ping_status":"closed","template":"page-templates\/side-menu.php","meta":{"_bbp_topic_count":0,"_bbp_reply_count":0,"_bbp_total_topic_count":0,"_bbp_total_reply_count":0,"_bbp_voice_count":0,"_bbp_anonymous_reply_count":0,"_bbp_topic_count_hidden":0,"_bbp_reply_count_hidden":0,"_bbp_forum_subforum_count":0,"footnotes":""},"class_list":["post-8913","page","type-page","status-publish","hentry"],"post_mailing_queue_ids":[],"_links":{"self":[{"href":"https:\/\/agora.xtec.cat\/ins-esport\/wp-json\/wp\/v2\/pages\/8913","targetHints":{"allow":["GET"]}}],"collection":[{"href":"https:\/\/agora.xtec.cat\/ins-esport\/wp-json\/wp\/v2\/pages"}],"about":[{"href":"https:\/\/agora.xtec.cat\/ins-esport\/wp-json\/wp\/v2\/types\/page"}],"author":[{"embeddable":true,"href":"https:\/\/agora.xtec.cat\/ins-esport\/wp-json\/wp\/v2\/users\/1"}],"replies":[{"embeddable":true,"href":"https:\/\/agora.xtec.cat\/ins-esport\/wp-json\/wp\/v2\/comments?post=8913"}],"version-history":[{"count":6,"href":"https:\/\/agora.xtec.cat\/ins-esport\/wp-json\/wp\/v2\/pages\/8913\/revisions"}],"predecessor-version":[{"id":14670,"href":"https:\/\/agora.xtec.cat\/ins-esport\/wp-json\/wp\/v2\/pages\/8913\/revisions\/14670"}],"up":[{"embeddable":true,"href":"https:\/\/agora.xtec.cat\/ins-esport\/wp-json\/wp\/v2\/pages\/8556"}],"wp:attachment":[{"href":"https:\/\/agora.xtec.cat\/ins-esport\/wp-json\/wp\/v2\/media?parent=8913"}],"curies":[{"name":"wp","href":"https:\/\/api.w.org\/{rel}","templated":true}]}}