{"id":8889,"date":"2020-09-28T16:58:27","date_gmt":"2020-09-28T14:58:27","guid":{"rendered":"https:\/\/agora.xtec.cat\/ins-esport\/?page_id=8889"},"modified":"2024-10-14T08:06:05","modified_gmt":"2024-10-14T06:06:05","slug":"convalidacions-entre-cicles","status":"publish","type":"page","link":"https:\/\/agora.xtec.cat\/ins-esport\/secretaria\/convalidacions-2\/convalidacions-entre-cicles\/","title":{"rendered":"Convalidacions T\u00e8cnics d&#8217;esport"},"content":{"rendered":"<p><span style=\"text-decoration: underline; color: #0000ff;\"><strong>CONVALIDACI\u00d3 DIRECTA DE CENTRE<\/strong><\/span><\/p>\n<p>Convalidacions directes acreditant diferents ensenyaments LOGSE. <span style=\"color: #0000ff;\"><a style=\"color: #0000ff;\" href=\"https:\/\/agora.xtec.cat\/ins-esport\/wp-content\/uploads\/usu2109\/2023\/10\/BOE-A-2023-17498-Ordre.pdf\" target=\"_blank\" rel=\"noopener\">Ordre EFP\/892\/2023 de 26 de juliol<\/a><\/span>.\u00a0 \u00a0 <a href=\"https:\/\/agora.xtec.cat\/ins-esport\/wp-content\/uploads\/usu2109\/2023\/10\/BOE-A-2023-17924-Correccio-derrades.pdf\" target=\"_blank\" rel=\"noopener\">Correcci\u00f3 d&#8217;errades de 4 d&#8217;agost de 2023 de la Ordre EFP\/892\/2023<\/a>.<\/p>\n<p>Per tal de sol\u00b7licitar la convalidaci\u00f3 directa cal que envieu la <span style=\"color: #0000ff;\"><a style=\"color: #0000ff;\" href=\"https:\/\/agora.xtec.cat\/ins-esport\/wp-content\/uploads\/usu2109\/2023\/10\/Sollicitud-de-convalidacio-del-centre-TECNICS-ESPORTIUS.pdf\" target=\"_blank\" rel=\"noopener\"><strong>Sol\u00b7licitud de convalidaci\u00f3 AQU\u00cd\u00a0<\/strong><\/a><\/span> junt amb el certificat de notes al mail administraci\u00f3@ieb.cat, en aquest cas NO s&#8217;han de pagar els cr\u00e8dits de convalidaci\u00f3 directa.<\/p>\n<p>En cas d&#8217;haver pagat el cr\u00e8dits de convalidaci\u00f3 directa, quan tingueu la resoluci\u00f3 de la convalidaci\u00f3 podeu sol\u00b7licitar la devoluci\u00f3 enviant la <a href=\"https:\/\/agora.xtec.cat\/ins-esport\/wp-content\/uploads\/usu2109\/2023\/10\/Sollicitud-de-devolucio-de-pagaments-IEB.pdf\" target=\"_blank\" rel=\"noopener\"><span style=\"color: #0000ff;\"><strong>Sol\u00b7licitud de devoluci\u00f3 AQU\u00cd\u00a0<\/strong><\/span><\/a> al mateixos correus electr\u00f2nics.<\/p>\n<p>&nbsp;<\/p>\n<p><span style=\"text-decoration: underline; color: #0000ff;\"><strong>CONVALIDACI\u00d3 DEL CONSEJO SUPERIOR DE DEPORTES (CSD)<\/strong><\/span><\/p>\n<p>Les convalidacions directes, s\u00f3n les contemplades en els quadres publicats al BOE i es sol\u00b7liciten i concedeixen en els centre matriculat.<\/p>\n<p>En cas d&#8217;acreditar uns estudis NO contemplats a la normativa per la convalidaci\u00f3 directa, caldr\u00e0 que l&#8217;alumnat sol\u00b7liciti la convalidaci\u00f3 directament al Consejo Superior de Deportes.<\/p>\n<p>En el moment de la matr\u00edcula, caldr\u00e0 comunicar a l&#8217;institut que es vol demanar la convalidaci\u00f3 al Consejo, us prepararem un certificat de matr\u00edcula amb els cr\u00e8dits i la c\u00e0rrega lectiva que us demanaran que adjunteu a la sol\u00b7licitud de convalidaci\u00f3.<\/p>\n<p class=\"font_8\">Aqu\u00ed teniu al link per fer la gesti\u00f3:<a href=\"https:\/\/sede.csd.gob.es\/oficinavirtual\/FichaTramite.aspx?idProcedimiento=104&amp;botonSeleccionado=0\" target=\"_blank\" rel=\"noopener\">https:\/\/sede.csd.gob.es\/oficinavirtual\/FichaTramite.aspx?idProcedimiento=104&amp;botonSeleccionado=0<\/a><\/p>\n<p>&nbsp;<\/p>\n<p>&nbsp;<\/p>\n<p>&nbsp;<\/p>\n","protected":false},"excerpt":{"rendered":"<p>CONVALIDACI\u00d3 DIRECTA DE CENTRE<br \/>\nConvalidacions directes acreditant diferents ensenyaments LOGSE. <a style=\"color: #0000ff;\" href=\"https:\/\/agora.xtec.cat\/ins-esport\/wp-content\/uploads\/usu2109\/2023\/10\/BOE-A-2023-17498-Ordre.pdf\" target=\"_blank\" rel=\"noopener\">Ordre EFP\/892\/2023 de 26 de juliol<\/a>.\u00a0 \u00a0 <a href=\"https:\/\/agora.xtec.cat\/ins-esport\/wp-content\/uploads\/usu2109\/2023\/10\/BOE-A-2023-17924-Correccio-derrades.pdf\" target=\"_blank\" rel=\"noopener\">Correcci\u00f3 d&#8217;errades de 4 d&#8217;agost de 2023 de la Ordre EFP\/892\/2023<\/a>.<br \/>\nPer tal de sol\u00b7licitar la convalidaci\u00f3 directa cal que envieu la&hellip;  <a href=\"https:\/\/agora.xtec.cat\/ins-esport\/secretaria\/convalidacions-2\/convalidacions-entre-cicles\/\" title=\"Read Convalidacions T\u00e8cnics d&#8217;esport\">Llegeix m\u00e9s\u00bb<\/a><\/p>\n","protected":false},"author":1,"featured_media":0,"parent":8894,"menu_order":2,"comment_status":"closed","ping_status":"closed","template":"page-templates\/side-menu.php","meta":{"_bbp_topic_count":0,"_bbp_reply_count":0,"_bbp_total_topic_count":0,"_bbp_total_reply_count":0,"_bbp_voice_count":0,"_bbp_anonymous_reply_count":0,"_bbp_topic_count_hidden":0,"_bbp_reply_count_hidden":0,"_bbp_forum_subforum_count":0,"footnotes":""},"class_list":["post-8889","page","type-page","status-publish","hentry"],"post_mailing_queue_ids":[],"_links":{"self":[{"href":"https:\/\/agora.xtec.cat\/ins-esport\/wp-json\/wp\/v2\/pages\/8889","targetHints":{"allow":["GET"]}}],"collection":[{"href":"https:\/\/agora.xtec.cat\/ins-esport\/wp-json\/wp\/v2\/pages"}],"about":[{"href":"https:\/\/agora.xtec.cat\/ins-esport\/wp-json\/wp\/v2\/types\/page"}],"author":[{"embeddable":true,"href":"https:\/\/agora.xtec.cat\/ins-esport\/wp-json\/wp\/v2\/users\/1"}],"replies":[{"embeddable":true,"href":"https:\/\/agora.xtec.cat\/ins-esport\/wp-json\/wp\/v2\/comments?post=8889"}],"version-history":[{"count":7,"href":"https:\/\/agora.xtec.cat\/ins-esport\/wp-json\/wp\/v2\/pages\/8889\/revisions"}],"predecessor-version":[{"id":13870,"href":"https:\/\/agora.xtec.cat\/ins-esport\/wp-json\/wp\/v2\/pages\/8889\/revisions\/13870"}],"up":[{"embeddable":true,"href":"https:\/\/agora.xtec.cat\/ins-esport\/wp-json\/wp\/v2\/pages\/8894"}],"wp:attachment":[{"href":"https:\/\/agora.xtec.cat\/ins-esport\/wp-json\/wp\/v2\/media?parent=8889"}],"curies":[{"name":"wp","href":"https:\/\/api.w.org\/{rel}","templated":true}]}}