{"id":8885,"date":"2020-09-28T16:45:02","date_gmt":"2020-09-28T14:45:02","guid":{"rendered":"https:\/\/agora.xtec.cat\/ins-esport\/?page_id=8885"},"modified":"2025-10-03T11:33:47","modified_gmt":"2025-10-03T09:33:47","slug":"convalidacions","status":"publish","type":"page","link":"https:\/\/agora.xtec.cat\/ins-esport\/secretaria\/convalidacions-2\/convalidacions\/","title":{"rendered":"Convalidacions entre cicles"},"content":{"rendered":"<p><span style=\"color: #0000ff;\"><strong>\u27a1 CONVALIDACI\u00d3 ENTRE CICLES<\/strong><\/span><\/p>\n<p><span style=\"color: #000000;\"><strong>Termini de presentaci\u00f3 de sol\u00b7licituds al formulari:\u00a0<\/strong><\/span><\/p>\n<p>L\u2019alumnat ha d\u2019assistir a classe i cursar les mat\u00e8ries fins que li sigui lliurada la resoluci\u00f3 positiva o negativa de la convalidaci\u00f3.<\/p>\n<p><span style=\"text-decoration: underline;\"><b>\u27a1 PLA NOU <\/b><\/span>S\u2019aplica el que estableix al: BOE-A-2020-17274. Real Decreto 1085\/2020, de 9 de diciembre, por el que se establecen convalidaciones de m\u00f3dulos profesionales de los t\u00edtulos de Formaci\u00f3n Profesional del sistema educativo espa\u00f1ol y las medidas para su aplicaci\u00f3n, y se modifica el Real Decreto 1147\/2011, de 29 de julio, por el que se establece la ordenaci\u00f3n general de la formaci\u00f3n profesional del sistema educativo.<\/p>\n<p><strong>Sol\u00b7licitud de convalidaci\u00f3 del centre (convalidaci\u00f3 directa)<\/strong><\/p>\n<div><span style=\"color: #000000;\">INSTRUCCIONS: Empleneu aquest<\/span> <a href=\"https:\/\/forms.gle\/hJ4xb3BFtYs42CU39\" target=\"_blank\" rel=\"noopener\"><strong><span style=\"color: #0000ff;\">FORMULARI web<\/span><\/strong><\/a> \u00a0<span style=\"color: #000000;\">i pengeu la<\/span> <a href=\"https:\/\/agora.xtec.cat\/ins-esport\/wp-content\/uploads\/usu2109\/2025\/10\/SOL\u00b7LICITUD-DE-CONVALIDACIO-DE-CENTRE-25-26.pdf\" target=\"_blank\" rel=\"noopener\"><strong><span style=\"color: #0000ff;\">sol\u00b7licitud de convalidaci\u00f3 de centre<\/span><\/strong><\/a><span style=\"color: #000000;\"><em> junt amb el certificat de notes on consti la nota i el m\u00f2dul que voleu convalidar, en format PDF<\/em><\/span><\/div>\n<div><\/div>\n<p>&nbsp;<\/p>\n<p><span style=\"color: #000000;\"><strong style=\"font-family: inherit; font-size: 1em;\"><b>IPO1- IPO2 &#8211; Digitalitzaci\u00f3 &#8211; Sostenibilitat (actualitzat octubre 2025<span style=\"color: #0000ff;\">) <\/span><\/b><\/strong><span style=\"color: #0000ff;\"><a style=\"color: #0000ff;\" href=\"https:\/\/agora.xtec.cat\/ins-esport\/wp-content\/uploads\/usu2109\/2025\/10\/FOL_EIE_IPO_DIGIT_SOST-25_26.pdf\" target=\"_blank\" rel=\"noopener\"><span style=\"font-family: inherit; font-size: 1em;\">Vegeu taula orientativa<\/span><\/a><\/span><\/span><\/p>\n<p><span style=\"color: #000000;\"><strong>ANGL\u00c8S (actualitzat octubre 2025)<span style=\"color: #0000ff;\">: <\/span><\/strong><a href=\"https:\/\/agora.xtec.cat\/ins-esport\/wp-content\/uploads\/usu2109\/2025\/10\/Llengua-estrangera-25_26.pdf\" target=\"_blank\" rel=\"noopener\"><span style=\"color: #0000ff;\">Vegeu taula orientativa\u00a0<\/span><\/a><\/span><\/p>\n<p><span style=\"color: #000000;\"><strong>GUIAMNLL-Guia en el medi natural i en el lleure (actualitzat octubre 2025): <\/strong><a href=\"https:\/\/agora.xtec.cat\/ins-esport\/wp-content\/uploads\/usu2109\/2025\/10\/Convalidacions-AE10-CFGM-Guia-en-el-medi-natural-i-de-temps-de-lleure-25_26.pdf\" target=\"_blank\" rel=\"noopener\"><span style=\"color: #0000ff;\">Vegeu taula orientativa<\/span><\/a><\/span><\/p>\n<p><span style=\"color: #000000;\"><strong>EAS- Ensenyament i animaci\u00f3 socioesportiva (actualitzat octubre 2025): <\/strong><a href=\"https:\/\/agora.xtec.cat\/ins-esport\/wp-content\/uploads\/usu2109\/2025\/10\/AEA0-CFGS-Ensenyament-i-animacio-socioesportiva-25_26_v2.pdf\" target=\"_blank\" rel=\"noopener\">Vegeu taula orientativa<\/a><\/span><\/p>\n<p><span style=\"color: #000000;\"><strong>CFGS Condicionament f\u00edsic (actualitzat octubre 2025):\u00a0 <\/strong><span style=\"color: #0000ff;\"><a style=\"color: #0000ff;\" href=\"https:\/\/agora.xtec.cat\/ins-esport\/wp-content\/uploads\/usu2109\/2025\/10\/AEB0-CFGS-Condicionament-fisic-25_26_v2.pdf\" target=\"_blank\" rel=\"noopener\">Vegeu taula orientativa<\/a><\/span><\/span><\/p>\n<p>&nbsp;<\/p>\n<p><b>\u00a0\u27a1 CONVALIDACIONS SINGULARS A LA DIRECCI\u00d3 GENERAL DE FORMACI\u00d3 PROFESSIONAL<\/b><\/p>\n<p><a href=\"https:\/\/agora.xtec.cat\/ins-esport\/wp-content\/uploads\/usu2109\/2022\/10\/Convalidacio-Singular.pdf\" target=\"_blank\" rel=\"noopener\"><span style=\"color: #3366ff;\"><strong>Sol\u00b7licitud de convalidaci\u00f3 singular<\/strong><\/span><\/a><\/p>\n<p><span style=\"color: #000000;\">INSTRUCCIONS: Empleneu aquest<\/span> <a href=\"https:\/\/docs.google.com\/forms\/d\/e\/1FAIpQLSfTc0MnEJ-maPS3eLvMid4Nq88nn0V47-pw6Zjqq_IIejiJLg\/viewform\" target=\"_blank\" rel=\"noopener\"><strong><span style=\"color: #0000ff;\">FORMULARI web<\/span><\/strong><\/a> <span style=\"color: #000000;\">i pengeu la<\/span> <a href=\"https:\/\/agora.xtec.cat\/ins-esport\/wp-content\/uploads\/usu2109\/2022\/10\/Convalidacio-Singular.pdf\" target=\"_blank\" rel=\"noopener\"><strong><span style=\"color: #0000ff;\">sol\u00b7licitud de convalidaci\u00f3 singular<\/span><\/strong><\/a>\u00a0<span style=\"color: #000000;\"><em> junt amb el certificat de notes on consti la nota i el m\u00f2dul o uf que voleu convalidar.<\/em>\u00a0<\/span><\/p>\n<div>Feu-lo amb lletra clara\u00a0 Heu de posar les vostres dades personals, el grau superior al que esteu matriculats, la data i la signatura.<\/div>\n<div>&#8211; Sol\u00b7licitud de convalidaci\u00f3 singular, en format pdf<\/div>\n<div>&#8211; el dni per les dues cares, en format pdf (el departament NO ho accepta en format foto)<\/div>\n<div>&#8211; el resguard del t\u00edtol en pdf, en cas de no tenir-lo tramitat, cal que ho feu a la web de l&#8217;institut a Secretaria &gt; Sol\u00b7licitud de certificats i t\u00edtols.<\/div>\n<div>&#8211; un certificat de notes amb les uf&#8217;s detallades en format pdf, si heu cursat\u00a0GUIAMN\u00a0al nostre centre, el generarem directament, si heu cursat GUIAMN a un altre centre, &#8216;heu de demanar, no serveix informe de notes ni butlletins.<\/div>\n<p>&nbsp;<\/p>\n<p>*Les taules de convalidacions per fam\u00edlies professionals i cicles formatius &#8220;nom\u00e9s&#8221; s\u00f3n\u00a0 documents d&#8217;orientaci\u00f3 i treball del centre. Si algun alumne o usuari del centre necessita m\u00e9s informaci\u00f3 us heu de remetre als documents &#8220;oficials&#8221;: ordres, decrets, resolucions,&#8230;<\/p>\n<p><strong>Documentaci\u00f3<\/strong><\/p>\n<p><a href=\"https:\/\/agora.xtec.cat\/ins-esport\/wp-content\/uploads\/usu2109\/2025\/10\/SOL\u00b7LICITUD-DE-CONVALIDACIO-DE-CENTRE-25-26.pdf\" target=\"_blank\" rel=\"noopener\"><strong>Sol\u00b7licitud de convalidaci\u00f3 de centre<\/strong><\/a><\/p>\n<p><strong><a href=\"https:\/\/agora.xtec.cat\/ins-esport\/wp-content\/uploads\/usu2109\/2022\/10\/Convalidacio-Singular.pdf\" target=\"_blank\" rel=\"noopener\">Sol\u00b7licitud convalidacions singulars<\/a><\/strong><\/p>\n<p>&nbsp;<\/p>\n","protected":false},"excerpt":{"rendered":"<p>\u27a1 CONVALIDACI\u00d3 ENTRE CICLES<br \/>\nTermini de presentaci\u00f3 de sol\u00b7licituds al formulari:\u00a0<br \/>\nL\u2019alumnat ha d\u2019assistir a classe i cursar les mat\u00e8ries fins que li sigui lliurada la resoluci\u00f3 positiva o negativa de la convalidaci\u00f3.<br \/>\n\u27a1 PLA NOU S\u2019aplica el que estableix al: BOE-A-2020-17274. Real Decreto 1085\/2020, de 9 de&hellip;  <a href=\"https:\/\/agora.xtec.cat\/ins-esport\/secretaria\/convalidacions-2\/convalidacions\/\" title=\"Read Convalidacions entre cicles\">Llegeix m\u00e9s\u00bb<\/a><\/p>\n","protected":false},"author":1,"featured_media":0,"parent":8894,"menu_order":1,"comment_status":"closed","ping_status":"closed","template":"page-templates\/side-menu.php","meta":{"_bbp_topic_count":0,"_bbp_reply_count":0,"_bbp_total_topic_count":0,"_bbp_total_reply_count":0,"_bbp_voice_count":0,"_bbp_anonymous_reply_count":0,"_bbp_topic_count_hidden":0,"_bbp_reply_count_hidden":0,"_bbp_forum_subforum_count":0,"footnotes":""},"class_list":["post-8885","page","type-page","status-publish","hentry"],"post_mailing_queue_ids":[],"_links":{"self":[{"href":"https:\/\/agora.xtec.cat\/ins-esport\/wp-json\/wp\/v2\/pages\/8885","targetHints":{"allow":["GET"]}}],"collection":[{"href":"https:\/\/agora.xtec.cat\/ins-esport\/wp-json\/wp\/v2\/pages"}],"about":[{"href":"https:\/\/agora.xtec.cat\/ins-esport\/wp-json\/wp\/v2\/types\/page"}],"author":[{"embeddable":true,"href":"https:\/\/agora.xtec.cat\/ins-esport\/wp-json\/wp\/v2\/users\/1"}],"replies":[{"embeddable":true,"href":"https:\/\/agora.xtec.cat\/ins-esport\/wp-json\/wp\/v2\/comments?post=8885"}],"version-history":[{"count":6,"href":"https:\/\/agora.xtec.cat\/ins-esport\/wp-json\/wp\/v2\/pages\/8885\/revisions"}],"predecessor-version":[{"id":14886,"href":"https:\/\/agora.xtec.cat\/ins-esport\/wp-json\/wp\/v2\/pages\/8885\/revisions\/14886"}],"up":[{"embeddable":true,"href":"https:\/\/agora.xtec.cat\/ins-esport\/wp-json\/wp\/v2\/pages\/8894"}],"wp:attachment":[{"href":"https:\/\/agora.xtec.cat\/ins-esport\/wp-json\/wp\/v2\/media?parent=8885"}],"curies":[{"name":"wp","href":"https:\/\/api.w.org\/{rel}","templated":true}]}}