{"id":8721,"date":"2020-06-07T17:56:08","date_gmt":"2020-06-07T15:56:08","guid":{"rendered":"https:\/\/agora.xtec.cat\/ins-esport\/?page_id=8721"},"modified":"2020-06-07T17:57:41","modified_gmt":"2020-06-07T15:57:41","slug":"animacio","status":"publish","type":"page","link":"https:\/\/agora.xtec.cat\/ins-esport\/animacio\/","title":{"rendered":"Animaci\u00f3"},"content":{"rendered":"<h3 style=\"text-align: justify;\"><span style=\"color: #3366ff;\"><strong>Preguntes freq\u00fcents sobre el grau superior d&#8217;Ensenyament i animaci\u00f3 socioesportiva:<\/strong><\/span><\/h3>\n<p><strong>Quin horari de classes t\u00e9 el cicle?\u00a0\u00a0\u00a0\u00a0\u00a0\u00a0 <\/strong><\/p>\n<p style=\"padding-left: 40px;\">A l&#8217;IEB podr\u00e0s escollir en quin torn cursar-lo:<\/p>\n<ul>\n<li style=\"list-style-type: none;\">\n<ul>\n<li>mat\u00ed, de 8 a 14.30 h o<\/li>\n<li>tarda, de 15 a 21:30 h.<\/li>\n<\/ul>\n<\/li>\n<\/ul>\n<p style=\"padding-left: 40px;\">\u00c9s important que a la preinscripci\u00f3 hi posis el torn que vols, o tots dos, si vols tenir m\u00e9s opcions.<\/p>\n<p><strong>Quins requisits he de complir per poder fer el cicle? <\/strong><\/p>\n<p style=\"padding-left: 40px;\">Has de tenir el Batxillerat, la prova d&#8217;acc\u00e9s al grau superior, o un cicle formatiu de grau mitj\u00e0.<\/p>\n<p><strong>Quina nota de tall necessito per entrar al cicle?\u00a0\u00a0\u00a0\u00a0\u00a0\u00a0\u00a0 <\/strong><\/p>\n<p style=\"padding-left: 40px;\">La nota de tall dep\u00e8n del n\u00famero de places ofertades i del n\u00famero d&#8217;alumnes que es preinscriguin, i per tant no es pot saber fins al final del proc\u00e9s. S\u00ed que podem dir que l&#8217;IEB oferta 90 places, 60 en horari de mat\u00ed, i 30 en horari de tarda.<\/p>\n<p><strong>On es faran les classes?\u00a0\u00a0\u00a0\u00a0\u00a0\u00a0\u00a0\u00a0\u00a0\u00a0 <\/strong><\/p>\n<p style=\"padding-left: 40px;\">Les classes te\u00f2riques es faran a la seu provisional de l&#8217;Institut, a l&#8217;Avinguda Francesc Ferrer i Gu\u00e0rdia, 16 i les pr\u00e0ctiques a instal\u00b7lacions esportives a la muntanya de Montju\u00efc o a les seves proximitats.<\/p>\n<p><strong>De qu\u00e8 podr\u00e9 treballar si faig aquest cicle?<\/strong><\/p>\n<p style=\"padding-left: 40px;\">El cicle d&#8217;Ensenyament i animaci\u00f3 socioesportiva et prepara per treballar en tres \u00e0mbits professionals molt din\u00e0mics i en constant creixement durant els \u00faltims anys que, a m\u00e9s, s\u00f3n els que tenen una ocupabilitat m\u00e9s alta entre els joves: la iniciaci\u00f3 esportiva, l&#8217;animaci\u00f3 en el lleure i l&#8217;animaci\u00f3 tur\u00edstica. Aqu\u00ed hi trobar\u00e0s<a href=\"http:\/\/queestudiar.gencat.cat\/ca\/estudis\/fp\/cicles-families\/act-fisiques-esportives\/?p_id=4191&amp;estudi\" target=\"_blank\" rel=\"noopener noreferrer\"> m\u00e9s informaci\u00f3<\/a>.<\/p>\n<p><strong>Haur\u00e9 de portar comprar material propi i portar-lo per fer les classes?.<\/strong><\/p>\n<p style=\"padding-left: 40px;\">Gaireb\u00e9 tot el material que es far\u00e0 servir el posar\u00e0 el centre. Nom\u00e9s haur\u00e0s de portar la teva pr\u00f2pia equipaci\u00f3 esportiva o algun material individual que t&#8217;explicar\u00e0 el professorat de cada m\u00f2dul quan comencin les classes.<\/p>\n<p><strong>Puc accedir a la universitat un cop acabi el cicle?<\/strong><\/p>\n<p style=\"padding-left: 40px;\">Si. Amb aquest cicle obtens el t\u00edtol de t\u00e8cnic o t\u00e8cnica superior, que permet accedir a estudis universitari oficial de grau.<\/p>\n<p><strong>Sabies que&#8230;?\u00a0 <\/strong><\/p>\n<p style=\"padding-left: 40px;\">El curs 2019-20 va ser el 4t cicle formatiu de grau superior m\u00e9s demandat a tota Catalunya, d&#8217;un total de 98 cicles ofertats?.<\/p>\n","protected":false},"excerpt":{"rendered":"<p>Preguntes freq\u00fcents sobre el grau superior d&#8217;Ensenyament i animaci\u00f3 socioesportiva:<br \/>\nQuin horari de classes t\u00e9 el cicle?\u00a0\u00a0\u00a0\u00a0\u00a0\u00a0<br \/>\nA l&#8217;IEB podr\u00e0s escollir en quin torn cursar-lo:<\/p>\n<ul>\n<li style=\"list-style-type: none;\">\n<ul>\n<li>mat\u00ed, de 8 a 14.30 h o<\/li>\n<li>tarda, de 15 a 21:30 h.<\/li>\n<\/ul>\n<\/li>\n<\/ul>\n<p>\u00c9s important que a la preinscripci\u00f3 hi posis el&hellip;  <a href=\"https:\/\/agora.xtec.cat\/ins-esport\/animacio\/\" title=\"Read Animaci\u00f3\">Llegeix m\u00e9s\u00bb<\/a><\/p>\n","protected":false},"author":1,"featured_media":0,"parent":0,"menu_order":5,"comment_status":"closed","ping_status":"closed","template":"page-templates\/side-menu.php","meta":{"_bbp_topic_count":0,"_bbp_reply_count":0,"_bbp_total_topic_count":0,"_bbp_total_reply_count":0,"_bbp_voice_count":0,"_bbp_anonymous_reply_count":0,"_bbp_topic_count_hidden":0,"_bbp_reply_count_hidden":0,"_bbp_forum_subforum_count":0,"footnotes":""},"class_list":["post-8721","page","type-page","status-publish","hentry"],"post_mailing_queue_ids":[],"_links":{"self":[{"href":"https:\/\/agora.xtec.cat\/ins-esport\/wp-json\/wp\/v2\/pages\/8721","targetHints":{"allow":["GET"]}}],"collection":[{"href":"https:\/\/agora.xtec.cat\/ins-esport\/wp-json\/wp\/v2\/pages"}],"about":[{"href":"https:\/\/agora.xtec.cat\/ins-esport\/wp-json\/wp\/v2\/types\/page"}],"author":[{"embeddable":true,"href":"https:\/\/agora.xtec.cat\/ins-esport\/wp-json\/wp\/v2\/users\/1"}],"replies":[{"embeddable":true,"href":"https:\/\/agora.xtec.cat\/ins-esport\/wp-json\/wp\/v2\/comments?post=8721"}],"version-history":[{"count":2,"href":"https:\/\/agora.xtec.cat\/ins-esport\/wp-json\/wp\/v2\/pages\/8721\/revisions"}],"predecessor-version":[{"id":8723,"href":"https:\/\/agora.xtec.cat\/ins-esport\/wp-json\/wp\/v2\/pages\/8721\/revisions\/8723"}],"wp:attachment":[{"href":"https:\/\/agora.xtec.cat\/ins-esport\/wp-json\/wp\/v2\/media?parent=8721"}],"curies":[{"name":"wp","href":"https:\/\/api.w.org\/{rel}","templated":true}]}}