{"id":8710,"date":"2020-06-07T11:09:20","date_gmt":"2020-06-07T09:09:20","guid":{"rendered":"https:\/\/agora.xtec.cat\/ins-esport\/?page_id=8710"},"modified":"2021-05-06T19:31:30","modified_gmt":"2021-05-06T17:31:30","slug":"fitness","status":"publish","type":"page","link":"https:\/\/agora.xtec.cat\/ins-esport\/fitness\/","title":{"rendered":"Condicionament F\u00edsic"},"content":{"rendered":"<h3 style=\"text-align: justify;\"><span style=\"color: #3366ff;\"><strong>Preguntes freq\u00fcents sobre el grau superior de Condicionament f\u00edsic:<\/strong><\/span><\/h3>\n<p><strong>Quin horari de classes t\u00e9 el cicle?\u00a0\u00a0\u00a0\u00a0\u00a0\u00a0 <\/strong><\/p>\n<p style=\"padding-left: 40px;\">A l&#8217;IEB podr\u00e0s escollir en quin torn cursar-lo:<\/p>\n<ul>\n<li style=\"list-style-type: none;\">\n<ul>\n<li>mat\u00ed, de 8 a 14.30 h o<\/li>\n<li>tarda, de 15 a 21:30 h.<\/li>\n<\/ul>\n<\/li>\n<\/ul>\n<p style=\"padding-left: 40px;\">\u00c9s important que a la preinscripci\u00f3 hi posis el torn que vols, o tots dos, si vols tenir m\u00e9s opcions.<\/p>\n<p><strong>Quins requisits he de complir per poder fer el cicle? <\/strong><\/p>\n<p style=\"padding-left: 40px;\">Has de tenir el Batxillerat, la prova d&#8217;acc\u00e9s al grau superior, o un cicle formatiu de grau mitj\u00e0.<\/p>\n<p><strong>Quina nota de tall necessito per entrar al cicle?\u00a0\u00a0\u00a0\u00a0\u00a0\u00a0\u00a0 <\/strong><\/p>\n<p style=\"padding-left: 40px;\">La nota de tall dep\u00e8n del n\u00famero de places ofertades i del n\u00famero d&#8217;alumnes que es preinscriguin, i per tant no es pot saber fins al final del proc\u00e9s. S\u00ed que podem dir que l&#8217;IEB oferta 60 places, 30 en horari de mat\u00ed, i 30 en horari de tarda.<\/p>\n<p><strong>On es faran les classes?\u00a0\u00a0\u00a0\u00a0\u00a0\u00a0\u00a0\u00a0\u00a0\u00a0 <\/strong><\/p>\n<p style=\"padding-left: 40px;\">Les classes te\u00f2riques seran a l&#8217;INEFC, i les pr\u00e0ctiques a instal\u00b7lacions esportives a la muntanya de Montjuic o a les seves proximitats.<\/p>\n<p><strong>De qu\u00e8 podr\u00e9 treballar si faig aquest cicle?<\/strong><\/p>\n<p style=\"padding-left: 40px;\">El cicle de condicionament f\u00edsic et prepara per treballar en l&#8217;\u00e0mbit professional del fitness. Aqu\u00ed hi trobar\u00e0s<a href=\"http:\/\/queestudiar.gencat.cat\/ca\/estudis\/fp\/cicles-families\/act-fisiques-esportives\/?p_id=4192&amp;estudi\" target=\"_blank\" rel=\"noopener noreferrer\"> m\u00e9s informaci\u00f3<\/a>.<\/p>\n<p><strong>Haur\u00e9 de portar comprar material propi i portar-lo per fer les classes?.<\/strong><\/p>\n<p style=\"padding-left: 40px;\">No, en aquest cicle tot el material que es far\u00e0 servir el posar\u00e0 el centre. Nom\u00e9s haur\u00e0s de portar la teva pr\u00f2pia equipaci\u00f3 esportiva que t&#8217;explicaran els professors de cada m\u00f2dul quan comencin les classes.<\/p>\n<p><strong>Puc accedir a la universitat un cop acabi el cicle?<\/strong><\/p>\n<p style=\"padding-left: 40px;\">Si. Amb aquest cicle obtens el t\u00edtol de t\u00e8cnic o t\u00e8cnica superior, que permet accedir a estudis universitari oficial de grau.<\/p>\n<p><strong>Sabies que&#8230;?\u00a0 <\/strong><\/p>\n<p style=\"padding-left: 40px;\">El curs 2019-20 va ser el 18\u00e8 cicle formatiu de grau superior m\u00e9s demandat a tota Catalunya, d&#8217;un total de 98 cicles ofertats?.<\/p>\n<p style=\"padding-left: 40px;\">\n","protected":false},"excerpt":{"rendered":"<p>Preguntes freq\u00fcents sobre el grau superior de Condicionament f\u00edsic:<br \/>\nQuin horari de classes t\u00e9 el cicle?\u00a0\u00a0\u00a0\u00a0\u00a0\u00a0<br \/>\nA l&#8217;IEB podr\u00e0s escollir en quin torn cursar-lo:<\/p>\n<ul>\n<li style=\"list-style-type: none;\">\n<ul>\n<li>mat\u00ed, de 8 a 14.30 h o<\/li>\n<li>tarda, de 15 a 21:30 h.<\/li>\n<\/ul>\n<\/li>\n<\/ul>\n<p>\u00c9s important que a la preinscripci\u00f3 hi posis el torn&hellip;  <a href=\"https:\/\/agora.xtec.cat\/ins-esport\/fitness\/\" title=\"Read Condicionament F\u00edsic\">Llegeix m\u00e9s\u00bb<\/a><\/p>\n","protected":false},"author":1,"featured_media":0,"parent":0,"menu_order":6,"comment_status":"closed","ping_status":"closed","template":"page-templates\/side-menu.php","meta":{"_bbp_topic_count":0,"_bbp_reply_count":0,"_bbp_total_topic_count":0,"_bbp_total_reply_count":0,"_bbp_voice_count":0,"_bbp_anonymous_reply_count":0,"_bbp_topic_count_hidden":0,"_bbp_reply_count_hidden":0,"_bbp_forum_subforum_count":0,"footnotes":""},"class_list":["post-8710","page","type-page","status-publish","hentry"],"post_mailing_queue_ids":[],"_links":{"self":[{"href":"https:\/\/agora.xtec.cat\/ins-esport\/wp-json\/wp\/v2\/pages\/8710","targetHints":{"allow":["GET"]}}],"collection":[{"href":"https:\/\/agora.xtec.cat\/ins-esport\/wp-json\/wp\/v2\/pages"}],"about":[{"href":"https:\/\/agora.xtec.cat\/ins-esport\/wp-json\/wp\/v2\/types\/page"}],"author":[{"embeddable":true,"href":"https:\/\/agora.xtec.cat\/ins-esport\/wp-json\/wp\/v2\/users\/1"}],"replies":[{"embeddable":true,"href":"https:\/\/agora.xtec.cat\/ins-esport\/wp-json\/wp\/v2\/comments?post=8710"}],"version-history":[{"count":3,"href":"https:\/\/agora.xtec.cat\/ins-esport\/wp-json\/wp\/v2\/pages\/8710\/revisions"}],"predecessor-version":[{"id":9807,"href":"https:\/\/agora.xtec.cat\/ins-esport\/wp-json\/wp\/v2\/pages\/8710\/revisions\/9807"}],"wp:attachment":[{"href":"https:\/\/agora.xtec.cat\/ins-esport\/wp-json\/wp\/v2\/media?parent=8710"}],"curies":[{"name":"wp","href":"https:\/\/api.w.org\/{rel}","templated":true}]}}