{"id":8707,"date":"2020-06-07T11:06:15","date_gmt":"2020-06-07T09:06:15","guid":{"rendered":"https:\/\/agora.xtec.cat\/ins-esport\/?page_id=8707"},"modified":"2021-04-11T15:39:57","modified_gmt":"2021-04-11T13:39:57","slug":"cafmn","status":"publish","type":"page","link":"https:\/\/agora.xtec.cat\/ins-esport\/cafmn\/","title":{"rendered":"Guia MN"},"content":{"rendered":"<h3 style=\"text-align: justify;\"><span style=\"color: #3366ff;\"><strong>Preguntes freq\u00fcents sobre el grau mitj\u00e0 de Guia en el medi natural i en el lleure:<\/strong><\/span><\/h3>\n<p style=\"text-align: justify;\"><strong>Sabies que&#8230;?\u00a0\u00a0<\/strong><\/p>\n<p style=\"text-align: justify; padding-left: 40px;\">Aquest cicle substitueix el de Conducci\u00f3 d&#8217;activitats f\u00edsicoesportives al medi natural, que el curs 2020 &#8211; 2021 va ser el 4t cicle formatiu de grau mitj\u00e0 m\u00e9s sol\u00b7licitat de Catalunya?<\/p>\n<p style=\"text-align: justify;\"><strong>Quin horari de classes t\u00e9 el cicle?\u00a0<\/strong><\/p>\n<p style=\"text-align: justify; padding-left: 40px;\">L\u2019horari marc \u00e9s de 8.00 h a 14.30 h, per\u00f2 mol sovint les activitats comencen abans i acaben m\u00e9s tard i una bona part de la formaci\u00f3 es fa en estades de diversos dies a la muntanya.<\/p>\n<p style=\"text-align: justify;\"><strong>Quins requisits he de complir per poder fer el cicle?\u00a0\u00a0<\/strong><\/p>\n<p style=\"text-align: justify; padding-left: 40px;\">Tenir el t\u00edtol d&#8217;ESO, el de t\u00e8cnic o t\u00e8cnic auxiliar o haver superat la prova d&#8217;acc\u00e9s a grau mitj\u00e0. Trobareu m\u00e9s informaci\u00f3 <a href=\"http:\/\/queestudiar.gencat.cat\/ca\/estudis\/fp\/info-general\/\" target=\"_blank\" rel=\"noopener noreferrer\">en aquest enlla\u00e7<\/a>.<\/p>\n<p style=\"text-align: justify;\"><strong>Quina nota de tall necessito per entrar al cicle?<\/strong><\/p>\n<p style=\"text-align: justify; padding-left: 40px;\">La nota de tall dep\u00e8n del n\u00famero de places ofertades i del n\u00famero d&#8217;alumnes que es preinscriguin, per aix\u00f2 no es pot saber fins al final del proc\u00e9s. L&#8217;IEB oferta 60 places.<\/p>\n<p style=\"padding-left: 40px;\">El curs passat, per a la via d&#8217;acc\u00e9s 1 (alumnat procedent de l&#8217;ESO), la nota de tall va ser un 6, per\u00f2 al setembre vam tenir places vacants que es van cobrir per sota d&#8217;aquesta nota.<\/p>\n<p style=\"text-align: justify;\"><strong>On es faran les classes?.\u00a0\u00a0\u00a0\u00a0\u00a0\u00a0\u00a0\u00a0\u00a0\u00a0<\/strong><\/p>\n<p style=\"text-align: justify; padding-left: 40px;\">Les classes te\u00f2riques, el curs 2021-22 seran a l&#8217;antiga seu de l&#8217;Institut Rubi\u00f3 i Tudur\u00ed del <a href=\"https:\/\/goo.gl\/maps\/8MnjtcpFturNLTCE7\" target=\"_blank\" rel=\"noopener noreferrer\">Carrer dels Vivers, 32<\/a>. Les pr\u00e0ctiques es duran a terme a diferents entorns de medi natural de Catalunya, principalment a les serres properes a la ciutat.<\/p>\n<p style=\"text-align: justify;\"><strong>De qu\u00e8 podr\u00e9 treballar si faig aquest cicle?.\u00a0<\/strong><\/p>\n<p style=\"text-align: justify; padding-left: 40px;\">La superaci\u00f3 del Cicle de Guia al medi natural i en el lleure permet accedir al m\u00f3n laboral com a;<\/p>\n<ul>\n<li style=\"list-style-type: none;\">\n<ul>\n<li style=\"list-style-type: none;\">\n<ul>\n<li>guia d\u2019itineraris a peu per muntanya baixa i mitjana,<\/li>\n<li>guia d\u2019itineraris a cavall,<\/li>\n<li>guia d\u2019itineraris en bicicleta,<\/li>\n<li>guia d\u2019itineraris en embarcacions sense despatx,<\/li>\n<li>guia de barrancs de baixa dificultat,<\/li>\n<li>guia d\u2019espeleologia en cavitats de baixa dificultat,<\/li>\n<li>monitor de lleure,<\/li>\n<li>monitor en instal\u00b7lacions d\u2019aventura,<\/li>\n<li>socorrista en l\u2019entorn natural.<\/li>\n<\/ul>\n<\/li>\n<\/ul>\n<\/li>\n<\/ul>\n<p style=\"text-align: justify;\"><strong>Necessitar\u00e9 comprar material propi per fer les classes?.<\/strong><\/p>\n<p style=\"text-align: justify; padding-left: 40px;\">S\u00ed, hi ha un material m\u00ednim imprescindible per a la pr\u00e0ctica de les diferents activitats que al llarg del cicle aprendr\u00e0s a executar, a ensenyar i a conduir. En <a href=\"https:\/\/agora.xtec.cat\/ins-esport\/wp-content\/uploads\/usu2109\/2021\/04\/Llistat-material-imprescindible.pdf\" target=\"_blank\" rel=\"noopener noreferrer\">aquest enlla\u00e7<\/a> en tens el llistat.<\/p>\n<p style=\"text-align: justify;\"><strong>Quants cursos acad\u00e8mics t\u00e9 el cicle?\u00a0\u00a0\u00a0\u00a0\u00a0<\/strong><\/p>\n<p style=\"text-align: justify; padding-left: 40px;\">El curs 2021-22 comen\u00e7ar\u00e0 la primera promoci\u00f3 que far\u00e0 el curr\u00edculum de 2000h en dos cursos acad\u00e8mics.<\/p>\n<p style=\"text-align: justify;\"><strong>Vols saber-ne m\u00e9s?\u00a0\u00a0\u00a0\u00a0\u00a0\u00a0<\/strong><\/p>\n<p style=\"text-align: justify; padding-left: 40px;\">En aquest enlla\u00e7 trobar\u00e0s <a href=\"http:\/\/queestudiar.gencat.cat\/ca\/estudis\/fp\/cicles-families\/act-fisiques-esportives\/?p_id=46&amp;estudi\" target=\"_blank\" rel=\"noopener noreferrer\">m\u00e9s informaci\u00f3<\/a><\/p>\n","protected":false},"excerpt":{"rendered":"<p>Preguntes freq\u00fcents sobre el grau mitj\u00e0 de Guia en el medi natural i en el lleure:<br \/>\nSabies que&#8230;?\u00a0\u00a0<br \/>\nAquest cicle substitueix el de Conducci\u00f3 d&#8217;activitats f\u00edsicoesportives al medi natural, que el curs 2020 &#8211; 2021 va ser el 4t cicle formatiu de grau mitj\u00e0 m\u00e9s sol\u00b7licitat de&hellip;  <a href=\"https:\/\/agora.xtec.cat\/ins-esport\/cafmn\/\" title=\"Read Guia MN\">Llegeix m\u00e9s\u00bb<\/a><\/p>\n","protected":false},"author":1,"featured_media":0,"parent":0,"menu_order":4,"comment_status":"closed","ping_status":"closed","template":"page-templates\/side-menu.php","meta":{"_bbp_topic_count":0,"_bbp_reply_count":0,"_bbp_total_topic_count":0,"_bbp_total_reply_count":0,"_bbp_voice_count":0,"_bbp_anonymous_reply_count":0,"_bbp_topic_count_hidden":0,"_bbp_reply_count_hidden":0,"_bbp_forum_subforum_count":0,"footnotes":""},"class_list":["post-8707","page","type-page","status-publish","hentry"],"post_mailing_queue_ids":[],"_links":{"self":[{"href":"https:\/\/agora.xtec.cat\/ins-esport\/wp-json\/wp\/v2\/pages\/8707","targetHints":{"allow":["GET"]}}],"collection":[{"href":"https:\/\/agora.xtec.cat\/ins-esport\/wp-json\/wp\/v2\/pages"}],"about":[{"href":"https:\/\/agora.xtec.cat\/ins-esport\/wp-json\/wp\/v2\/types\/page"}],"author":[{"embeddable":true,"href":"https:\/\/agora.xtec.cat\/ins-esport\/wp-json\/wp\/v2\/users\/1"}],"replies":[{"embeddable":true,"href":"https:\/\/agora.xtec.cat\/ins-esport\/wp-json\/wp\/v2\/comments?post=8707"}],"version-history":[{"count":4,"href":"https:\/\/agora.xtec.cat\/ins-esport\/wp-json\/wp\/v2\/pages\/8707\/revisions"}],"predecessor-version":[{"id":9467,"href":"https:\/\/agora.xtec.cat\/ins-esport\/wp-json\/wp\/v2\/pages\/8707\/revisions\/9467"}],"wp:attachment":[{"href":"https:\/\/agora.xtec.cat\/ins-esport\/wp-json\/wp\/v2\/media?parent=8707"}],"curies":[{"name":"wp","href":"https:\/\/api.w.org\/{rel}","templated":true}]}}