{"id":8556,"date":"2020-05-05T10:31:07","date_gmt":"2020-05-05T08:31:07","guid":{"rendered":"https:\/\/agora.xtec.cat\/ins-esport\/?page_id=8556"},"modified":"2025-01-24T08:53:15","modified_gmt":"2025-01-24T07:53:15","slug":"secretaria","status":"publish","type":"page","link":"https:\/\/agora.xtec.cat\/ins-esport\/secretaria\/","title":{"rendered":"Secretaria"},"content":{"rendered":"<p><span style=\"color: #3366ff;\"><strong>BENVINGUTS\/DES A LA SECRETARIA!\u202f<\/strong><\/span><\/p>\n<p>En aquest espai i mitjan\u00e7ant una atenci\u00f3 presencial, telem\u00e0tica i telef\u00f2nica,\u00a0 us informem de la nostra oferta formativa i serveis de l&#8217;institut.<\/p>\n<p>Gestionem els tr\u00e0mits acad\u00e8mics administratius que sol\u00b7liciteu: certificats acad\u00e8mics, tramitaci\u00f3 i recollida t\u00edtols, preinscripci\u00f3, matr\u00edcula, etc.<\/p>\n<p>Si ets estudiant de l&#8217;institut, t&#8217;assessorem en tots els processos administratius que necessitis.<\/p>\n<ul>\n<li>Sol\u00b7licitud gen\u00e8rica. <a href=\"https:\/\/agora.xtec.cat\/ins-esport\/wp-content\/uploads\/usu2109\/2023\/09\/Sollicitud-generica-IEB.pdf\" target=\"_blank\" rel=\"noopener\">AQU\u00cd<\/a><\/li>\n<li>Sol\u00b7licitud de baixa acad\u00e8mica (fins el 31 d&#8217;octubre). <a href=\"https:\/\/agora.xtec.cat\/ins-esport\/wp-content\/uploads\/usu2109\/2023\/09\/Sollicitud-de-baixa-academica.pdf\" target=\"_blank\" rel=\"noopener\">AQU\u00cd<\/a><\/li>\n<li>Sol\u00b7licitud de baixa acad\u00e8mica (a partir del 31 d&#8217;octubre).<a href=\"https:\/\/agora.xtec.cat\/ins-esport\/wp-content\/uploads\/usu2109\/2024\/12\/Sollicitud-de-Baixa-academica-a-partir-del-31-doctubre-1.pdf\" target=\"_blank\" rel=\"noopener\"> AQU\u00cd<\/a><\/li>\n<li>Sol\u00b7licitud de devoluci\u00f3 de pagament incorrecte. <a href=\"https:\/\/agora.xtec.cat\/ins-esport\/wp-content\/uploads\/usu2109\/2023\/09\/Sollicitud-de-devolucio-de-pagaments-IEB.pdf\" target=\"_blank\" rel=\"noopener\">AQU\u00cd<\/a><\/li>\n<li>Sol\u00b7licitud de convocat\u00f2ria de Gr\u00e0cia. <a href=\"https:\/\/agora.xtec.cat\/ins-esport\/wp-content\/uploads\/usu2109\/2025\/01\/Sollicitud-Convocatoria-de-gracia.pdf\" target=\"_blank\" rel=\"noopener\">AQU\u00cd<\/a><\/li>\n<\/ul>\n<p><span style=\"color: #3366ff;\"><strong>HORARI D\u2019ATENCI\u00d3<\/strong><\/span><\/p>\n<p>Per qualsevol consulta pots adre\u00e7ar-te al nostre correu:<\/p>\n<p>Consultes de matr\u00edcula de Cicles formatius i IFE:<span style=\"color: #0000ff;\"><strong>\u00a0 <\/strong><\/span><a href=\"matricula@ieb.cat\"><span style=\"color: #0000ff;\"><strong>matricula@ieb.cat<\/strong><\/span><\/a><\/p>\n<p>Consultes de matr\u00edcula de Batxillerat esportiu i T\u00e8cnics esportius: <strong><span style=\"color: #0000ff;\">administracio@ieb.cat<\/span><\/strong><\/p>\n<p>Incid\u00e8ncies amb iEduca o mail corporatiu: <span style=\"color: #0000ff;\"><strong>administracio@ieb.cat<\/strong><\/span><\/p>\n<p>&nbsp;<\/p>\n<p><span style=\"color: #3366ff;\"><strong>OFICINA D&#8217;ACC\u00c9S A LA FORMACI\u00d3 PROFESSIONAL DEL CONSORCI D&#8217;EDUCACI\u00d3 DE BARCELONA<\/strong><\/span><\/p>\n<p>Per resoldre dubtes i fer tramitacions podeu posar-vos en contacte al seg\u00fcent enlla\u00e7:<\/p>\n<p><a href=\"https:\/\/fp.edubcn.cat\/oficina-acces\" target=\"_blank\" rel=\"noopener\">https:\/\/fp.edubcn.cat\/oficina-acces<\/a><\/p>\n","protected":false},"excerpt":{"rendered":"<p>BENVINGUTS\/DES A LA SECRETARIA!\u202f<br \/>\nEn aquest espai i mitjan\u00e7ant una atenci\u00f3 presencial, telem\u00e0tica i telef\u00f2nica,\u00a0 us informem de la nostra oferta formativa i serveis de l&#8217;institut.<br \/>\nGestionem els tr\u00e0mits acad\u00e8mics administratius que sol\u00b7liciteu: certificats acad\u00e8mics, tramitaci\u00f3 i recollida t\u00edtols, preinscripci\u00f3, matr\u00edcula, etc.<br \/>\nSi ets estudiant de l&#8217;institut, t&#8217;assessorem&hellip;  <a href=\"https:\/\/agora.xtec.cat\/ins-esport\/secretaria\/\" title=\"Read Secretaria\">Llegeix m\u00e9s\u00bb<\/a><\/p>\n","protected":false},"author":1,"featured_media":0,"parent":0,"menu_order":0,"comment_status":"closed","ping_status":"closed","template":"page-templates\/side-menu.php","meta":{"_bbp_topic_count":0,"_bbp_reply_count":0,"_bbp_total_topic_count":0,"_bbp_total_reply_count":0,"_bbp_voice_count":0,"_bbp_anonymous_reply_count":0,"_bbp_topic_count_hidden":0,"_bbp_reply_count_hidden":0,"_bbp_forum_subforum_count":0,"footnotes":""},"class_list":["post-8556","page","type-page","status-publish","hentry"],"post_mailing_queue_ids":[],"_links":{"self":[{"href":"https:\/\/agora.xtec.cat\/ins-esport\/wp-json\/wp\/v2\/pages\/8556","targetHints":{"allow":["GET"]}}],"collection":[{"href":"https:\/\/agora.xtec.cat\/ins-esport\/wp-json\/wp\/v2\/pages"}],"about":[{"href":"https:\/\/agora.xtec.cat\/ins-esport\/wp-json\/wp\/v2\/types\/page"}],"author":[{"embeddable":true,"href":"https:\/\/agora.xtec.cat\/ins-esport\/wp-json\/wp\/v2\/users\/1"}],"replies":[{"embeddable":true,"href":"https:\/\/agora.xtec.cat\/ins-esport\/wp-json\/wp\/v2\/comments?post=8556"}],"version-history":[{"count":6,"href":"https:\/\/agora.xtec.cat\/ins-esport\/wp-json\/wp\/v2\/pages\/8556\/revisions"}],"predecessor-version":[{"id":14153,"href":"https:\/\/agora.xtec.cat\/ins-esport\/wp-json\/wp\/v2\/pages\/8556\/revisions\/14153"}],"wp:attachment":[{"href":"https:\/\/agora.xtec.cat\/ins-esport\/wp-json\/wp\/v2\/media?parent=8556"}],"curies":[{"name":"wp","href":"https:\/\/api.w.org\/{rel}","templated":true}]}}