{"id":8533,"date":"2020-04-02T10:23:15","date_gmt":"2020-04-02T08:23:15","guid":{"rendered":"https:\/\/agora.xtec.cat\/ins-esport\/?page_id=8533"},"modified":"2024-04-04T14:35:27","modified_gmt":"2024-04-04T12:35:27","slug":"pec","status":"publish","type":"page","link":"https:\/\/agora.xtec.cat\/ins-esport\/l-institut\/organitzacio\/pec\/","title":{"rendered":"PEC"},"content":{"rendered":"<p style=\"text-align: justify;\"><img loading=\"lazy\" decoding=\"async\" class=\"alignnone size-full wp-image-9940\" src=\"https:\/\/agora.xtec.cat\/ins-esport\/wp-content\/uploads\/usu2109\/2021\/05\/PEC.png\" alt=\"\" width=\"987\" height=\"60\" srcset=\"https:\/\/agora.xtec.cat\/ins-esport\/wp-content\/uploads\/usu2109\/2021\/05\/PEC.png 987w, https:\/\/agora.xtec.cat\/ins-esport\/wp-content\/uploads\/usu2109\/2021\/05\/PEC-300x18.png 300w, https:\/\/agora.xtec.cat\/ins-esport\/wp-content\/uploads\/usu2109\/2021\/05\/PEC-768x47.png 768w\" sizes=\"auto, (max-width: 987px) 100vw, 987px\" \/><\/p>\n<p style=\"text-align: justify;\">L\u2019Institut de l\u2019Esport de Barcelona ha iniciat la seva activitat el Curs 2020-2021 com a centre especialitzat en els ensenyaments postobligatoris de la Fam\u00edlia d\u2019Activitats f\u00edsiques.<\/p>\n<p style=\"text-align: justify;\">La creaci\u00f3 d\u2019un centre referent de l\u2019activitat f\u00edsica i l\u2019esport vol potenciar l\u2019oferta de l\u2019Ensenyament p\u00fablic en aquest \u00e0mbit i donar resposta, d\u2019una banda, a un sector emergent d\u2019ocupaci\u00f3, que ha crescut un 60% en els darrers 10 anys, segons l\u2019<em>Instituto Nacional de Estad\u00edstica<\/em> i, d\u2019altra banda, a una important demanda formativa que, en part, prov\u00e9 de l\u2019alumnat m\u00e9s vulnerable pel que fa a l\u2019abandonament prematur.<\/p>\n<p style=\"text-align: justify;\">Aquesta aposta per un centre p\u00fablic i referent de qualitat a la ciutat, obre la oportunitat d\u2019orientar de bon comen\u00e7ament les formacions a l\u2019assoliment d\u2019una manera d\u2019entendre la tasca professional dels t\u00e8cnics i les t\u00e8cniques que vagi m\u00e9s enll\u00e0 del seu paper de transmissors de t\u00e8cniques esportives i els defineixi com a educadors mitjan\u00e7ant l\u2019activitat f\u00edsica i l\u2019esport.<\/p>\n<p style=\"text-align: justify;\">Els pa\u00efsos del nord d\u2019Europa, on els programes d\u2019avaluaci\u00f3 dels estudiants acostumen a donar els millors resultats, fa temps que estan potenciant el paper de l\u2019educaci\u00f3 no formal, entesa com aquella que succeeix fora de l\u2019\u00e0mbit escolar. Comparant el nombre d\u2019hores lectives anuals del nostre alumnat amb el de la majoria d\u2019aquests pa\u00efsos, es fa palesa l\u2019evid\u00e8ncia que la difer\u00e8ncia de resultats cal buscar-la fora del sistema educatiu. Si, a m\u00e9s, es valora el nombre d\u2019hores que el professorat d\u2019Educaci\u00f3 f\u00edsica incideix sobre l\u2019educaci\u00f3 de l\u2019alumnat i el que ho fa un monitor o monitora en l\u2019\u00e0mbit esportiu o del lleure, \u00e9s clar que cal recon\u00e8ixer a aquests \u00faltims el seu paper en l\u2019educaci\u00f3 de la poblaci\u00f3 en edat escolar d\u2019una manera molt m\u00e9s evident del que s\u2019ha fet fins ara.<\/p>\n<p style=\"text-align: justify;\">La visi\u00f3 de l\u2019Institut de l\u2019Esport de Barcelona que es planteja en aquest Projecte educatiu, \u00e9s la d\u2019un Institut capa\u00e7 de transformar l\u2019alumnat que arriba al Centre en educadors de l\u2019\u00e0mbit no formal i, com a conseq\u00fc\u00e8ncia, transformar el valor de l\u2019activitat f\u00edsica i esportiva fora de l\u2019\u00e0mbit escolar, portant-la a que se li reconegui el seu potencial educatiu i transformador de la societat.<\/p>\n<p style=\"text-align: justify;\">Per a l\u2019assoliment d\u2019aquests prop\u00f2sits el Centre s&#8217;organitza en base a aquestes quatre directrius:<\/p>\n<ul>\n<li style=\"text-align: justify;\">Espais i moments de trobada amb equips docents independents per a cadascuna de les formacions i un Projecte Curricular que preveu un nombre m\u00e0xim de 25 hores setmanals, per evitar que l\u2019horari o el torn de la jornada del professorat en limitin la possibilitat de participaci\u00f3.<\/li>\n<li style=\"text-align: justify;\">Estructura organitzativa del Centre amb coordinacions de Cicle que entomen la tasca de fer arribar al professorat la l\u00ednia pedag\u00f2gica definida en el Projecte Educatiu, creant un equip de treball sota la coordinaci\u00f3 pedag\u00f2gica de l\u2019equip directiu.<\/li>\n<li style=\"text-align: justify;\">Especialitzaci\u00f3 del professorat, limitant el nombre de M\u00f2duls diferents a impartir, fomentant les formacions de Centre i aglomerant la seva expertesa en els M\u00f2duls de Projecte o S\u00edntesi, que els nous Decrets curriculars han incrementat de manera considerable.<\/li>\n<li style=\"text-align: justify;\">Metodologies competencials orientades a l\u2019Aprenentatge i servei, buscant col\u00b7laboracions amb centres i entitats de l\u2019entorn proper amb qui organitzar i realitzar activitats, creant les condicions m\u00e9s similars possibles a les que es donen en l\u2019entorn laboral.<\/li>\n<\/ul>\n<p>Podeu consultar aqu\u00ed el <a href=\"https:\/\/agora.xtec.cat\/ins-esport\/wp-content\/uploads\/usu2109\/2024\/04\/PEC.pdf\" target=\"_blank\" rel=\"noopener noreferrer\">Projecte educatiu de centre<\/a>.<\/p>\n<p><a href=\"#_ftnref1\" name=\"_ftn1\"><\/a><\/p>\n","protected":false},"excerpt":{"rendered":"<p>L\u2019Institut de l\u2019Esport de Barcelona ha iniciat la seva activitat el Curs 2020-2021 com a centre especialitzat en els ensenyaments postobligatoris de la Fam\u00edlia d\u2019Activitats f\u00edsiques.<br \/>\nLa creaci\u00f3 d\u2019un centre referent de l\u2019activitat f\u00edsica i l\u2019esport vol potenciar l\u2019oferta de l\u2019Ensenyament p\u00fablic en aquest \u00e0mbit i&hellip;  <a href=\"https:\/\/agora.xtec.cat\/ins-esport\/l-institut\/organitzacio\/pec\/\" title=\"Read PEC\">Llegeix m\u00e9s\u00bb<\/a><\/p>\n","protected":false},"author":1,"featured_media":0,"parent":306,"menu_order":1,"comment_status":"closed","ping_status":"closed","template":"page-templates\/side-menu.php","meta":{"_bbp_topic_count":0,"_bbp_reply_count":0,"_bbp_total_topic_count":0,"_bbp_total_reply_count":0,"_bbp_voice_count":0,"_bbp_anonymous_reply_count":0,"_bbp_topic_count_hidden":0,"_bbp_reply_count_hidden":0,"_bbp_forum_subforum_count":0,"footnotes":""},"class_list":["post-8533","page","type-page","status-publish","hentry"],"post_mailing_queue_ids":[],"_links":{"self":[{"href":"https:\/\/agora.xtec.cat\/ins-esport\/wp-json\/wp\/v2\/pages\/8533","targetHints":{"allow":["GET"]}}],"collection":[{"href":"https:\/\/agora.xtec.cat\/ins-esport\/wp-json\/wp\/v2\/pages"}],"about":[{"href":"https:\/\/agora.xtec.cat\/ins-esport\/wp-json\/wp\/v2\/types\/page"}],"author":[{"embeddable":true,"href":"https:\/\/agora.xtec.cat\/ins-esport\/wp-json\/wp\/v2\/users\/1"}],"replies":[{"embeddable":true,"href":"https:\/\/agora.xtec.cat\/ins-esport\/wp-json\/wp\/v2\/comments?post=8533"}],"version-history":[{"count":4,"href":"https:\/\/agora.xtec.cat\/ins-esport\/wp-json\/wp\/v2\/pages\/8533\/revisions"}],"predecessor-version":[{"id":13375,"href":"https:\/\/agora.xtec.cat\/ins-esport\/wp-json\/wp\/v2\/pages\/8533\/revisions\/13375"}],"up":[{"embeddable":true,"href":"https:\/\/agora.xtec.cat\/ins-esport\/wp-json\/wp\/v2\/pages\/306"}],"wp:attachment":[{"href":"https:\/\/agora.xtec.cat\/ins-esport\/wp-json\/wp\/v2\/media?parent=8533"}],"curies":[{"name":"wp","href":"https:\/\/api.w.org\/{rel}","templated":true}]}}