{"id":8530,"date":"2020-04-02T10:22:06","date_gmt":"2020-04-02T08:22:06","guid":{"rendered":"https:\/\/agora.xtec.cat\/ins-esport\/?page_id=8530"},"modified":"2026-01-09T18:55:28","modified_gmt":"2026-01-09T17:55:28","slug":"nofc","status":"publish","type":"page","link":"https:\/\/agora.xtec.cat\/ins-esport\/l-institut\/organitzacio\/nofc\/","title":{"rendered":"NOFC"},"content":{"rendered":"<p><img loading=\"lazy\" decoding=\"async\" class=\"alignnone size-full wp-image-13371\" src=\"https:\/\/agora.xtec.cat\/ins-esport\/wp-content\/uploads\/usu2109\/2024\/04\/NOFC.png\" alt=\"\" width=\"987\" height=\"60\" srcset=\"https:\/\/agora.xtec.cat\/ins-esport\/wp-content\/uploads\/usu2109\/2024\/04\/NOFC.png 987w, https:\/\/agora.xtec.cat\/ins-esport\/wp-content\/uploads\/usu2109\/2024\/04\/NOFC-300x18.png 300w, https:\/\/agora.xtec.cat\/ins-esport\/wp-content\/uploads\/usu2109\/2024\/04\/NOFC-768x47.png 768w\" sizes=\"auto, (max-width: 987px) 100vw, 987px\" \/><\/p>\n<p style=\"text-align: justify;\">El Projecte educatiu del nostre Institut es centra en la voluntat d\u2019orientar les formacions a l\u2019assoliment d\u2019una manera d\u2019entendre la tasca professional dels t\u00e8cnics i les t\u00e8cniques, que vagi m\u00e9s enll\u00e0 del seu paper de transmissors de t\u00e8cniques esportives i els defineixi com a persones educadores i prescriptores de salut mitjan\u00e7ant l\u2019activitat f\u00edsica i l\u2019esport.<\/p>\n<p style=\"text-align: justify;\">Per aconseguir aquest objectiu, el projecte n\u2019estableix les directrius que el defineixen com a centre inclusiu , facilitador de l\u2019aprenentatge , innovador i obert a la comunitat .<\/p>\n<p style=\"text-align: justify;\">Amb la intenci\u00f3 de fer possible la consecuci\u00f3 d\u2019aquest objectiu i el desenvolupament d\u2019aquests trets definitoris, s&#8217;estableixen aquestes normes d\u2019organitzaci\u00f3 i funcionament del centre, que han d\u2019establir els mecanismes que regulin els diferents aspectes de la gesti\u00f3 di\u00e0ria de l\u2019Institut, tenint-los sempre presents.<\/p>\n<p style=\"text-align: justify;\">La seva redacci\u00f3 inicial, que es recull en <a href=\"https:\/\/drive.google.com\/file\/d\/1JPrRDLeYC7KIfjCpPeEO9vt1MfxkVhbB\/view?usp=sharing\" target=\"_blank\" rel=\"noopener\"><strong>aquest document<\/strong><\/a>, ha estat formulada per l\u2019equip directiu amb la intenci\u00f3 d\u2019establir un punt de partida i possibilitar la organitzaci\u00f3 del centre en els seus inicis, per\u00f2 establint tamb\u00e9 el procediment que fomenti i garanteixi la participaci\u00f3 de la comunitat escolar en la seva valoraci\u00f3, aprovaci\u00f3 i revisi\u00f3 peri\u00f2dica.<\/p>\n","protected":false},"excerpt":{"rendered":"<p>El Projecte educatiu del nostre Institut es centra en la voluntat d\u2019orientar les formacions a l\u2019assoliment d\u2019una manera d\u2019entendre la tasca professional dels t\u00e8cnics i les t\u00e8cniques, que vagi m\u00e9s enll\u00e0 del seu paper de transmissors de t\u00e8cniques esportives i els defineixi com a persones&hellip;  <a href=\"https:\/\/agora.xtec.cat\/ins-esport\/l-institut\/organitzacio\/nofc\/\" title=\"Read NOFC\">Llegeix m\u00e9s\u00bb<\/a><\/p>\n","protected":false},"author":1,"featured_media":0,"parent":306,"menu_order":2,"comment_status":"closed","ping_status":"closed","template":"page-templates\/side-menu.php","meta":{"_bbp_topic_count":0,"_bbp_reply_count":0,"_bbp_total_topic_count":0,"_bbp_total_reply_count":0,"_bbp_voice_count":0,"_bbp_anonymous_reply_count":0,"_bbp_topic_count_hidden":0,"_bbp_reply_count_hidden":0,"_bbp_forum_subforum_count":0,"footnotes":""},"class_list":["post-8530","page","type-page","status-publish","hentry"],"post_mailing_queue_ids":[],"_links":{"self":[{"href":"https:\/\/agora.xtec.cat\/ins-esport\/wp-json\/wp\/v2\/pages\/8530","targetHints":{"allow":["GET"]}}],"collection":[{"href":"https:\/\/agora.xtec.cat\/ins-esport\/wp-json\/wp\/v2\/pages"}],"about":[{"href":"https:\/\/agora.xtec.cat\/ins-esport\/wp-json\/wp\/v2\/types\/page"}],"author":[{"embeddable":true,"href":"https:\/\/agora.xtec.cat\/ins-esport\/wp-json\/wp\/v2\/users\/1"}],"replies":[{"embeddable":true,"href":"https:\/\/agora.xtec.cat\/ins-esport\/wp-json\/wp\/v2\/comments?post=8530"}],"version-history":[{"count":6,"href":"https:\/\/agora.xtec.cat\/ins-esport\/wp-json\/wp\/v2\/pages\/8530\/revisions"}],"predecessor-version":[{"id":15091,"href":"https:\/\/agora.xtec.cat\/ins-esport\/wp-json\/wp\/v2\/pages\/8530\/revisions\/15091"}],"up":[{"embeddable":true,"href":"https:\/\/agora.xtec.cat\/ins-esport\/wp-json\/wp\/v2\/pages\/306"}],"wp:attachment":[{"href":"https:\/\/agora.xtec.cat\/ins-esport\/wp-json\/wp\/v2\/media?parent=8530"}],"curies":[{"name":"wp","href":"https:\/\/api.w.org\/{rel}","templated":true}]}}