{"id":8510,"date":"2020-04-01T20:11:59","date_gmt":"2020-04-01T18:11:59","guid":{"rendered":"https:\/\/agora.xtec.cat\/ins-esport\/?page_id=8510"},"modified":"2022-02-09T13:29:12","modified_gmt":"2022-02-09T12:29:12","slug":"erasmus","status":"publish","type":"page","link":"https:\/\/agora.xtec.cat\/ins-esport\/projectes\/erasmus\/","title":{"rendered":"Erasmus+"},"content":{"rendered":"<h4><img loading=\"lazy\" decoding=\"async\" class=\"alignnone size-full wp-image-9720\" src=\"https:\/\/agora.xtec.cat\/ins-esport\/wp-content\/uploads\/usu2109\/2021\/04\/Mobilitat.png\" alt=\"\" width=\"987\" height=\"60\" srcset=\"https:\/\/agora.xtec.cat\/ins-esport\/wp-content\/uploads\/usu2109\/2021\/04\/Mobilitat.png 987w, https:\/\/agora.xtec.cat\/ins-esport\/wp-content\/uploads\/usu2109\/2021\/04\/Mobilitat-300x18.png 300w, https:\/\/agora.xtec.cat\/ins-esport\/wp-content\/uploads\/usu2109\/2021\/04\/Mobilitat-768x47.png 768w\" sizes=\"auto, (max-width: 987px) 100vw, 987px\" \/><\/h4>\n<h4 style=\"text-align: right;\"><span style=\"color: #3366ff;\"><strong><a href=\"https:\/\/agora.xtec.cat\/ins-esport\/wp-content\/uploads\/usu2109\/2021\/04\/Erasmus-Charter-for-Higher-Education_signed.pdf\" target=\"_blank\" rel=\"noopener noreferrer\"><img loading=\"lazy\" decoding=\"async\" class=\"alignnone size-large wp-image-9721\" src=\"https:\/\/agora.xtec.cat\/ins-esport\/wp-content\/uploads\/usu2109\/2021\/04\/Carta_Erasmus-1024x426.jpg\" alt=\"\" width=\"1024\" height=\"426\" srcset=\"https:\/\/agora.xtec.cat\/ins-esport\/wp-content\/uploads\/usu2109\/2021\/04\/Carta_Erasmus.jpg 1024w, https:\/\/agora.xtec.cat\/ins-esport\/wp-content\/uploads\/usu2109\/2021\/04\/Carta_Erasmus-300x125.jpg 300w, https:\/\/agora.xtec.cat\/ins-esport\/wp-content\/uploads\/usu2109\/2021\/04\/Carta_Erasmus-768x320.jpg 768w\" sizes=\"auto, (max-width: 1024px) 100vw, 1024px\" \/><\/a><\/strong><\/span><\/h4>\n<div>PIC:\u00a0<strong>895432609<\/strong><\/div>\n<p><span class=\"il\">ECHE<\/span>:\u00a0<strong>E BARCELO249<br \/>\n<\/strong>Codi OID <strong>E10249541<\/strong><\/p>\n<p style=\"text-align: justify;\">L&#8217;Institut t\u00e9 des de bon comen\u00e7ament la intenci\u00f3 d&#8217;organitzar intercanvis amb altres centres d&#8217;educaci\u00f3 superior europeus que ofereixin formacions relacionades amb l&#8217;activitat f\u00edsica, amb l&#8217;objectiu de desenvolupar l&#8217;esperit internacional del projecte:<\/p>\n<ul>\n<li style=\"text-align: justify;\">contribuint a assolir els acords necessaris per a endegar programes de mobilitat internacional.<\/li>\n<li style=\"text-align: justify;\">intercanviant experi\u00e8ncies entre el professorat per tal de millorar continguts i metodologies.<\/li>\n<li>establint intercanvis regulars d&#8217;alumnat i professorat amb diferents centres<\/li>\n<li style=\"text-align: justify;\">generant contactes amb empreses d&#8217;altres pa\u00efsos europeus on l&#8217;alumnat pugui realitzar part de la seva formaci\u00f3 en centres de treball (FCT) i obrir les seves perspectives laborals m\u00e9s enll\u00e0 de les nostres fronteres.<\/li>\n<\/ul>\n<p style=\"text-align: justify;\">Les diferents formacions, preparen els futurs t\u00e8cnics i les futures t\u00e8cniques per treballar en un ampli ventall de professions que tenen un important bagatge internacional, com l&#8217;animaci\u00f3 i l&#8217;entrenament esportiu, l&#8217;animaci\u00f3 tur\u00edstica, la direcci\u00f3 d&#8217;activitats de lleure, la preparaci\u00f3 f\u00edsica o l&#8217;entrenament personal. Per aix\u00f2 un dels principals objectius del projecte educatiu de l&#8217;Institut \u00e9s la promoci\u00f3 de les relacions internacionals.<\/p>\n<p style=\"text-align: justify;\">La intenci\u00f3 a m\u00e9s llarg termini \u00e9s crear una xarxa europea de centres de formaci\u00f3 professional i ensenyaments superiors relacionats amb l&#8217;activitat f\u00edsica i l&#8217;esport que, a m\u00e9s de l&#8217;intercanvi d&#8217;alumnat i professorat promogui l&#8217;aprenentatge rec\u00edproc de coneixements, programes i m\u00e8todes de treball.<\/p>\n<p><img loading=\"lazy\" decoding=\"async\" class=\"alignnone size-full wp-image-9724\" src=\"https:\/\/agora.xtec.cat\/ins-esport\/wp-content\/uploads\/usu2109\/2021\/04\/Mobility.png\" alt=\"\" width=\"987\" height=\"60\" srcset=\"https:\/\/agora.xtec.cat\/ins-esport\/wp-content\/uploads\/usu2109\/2021\/04\/Mobility.png 987w, https:\/\/agora.xtec.cat\/ins-esport\/wp-content\/uploads\/usu2109\/2021\/04\/Mobility-300x18.png 300w, https:\/\/agora.xtec.cat\/ins-esport\/wp-content\/uploads\/usu2109\/2021\/04\/Mobility-768x47.png 768w\" sizes=\"auto, (max-width: 987px) 100vw, 987px\" \/><\/p>\n<p style=\"text-align: justify;\">The School arises with the aim of organizing exchanges with other High Education Institutions offering formations related to physical activity in other European countries becomes one of the most important means to develop the highlighted goals related to the international policy of the school.<br \/>\n\u2022 It will help to get the necessary expertise to start up mobility programs for our students.<br \/>\n\u2022 Exchange experiences between teachers and optimize contents and strategies of formation.<br \/>\n\u2022 Built up periodic and recurring exchanges of students and teachers on a yearly base with some schools.<br \/>\n\u2022 Establish contact with companies in other EU countries to organize practical courses for students and network for finding jobs after finishing studies.<br \/>\nThe different formations will prepare students to work in a varied branch of professional fields, like team-management and training, tourism, summer-camps, sports-economics, fitness-coaching,\u2026All these branches are highly related to international ambits.<br \/>\nTherefore one of the core goals of the new school is to promote an international ambit as part of the educational program.<br \/>\nOn a more long-term place we are aiming to build up a European Network of HEIs offering VET formations in sport with a regular exchange of students and teachers to take advantage of the knowledge of other similar schools among the EU and learn from each other.<\/p>\n","protected":false},"excerpt":{"rendered":"<p><a href=\"https:\/\/agora.xtec.cat\/ins-esport\/wp-content\/uploads\/usu2109\/2021\/04\/Erasmus-Charter-for-Higher-Education_signed.pdf\" target=\"_blank\" rel=\"noopener noreferrer\"><\/a><br \/>\nPIC:\u00a0895432609<br \/>\nECHE:\u00a0E BARCELO249<br \/>\nCodi OID E10249541<br \/>\nL&#8217;Institut t\u00e9 des de bon comen\u00e7ament la intenci\u00f3 d&#8217;organitzar intercanvis amb altres centres d&#8217;educaci\u00f3 superior europeus que ofereixin formacions relacionades amb l&#8217;activitat f\u00edsica, amb l&#8217;objectiu de desenvolupar l&#8217;esperit internacional del projecte:<\/p>\n<ul>\n<li style=\"text-align: justify;\">contribuint a assolir els acords necessaris&hellip;  <a href=\"https:\/\/agora.xtec.cat\/ins-esport\/projectes\/erasmus\/\" title=\"Read Erasmus+\">Llegeix m\u00e9s\u00bb<\/a><br \/>\n","protected":false},"author":1,"featured_media":0,"parent":8388,"menu_order":4,"comment_status":"closed","ping_status":"closed","template":"page-templates\/side-menu.php","meta":{"_bbp_topic_count":0,"_bbp_reply_count":0,"_bbp_total_topic_count":0,"_bbp_total_reply_count":0,"_bbp_voice_count":0,"_bbp_anonymous_reply_count":0,"_bbp_topic_count_hidden":0,"_bbp_reply_count_hidden":0,"_bbp_forum_subforum_count":0,"footnotes":""},"class_list":["post-8510","page","type-page","status-publish","hentry"],"post_mailing_queue_ids":[],"_links":{"self":[{"href":"https:\/\/agora.xtec.cat\/ins-esport\/wp-json\/wp\/v2\/pages\/8510","targetHints":{"allow":["GET"]}}],"collection":[{"href":"https:\/\/agora.xtec.cat\/ins-esport\/wp-json\/wp\/v2\/pages"}],"about":[{"href":"https:\/\/agora.xtec.cat\/ins-esport\/wp-json\/wp\/v2\/types\/page"}],"author":[{"embeddable":true,"href":"https:\/\/agora.xtec.cat\/ins-esport\/wp-json\/wp\/v2\/users\/1"}],"replies":[{"embeddable":true,"href":"https:\/\/agora.xtec.cat\/ins-esport\/wp-json\/wp\/v2\/comments?post=8510"}],"version-history":[{"count":3,"href":"https:\/\/agora.xtec.cat\/ins-esport\/wp-json\/wp\/v2\/pages\/8510\/revisions"}],"predecessor-version":[{"id":10614,"href":"https:\/\/agora.xtec.cat\/ins-esport\/wp-json\/wp\/v2\/pages\/8510\/revisions\/10614"}],"up":[{"embeddable":true,"href":"https:\/\/agora.xtec.cat\/ins-esport\/wp-json\/wp\/v2\/pages\/8388"}],"wp:attachment":[{"href":"https:\/\/agora.xtec.cat\/ins-esport\/wp-json\/wp\/v2\/media?parent=8510"}],"curies":[{"name":"wp","href":"https:\/\/api.w.org\/{rel}","templated":true}]}}