{"id":806,"date":"2015-11-28T21:29:55","date_gmt":"2015-11-28T20:29:55","guid":{"rendered":"http:\/\/agora.xtec.cat\/ins-esport\/?page_id=806"},"modified":"2024-07-29T16:59:59","modified_gmt":"2024-07-29T14:59:59","slug":"l-institut","status":"publish","type":"page","link":"https:\/\/agora.xtec.cat\/ins-esport\/l-institut\/","title":{"rendered":"L&#8217;Institut"},"content":{"rendered":"<p style=\"text-align: justify;\">L&#8217;institut de l&#8217;Esport de Barcelona \u00e9s un centre p\u00fablic de Formaci\u00f3 professional que ofereix les formacions de la fam\u00edlia professional d&#8217;Activitats f\u00edsiques.<\/p>\n<p style=\"text-align: justify;\">L\u2019institut va comen\u00e7ar la seva activitat el curs 2020-21 amb una oferta que ha anat creixent i ho seguir\u00e0 fent al llarg dels propers cursos fins a abastar la majoria de les formacions de postobligat\u00f2ria d\u2019Activitats f\u00edsiques i esportives i que, per al curs 2024-25, \u00e9s la seg\u00fcent:<\/p>\n<ul>\n<li>Itinerari Formatiu Espec\u00edfic:\u00a0<strong><a href=\"https:\/\/agora.xtec.cat\/ins-esport\/categoria\/formacio\/ife\/\"><span class=\"link\">Auxiliar de manteniment d\u2019Instal\u00b7lacions esportives<\/span><\/a><\/strong>:<br \/>\nFormaci\u00f3 de 3.360 hores distribu\u00efda en 4 cursos acad\u00e8mics.<\/li>\n<li><a href=\"https:\/\/agora.xtec.cat\/ins-esport\/categoria\/estudis\/futbol\/\"><span class=\"link\">T\u00e8cnic\/a esportiu\/iva en <strong>Futbol<\/strong><\/span><\/a>: Nivell 1 (455 hores) i Nivell 2 (565 hores).<br \/>\nImpartits en dos formats:<\/p>\n<ul>\n<li>Intensiu en torn de mat\u00ed (2 nivells en un sol curs)<\/li>\n<li>Extensiu en torn de tarda (1 nivell cada curs)<\/li>\n<\/ul>\n<\/li>\n<li><a href=\"https:\/\/agora.xtec.cat\/ins-esport\/categoria\/estudis\/esqui\/\"><span class=\"link\">T\u00e8cnic\/a esportiu\/iva en <strong>Esqu\u00ed<\/strong><\/span><\/a>: Nivell 1 (465 hores) i Nivell 2 (620 hores)<\/li>\n<li><a href=\"https:\/\/agora.xtec.cat\/ins-esport\/categoria\/estudis\/escalada\/\"><span class=\"link\">T\u00e8cnic\/a esportiu\/iva en <strong>Escalada<\/strong><\/span><\/a>: Cicle inicial &#8211; Senderisme (570 hores) i Cicle final (1.005 hores)<\/li>\n<li><a href=\"https:\/\/agora.xtec.cat\/ins-esport\/categoria\/estudis\/muntanya\/\"><span class=\"link\">T\u00e8cnic\/a esportiu\/iva en <strong>Muntanya mitjana<\/strong><\/span><\/a>: Cicle inicial &#8211; Senderisme (570 hores) i Cicle final (690 hores)<\/li>\n<li>Cicle formatiu de grau mitj\u00e0 en\u00a0<strong><a href=\"https:\/\/agora.xtec.cat\/ins-esport\/categoria\/estudis\/guia_mn\/\"><span class=\"link\">Guia en el medi natural i el lleure<\/span><\/a><\/strong><br \/>\nFormaci\u00f3 de 2.000 hores impartida en dos cursos acad\u00e8mics.<\/li>\n<li>Cicle formatiu de grau superior en <strong><a href=\"https:\/\/agora.xtec.cat\/ins-esport\/categoria\/estudis\/eas\/\"><span class=\"link\">Ensenyament i animaci\u00f3 socioesportiva<\/span><\/a><\/strong>.<br \/>\nFormaci\u00f3 de 2.000 hores distribu\u00efdes en dos cursos acad\u00e8mics.<\/li>\n<li>Cicle formatiu de grau superior en\u00a0<strong><a href=\"https:\/\/agora.xtec.cat\/ins-esport\/categoria\/estudis\/cf\/\"><span class=\"link\">Condicionament f\u00edsic<\/span><\/a><\/strong>.<br \/>\nFormaci\u00f3 de 2.000 hores distribu\u00efdes en dos cursos acad\u00e8mics.<\/li>\n<li>Certificat de professionalitat de <strong><a href=\"https:\/\/agora.xtec.cat\/ins-esport\/categoria\/estudis\/cp-animacio\/cp-musical\/\">Condicionament f\u00edsic en grup amb suport musical<\/a><\/strong>.<br \/>\nFormaci\u00f3 de 590 hores impartides en un sol curs acad\u00e8mic en horari de tarda.<\/li>\n<\/ul>\n<p>Consulteu l&#8217;apartat Institut &gt; Secretaria &gt;<a href=\"https:\/\/agora.xtec.cat\/ins-esport\/secretaria\/preinscripcio-i-matricula\/\" target=\"_blank\" rel=\"noopener noreferrer\"><span class=\"link\"> Preinscripci\u00f3 i matr\u00edcula<\/span><\/a> per tenir el calendari detallat.<\/p>\n<p><img loading=\"lazy\" decoding=\"async\" class=\"alignnone size-full wp-image-13377\" src=\"https:\/\/agora.xtec.cat\/ins-esport\/wp-content\/uploads\/usu2109\/2024\/04\/Spirit.png\" alt=\"\" width=\"987\" height=\"60\" srcset=\"https:\/\/agora.xtec.cat\/ins-esport\/wp-content\/uploads\/usu2109\/2024\/04\/Spirit.png 987w, https:\/\/agora.xtec.cat\/ins-esport\/wp-content\/uploads\/usu2109\/2024\/04\/Spirit-300x18.png 300w, https:\/\/agora.xtec.cat\/ins-esport\/wp-content\/uploads\/usu2109\/2024\/04\/Spirit-768x47.png 768w\" sizes=\"auto, (max-width: 987px) 100vw, 987px\" \/><\/p>\n<p style=\"text-align: justify;\">The Institut de l&#8217;Esport de Barcelona is a public vocational training centre that offers training courses in the physical activities vocation.<\/p>\n<p style=\"text-align: justify;\">The institute began its activity in the academic year 2020-21 with an offer that has been growing and will continue to do so throughout the following academic years until it covers most of the post-compulsory training courses in Physical and Sports Activities, and which, for the academic year 2024-25, is as follows:<\/p>\n<ul>\n<li>Specific training formation as <strong>Sports Facilities Maintenance Assistant<\/strong> (<a href=\"https:\/\/agora.xtec.cat\/ins-esport\/categoria\/formacio\/ife\/\"><span class=\"link\">Auxiliar de manteniment d\u2019Instal\u00b7lacions esportives<\/span><\/a>) \u2013 Level 1 Training of 3.360 hours distributed in 4 academic courses for people with mild and moderate intellectual disabilities.<\/li>\n<li>Sports technician in <strong>Football<\/strong> (<a href=\"https:\/\/agora.xtec.cat\/ins-esport\/categoria\/estudis\/futbol\/\"><span class=\"link\">Futbol<\/span><\/a>) Level 1 (455 hours) and Level 2 (565 hours). Taught in two formats:\n<ul>\n<li>Intensive in the morning (2 levels in a single school year).<\/li>\n<li>Extensive in the afternoon (1 level each school year).<\/li>\n<\/ul>\n<\/li>\n<li>Sports technician in <strong>Ski<\/strong> (<a href=\"https:\/\/agora.xtec.cat\/ins-esport\/categoria\/estudis\/esqui\/\"><span class=\"link\">Esqu\u00ed<\/span><\/a>) Level 1 (465 hours) and Level 2 (620 hours). (1 level each school year).<\/li>\n<li>Sports Technician\u00a0 in <strong>Climbing <\/strong>(<a href=\"https:\/\/agora.xtec.cat\/ins-esport\/categoria\/estudis\/escalada\/\"><span class=\"link\">Escalada<\/span><\/a> ): Initial Cycle &#8211; Hiking (570 hours) and Final Cycle (1.005 hours). (1 level each school year).<\/li>\n<li>Sports technician in <strong>Medium Mountain<\/strong> (<a href=\"https:\/\/agora.xtec.cat\/ins-esport\/categoria\/estudis\/muntanya\/\"><span class=\"link\">Muntanya mitjana<\/span><\/a>) Initial Cycle &#8211; Hiking (570 hours) and Final Cycle (690 hours).(1 level each school year).<\/li>\n<li>Intermediate VET degree in <strong>Guiding in the natural environment and leisure<\/strong> (<a href=\"https:\/\/agora.xtec.cat\/ins-esport\/categoria\/estudis\/guia_mn\/\"><span class=\"link\">Guia en el medi natural i en el lleure<\/span><\/a>). Training of 2.000 hours given in two academic years.<\/li>\n<li>High VET degree in <strong>Social and Sports Education and Animation<\/strong> (<a href=\"https:\/\/agora.xtec.cat\/ins-esport\/categoria\/estudis\/eas\/\"><span class=\"link\">Ensenyament i animaci\u00f3 socioesportiva<\/span><\/a>) Training of 2.000 hours distributed in two academic years.<\/li>\n<li>High VET degree in <strong>Fitness<\/strong> (<a href=\"https:\/\/agora.xtec.cat\/ins-esport\/categoria\/estudis\/cf\/\"><span class=\"link\">Condicionament f\u00edsic<\/span><\/a>) Training of 2.000 hours distributed in two academic years.<\/li>\n<li>Professional Certificate in <strong>Group fitness classes<\/strong> (<a href=\"https:\/\/agora.xtec.cat\/ins-esport\/categoria\/estudis\/cp-animacio\/cp-musical\/\">Condicionament f\u00edsic en grup amb suport musical<\/a>). Training of 590 hours taught in a single academic course in the afternoon.<\/li>\n<\/ul>\n","protected":false},"excerpt":{"rendered":"<p>L&#8217;institut de l&#8217;Esport de Barcelona \u00e9s un centre p\u00fablic de Formaci\u00f3 professional que ofereix les formacions de la fam\u00edlia professional d&#8217;Activitats f\u00edsiques.<br \/>\nL\u2019institut va comen\u00e7ar la seva activitat el curs 2020-21 amb una oferta que ha anat creixent i ho seguir\u00e0 fent al llarg dels propers&hellip;  <a href=\"https:\/\/agora.xtec.cat\/ins-esport\/l-institut\/\" title=\"Read L&#8217;Institut\">Llegeix m\u00e9s\u00bb<\/a><\/p>\n","protected":false},"author":1,"featured_media":0,"parent":0,"menu_order":0,"comment_status":"closed","ping_status":"closed","template":"page-templates\/side-menu.php","meta":{"_bbp_topic_count":0,"_bbp_reply_count":0,"_bbp_total_topic_count":0,"_bbp_total_reply_count":0,"_bbp_voice_count":0,"_bbp_anonymous_reply_count":0,"_bbp_topic_count_hidden":0,"_bbp_reply_count_hidden":0,"_bbp_forum_subforum_count":0,"footnotes":""},"class_list":["post-806","page","type-page","status-publish","hentry"],"post_mailing_queue_ids":[],"_links":{"self":[{"href":"https:\/\/agora.xtec.cat\/ins-esport\/wp-json\/wp\/v2\/pages\/806","targetHints":{"allow":["GET"]}}],"collection":[{"href":"https:\/\/agora.xtec.cat\/ins-esport\/wp-json\/wp\/v2\/pages"}],"about":[{"href":"https:\/\/agora.xtec.cat\/ins-esport\/wp-json\/wp\/v2\/types\/page"}],"author":[{"embeddable":true,"href":"https:\/\/agora.xtec.cat\/ins-esport\/wp-json\/wp\/v2\/users\/1"}],"replies":[{"embeddable":true,"href":"https:\/\/agora.xtec.cat\/ins-esport\/wp-json\/wp\/v2\/comments?post=806"}],"version-history":[{"count":5,"href":"https:\/\/agora.xtec.cat\/ins-esport\/wp-json\/wp\/v2\/pages\/806\/revisions"}],"predecessor-version":[{"id":13719,"href":"https:\/\/agora.xtec.cat\/ins-esport\/wp-json\/wp\/v2\/pages\/806\/revisions\/13719"}],"wp:attachment":[{"href":"https:\/\/agora.xtec.cat\/ins-esport\/wp-json\/wp\/v2\/media?parent=806"}],"curies":[{"name":"wp","href":"https:\/\/api.w.org\/{rel}","templated":true}]}}