{"id":797,"date":"2015-11-28T21:06:57","date_gmt":"2015-11-28T20:06:57","guid":{"rendered":"http:\/\/agora.xtec.cat\/ins-esport\/?page_id=797"},"modified":"2025-03-16T14:28:53","modified_gmt":"2025-03-16T13:28:53","slug":"presentacio","status":"publish","type":"page","link":"https:\/\/agora.xtec.cat\/ins-esport\/l-institut\/presentacio\/","title":{"rendered":"Presentaci\u00f3"},"content":{"rendered":"<p style=\"text-align: justify;\">L&#8217;institut de l&#8217;Esport de Barcelona \u00e9s un centre p\u00fablic de Formaci\u00f3 professional que ofereix les formacions de la fam\u00edlia professional d&#8217;Activitats f\u00edsiques.<\/p>\n<p style=\"text-align: justify;\">L\u2019institut va comen\u00e7ar la seva activitat el curs 2020-21 amb una oferta que ha anat creixent i ho seguir\u00e0 fent al llarg dels propers cursos fins a abastar la majoria de les formacions de postobligat\u00f2ria d\u2019Activitats f\u00edsiques i esportives i que, per al curs 2025-26, \u00e9s la seg\u00fcent:<\/p>\n<ul>\n<li>Itinerari Formatiu Espec\u00edfic (IFE): <strong><a href=\"https:\/\/agora.xtec.cat\/ins-esport\/categoria\/formacio\/ife\/\"><span class=\"link\">Auxiliar de manteniment d\u2019Instal\u00b7lacions esportives<\/span><\/a><\/strong>:<br \/>\nFormaci\u00f3 de 3.360 hores distribu\u00efda en 4 cursos acad\u00e8mics.<\/li>\n<li>Programa de Formaci\u00f3 i Inserci\u00f3 (PFI): <strong><a href=\"https:\/\/agora.xtec.cat\/ins-esport\/categoria\/estudis\/pfi\/\">Auxiliar de Suport a les persones en activitats socioesportives<\/a><\/strong>.<br \/>\nFormaci\u00f3 de 1.000 hores impartida en un curs acad\u00e8mic, per a persones que no han obtingut el graduat de l&#8217;ESO.<\/li>\n<li><a href=\"https:\/\/agora.xtec.cat\/ins-esport\/categoria\/estudis\/futbol\/\"><span class=\"link\">T\u00e8cnic\/a esportiu\/iva en <strong>Futbol<\/strong><\/span><\/a>: Nivell 1 (455 hores) i Nivell 2 (565 hores).<br \/>\nImpartits en dos formats:<\/p>\n<ul>\n<li>Intensiu en torn de mat\u00ed (2 nivells en un sol curs)<\/li>\n<li>Extensiu en torn de tarda (1 nivell cada curs)<\/li>\n<\/ul>\n<\/li>\n<li><a href=\"https:\/\/agora.xtec.cat\/ins-esport\/categoria\/estudis\/esqui\/\"><span class=\"link\">T\u00e8cnic\/a esportiu\/iva en <strong>Esqu\u00ed<\/strong><\/span><\/a>: Nivell 1 (465 hores) i Nivell 2 (620 hores)<\/li>\n<li><a href=\"https:\/\/agora.xtec.cat\/ins-esport\/categoria\/estudis\/escalada\/\"><span class=\"link\">T\u00e8cnic\/a esportiu\/iva en <strong>Escalada<\/strong><\/span><\/a>: Cicle inicial &#8211; Senderisme (570 hores) i Cicle final (1.005 hores)<\/li>\n<li><a href=\"https:\/\/agora.xtec.cat\/ins-esport\/categoria\/estudis\/muntanya\/\"><span class=\"link\">T\u00e8cnic\/a esportiu\/iva en <strong>Muntanya mitjana<\/strong><\/span><\/a>: Cicle inicial &#8211; Senderisme (570 hores) i Cicle final (690 hores)<\/li>\n<li>Cicle formatiu de grau mitj\u00e0 en\u00a0<strong><a href=\"https:\/\/agora.xtec.cat\/ins-esport\/categoria\/estudis\/guia_mn\/\"><span class=\"link\">Guia en el medi natural i el lleure<\/span><\/a><\/strong><br \/>\nFormaci\u00f3 de 2.000 hores impartida en dos cursos acad\u00e8mics.<\/li>\n<li>Cicle formatiu de grau superior en <strong><a href=\"https:\/\/agora.xtec.cat\/ins-esport\/categoria\/estudis\/eas\/\"><span class=\"link\">Ensenyament i animaci\u00f3 socioesportiva<\/span><\/a><\/strong>.<br \/>\nFormaci\u00f3 de 2.000 hores distribu\u00efdes en dos cursos acad\u00e8mics.<\/li>\n<li>Cicle formatiu de grau superior en\u00a0<strong><a href=\"https:\/\/agora.xtec.cat\/ins-esport\/categoria\/estudis\/cf\/\"><span class=\"link\">Condicionament f\u00edsic<\/span><\/a><\/strong>.<br \/>\nFormaci\u00f3 de 2.000 hores distribu\u00efdes en dos cursos acad\u00e8mics.<\/li>\n<li>Certificat de professionalitat de <strong><a href=\"https:\/\/agora.xtec.cat\/ins-esport\/categoria\/estudis\/cp-socorrisme\/\">Socorrisme en instal\u00b7lacions aqu\u00e0tiques<\/a><\/strong>.<br \/>\nFormaci\u00f3 de 370 hores impartides en un sol curs acad\u00e8mic en horari de tarda per a persones en situaci\u00f3 d&#8217;atur.<\/li>\n<\/ul>\n<p>Consulteu l&#8217;apartat Institut &gt; Secretaria &gt;<a href=\"https:\/\/agora.xtec.cat\/ins-esport\/secretaria\/preinscripcio-i-matricula\/\" target=\"_blank\" rel=\"noopener noreferrer\"><span class=\"link\"> Preinscripci\u00f3 i matr\u00edcula<\/span><\/a> per tenir el calendari detallat.<\/p>\n<p><img loading=\"lazy\" decoding=\"async\" class=\"alignnone size-full wp-image-13377\" src=\"https:\/\/agora.xtec.cat\/ins-esport\/wp-content\/uploads\/usu2109\/2024\/04\/Spirit.png\" alt=\"\" width=\"987\" height=\"60\" srcset=\"https:\/\/agora.xtec.cat\/ins-esport\/wp-content\/uploads\/usu2109\/2024\/04\/Spirit.png 987w, https:\/\/agora.xtec.cat\/ins-esport\/wp-content\/uploads\/usu2109\/2024\/04\/Spirit-300x18.png 300w, https:\/\/agora.xtec.cat\/ins-esport\/wp-content\/uploads\/usu2109\/2024\/04\/Spirit-768x47.png 768w\" sizes=\"auto, (max-width: 987px) 100vw, 987px\" \/><\/p>\n<p style=\"text-align: justify;\">The Institut de l&#8217;Esport de Barcelona is a public vocational training centre that offers training courses in the physical activities vocation.<\/p>\n<p style=\"text-align: justify;\">The institute began its activity in the academic year 2020-21 with an offer that has been growing and will continue to do so throughout the following academic years until it covers most of the post-compulsory training courses in Physical and Sports Activities, and which, for the academic year 2025-26, is as follows:<\/p>\n<ul>\n<li>Specific training formation as <strong>Sports Facilities Maintenance Assistant<\/strong> (<a href=\"https:\/\/agora.xtec.cat\/ins-esport\/categoria\/formacio\/ife\/\"><span class=\"link\">Auxiliar de manteniment d\u2019Instal\u00b7lacions esportives<\/span><\/a>) \u2013 Level 1 Training of 3.360 hours distributed in 4 academic courses for people with mild and moderate intellectual disabilities.<\/li>\n<li>Training and Integration Programme (PFI): <strong>Support assistant for people in social and sports activities <\/strong>(<a href=\"https:\/\/agora.xtec.cat\/ins-esport\/categoria\/estudis\/pfi\/\">Auxiliar de Suport a les persones en activitats socioesportives<\/a>).<br \/>\nTraining of 1,000 hours in one academic year for people who have not obtained the ESO diploma.<\/li>\n<li>Sports technician in <strong>Football<\/strong> (<a href=\"https:\/\/agora.xtec.cat\/ins-esport\/categoria\/estudis\/futbol\/\"><span class=\"link\">Futbol<\/span><\/a>) Level 1 (455 hours) and Level 2 (565 hours). Taught in two formats:\n<ul>\n<li>Intensive in the morning (2 levels in a single school year).<\/li>\n<li>Extensive in the afternoon (1 level each school year).<\/li>\n<\/ul>\n<\/li>\n<li>Sports technician in <strong>Ski<\/strong> (<a href=\"https:\/\/agora.xtec.cat\/ins-esport\/categoria\/estudis\/esqui\/\"><span class=\"link\">Esqu\u00ed<\/span><\/a>) Level 1 (465 hours) and Level 2 (620 hours). (1 level each school year).<\/li>\n<li>Sports Technician\u00a0 in <strong>Climbing <\/strong>(<a href=\"https:\/\/agora.xtec.cat\/ins-esport\/categoria\/estudis\/escalada\/\"><span class=\"link\">Escalada<\/span><\/a> ): Initial Cycle &#8211; Hiking (570 hours) and Final Cycle (1.005 hours). (1 level each school year).<\/li>\n<li>Sports technician in <strong>Medium Mountain<\/strong> (<a href=\"https:\/\/agora.xtec.cat\/ins-esport\/categoria\/estudis\/muntanya\/\"><span class=\"link\">Muntanya mitjana<\/span><\/a>) Initial Cycle &#8211; Hiking (570 hours) and Final Cycle (690 hours).(1 level each school year).<\/li>\n<li>Intermediate VET degree in <strong>Guiding in the natural environment and leisure<\/strong> (<a href=\"https:\/\/agora.xtec.cat\/ins-esport\/categoria\/estudis\/guia_mn\/\"><span class=\"link\">Guia en el medi natural i en el lleure<\/span><\/a>). Training of 2.000 hours given in two academic years.<\/li>\n<li>High VET degree in <strong>Social and Sports Education and Animation<\/strong> (<a href=\"https:\/\/agora.xtec.cat\/ins-esport\/categoria\/estudis\/eas\/\"><span class=\"link\">Ensenyament i animaci\u00f3 socioesportiva<\/span><\/a>) Training of 2.000 hours distributed in two academic years.<\/li>\n<li>High VET degree in <strong>Fitness<\/strong> (<a href=\"https:\/\/agora.xtec.cat\/ins-esport\/categoria\/estudis\/cf\/\"><span class=\"link\">Condicionament f\u00edsic<\/span><\/a>) Training of 2.000 hours distributed in two academic years.<\/li>\n<li>Professional Certificate in <strong>Lifeguarding in water sports facilities<\/strong>. (<a href=\"https:\/\/agora.xtec.cat\/ins-esport\/categoria\/estudis\/cp-socorrisme\/\">Socorrisme en instal\u00b7lacions aqu\u00e0tiques<\/a>). Training of 370 hours taught in a single academic course in the afternoon for unemployed people.<\/li>\n<\/ul>\n","protected":false},"excerpt":{"rendered":"<p>L&#8217;institut de l&#8217;Esport de Barcelona \u00e9s un centre p\u00fablic de Formaci\u00f3 professional que ofereix les formacions de la fam\u00edlia professional d&#8217;Activitats f\u00edsiques.<br \/>\nL\u2019institut va comen\u00e7ar la seva activitat el curs 2020-21 amb una oferta que ha anat creixent i ho seguir\u00e0 fent al llarg dels propers&hellip;  <a href=\"https:\/\/agora.xtec.cat\/ins-esport\/l-institut\/presentacio\/\" title=\"Read Presentaci\u00f3\">Llegeix m\u00e9s\u00bb<\/a><\/p>\n","protected":false},"author":1,"featured_media":0,"parent":806,"menu_order":1,"comment_status":"closed","ping_status":"closed","template":"page-templates\/side-menu.php","meta":{"_bbp_topic_count":0,"_bbp_reply_count":0,"_bbp_total_topic_count":0,"_bbp_total_reply_count":0,"_bbp_voice_count":0,"_bbp_anonymous_reply_count":0,"_bbp_topic_count_hidden":0,"_bbp_reply_count_hidden":0,"_bbp_forum_subforum_count":0,"footnotes":""},"class_list":["post-797","page","type-page","status-publish","hentry"],"post_mailing_queue_ids":[],"_links":{"self":[{"href":"https:\/\/agora.xtec.cat\/ins-esport\/wp-json\/wp\/v2\/pages\/797","targetHints":{"allow":["GET"]}}],"collection":[{"href":"https:\/\/agora.xtec.cat\/ins-esport\/wp-json\/wp\/v2\/pages"}],"about":[{"href":"https:\/\/agora.xtec.cat\/ins-esport\/wp-json\/wp\/v2\/types\/page"}],"author":[{"embeddable":true,"href":"https:\/\/agora.xtec.cat\/ins-esport\/wp-json\/wp\/v2\/users\/1"}],"replies":[{"embeddable":true,"href":"https:\/\/agora.xtec.cat\/ins-esport\/wp-json\/wp\/v2\/comments?post=797"}],"version-history":[{"count":7,"href":"https:\/\/agora.xtec.cat\/ins-esport\/wp-json\/wp\/v2\/pages\/797\/revisions"}],"predecessor-version":[{"id":14348,"href":"https:\/\/agora.xtec.cat\/ins-esport\/wp-json\/wp\/v2\/pages\/797\/revisions\/14348"}],"up":[{"embeddable":true,"href":"https:\/\/agora.xtec.cat\/ins-esport\/wp-json\/wp\/v2\/pages\/806"}],"wp:attachment":[{"href":"https:\/\/agora.xtec.cat\/ins-esport\/wp-json\/wp\/v2\/media?parent=797"}],"curies":[{"name":"wp","href":"https:\/\/api.w.org\/{rel}","templated":true}]}}