{"id":572,"date":"2015-11-26T21:44:54","date_gmt":"2015-11-26T20:44:54","guid":{"rendered":"http:\/\/agora.xtec.cat\/ins-esport\/?page_id=572"},"modified":"2025-03-05T18:27:47","modified_gmt":"2025-03-05T17:27:47","slug":"te","status":"publish","type":"page","link":"https:\/\/agora.xtec.cat\/ins-esport\/estudis\/te\/","title":{"rendered":"Ensenyaments esportius"},"content":{"rendered":"<p><img loading=\"lazy\" decoding=\"async\" class=\"alignnone size-full wp-image-8572\" src=\"https:\/\/agora.xtec.cat\/ins-esport\/wp-content\/uploads\/usu2109\/2020\/05\/Tecnic.png\" alt=\"\" width=\"987\" height=\"60\" srcset=\"https:\/\/agora.xtec.cat\/ins-esport\/wp-content\/uploads\/usu2109\/2020\/05\/Tecnic.png 987w, https:\/\/agora.xtec.cat\/ins-esport\/wp-content\/uploads\/usu2109\/2020\/05\/Tecnic-300x18.png 300w, https:\/\/agora.xtec.cat\/ins-esport\/wp-content\/uploads\/usu2109\/2020\/05\/Tecnic-768x47.png 768w\" sizes=\"auto, (max-width: 987px) 100vw, 987px\" \/><\/p>\n<p>A l&#8217;IEB impartim els Ensenyaments esportius de:<\/p>\n<ul>\n<li><strong><a href=\"https:\/\/agora.xtec.cat\/ins-esport\/categoria\/estudis\/escalada\/\">T\u00e8cnica o t\u00e8cnic d&#8217;esport en Escalada<\/a><\/strong><\/li>\n<li><strong><a href=\"https:\/\/agora.xtec.cat\/ins-esport\/categoria\/estudis\/esqui\/\">T\u00e8cnica o t\u00e8cnic d&#8217;esport en Esqu\u00ed alp\u00ed<\/a> <\/strong><\/li>\n<li><strong><a href=\"https:\/\/agora.xtec.cat\/ins-esport\/categoria\/estudis\/futbol\/\">T\u00e8cnica o t\u00e8cnic d&#8217;esport en Futbol<\/a><\/strong><\/li>\n<li><strong><a href=\"https:\/\/agora.xtec.cat\/ins-esport\/categoria\/estudis\/muntanya\/\">T\u00e8cnica o t\u00e8cnic d&#8217;esport en Muntanya mitjana<\/a><\/strong><\/li>\n<\/ul>\n<p style=\"text-align: justify;\"><strong><span style=\"color: #3366ff;\">Descripci\u00f3<\/span><\/strong><\/p>\n<div style=\"float: left; width: 45%;\">\n<p style=\"text-align: justify;\">Els <a href=\"https:\/\/triaeducativa.gencat.cat\/ca\/esportius\/\" target=\"_blank\" rel=\"noopener noreferrer\">cicles d&#8217;ensenyaments esportius<\/a> capaciten per exercir professionalment la mat\u00e8ria esportiva en la modalitat i especialitat cursada.<br \/>\nS&#8217;organitzen en cicles de grau mitj\u00e0 o de grau superior.<br \/>\nTenen una durada entre 750 i 1.540 hores, repartides en un o dos cursos. Una part d&#8217;aquestes hores es destina a la formaci\u00f3 en un centre educatiu i una altra, a la pr\u00e0ctica en centres de treball.<br \/>\n<strong>Els cicles de grau mitj\u00e0 comprenen dos nivells<\/strong> en el cas de les modalitats esportives regulades per la LOGSE i de dos cicles en les modalitats regulades per la LOE:<\/p>\n<ul>\n<li>El primer nivell o cicle inicial, comporta l&#8217;obtenci\u00f3 del certificat corresponent, i<\/li>\n<li>El segon nivell o cicle final, comporta l&#8217;obtenci\u00f3 del t\u00edtol de t\u00e8cnic esportiu en l&#8217;especialitat corresponent.<\/li>\n<\/ul>\n<\/div>\n<div style=\"float: right; width: 45%;\"><iframe loading=\"lazy\" title=\"YouTube video player\" src=\"https:\/\/www.youtube.com\/embed\/yVce8GA2rL0\" width=\"560\" height=\"315\" frameborder=\"0\" allowfullscreen=\"allowfullscreen\"><\/iframe><\/div>\n<div style=\"clear: both;\"><\/div>\n<p style=\"text-align: justify;\">Amb la superaci\u00f3 d&#8217;un cicle de grau mitj\u00e0 s&#8217;obt\u00e9 el t\u00edtol de t\u00e8cnic i amb la superaci\u00f3 d&#8217;un de grau superior, el de t\u00e8cnic superior esportiu en l&#8217;especialitat corresponent.<\/p>\n<p>Consulteu l&#8217;apartat Institut &gt; Secretaria &gt; Preinscripci\u00f3 i matr\u00edcula per tenir el calendari detallat.<\/p>\n<p><span style=\"color: #3366ff;\"><strong>Dubtes<\/strong><\/span><\/p>\n<p><img loading=\"lazy\" decoding=\"async\" class=\"wp-image-13877 alignleft\" src=\"https:\/\/agora.xtec.cat\/ins-esport\/wp-content\/uploads\/usu2109\/2024\/10\/15707917.png\" alt=\"\" width=\"27\" height=\"27\" srcset=\"https:\/\/agora.xtec.cat\/ins-esport\/wp-content\/uploads\/usu2109\/2024\/10\/15707917.png 256w, https:\/\/agora.xtec.cat\/ins-esport\/wp-content\/uploads\/usu2109\/2024\/10\/15707917-150x150.png 150w\" sizes=\"auto, (max-width: 27px) 100vw, 27px\" \/><span style=\"font-family: inherit; font-size: 1em;\"><a href=\"https:\/\/wa.me\/34600003243\" target=\"_blank\" rel=\"noopener\">Xateja amb nosaltres a WhatsApp (nom\u00e9s missatges)\u00a0<\/a><\/span><\/p>\n<p><span style=\"color: #3366ff;\"><strong>Acc\u00e9s GM<\/strong><\/span><br \/>\nPer accedir al primer nivell o al cicle inicial, cal complir els <a href=\"https:\/\/projectes.xtec.cat\/ere\/wp-content\/uploads\/usu2534\/2022\/03\/06_esports_GM_info_2022.pdf\" target=\"_blank\" rel=\"noopener\">requisits<\/a> seg\u00fcents:<\/p>\n<ul>\n<li style=\"text-align: justify;\">Tenir el t\u00edtol de graduat en educaci\u00f3 secund\u00e0ria obligat\u00f2ria (o equivalent a efectes acad\u00e8mics) o haver superat la prova d&#8217;acc\u00e9s a la universitat per a m\u00e9s grans de 25 anys.<br \/>\nLes persones que no compleixen aquests requisits han de superar el <a href=\"https:\/\/triaeducativa.gencat.cat\/ca\/cursos-acces-cicles\/curs-especific-acces-cicles-gm\/\" target=\"_blank\" rel=\"noopener noreferrer\">curs espec\u00edfic per a l&#8217;acc\u00e9s a cicles de grau mitj\u00e0<\/a> o una <a href=\"http:\/\/ensenyament.gencat.cat\/ca\/serveis-tramits\/proves\/proves-acces\/gm-esportius\/\" target=\"_blank\" rel=\"noopener noreferrer\">prova general d&#8217;acc\u00e9s<\/a>. Per presentar-s&#8217;hi cal tenir com a m\u00ednim 17 anys l&#8217;any en qu\u00e8 es fa la prova.<\/li>\n<li>Superar una <a href=\"http:\/\/ensenyament.gencat.cat\/ca\/serveis-tramits\/proves\/proves-acces\/espec-esportius\/\" target=\"_blank\" rel=\"noopener noreferrer\">prova espec\u00edfica<\/a>.<\/li>\n<\/ul>\n<p style=\"text-align: justify;\"><strong>Per accedir al segon nivell<\/strong> o al cicle final <strong>cal haver aprovat el primer nivell<\/strong> o el cicle inicial de l&#8217;especialitat.<\/p>\n<p style=\"text-align: justify;\">Per cursar els cicles de grau mitj\u00e0 cal formalitzar la <strong><a href=\"https:\/\/preinscripcio.gencat.cat\/ca\/estudis\/esportius\/inici\/\" target=\"_blank\" rel=\"noopener noreferrer\">preinscripci\u00f3<\/a><\/strong> i presentar-la al centre i per a l&#8217;ensenyament demanat en primer lloc.<\/p>\n<p>Sol.licitud de preinscripci\u00f3 a ensenyaments esportius curs 21.22<\/p>\n<p style=\"text-align: justify;\">Per assignar les places, les sol\u00b7licituds s&#8217;ordenen segons la puntuaci\u00f3 obtinguda en sumar:<\/p>\n<ul>\n<li>La qualificaci\u00f3 mitjana del requisit d&#8217;acc\u00e9s al\u00b7legat,<\/li>\n<li>dos punts si la persona sol\u00b7licitant est\u00e0 domiciliada a Catalunya i<\/li>\n<li>un punt si s&#8217;ha fet la prova espec\u00edfica d&#8217;acc\u00e9s en alguna convocat\u00f2ria anterior.<\/li>\n<\/ul>\n<p style=\"text-align: justify;\">Les sol\u00b7licituds que tenen la mateixa puntuaci\u00f3 s&#8217;ordenen a partir d&#8217;un n\u00famero de desempat que s&#8217;obt\u00e9 per sorteig.<br \/>\nPel que fa a l&#8217;import de la matr\u00edcula, vegeu els documents que detallen els <strong>preus p\u00fablics<\/strong>.<br \/>\nConsulteu els sup\u00f2sits d&#8217;exempcions i bonificacions generals i espec\u00edfiques a l&#8217;apartat de preus p\u00fablics.<\/p>\n<p><strong><span style=\"color: #3366ff;\">Acc\u00e9s GS<\/span><\/strong><br \/>\nPer accedir als cicles de grau superior cal complir els requisits seg\u00fcents:<\/p>\n<ul>\n<li>Tenir el t\u00edtol de t\u00e8cnic en la modalitat esportiva corresponent.<\/li>\n<li style=\"text-align: justify;\">Tenir el t\u00edtol de batxiller o un t\u00edtol equivalent a efectes acad\u00e8mics.<br \/>\nLes persones que no compleixen aquest requisit han de superar una prova general d&#8217;acc\u00e9s (cal tenir 19 anys o complir-los l&#8217;any en qu\u00e8 es fa la prova).<\/li>\n<li style=\"text-align: justify;\">En les modalitats que es requereixi, superar la prova espec\u00edfica d&#8217;acc\u00e9s o acreditar els m\u00e8rits esportius corresponents.<\/li>\n<\/ul>\n<p style=\"text-align: justify;\">Per cursar els cicles de grau superior cal formalitzar la preinscripci\u00f3 i presentar-la al centre i per a l&#8217;ensenyament demanat en primer lloc.<br \/>\nPer assignar les places, les sol\u00b7licituds s&#8217;ordenen segons la puntuaci\u00f3 obtinguda en sumar:<\/p>\n<ul>\n<li>La qualificaci\u00f3 mitjana del requisit d&#8217;acc\u00e9s al\u00b7legat,<\/li>\n<li>dos punts si la persona sol\u00b7licitant est\u00e0 domiciliada a Catalunya i<\/li>\n<li>un punt si s\u2019ha fet la prova espec\u00edfica d\u2019acc\u00e9s en alguna convocat\u00f2ria anterior.<\/li>\n<\/ul>\n<p>Les sol\u00b7licituds que tenen la mateixa puntuaci\u00f3 s&#8217;ordenen a partir d&#8217;un n\u00famero de desempat que s&#8217;obt\u00e9 per sorteig.<br \/>\nPel que fa a l&#8217;import de la matr\u00edcula, vegeu els documents que detallen els preus p\u00fablics.<br \/>\nConsulteu els sup\u00f2sits d&#8217;exempcions i bonificacions generals i espec\u00edfiques a l&#8217;apartat de preus p\u00fablics.<\/p>\n<p><strong><span style=\"color: #3366ff;\">Continu\u00eftat GM<\/span><\/strong><br \/>\nLes persones que superen el primer nivell o cicle inicial obtenen un certificat que els permet accedir:<\/p>\n<ul>\n<li>al segon nivell i<\/li>\n<li>al m\u00f3n laboral.<\/li>\n<\/ul>\n<p>Les persones que superen el segon nivell o cicle final obtenen un t\u00edtol de t\u00e8cnic esportiu, que els permet accedir:<\/p>\n<ul>\n<li style=\"text-align: justify;\">a un cicle de grau superior d&#8217;ensenyaments esportius de la mateixa modalitat, si en superen la prova general d&#8217;acc\u00e9s o b\u00e9 tenen el t\u00edtol de batxiller;<\/li>\n<li style=\"text-align: justify;\">a un cicle de grau superior de formaci\u00f3 professional de la fam\u00edlia d&#8217;activitats f\u00edsiques i esportives, si en superen la prova d&#8217;acc\u00e9s o b\u00e9 tenen el t\u00edtol de batxiller;<\/li>\n<li>al batxillerat (no cal fer les mat\u00e8ries optatives, ja que queden convalidades), i<\/li>\n<li>al m\u00f3n laboral.<\/li>\n<\/ul>\n<p><span style=\"color: #3366ff;\"><strong>Continu\u00eftat GS<\/strong><\/span><br \/>\nLes persones que superen el grau superior obtenen un t\u00edtol de t\u00e8cnic superior que els permet accedir:<\/p>\n<ul>\n<li>a qualsevol estudi universitari oficial de grau,<\/li>\n<li>al m\u00f3n laboral.<\/li>\n<\/ul>\n<p><span style=\"color: #3366ff;\"><strong>M\u00e9s informaci\u00f3<\/strong><\/span><\/p>\n<p>Trobareu tota la informaci\u00f3 actualitzada a la <a href=\"https:\/\/projectes.xtec.cat\/ere\/categoria\/ensenyaments_esportius\/\" target=\"_blank\" rel=\"noopener\">web del Departament d&#8217;Ensenyament<\/a>.<\/p>\n<p><span style=\"color: #3366ff;\"><strong>Normativa<\/strong><\/span><\/p>\n<ul>\n<li style=\"text-align: justify;\"><a href=\"https:\/\/www.boe.es\/eli\/es\/rd\/2007\/10\/24\/1363\" target=\"_blank\" rel=\"noopener noreferrer\">Reial decret 1363\/2007, de 24 d\u2019octubre<\/a>, pel qual s\u2019estableix l\u2019ordenaci\u00f3 general dels ensenyaments esportius de r\u00e8gim especial (BOE n\u00fam. 268, de 8.11.2007).<\/li>\n<li style=\"text-align: justify;\"><a href=\"https:\/\/portaljuridic.gencat.cat\/eli\/es-ct\/d\/2014\/02\/25\/25\" target=\"_blank\" rel=\"noopener noreferrer\">Decret 25\/2014, de 25 de febrer<\/a>, d&#8217;ordenaci\u00f3 general dels ensenyaments esportius de r\u00e8gim especial (DOGC n\u00fam. 6571, de 27.2.2014)<\/li>\n<\/ul>\n","protected":false},"excerpt":{"rendered":"<p>A l&#8217;IEB impartim els Ensenyaments esportius de:<\/p>\n<ul>\n<li><a href=\"https:\/\/agora.xtec.cat\/ins-esport\/categoria\/estudis\/escalada\/\">T\u00e8cnica o t\u00e8cnic d&#8217;esport en Escalada<\/a><\/li>\n<li><a href=\"https:\/\/agora.xtec.cat\/ins-esport\/categoria\/estudis\/esqui\/\">T\u00e8cnica o t\u00e8cnic d&#8217;esport en Esqu\u00ed alp\u00ed<\/a> <\/li>\n<li><a href=\"https:\/\/agora.xtec.cat\/ins-esport\/categoria\/estudis\/futbol\/\">T\u00e8cnica o t\u00e8cnic d&#8217;esport en Futbol<\/a><\/li>\n<li><a href=\"https:\/\/agora.xtec.cat\/ins-esport\/categoria\/estudis\/muntanya\/\">T\u00e8cnica o t\u00e8cnic d&#8217;esport en Muntanya mitjana<\/a><\/li>\n<\/ul>\n<p>Descripci\u00f3<\/p>\n<p>Els <a href=\"https:\/\/triaeducativa.gencat.cat\/ca\/esportius\/\" target=\"_blank\" rel=\"noopener noreferrer\">cicles d&#8217;ensenyaments esportius<\/a> capaciten per exercir professionalment&hellip;  <a href=\"https:\/\/agora.xtec.cat\/ins-esport\/estudis\/te\/\" title=\"Read Ensenyaments esportius\">Llegeix m\u00e9s\u00bb<\/a><\/p>\n","protected":false},"author":1,"featured_media":0,"parent":416,"menu_order":16,"comment_status":"closed","ping_status":"closed","template":"","meta":{"_bbp_topic_count":0,"_bbp_reply_count":0,"_bbp_total_topic_count":0,"_bbp_total_reply_count":0,"_bbp_voice_count":0,"_bbp_anonymous_reply_count":0,"_bbp_topic_count_hidden":0,"_bbp_reply_count_hidden":0,"_bbp_forum_subforum_count":0,"footnotes":""},"class_list":["post-572","page","type-page","status-publish","hentry"],"post_mailing_queue_ids":[],"_links":{"self":[{"href":"https:\/\/agora.xtec.cat\/ins-esport\/wp-json\/wp\/v2\/pages\/572","targetHints":{"allow":["GET"]}}],"collection":[{"href":"https:\/\/agora.xtec.cat\/ins-esport\/wp-json\/wp\/v2\/pages"}],"about":[{"href":"https:\/\/agora.xtec.cat\/ins-esport\/wp-json\/wp\/v2\/types\/page"}],"author":[{"embeddable":true,"href":"https:\/\/agora.xtec.cat\/ins-esport\/wp-json\/wp\/v2\/users\/1"}],"replies":[{"embeddable":true,"href":"https:\/\/agora.xtec.cat\/ins-esport\/wp-json\/wp\/v2\/comments?post=572"}],"version-history":[{"count":7,"href":"https:\/\/agora.xtec.cat\/ins-esport\/wp-json\/wp\/v2\/pages\/572\/revisions"}],"predecessor-version":[{"id":14271,"href":"https:\/\/agora.xtec.cat\/ins-esport\/wp-json\/wp\/v2\/pages\/572\/revisions\/14271"}],"up":[{"embeddable":true,"href":"https:\/\/agora.xtec.cat\/ins-esport\/wp-json\/wp\/v2\/pages\/416"}],"wp:attachment":[{"href":"https:\/\/agora.xtec.cat\/ins-esport\/wp-json\/wp\/v2\/media?parent=572"}],"curies":[{"name":"wp","href":"https:\/\/api.w.org\/{rel}","templated":true}]}}