{"id":351,"date":"2015-11-24T18:57:01","date_gmt":"2015-11-24T17:57:01","guid":{"rendered":"http:\/\/agora.xtec.cat\/ins-esport\/?page_id=351"},"modified":"2015-11-24T18:57:01","modified_gmt":"2015-11-24T17:57:01","slug":"familia-i-escola","status":"publish","type":"page","link":"https:\/\/agora.xtec.cat\/ins-esport\/familia-i-escola\/","title":{"rendered":"Fam\u00edlia i escola"},"content":{"rendered":"<p>L\u2019espai web <a href=\"http:\/\/familiaiescola.gencat.cat\/ca\">Fam\u00edlia i Escola<\/a>. Junts x l\u2019Educaci\u00f3 ofereix informaci\u00f3, orientacions i recursosper millorar la implicaci\u00f3 de la fam\u00edlia en el proc\u00e9s escolardels seus fills ifillesi facilitar-los la tasca educativa<\/p>\n<p><a href=\"http:\/\/agora.xtec.cat\/ins-esport\/wp-content\/uploads\/usu2109\/2015\/11\/familiaescola.png\" target=\"_blank\" rel=\"http:\/\/familiaiescola.gencat.cat\/ca\"><img loading=\"lazy\" decoding=\"async\" class=\"vora alignnone wp-image-352 size-medium\" src=\"http:\/\/agora.xtec.cat\/ins-esport\/wp-content\/uploads\/usu2109\/2015\/11\/familiaescola-300x212.png\" alt=\"familiaescola\" width=\"300\" height=\"212\" srcset=\"https:\/\/agora.xtec.cat\/ins-esport\/wp-content\/uploads\/usu2109\/2015\/11\/familiaescola-300x212.png 300w, https:\/\/agora.xtec.cat\/ins-esport\/wp-content\/uploads\/usu2109\/2015\/11\/familiaescola-1024x722.png 1024w, https:\/\/agora.xtec.cat\/ins-esport\/wp-content\/uploads\/usu2109\/2015\/11\/familiaescola.png 1259w\" sizes=\"auto, (max-width: 300px) 100vw, 300px\" \/><\/a><\/p>\n","protected":false},"excerpt":{"rendered":"<p>L\u2019espai web <a href=\"http:\/\/familiaiescola.gencat.cat\/ca\">Fam\u00edlia i Escola<\/a>. Junts x l\u2019Educaci\u00f3 ofereix informaci\u00f3, orientacions i recursosper millorar la implicaci\u00f3 de la fam\u00edlia en el proc\u00e9s escolardels seus fills ifillesi facilitar-los la tasca educativa<br \/>\n<a href=\"http:\/\/agora.xtec.cat\/ins-esport\/wp-content\/uploads\/usu2109\/2015\/11\/familiaescola.png\" target=\"_blank\" rel=\"http:\/\/familiaiescola.gencat.cat\/ca\"><\/a><\/p>\n","protected":false},"author":1,"featured_media":0,"parent":0,"menu_order":40,"comment_status":"closed","ping_status":"closed","template":"page-templates\/side-menu.php","meta":{"_bbp_topic_count":0,"_bbp_reply_count":0,"_bbp_total_topic_count":0,"_bbp_total_reply_count":0,"_bbp_voice_count":0,"_bbp_anonymous_reply_count":0,"_bbp_topic_count_hidden":0,"_bbp_reply_count_hidden":0,"_bbp_forum_subforum_count":0,"footnotes":""},"class_list":["post-351","page","type-page","status-publish","hentry"],"post_mailing_queue_ids":[],"_links":{"self":[{"href":"https:\/\/agora.xtec.cat\/ins-esport\/wp-json\/wp\/v2\/pages\/351","targetHints":{"allow":["GET"]}}],"collection":[{"href":"https:\/\/agora.xtec.cat\/ins-esport\/wp-json\/wp\/v2\/pages"}],"about":[{"href":"https:\/\/agora.xtec.cat\/ins-esport\/wp-json\/wp\/v2\/types\/page"}],"author":[{"embeddable":true,"href":"https:\/\/agora.xtec.cat\/ins-esport\/wp-json\/wp\/v2\/users\/1"}],"replies":[{"embeddable":true,"href":"https:\/\/agora.xtec.cat\/ins-esport\/wp-json\/wp\/v2\/comments?post=351"}],"version-history":[{"count":0,"href":"https:\/\/agora.xtec.cat\/ins-esport\/wp-json\/wp\/v2\/pages\/351\/revisions"}],"wp:attachment":[{"href":"https:\/\/agora.xtec.cat\/ins-esport\/wp-json\/wp\/v2\/media?parent=351"}],"curies":[{"name":"wp","href":"https:\/\/api.w.org\/{rel}","templated":true}]}}