{"id":338,"date":"2015-11-24T18:40:49","date_gmt":"2015-11-24T17:40:49","guid":{"rendered":"http:\/\/agora.xtec.cat\/ins-esport\/?page_id=338"},"modified":"2020-03-17T16:46:08","modified_gmt":"2020-03-17T15:46:08","slug":"centre","status":"publish","type":"page","link":"https:\/\/agora.xtec.cat\/ins-esport\/centre\/","title":{"rendered":"Centre"},"content":{"rendered":"<p style=\"text-align: justify;\">L&#8217;institut de l&#8217;Esport de Barcelona \u00e9s un centre p\u00fablic de Formaci\u00f3 professional que ofereix les formacions de la fam\u00edlia professional d&#8217;Activitats f\u00edsiques.<\/p>\n<p>L&#8217;institut comen\u00e7a la seva activitat amb una oferta que anir\u00e0 augmentant al llarg dels seg\u00fcents cursos fins a abastar la majoria de les formacions de postobligat\u00f2ria d&#8217;Activitats f\u00edsiques i esportives i que, per al el Curs 2020-21, \u00e9s la seg\u00fcent:<\/p>\n<ul>\n<li>Itinerari Formatiu Espec\u00edfic: Auxiliar de manteniment d\u2019Instal\u00b7lacions esportives: Formaci\u00f3 de 3.360 hores distribu\u00efda en 4 cursos acad\u00e8mics.<\/li>\n<li>T\u00e8cnic\/a esportiu en Futbol: Nivell 1 (455 hores) i Nivell 2 (565 hores).<\/li>\n<li>Cicle formatiu de grau mitj\u00e0 en Conducci\u00f3 d\u2019activitats f\u00edsicoesportives al medi natural Formaci\u00f3 de 1.400 hores impartida en un curs acad\u00e8mic.<\/li>\n<li>Cicle formatiu de grau superior en Ensenyament i animaci\u00f3 socioesportiva. Formaci\u00f3 de 2.000 hores distribu\u00efdes en 2 cursos acad\u00e8mics.<\/li>\n<li>Cicle formatiu de grau superior en Condicionament f\u00edsic. Formaci\u00f3 de 2.000 hores distribu\u00efdes en 2 cursos acad\u00e8mics.<\/li>\n<\/ul>\n<p><a href=\"https:\/\/agora.xtec.cat\/ins-esport\/wp-content\/uploads\/usu2109\/2020\/03\/Pagina_1.png\"><img loading=\"lazy\" decoding=\"async\" class=\"alignnone size-full wp-image-8156\" src=\"https:\/\/agora.xtec.cat\/ins-esport\/wp-content\/uploads\/usu2109\/2020\/03\/Pagina_1.png\" alt=\"\" width=\"1405\" height=\"416\" srcset=\"https:\/\/agora.xtec.cat\/ins-esport\/wp-content\/uploads\/usu2109\/2020\/03\/Pagina_1.png 1405w, https:\/\/agora.xtec.cat\/ins-esport\/wp-content\/uploads\/usu2109\/2020\/03\/Pagina_1-300x89.png 300w, https:\/\/agora.xtec.cat\/ins-esport\/wp-content\/uploads\/usu2109\/2020\/03\/Pagina_1-768x227.png 768w, https:\/\/agora.xtec.cat\/ins-esport\/wp-content\/uploads\/usu2109\/2020\/03\/Pagina_1-1024x303.png 1024w\" sizes=\"auto, (max-width: 1405px) 100vw, 1405px\" \/><\/a><\/p>\n<p>The \u2018Institut de l&#8217;Esport de Barcelona\u2019 (Sport Institute of Barcelona) is a public school for Vocational Education and Training (VET), specialized in formations related to sports.<\/p>\n<p>Starting in September 2020, as a new Professional School in Barcelona for all students having finished the obligatory schooling years, it will add a more focused and specific education for all professions related to physical activity.<\/p>\n<p>Expecting to grow in formations and groups over the next years, our school will offer for the scholar-year 2020-21 most existing VET Studies of the Spanish School System:<\/p>\n<ul>\n<li>Itinerari Formatiu Espec\u00edfic Auxiliar de manteniment d\u2019Instal\u00b7lacions esportives (Specific training formation as Sports Facilities Maintenance Assistant) is a four years long &#8211; Level 1 formation intended for students with a mild or moderate intellectual disability<\/li>\n<li>T\u00e8cnic\/a esportiu en Futbol (Football sports technician) is a in two courses (455 &amp; 565 hours) Level 2 formation specialized in one sport. Further sports will be implemented in the future.<\/li>\n<li>Cicle formatiu de grau mitj\u00e0 en Conducci\u00f3 d\u2019activitats f\u00edsicoesportives al medi natural (Middle degree VET in Guiding physical and sports activities in the natural environment) is a Level 2 formation of 1.400 hours given in one school-year.<\/li>\n<li>Cicle formatiu de grau superior en Ensenyament i animaci\u00f3 socioesportiva (High degree VET in Socio-sports teaching and animation) is a 2 years long \u2013 Level 3 formation of 2.000 hours.<\/li>\n<li>Cicle formatiu de grau superior en Condicionament f\u00edsic (High degree VET in Physical fitness) is a 2 years long \u2013 Level 3 formation of 2.000 hours.<\/li>\n<\/ul>\n","protected":false},"excerpt":{"rendered":"<p>L&#8217;institut de l&#8217;Esport de Barcelona \u00e9s un centre p\u00fablic de Formaci\u00f3 professional que ofereix les formacions de la fam\u00edlia professional d&#8217;Activitats f\u00edsiques.<br \/>\nL&#8217;institut comen\u00e7a la seva activitat amb una oferta que anir\u00e0 augmentant al llarg dels seg\u00fcents cursos fins a abastar la majoria de les formacions&hellip;  <a href=\"https:\/\/agora.xtec.cat\/ins-esport\/centre\/\" title=\"Read Centre\">Llegeix m\u00e9s\u00bb<\/a><\/p>\n","protected":false},"author":1,"featured_media":0,"parent":0,"menu_order":10,"comment_status":"closed","ping_status":"closed","template":"page-templates\/side-menu.php","meta":{"_bbp_topic_count":0,"_bbp_reply_count":0,"_bbp_total_topic_count":0,"_bbp_total_reply_count":0,"_bbp_voice_count":0,"_bbp_anonymous_reply_count":0,"_bbp_topic_count_hidden":0,"_bbp_reply_count_hidden":0,"_bbp_forum_subforum_count":0,"footnotes":""},"class_list":["post-338","page","type-page","status-publish","hentry"],"post_mailing_queue_ids":[],"_links":{"self":[{"href":"https:\/\/agora.xtec.cat\/ins-esport\/wp-json\/wp\/v2\/pages\/338","targetHints":{"allow":["GET"]}}],"collection":[{"href":"https:\/\/agora.xtec.cat\/ins-esport\/wp-json\/wp\/v2\/pages"}],"about":[{"href":"https:\/\/agora.xtec.cat\/ins-esport\/wp-json\/wp\/v2\/types\/page"}],"author":[{"embeddable":true,"href":"https:\/\/agora.xtec.cat\/ins-esport\/wp-json\/wp\/v2\/users\/1"}],"replies":[{"embeddable":true,"href":"https:\/\/agora.xtec.cat\/ins-esport\/wp-json\/wp\/v2\/comments?post=338"}],"version-history":[{"count":4,"href":"https:\/\/agora.xtec.cat\/ins-esport\/wp-json\/wp\/v2\/pages\/338\/revisions"}],"predecessor-version":[{"id":11645,"href":"https:\/\/agora.xtec.cat\/ins-esport\/wp-json\/wp\/v2\/pages\/338\/revisions\/11645"}],"wp:attachment":[{"href":"https:\/\/agora.xtec.cat\/ins-esport\/wp-json\/wp\/v2\/media?parent=338"}],"curies":[{"name":"wp","href":"https:\/\/api.w.org\/{rel}","templated":true}]}}