{"id":306,"date":"2015-11-24T18:02:44","date_gmt":"2015-11-24T17:02:44","guid":{"rendered":"http:\/\/agora.xtec.cat\/ins-esport\/?page_id=306"},"modified":"2026-03-24T20:42:14","modified_gmt":"2026-03-24T19:42:14","slug":"organitzacio","status":"publish","type":"page","link":"https:\/\/agora.xtec.cat\/ins-esport\/l-institut\/organitzacio\/","title":{"rendered":"Organitzaci\u00f3"},"content":{"rendered":"<p><img loading=\"lazy\" decoding=\"async\" class=\"alignnone size-full wp-image-13373\" src=\"https:\/\/agora.xtec.cat\/ins-esport\/wp-content\/uploads\/usu2109\/2024\/04\/Organitzacio.png\" alt=\"\" width=\"987\" height=\"60\" srcset=\"https:\/\/agora.xtec.cat\/ins-esport\/wp-content\/uploads\/usu2109\/2024\/04\/Organitzacio.png 987w, https:\/\/agora.xtec.cat\/ins-esport\/wp-content\/uploads\/usu2109\/2024\/04\/Organitzacio-300x18.png 300w, https:\/\/agora.xtec.cat\/ins-esport\/wp-content\/uploads\/usu2109\/2024\/04\/Organitzacio-768x47.png 768w\" sizes=\"auto, (max-width: 987px) 100vw, 987px\" \/><\/p>\n<p>L&#8217;Institut s&#8217;organitza en cinc departaments did\u00e0ctics seguint l&#8217;estructura de la seva oferta formativa.<\/p>\n<ul>\n<li>Dept. de l&#8217;Itinerari Formatiu Especialitzat (IFE) i del Programa de Formaci\u00f3 i Inserci\u00f3 (PFI)<\/li>\n<li>Dept. dels Ensenyaments esportius (TE)<\/li>\n<li>Dept. del GM de Guia en el medi natural i el lleure (GUIAMNLL)<\/li>\n<li>Dept. del GS de Condicionament f\u00edsic (CF)<\/li>\n<li>Dept. del GS d&#8217;Ensenyament i animaci\u00f3 socioesportiva (EAS)<\/li>\n<\/ul>\n<p>Aquesta divisi\u00f3 fa possible:<\/p>\n<ul>\n<li>Les Coordinacions de Cicle, que vehiculen la l\u00ednia pedag\u00f2gica definida en el Projecte Educatiu.<\/li>\n<li>La creaci\u00f3 d&#8217;espais i moments de trobada dels equips docents, fent possible la conjunci\u00f3 de la seva expertesa en els M\u00f2duls de Projecte o S\u00edntesi..<\/li>\n<li>L&#8217;especialitzaci\u00f3 del professorat, refor\u00e7ada amb formacions de Centre.<\/li>\n<li>El desenvolupament de metodologies competencials basades en aprenentatge i servei, buscant col\u00b7laboracions amb centres i entitats de l\u2019entorn proper amb qui organitzar i realitzar activitats, creant les condicions m\u00e9s similars possibles a les que es donen en l\u2019entorn laboral.<\/li>\n<\/ul>\n<p>Si voleu con\u00e8ixer millor la nostra organitzaci\u00f3, consulteu els apartats del<a href=\"https:\/\/agora.xtec.cat\/ins-esport\/categoria\/pec\/\"> Projecte educatiu del centre<\/a> i les <a href=\"https:\/\/agora.xtec.cat\/ins-esport\/l-institut\/organitzacio\/nofc\/\">Normes de funcionament del centre<\/a>.<br \/>\n<img loading=\"lazy\" decoding=\"async\" class=\"aligncenter size-full wp-image-15243\" src=\"https:\/\/agora.xtec.cat\/ins-esport\/wp-content\/uploads\/usu2109\/2026\/03\/Organigrama-e1774380250926.png\" alt=\"\" width=\"1278\" height=\"625\" usemap=\"#image-map\" srcset=\"https:\/\/agora.xtec.cat\/ins-esport\/wp-content\/uploads\/usu2109\/2026\/03\/Organigrama-e1774380250926.png 1278w, https:\/\/agora.xtec.cat\/ins-esport\/wp-content\/uploads\/usu2109\/2026\/03\/Organigrama-e1774380250926-300x147.png 300w, https:\/\/agora.xtec.cat\/ins-esport\/wp-content\/uploads\/usu2109\/2026\/03\/Organigrama-e1774380250926-1024x501.png 1024w, https:\/\/agora.xtec.cat\/ins-esport\/wp-content\/uploads\/usu2109\/2026\/03\/Organigrama-e1774380250926-768x376.png 768w\" sizes=\"auto, (max-width: 1278px) 100vw, 1278px\" \/><\/p>\n<map name=\"image-map\" id=\"image-map\">\n<area title=\"CV-Carles-Lopez\" alt=\"CV-Carles-Lopez\" coords=\"651,323,563,344\" shape=\"rect\" href=\"https:\/\/agora.xtec.cat\/ins-esport\/wp-content\/uploads\/usu2109\/2026\/03\/Fitxa-Carles-Lopez.pdf\" target=\"_blank\" \/> <\/map>\n<p>&nbsp;<\/p>\n","protected":false},"excerpt":{"rendered":"<p>L&#8217;Institut s&#8217;organitza en cinc departaments did\u00e0ctics seguint l&#8217;estructura de la seva oferta formativa.<\/p>\n<ul>\n<li>Dept. de l&#8217;Itinerari Formatiu Especialitzat (IFE) i del Programa de Formaci\u00f3 i Inserci\u00f3 (PFI)<\/li>\n<li>Dept. dels Ensenyaments esportius (TE)<\/li>\n<li>Dept. del GM de Guia en el medi natural i el lleure (GUIAMNLL)<\/li>\n<li>Dept. del GS de&hellip;  <a href=\"https:\/\/agora.xtec.cat\/ins-esport\/l-institut\/organitzacio\/\" title=\"Read Organitzaci\u00f3\">Llegeix m\u00e9s\u00bb<\/a><br \/>\n","protected":false},"author":1,"featured_media":0,"parent":806,"menu_order":2,"comment_status":"closed","ping_status":"closed","template":"page-templates\/side-menu.php","meta":{"_bbp_topic_count":0,"_bbp_reply_count":0,"_bbp_total_topic_count":0,"_bbp_total_reply_count":0,"_bbp_voice_count":0,"_bbp_anonymous_reply_count":0,"_bbp_topic_count_hidden":0,"_bbp_reply_count_hidden":0,"_bbp_forum_subforum_count":0,"footnotes":""},"class_list":["post-306","page","type-page","status-publish","hentry"],"post_mailing_queue_ids":[],"_links":{"self":[{"href":"https:\/\/agora.xtec.cat\/ins-esport\/wp-json\/wp\/v2\/pages\/306","targetHints":{"allow":["GET"]}}],"collection":[{"href":"https:\/\/agora.xtec.cat\/ins-esport\/wp-json\/wp\/v2\/pages"}],"about":[{"href":"https:\/\/agora.xtec.cat\/ins-esport\/wp-json\/wp\/v2\/types\/page"}],"author":[{"embeddable":true,"href":"https:\/\/agora.xtec.cat\/ins-esport\/wp-json\/wp\/v2\/users\/1"}],"replies":[{"embeddable":true,"href":"https:\/\/agora.xtec.cat\/ins-esport\/wp-json\/wp\/v2\/comments?post=306"}],"version-history":[{"count":6,"href":"https:\/\/agora.xtec.cat\/ins-esport\/wp-json\/wp\/v2\/pages\/306\/revisions"}],"predecessor-version":[{"id":15246,"href":"https:\/\/agora.xtec.cat\/ins-esport\/wp-json\/wp\/v2\/pages\/306\/revisions\/15246"}],"up":[{"embeddable":true,"href":"https:\/\/agora.xtec.cat\/ins-esport\/wp-json\/wp\/v2\/pages\/806"}],"wp:attachment":[{"href":"https:\/\/agora.xtec.cat\/ins-esport\/wp-json\/wp\/v2\/media?parent=306"}],"curies":[{"name":"wp","href":"https:\/\/api.w.org\/{rel}","templated":true}]}}