{"id":13924,"date":"2024-10-24T19:58:09","date_gmt":"2024-10-24T17:58:09","guid":{"rendered":"https:\/\/agora.xtec.cat\/ins-esport\/?page_id=13924"},"modified":"2026-01-30T11:37:50","modified_gmt":"2026-01-30T10:37:50","slug":"orientacio-professional","status":"publish","type":"page","link":"https:\/\/agora.xtec.cat\/ins-esport\/serveis\/orientacio-professional\/","title":{"rendered":"Orientaci\u00f3 professional"},"content":{"rendered":"<p><img loading=\"lazy\" decoding=\"async\" class=\"aligncenter size-full wp-image-15131\" src=\"https:\/\/agora.xtec.cat\/ins-esport\/wp-content\/uploads\/usu2109\/2026\/01\/Orientacio.png\" alt=\"\" width=\"987\" height=\"60\" srcset=\"https:\/\/agora.xtec.cat\/ins-esport\/wp-content\/uploads\/usu2109\/2026\/01\/Orientacio.png 987w, https:\/\/agora.xtec.cat\/ins-esport\/wp-content\/uploads\/usu2109\/2026\/01\/Orientacio-300x18.png 300w, https:\/\/agora.xtec.cat\/ins-esport\/wp-content\/uploads\/usu2109\/2026\/01\/Orientacio-768x47.png 768w\" sizes=\"auto, (max-width: 987px) 100vw, 987px\" \/><\/p>\n<div style=\"float: left; width: 45%;\">\n<p style=\"text-align: center;\">Si necessites orientaci\u00f3 professional:<br \/>\n<a style=\"font-family: inherit; font-size: 1em;\" href=\"https:\/\/agora.xtec.cat\/ins-esport\/l-institut\/contacte\/\">Inscriu-te al Servei d&#8217;orientaci\u00f3<\/a><\/p>\n<p style=\"text-align: justify;\">El Servei d&#8217;orientaci\u00f3 professional \u00e9s un proc\u00e9s d\u2019acompanyament en el disse<span style=\"font-family: inherit; font-size: 1em;\">ny d<\/span><span style=\"font-family: inherit; font-size: 1em;\">el projecte professional de les persones per mantenir i\/o incrementar la pr\u00f2pia ocupabilitat d\u2019acord amb la seva vocac<\/span><span style=\"font-family: inherit; font-size: 1em;\">i\u00f3 i els seus interessos. Aquest proc\u00e9s es realitza d&#8217;acord al <a class=\"space-icons no-content\" title=\"Document de bases del model catal\u00e0 d'informaci\u00f3 i orientaci\u00f3 del Sistema FPCAT\" href=\"https:\/\/fp.gencat.cat\/web\/.content\/04_Arees\/informacio-i-orientacio\/documents\/211002_Document-Bases-Informacio-i-Orientacio.pdf\" target=\"_blank\" rel=\"noopener\"><span class=\"list-group-item-wrapper-content\">Model catal\u00e0 d&#8217;informaci\u00f3 i orientaci\u00f3 del Sistema FPCAT<\/span><\/a>.<\/span><\/p>\n<\/div>\n<div style=\"float: right; width: 45%;\"><img loading=\"lazy\" decoding=\"async\" class=\"size-medium wp-image-13925 aligncenter\" style=\"text-align: justify;\" src=\"https:\/\/agora.xtec.cat\/ins-esport\/wp-content\/uploads\/usu2109\/2024\/10\/Model-de-Protocol-dorientacio-professional-Sistema-FPCAT-300x145.png\" alt=\"\" width=\"472\" height=\"227\" srcset=\"https:\/\/agora.xtec.cat\/ins-esport\/wp-content\/uploads\/usu2109\/2024\/10\/Model-de-Protocol-dorientacio-professional-Sistema-FPCAT-300x145.png 300w, https:\/\/agora.xtec.cat\/ins-esport\/wp-content\/uploads\/usu2109\/2024\/10\/Model-de-Protocol-dorientacio-professional-Sistema-FPCAT-1024x494.png 1024w, https:\/\/agora.xtec.cat\/ins-esport\/wp-content\/uploads\/usu2109\/2024\/10\/Model-de-Protocol-dorientacio-professional-Sistema-FPCAT-768x370.png 768w, https:\/\/agora.xtec.cat\/ins-esport\/wp-content\/uploads\/usu2109\/2024\/10\/Model-de-Protocol-dorientacio-professional-Sistema-FPCAT-1536x740.png 1536w, https:\/\/agora.xtec.cat\/ins-esport\/wp-content\/uploads\/usu2109\/2024\/10\/Model-de-Protocol-dorientacio-professional-Sistema-FPCAT.png 1888w\" sizes=\"auto, (max-width: 472px) 100vw, 472px\" \/><br \/>\n<img loading=\"lazy\" decoding=\"async\" class=\"size-medium wp-image-13921 aligncenter\" src=\"https:\/\/agora.xtec.cat\/ins-esport\/wp-content\/uploads\/usu2109\/2024\/10\/Agencia-FPCAT-300x44.png\" alt=\"\" width=\"300\" height=\"44\" srcset=\"https:\/\/agora.xtec.cat\/ins-esport\/wp-content\/uploads\/usu2109\/2024\/10\/Agencia-FPCAT-300x44.png 300w, https:\/\/agora.xtec.cat\/ins-esport\/wp-content\/uploads\/usu2109\/2024\/10\/Agencia-FPCAT.png 586w\" sizes=\"auto, (max-width: 300px) 100vw, 300px\" \/><\/div>\n","protected":false},"excerpt":{"rendered":"<p>Si necessites orientaci\u00f3 professional:<br \/>\n<a style=\"font-family: inherit; font-size: 1em;\" href=\"https:\/\/agora.xtec.cat\/ins-esport\/l-institut\/contacte\/\">Inscriu-te al Servei d&#8217;orientaci\u00f3<\/a><br \/>\nEl Servei d&#8217;orientaci\u00f3 professional \u00e9s un proc\u00e9s d\u2019acompanyament en el disseny del projecte professional de les persones per mantenir i\/o incrementar la pr\u00f2pia ocupabilitat d\u2019acord amb la seva vocaci\u00f3 i els seus interessos. Aquest&hellip;  <a href=\"https:\/\/agora.xtec.cat\/ins-esport\/serveis\/orientacio-professional\/\" title=\"Read Orientaci\u00f3 professional\">Llegeix m\u00e9s\u00bb<\/a><\/p>\n","protected":false},"author":1,"featured_media":0,"parent":13906,"menu_order":2,"comment_status":"closed","ping_status":"closed","template":"page-templates\/side-menu.php","meta":{"_bbp_topic_count":0,"_bbp_reply_count":0,"_bbp_total_topic_count":0,"_bbp_total_reply_count":0,"_bbp_voice_count":0,"_bbp_anonymous_reply_count":0,"_bbp_topic_count_hidden":0,"_bbp_reply_count_hidden":0,"_bbp_forum_subforum_count":0,"footnotes":""},"class_list":["post-13924","page","type-page","status-publish","hentry"],"post_mailing_queue_ids":[],"_links":{"self":[{"href":"https:\/\/agora.xtec.cat\/ins-esport\/wp-json\/wp\/v2\/pages\/13924","targetHints":{"allow":["GET"]}}],"collection":[{"href":"https:\/\/agora.xtec.cat\/ins-esport\/wp-json\/wp\/v2\/pages"}],"about":[{"href":"https:\/\/agora.xtec.cat\/ins-esport\/wp-json\/wp\/v2\/types\/page"}],"author":[{"embeddable":true,"href":"https:\/\/agora.xtec.cat\/ins-esport\/wp-json\/wp\/v2\/users\/1"}],"replies":[{"embeddable":true,"href":"https:\/\/agora.xtec.cat\/ins-esport\/wp-json\/wp\/v2\/comments?post=13924"}],"version-history":[{"count":7,"href":"https:\/\/agora.xtec.cat\/ins-esport\/wp-json\/wp\/v2\/pages\/13924\/revisions"}],"predecessor-version":[{"id":15132,"href":"https:\/\/agora.xtec.cat\/ins-esport\/wp-json\/wp\/v2\/pages\/13924\/revisions\/15132"}],"up":[{"embeddable":true,"href":"https:\/\/agora.xtec.cat\/ins-esport\/wp-json\/wp\/v2\/pages\/13906"}],"wp:attachment":[{"href":"https:\/\/agora.xtec.cat\/ins-esport\/wp-json\/wp\/v2\/media?parent=13924"}],"curies":[{"name":"wp","href":"https:\/\/api.w.org\/{rel}","templated":true}]}}