{"id":11111,"date":"2022-07-18T10:56:34","date_gmt":"2022-07-18T08:56:34","guid":{"rendered":"https:\/\/agora.xtec.cat\/ins-esport\/?page_id=11111"},"modified":"2025-02-04T17:00:25","modified_gmt":"2025-02-04T16:00:25","slug":"certificats-de-professionalitat","status":"publish","type":"page","link":"https:\/\/agora.xtec.cat\/ins-esport\/serveis\/certificats-de-professionalitat\/","title":{"rendered":"Certificats de professionalitat"},"content":{"rendered":"<div>\n<div>\n<p>&nbsp;<\/p>\n<\/div>\n<div>\n<p>Sempre t\u2019ha agradat l\u2019activitat f\u00edsica i\/o el lleure i et consideres una persona activa, din\u00e0mica i social? Vols treballar en el sector de les activitats f\u00edsiques, per\u00f2 no tens temps per a fer tot un cicle formatiu? Volies estudiar el Cicle d\u2019Ensenyament i animaci\u00f3 socioesportiva o el cicle de Condicionament f\u00edsic, per\u00f2 no vas obtenir pla\u00e7a?<\/p>\n<div>\n<p>Els Certificats de Professionalitat (CP) <strong><a href=\"https:\/\/agora.xtec.cat\/ins-esport\/categoria\/estudis\/cp-animacio\/\">d&#8217;Animaci\u00f3 f\u00edsic-esportiva i recreativa<\/a><\/strong> i el <strong><a href=\"https:\/\/agora.xtec.cat\/ins-esport\/categoria\/estudis\/cp-animacio\/cp-musical\/\">de Condicionament f\u00edsic en grup amb suport musical<\/a><\/strong> t\u2019ofereixen un <strong>format intensiu de 590h<\/strong>\u00a0(470 de formaci\u00f3 al centre i 120 de pr\u00e0ctiques a l\u2019empresa)\u00a0<strong>de gener a juny<\/strong>, que et permetran <strong>inscriure\u2019t al ROPEC i treballar<\/strong>\u00a0en el sector de les activitats f\u00edsiques.<\/p>\n<div>\n<p>A m\u00e9s, si vols continuar estudiant el\u00a0<a href=\"https:\/\/agora.xtec.cat\/ins-esport\/categoria\/estudis\/eas\/\"><strong>Cicle d\u2019Ensenyament i animaci\u00f3 socioesportiva<\/strong><\/a>, se&#8217;t <strong>convalidaran<\/strong> els M\u00f2duls 3 i 9 i la UF4 del M\u00f2dul 1. I si vols continuar estudiant el <a href=\"https:\/\/agora.xtec.cat\/ins-esport\/categoria\/estudis\/cf\/\"><strong>Cicle de condicionament f\u00edsic\u00a0<\/strong><\/a>, se&#8217;t <strong>convalidaran<\/strong>\u00a0els M\u00f2duls 4, 5, 13 i la UF4 del M\u00f2dul 1.<\/p>\n<\/div>\n<\/div>\n<\/div>\n<div><\/div>\n<\/div>\n","protected":false},"excerpt":{"rendered":"<p>&nbsp;<\/p>\n<p>Sempre t\u2019ha agradat l\u2019activitat f\u00edsica i\/o el lleure i et consideres una persona activa, din\u00e0mica i social? Vols treballar en el sector de les activitats f\u00edsiques, per\u00f2 no tens temps per a fer tot un cicle formatiu? Volies estudiar el Cicle d\u2019Ensenyament i animaci\u00f3 socioesportiva&hellip;  <a href=\"https:\/\/agora.xtec.cat\/ins-esport\/serveis\/certificats-de-professionalitat\/\" title=\"Read Certificats de professionalitat\">Llegeix m\u00e9s\u00bb<\/a><\/p>\n","protected":false},"author":1,"featured_media":0,"parent":13906,"menu_order":0,"comment_status":"closed","ping_status":"closed","template":"page-templates\/side-menu.php","meta":{"_bbp_topic_count":0,"_bbp_reply_count":0,"_bbp_total_topic_count":0,"_bbp_total_reply_count":0,"_bbp_voice_count":0,"_bbp_anonymous_reply_count":0,"_bbp_topic_count_hidden":0,"_bbp_reply_count_hidden":0,"_bbp_forum_subforum_count":0,"footnotes":""},"class_list":["post-11111","page","type-page","status-publish","hentry"],"post_mailing_queue_ids":[],"_links":{"self":[{"href":"https:\/\/agora.xtec.cat\/ins-esport\/wp-json\/wp\/v2\/pages\/11111","targetHints":{"allow":["GET"]}}],"collection":[{"href":"https:\/\/agora.xtec.cat\/ins-esport\/wp-json\/wp\/v2\/pages"}],"about":[{"href":"https:\/\/agora.xtec.cat\/ins-esport\/wp-json\/wp\/v2\/types\/page"}],"author":[{"embeddable":true,"href":"https:\/\/agora.xtec.cat\/ins-esport\/wp-json\/wp\/v2\/users\/1"}],"replies":[{"embeddable":true,"href":"https:\/\/agora.xtec.cat\/ins-esport\/wp-json\/wp\/v2\/comments?post=11111"}],"version-history":[{"count":6,"href":"https:\/\/agora.xtec.cat\/ins-esport\/wp-json\/wp\/v2\/pages\/11111\/revisions"}],"predecessor-version":[{"id":14189,"href":"https:\/\/agora.xtec.cat\/ins-esport\/wp-json\/wp\/v2\/pages\/11111\/revisions\/14189"}],"up":[{"embeddable":true,"href":"https:\/\/agora.xtec.cat\/ins-esport\/wp-json\/wp\/v2\/pages\/13906"}],"wp:attachment":[{"href":"https:\/\/agora.xtec.cat\/ins-esport\/wp-json\/wp\/v2\/media?parent=11111"}],"curies":[{"name":"wp","href":"https:\/\/api.w.org\/{rel}","templated":true}]}}