{"id":10954,"date":"2022-06-08T12:16:52","date_gmt":"2022-06-08T10:16:52","guid":{"rendered":"https:\/\/agora.xtec.cat\/ins-esport\/?page_id=10954"},"modified":"2023-10-07T18:46:58","modified_gmt":"2023-10-07T16:46:58","slug":"estrategia-digital-de-centre","status":"publish","type":"page","link":"https:\/\/agora.xtec.cat\/ins-esport\/l-institut\/organitzacio\/estrategia-digital-de-centre\/","title":{"rendered":"Estrat\u00e8gia Digital de Centre"},"content":{"rendered":"<p>&nbsp;<\/p>\n<p style=\"text-align: justify;\">L\u2019estrat\u00e8gia Digital de Centre (EDC) \u00e9s un document que recull totes les accions que es realitzen en un centre, i les que es realitzaran a mitj\u00e0 termini, per aconseguir la m\u00e0xima compet\u00e8ncia digital de l\u2019alumnat, del professorat i del centre educatiu. Ha de tenir com a referent el Pla d\u2019educaci\u00f3 digital de Catalunya (PEDC), on s\u2019indica la necessitat d\u2019assolir la fita d\u2019una societat digitalment competent, fent \u00e8mfasi en l\u2019equitat i tenint en compte l\u2019evoluci\u00f3 del context social i tecnol\u00f2gic.<\/p>\n<p style=\"text-align: justify;\">En el PEC del centre es detallen les dades de contextualitzaci\u00f3 general del centre. Pel que fa als aspectes sobre tecnologia digital, cal tenir en compte que el centre fa anys que ha fet una clara aposta per la digitalitzaci\u00f3 del centre. Aix\u00ed, tot l\u2019alumnat i professorat disposa d\u2019un usuari de centre que els permet tenir serveis com s\u00f3n el correu electr\u00f2nic o l\u2019emmagatzematge al n\u00favol.<\/p>\n<div style=\"clear: both;\"><\/div>\n<div style=\"clear: both;\"><img loading=\"lazy\" decoding=\"async\" class=\"wp-image-5829 aligncenter\" src=\"https:\/\/agora.xtec.cat\/ies-miquel-tarradell\/wp-content\/uploads\/usu83\/2022\/05\/estrategia.jpeg\" sizes=\"auto, (max-width: 567px) 100vw, 567px\" srcset=\"https:\/\/agora.xtec.cat\/ies-miquel-tarradell\/wp-content\/uploads\/usu83\/2022\/05\/estrategia.jpeg 680w, https:\/\/agora.xtec.cat\/ies-miquel-tarradell\/wp-content\/uploads\/usu83\/2022\/05\/estrategia-300x211.jpeg 300w\" alt=\"\" width=\"567\" height=\"399\" \/><\/div>\n<p>&nbsp;<\/p>\n<p>El document de l\u2019EDC es divideix en dues parts diferenciades per\u00f2 complement\u00e0ries a tots els centres:<\/p>\n<ul>\n<li>La primera part \u00e9s estrat\u00e8gica i marca l\u2019horitz\u00f3 on vol arribar el centre a mitj\u00e0 termini en l\u2019\u00e0mbit digital. Inclou una\u00a0<a href=\"https:\/\/agora.xtec.cat\/ins-esport\/l-institut\/organitzacio\/estrategia-digital-de-centre\/estrategia\/diagnosi\/\">diagnosi<\/a>, la determinaci\u00f3 d\u2019<a href=\"https:\/\/agora.xtec.cat\/ins-esport\/l-institut\/organitzacio\/estrategia-digital-de-centre\/estrategia\/objectius\/\">objectius<\/a>, la <a href=\"https:\/\/agora.xtec.cat\/ins-esport\/l-institut\/organitzacio\/estrategia-digital-de-centre\/estrategia\/planificacio\/\">planificaci\u00f3<\/a> d\u2019actuacions concretes i fixa l\u2019<a href=\"https:\/\/agora.xtec.cat\/ins-esport\/l-institut\/organitzacio\/estrategia-digital-de-centre\/estrategia\/avaluacio\/\">avaluaci\u00f3<\/a> de la mateixa estrat\u00e8gia.<\/li>\n<li>La segona part \u00e9s un recull de la cultura digital del centre, el qual permet tenir un coneixement global del centre en l\u2019\u00e0mbit digital. Inclou procediments, acords i accions que el centre ja est\u00e0 realitzant i que permeten tenir una visi\u00f3 completa de la cultura digital que el centre ja ha assolit.<\/li>\n<\/ul>\n<p>Cliqueu en els seg\u00fcents enlla\u00e7os per a consultar:<\/p>\n<p style=\"text-align: center;\"><a href=\"https:\/\/sites.google.com\/xtec.cat\/edc-institut-dels-esports\/inici\" target=\"_blank\" rel=\"noopener\"><strong>Estrat\u00e8gia Digital de Centre (Sites)<\/strong><\/a><\/p>\n<p>Documentaci\u00f3 de refer\u00e8ncia:<\/p>\n<table class=\" alignleft\" style=\"width: 54.0476%;\">\n<tbody>\n<tr>\n<td style=\"width: 51.9463%;\"><a href=\"https:\/\/educacio.gencat.cat\/web\/.content\/home\/departament\/publicacions\/colleccions\/pla-educacio-digital\/pla-educacio-digital-catalunya\/pla-educacio-digital.pdf\"><img loading=\"lazy\" decoding=\"async\" class=\"wp-image-5789 alignnone aligncenter\" src=\"https:\/\/agora.xtec.cat\/ies-miquel-tarradell\/wp-content\/uploads\/usu83\/2022\/05\/PEDC.png\" sizes=\"auto, (max-width: 999px) 100vw, 999px\" srcset=\"https:\/\/agora.xtec.cat\/ies-miquel-tarradell\/wp-content\/uploads\/usu83\/2022\/05\/PEDC.png 999w, https:\/\/agora.xtec.cat\/ies-miquel-tarradell\/wp-content\/uploads\/usu83\/2022\/05\/PEDC-300x167.png 300w, https:\/\/agora.xtec.cat\/ies-miquel-tarradell\/wp-content\/uploads\/usu83\/2022\/05\/PEDC-768x428.png 768w\" alt=\"\" width=\"369\" height=\"206\" \/><\/a><\/td>\n<td style=\"width: 46.9799%; text-align: center;\" rowspan=\"2\"><a href=\"https:\/\/educacio.gencat.cat\/web\/.content\/home\/departament\/publicacions\/colleccions\/pla-educacio-digital\/estrategia-digital-centre\/estrategia-digital-centre.pdf\"><img loading=\"lazy\" decoding=\"async\" class=\"alignnone wp-image-5826\" src=\"https:\/\/agora.xtec.cat\/ies-miquel-tarradell\/wp-content\/uploads\/usu83\/2022\/05\/edc-imatge.jpg\" sizes=\"auto, (max-width: 348px) 100vw, 348px\" srcset=\"https:\/\/agora.xtec.cat\/ies-miquel-tarradell\/wp-content\/uploads\/usu83\/2022\/05\/edc-imatge.jpg 268w, https:\/\/agora.xtec.cat\/ies-miquel-tarradell\/wp-content\/uploads\/usu83\/2022\/05\/edc-imatge-213x300.jpg 213w\" alt=\"\" width=\"328\" height=\"461\" \/><\/a><\/td>\n<\/tr>\n<tr>\n<td style=\"width: 51.9463%;\"><a href=\"https:\/\/www.youtube.com\/watch?v=drnnIYke2Ec&amp;list=PLHQ2RmbOIhEriXpnC12ejH_oOra_PxGya\"><img loading=\"lazy\" decoding=\"async\" class=\"alignnone wp-image-5827\" src=\"https:\/\/agora.xtec.cat\/ies-miquel-tarradell\/wp-content\/uploads\/usu83\/2022\/05\/video.png_891899729.png\" sizes=\"auto, (max-width: 358px) 100vw, 358px\" srcset=\"https:\/\/agora.xtec.cat\/ies-miquel-tarradell\/wp-content\/uploads\/usu83\/2022\/05\/video.png_891899729.png 358w, https:\/\/agora.xtec.cat\/ies-miquel-tarradell\/wp-content\/uploads\/usu83\/2022\/05\/video.png_891899729-300x202.png 300w\" alt=\"\" width=\"340\" height=\"229\" \/><\/a><\/td>\n<\/tr>\n<\/tbody>\n<\/table>\n<p style=\"text-align: left;\">\n","protected":false},"excerpt":{"rendered":"<p>&nbsp;<br \/>\nL\u2019estrat\u00e8gia Digital de Centre (EDC) \u00e9s un document que recull totes les accions que es realitzen en un centre, i les que es realitzaran a mitj\u00e0 termini, per aconseguir la m\u00e0xima compet\u00e8ncia digital de l\u2019alumnat, del professorat i del centre educatiu. Ha de tenir com&hellip;  <a href=\"https:\/\/agora.xtec.cat\/ins-esport\/l-institut\/organitzacio\/estrategia-digital-de-centre\/\" title=\"Read Estrat\u00e8gia Digital de Centre\">Llegeix m\u00e9s\u00bb<\/a><\/p>\n","protected":false},"author":1,"featured_media":0,"parent":306,"menu_order":4,"comment_status":"closed","ping_status":"closed","template":"page-templates\/side-menu.php","meta":{"_bbp_topic_count":0,"_bbp_reply_count":0,"_bbp_total_topic_count":0,"_bbp_total_reply_count":0,"_bbp_voice_count":0,"_bbp_anonymous_reply_count":0,"_bbp_topic_count_hidden":0,"_bbp_reply_count_hidden":0,"_bbp_forum_subforum_count":0,"footnotes":""},"class_list":["post-10954","page","type-page","status-publish","hentry"],"post_mailing_queue_ids":[],"_links":{"self":[{"href":"https:\/\/agora.xtec.cat\/ins-esport\/wp-json\/wp\/v2\/pages\/10954","targetHints":{"allow":["GET"]}}],"collection":[{"href":"https:\/\/agora.xtec.cat\/ins-esport\/wp-json\/wp\/v2\/pages"}],"about":[{"href":"https:\/\/agora.xtec.cat\/ins-esport\/wp-json\/wp\/v2\/types\/page"}],"author":[{"embeddable":true,"href":"https:\/\/agora.xtec.cat\/ins-esport\/wp-json\/wp\/v2\/users\/1"}],"replies":[{"embeddable":true,"href":"https:\/\/agora.xtec.cat\/ins-esport\/wp-json\/wp\/v2\/comments?post=10954"}],"version-history":[{"count":4,"href":"https:\/\/agora.xtec.cat\/ins-esport\/wp-json\/wp\/v2\/pages\/10954\/revisions"}],"predecessor-version":[{"id":12986,"href":"https:\/\/agora.xtec.cat\/ins-esport\/wp-json\/wp\/v2\/pages\/10954\/revisions\/12986"}],"up":[{"embeddable":true,"href":"https:\/\/agora.xtec.cat\/ins-esport\/wp-json\/wp\/v2\/pages\/306"}],"wp:attachment":[{"href":"https:\/\/agora.xtec.cat\/ins-esport\/wp-json\/wp\/v2\/media?parent=10954"}],"curies":[{"name":"wp","href":"https:\/\/api.w.org\/{rel}","templated":true}]}}