{"id":2176,"date":"2017-04-07T15:50:57","date_gmt":"2017-04-07T13:50:57","guid":{"rendered":"http:\/\/agora.xtec.cat\/ins-escoladeltreball\/?page_id=2176"},"modified":"2017-04-18T14:05:22","modified_gmt":"2017-04-18T12:05:22","slug":"cfgm-activitats-comercials","status":"publish","type":"page","link":"https:\/\/agora.xtec.cat\/ins-escoladeltreball\/cfgm-activitats-comercials\/","title":{"rendered":"Activitats Comercials"},"content":{"rendered":"<h2>Horari\/Torn<\/h2>\n<ul>\n<li>1 grup en torn de mat\u00ed: 1r i 2n curs, horari: 8.00 a 14.00h<\/li>\n<li>1 grup en torn de tarda: 1r curs, horari: 15.00 a 21.00h; 2n curs, horari: 15.00 a 20.00h<\/li>\n<\/ul>\n<h2><strong> Compactaci\u00f3 del m\u00f2dul de Formaci\u00f3 en Centres de Treball<\/strong><\/h2>\n<p>S\u00ed: classes 1r i 2n trimestre, pr\u00e0ctiques a l\u2019empresa 3r trimestre<\/p>\n<h2><strong>Formaci\u00f3 en Alternan\u00e7a Dual<\/strong><\/h2>\n<p>S\u00ed: en el grup en torn de tarda<\/p>\n","protected":false},"excerpt":{"rendered":"<p>Horari\/Torn<\/p>\n<ul>\n<li>1 grup en torn de mat\u00ed: 1r i 2n curs, horari: 8.00 a 14.00h<\/li>\n<li>1 grup en torn de tarda: 1r curs, horari: 15.00 a 21.00h; 2n curs, horari: 15.00 a 20.00h<\/li>\n<\/ul>\n<p> Compactaci\u00f3 del m\u00f2dul de Formaci\u00f3 en Centres de Treball<br \/>\nS\u00ed: classes 1r i 2n trimestre,&hellip;  <a href=\"https:\/\/agora.xtec.cat\/ins-escoladeltreball\/cfgm-activitats-comercials\/\" title=\"Read Activitats Comercials\">Llegeix m\u00e9s\u00bb<\/a><\/p>\n","protected":false},"author":1,"featured_media":0,"parent":0,"menu_order":0,"comment_status":"closed","ping_status":"closed","template":"","meta":{"_bbp_topic_count":0,"_bbp_reply_count":0,"_bbp_total_topic_count":0,"_bbp_total_reply_count":0,"_bbp_voice_count":0,"_bbp_anonymous_reply_count":0,"_bbp_topic_count_hidden":0,"_bbp_reply_count_hidden":0,"_bbp_forum_subforum_count":0,"footnotes":""},"class_list":["post-2176","page","type-page","status-publish","hentry"],"post_mailing_queue_ids":[],"_links":{"self":[{"href":"https:\/\/agora.xtec.cat\/ins-escoladeltreball\/wp-json\/wp\/v2\/pages\/2176","targetHints":{"allow":["GET"]}}],"collection":[{"href":"https:\/\/agora.xtec.cat\/ins-escoladeltreball\/wp-json\/wp\/v2\/pages"}],"about":[{"href":"https:\/\/agora.xtec.cat\/ins-escoladeltreball\/wp-json\/wp\/v2\/types\/page"}],"author":[{"embeddable":true,"href":"https:\/\/agora.xtec.cat\/ins-escoladeltreball\/wp-json\/wp\/v2\/users\/1"}],"replies":[{"embeddable":true,"href":"https:\/\/agora.xtec.cat\/ins-escoladeltreball\/wp-json\/wp\/v2\/comments?post=2176"}],"version-history":[{"count":2,"href":"https:\/\/agora.xtec.cat\/ins-escoladeltreball\/wp-json\/wp\/v2\/pages\/2176\/revisions"}],"predecessor-version":[{"id":2230,"href":"https:\/\/agora.xtec.cat\/ins-escoladeltreball\/wp-json\/wp\/v2\/pages\/2176\/revisions\/2230"}],"wp:attachment":[{"href":"https:\/\/agora.xtec.cat\/ins-escoladeltreball\/wp-json\/wp\/v2\/media?parent=2176"}],"curies":[{"name":"wp","href":"https:\/\/api.w.org\/{rel}","templated":true}]}}