{"id":19,"date":"2014-09-17T14:56:56","date_gmt":"2014-09-17T14:56:56","guid":{"rendered":"http:\/\/agora.xtec.cat\/ins-escoladeltreball\/?page_id=19"},"modified":"2017-04-19T17:39:26","modified_gmt":"2017-04-19T15:39:26","slug":"institut","status":"publish","type":"page","link":"https:\/\/agora.xtec.cat\/ins-escoladeltreball\/institut\/","title":{"rendered":"L&#8217;institut"},"content":{"rendered":"<p><strong>Benvinguts a l&#8217;Institut Escola del Treball i al seu lloc web<\/strong><\/p>\n<p>L&#8217;Institut Escola del Treball \u00e9s un centre educatiu emblem\u00e0tic de la ciutat de Lleida. Dissenyat per l&#8217;arquitecte Francesc Morera i Gatell i ubicat en un solar cedit pel senyor Ignasi Calvet i Irigoyen, l&#8217;edifici es va inaugurar el 14 de gener de l&#8217;any 1932 i amb ell la possibilitat de formaci\u00f3 de milers de ciutadans i professionals de la nostra ciutat i comarques ve\u00efnes.<\/p>\n<p>Val a dir, doncs, que L&#8217;Escola del Treball est\u00e0 en el record de molts lleidatans que\u00a0han ocupat les seves aules i tallers per realitzar estudis de Maestria i\u00a0Formaci\u00f3 Professional. Est\u00e0 tamb\u00e9 en la mem\u00f2ria d\u2019aquells lleidatans que durant els anys 40 i 50 van utilitzar les seves instal\u2022lacions per\u00a0cursar els estudis de Magisteri i Batxillerat.<\/p>\n<p>El curs 2006-2007 es van planificar un ampli ventall d\u2019activitats de celebraci\u00f3 del 75\u00e8 aniversari de la instituci\u00f3 amb la finalitat de donar a con\u00e8ixer a la ciutat de Lleida la hist\u00f2ria de l&#8217;Escola del Treball. Aquesta celebraci\u00f3 va comptar amb el reconeixement dels poders p\u00fablics, els quals van decidir homenatjar la instituci\u00f3 en l&#8217;acte anual\u00a0organitzat pel Consell Escolar Municipal, aix\u00ed com\u00a0atorgar\u00a0la Placa de la Paeria al m\u00e8rit educatiu concedida per l&#8217;Ajuntament de la ciutat.<\/p>\n<p>El reconeixement va culminar amb la concessi\u00f3 del Premi Catalunya Educaci\u00f3 de l&#8217;edici\u00f3 2007.<\/p>\n<blockquote><p><span style=\"color: #0988a9;\"><em><span class=\"gkBlockTextLeft\">Avui en dia, l&#8217;Institut Escola del Treball s&#8217;ha convertit en un centre amb una oferta \u00fanica de Formaci\u00f3 Professional en les fam\u00edlies d&#8217;Administraci\u00f3 i Gesti\u00f3, Comer\u00e7 i M\u00e0rqueting, Electricitat i Electr\u00f2nica, Energia i Aigua, Fusta i Moble, Qu\u00edmica i Seguretat i Medi Ambient<\/span><\/em><\/span><\/p><\/blockquote>\n<p>Aquesta \u00e0mplia i exclusiva oferta formativa fa de l&#8217;Institut un referent en els estudis professionals arreu del territori lleidat\u00e0. El centre treballa estretament amb les empreses i institucions lleidatanes per tal d&#8217;aconseguir una formaci\u00f3 de qualitat per al seu alumnat i aposta per serveis estretament lligats al mon professional, en els \u00e0mbits de l&#8217;emprenedoria, la orientaci\u00f3 al llarg de la vida i el reconeixement de l&#8217;experi\u00e8ncia laboral, entre d&#8217;altres<\/p>\n<p>En nom de la comunitat educativa actual us convido a visitar\u00a0el nostre web on\u00a0trobareu tota la informaci\u00f3 sobre el centre i la seva oferta educativa actual.<\/p>\n<p><span style=\"color: #999999;\"><strong><em>Neus Caufap\u00e9 Caufap\u00e9<\/em><\/strong><\/span><\/p>\n","protected":false},"excerpt":{"rendered":"<p>Benvinguts a l&#8217;Institut Escola del Treball i al seu lloc web<br \/>\nL&#8217;Institut Escola del Treball \u00e9s un centre educatiu emblem\u00e0tic de la ciutat de Lleida. Dissenyat per l&#8217;arquitecte Francesc Morera i Gatell i ubicat en un solar cedit pel senyor Ignasi Calvet i Irigoyen, l&#8217;edifici es&hellip;  <a href=\"https:\/\/agora.xtec.cat\/ins-escoladeltreball\/institut\/\" title=\"Read L&#8217;institut\">Llegeix m\u00e9s\u00bb<\/a><\/p>\n","protected":false},"author":1,"featured_media":0,"parent":0,"menu_order":0,"comment_status":"closed","ping_status":"closed","template":"page-templates\/side-menu.php","meta":{"_bbp_topic_count":0,"_bbp_reply_count":0,"_bbp_total_topic_count":0,"_bbp_total_reply_count":0,"_bbp_voice_count":0,"_bbp_anonymous_reply_count":0,"_bbp_topic_count_hidden":0,"_bbp_reply_count_hidden":0,"_bbp_forum_subforum_count":0,"footnotes":""},"class_list":["post-19","page","type-page","status-publish","hentry"],"post_mailing_queue_ids":[],"_links":{"self":[{"href":"https:\/\/agora.xtec.cat\/ins-escoladeltreball\/wp-json\/wp\/v2\/pages\/19","targetHints":{"allow":["GET"]}}],"collection":[{"href":"https:\/\/agora.xtec.cat\/ins-escoladeltreball\/wp-json\/wp\/v2\/pages"}],"about":[{"href":"https:\/\/agora.xtec.cat\/ins-escoladeltreball\/wp-json\/wp\/v2\/types\/page"}],"author":[{"embeddable":true,"href":"https:\/\/agora.xtec.cat\/ins-escoladeltreball\/wp-json\/wp\/v2\/users\/1"}],"replies":[{"embeddable":true,"href":"https:\/\/agora.xtec.cat\/ins-escoladeltreball\/wp-json\/wp\/v2\/comments?post=19"}],"version-history":[{"count":3,"href":"https:\/\/agora.xtec.cat\/ins-escoladeltreball\/wp-json\/wp\/v2\/pages\/19\/revisions"}],"predecessor-version":[{"id":2258,"href":"https:\/\/agora.xtec.cat\/ins-escoladeltreball\/wp-json\/wp\/v2\/pages\/19\/revisions\/2258"}],"wp:attachment":[{"href":"https:\/\/agora.xtec.cat\/ins-escoladeltreball\/wp-json\/wp\/v2\/media?parent=19"}],"curies":[{"name":"wp","href":"https:\/\/api.w.org\/{rel}","templated":true}]}}