{"id":9,"date":"2014-09-12T10:15:01","date_gmt":"2014-09-12T10:15:01","guid":{"rendered":"http:\/\/agora.xtec.cat\/ins-esc-santadria\/?page_id=9"},"modified":"2026-03-27T20:28:06","modified_gmt":"2026-03-27T19:28:06","slug":"pagina-dinici-buida","status":"publish","type":"page","link":"https:\/\/agora.xtec.cat\/ins-esc-santadria\/","title":{"rendered":"6a MILLA DE LA MINA"},"content":{"rendered":"\n<div class=\"wp-block-getwid-images-slider has-arrows-inside has-dots-inside has-images-center has-cropped-images\"><div class=\"wp-block-getwid-images-slider__wrapper\" data-effect=\"fade\" data-slides-show=\"1\" data-slides-show-laptop=\"1\" data-slides-show-tablet=\"1\" data-slides-show-mobile=\"1\" data-slides-scroll=\"1\" data-autoplay=\"true\" data-pause-hover=\"false\" data-autoplay-speed=\"6036\" data-infinite=\"true\" data-animation-speed=\"818\" data-center-mode=\"false\" data-variable-width=\"false\" data-arrows=\"inside\" data-dots=\"inside\" data-spacing=\"none\"><div class=\"wp-block-getwid-images-slider__item\"><figure><img loading=\"lazy\" decoding=\"async\" width=\"1024\" height=\"683\" src=\"https:\/\/agora.xtec.cat\/ins-esc-santadria\/wp-content\/uploads\/usu1431\/2026\/03\/Milla-Mina-6120.jpg\" data-id=\"16461\" data-link=\"https:\/\/agora.xtec.cat\/ins-esc-santadria\/pagines-dinici\/pagina-dinici-buida\/attachment\/milla-mina-6120\/\" data-original-link=\"https:\/\/agora.xtec.cat\/ins-esc-santadria\/wp-content\/uploads\/usu1431\/2026\/03\/Milla-Mina-6120.jpg\" class=\"wp-block-getwid-images-slider__image wp-image-16461\" srcset=\"https:\/\/agora.xtec.cat\/ins-esc-santadria\/wp-content\/uploads\/usu1431\/2026\/03\/Milla-Mina-6120.jpg 1024w, https:\/\/agora.xtec.cat\/ins-esc-santadria\/wp-content\/uploads\/usu1431\/2026\/03\/Milla-Mina-6120-300x200.jpg 300w, https:\/\/agora.xtec.cat\/ins-esc-santadria\/wp-content\/uploads\/usu1431\/2026\/03\/Milla-Mina-6120-768x512.jpg 768w\" sizes=\"auto, (max-width: 1024px) 100vw, 1024px\" \/><\/figure><\/div><div class=\"wp-block-getwid-images-slider__item\"><figure><img loading=\"lazy\" decoding=\"async\" width=\"1024\" height=\"683\" src=\"https:\/\/agora.xtec.cat\/ins-esc-santadria\/wp-content\/uploads\/usu1431\/2026\/03\/Milla-Mina-6123-1.jpg\" data-id=\"16462\" data-link=\"https:\/\/agora.xtec.cat\/ins-esc-santadria\/pagines-dinici\/pagina-dinici-buida\/attachment\/milla-mina-6123-2\/\" data-original-link=\"https:\/\/agora.xtec.cat\/ins-esc-santadria\/wp-content\/uploads\/usu1431\/2026\/03\/Milla-Mina-6123-1.jpg\" class=\"wp-block-getwid-images-slider__image wp-image-16462\" srcset=\"https:\/\/agora.xtec.cat\/ins-esc-santadria\/wp-content\/uploads\/usu1431\/2026\/03\/Milla-Mina-6123-1.jpg 1024w, https:\/\/agora.xtec.cat\/ins-esc-santadria\/wp-content\/uploads\/usu1431\/2026\/03\/Milla-Mina-6123-1-300x200.jpg 300w, https:\/\/agora.xtec.cat\/ins-esc-santadria\/wp-content\/uploads\/usu1431\/2026\/03\/Milla-Mina-6123-1-768x512.jpg 768w\" sizes=\"auto, (max-width: 1024px) 100vw, 1024px\" \/><\/figure><\/div><div class=\"wp-block-getwid-images-slider__item\"><figure><img loading=\"lazy\" decoding=\"async\" width=\"1024\" height=\"683\" src=\"https:\/\/agora.xtec.cat\/ins-esc-santadria\/wp-content\/uploads\/usu1431\/2026\/03\/Milla-Mina-6191.jpg\" data-id=\"16463\" data-link=\"https:\/\/agora.xtec.cat\/ins-esc-santadria\/pagines-dinici\/pagina-dinici-buida\/attachment\/milla-mina-6191\/\" data-original-link=\"https:\/\/agora.xtec.cat\/ins-esc-santadria\/wp-content\/uploads\/usu1431\/2026\/03\/Milla-Mina-6191.jpg\" class=\"wp-block-getwid-images-slider__image wp-image-16463\" srcset=\"https:\/\/agora.xtec.cat\/ins-esc-santadria\/wp-content\/uploads\/usu1431\/2026\/03\/Milla-Mina-6191.jpg 1024w, https:\/\/agora.xtec.cat\/ins-esc-santadria\/wp-content\/uploads\/usu1431\/2026\/03\/Milla-Mina-6191-300x200.jpg 300w, https:\/\/agora.xtec.cat\/ins-esc-santadria\/wp-content\/uploads\/usu1431\/2026\/03\/Milla-Mina-6191-768x512.jpg 768w\" sizes=\"auto, (max-width: 1024px) 100vw, 1024px\" \/><\/figure><\/div><div class=\"wp-block-getwid-images-slider__item\"><figure><img loading=\"lazy\" decoding=\"async\" width=\"904\" height=\"768\" src=\"https:\/\/agora.xtec.cat\/ins-esc-santadria\/wp-content\/uploads\/usu1431\/2026\/03\/Milla-Mina-6503.jpg\" data-id=\"16464\" data-link=\"https:\/\/agora.xtec.cat\/ins-esc-santadria\/pagines-dinici\/pagina-dinici-buida\/attachment\/milla-mina-6503\/\" data-original-link=\"https:\/\/agora.xtec.cat\/ins-esc-santadria\/wp-content\/uploads\/usu1431\/2026\/03\/Milla-Mina-6503.jpg\" class=\"wp-block-getwid-images-slider__image wp-image-16464\" srcset=\"https:\/\/agora.xtec.cat\/ins-esc-santadria\/wp-content\/uploads\/usu1431\/2026\/03\/Milla-Mina-6503.jpg 904w, https:\/\/agora.xtec.cat\/ins-esc-santadria\/wp-content\/uploads\/usu1431\/2026\/03\/Milla-Mina-6503-300x255.jpg 300w, https:\/\/agora.xtec.cat\/ins-esc-santadria\/wp-content\/uploads\/usu1431\/2026\/03\/Milla-Mina-6503-768x652.jpg 768w\" sizes=\"auto, (max-width: 904px) 100vw, 904px\" \/><\/figure><\/div><div class=\"wp-block-getwid-images-slider__item\"><figure><img loading=\"lazy\" decoding=\"async\" width=\"1024\" height=\"579\" src=\"https:\/\/agora.xtec.cat\/ins-esc-santadria\/wp-content\/uploads\/usu1431\/2026\/03\/Milla-Mina-6359.jpg\" data-id=\"16465\" data-link=\"https:\/\/agora.xtec.cat\/ins-esc-santadria\/pagines-dinici\/pagina-dinici-buida\/attachment\/milla-mina-6359\/\" data-original-link=\"https:\/\/agora.xtec.cat\/ins-esc-santadria\/wp-content\/uploads\/usu1431\/2026\/03\/Milla-Mina-6359.jpg\" class=\"wp-block-getwid-images-slider__image wp-image-16465\" srcset=\"https:\/\/agora.xtec.cat\/ins-esc-santadria\/wp-content\/uploads\/usu1431\/2026\/03\/Milla-Mina-6359.jpg 1024w, https:\/\/agora.xtec.cat\/ins-esc-santadria\/wp-content\/uploads\/usu1431\/2026\/03\/Milla-Mina-6359-300x170.jpg 300w, https:\/\/agora.xtec.cat\/ins-esc-santadria\/wp-content\/uploads\/usu1431\/2026\/03\/Milla-Mina-6359-768x434.jpg 768w\" sizes=\"auto, (max-width: 1024px) 100vw, 1024px\" \/><\/figure><\/div><div class=\"wp-block-getwid-images-slider__item\"><figure><img loading=\"lazy\" decoding=\"async\" width=\"1024\" height=\"557\" src=\"https:\/\/agora.xtec.cat\/ins-esc-santadria\/wp-content\/uploads\/usu1431\/2026\/03\/Milla-Mina-6109.jpg\" data-id=\"16471\" data-link=\"https:\/\/agora.xtec.cat\/ins-esc-santadria\/pagines-dinici\/pagina-dinici-buida\/attachment\/milla-mina-6109\/\" data-original-link=\"https:\/\/agora.xtec.cat\/ins-esc-santadria\/wp-content\/uploads\/usu1431\/2026\/03\/Milla-Mina-6109.jpg\" class=\"wp-block-getwid-images-slider__image wp-image-16471\" srcset=\"https:\/\/agora.xtec.cat\/ins-esc-santadria\/wp-content\/uploads\/usu1431\/2026\/03\/Milla-Mina-6109.jpg 1024w, https:\/\/agora.xtec.cat\/ins-esc-santadria\/wp-content\/uploads\/usu1431\/2026\/03\/Milla-Mina-6109-300x163.jpg 300w, https:\/\/agora.xtec.cat\/ins-esc-santadria\/wp-content\/uploads\/usu1431\/2026\/03\/Milla-Mina-6109-768x418.jpg 768w\" sizes=\"auto, (max-width: 1024px) 100vw, 1024px\" \/><\/figure><\/div><div class=\"wp-block-getwid-images-slider__item\"><figure><img loading=\"lazy\" decoding=\"async\" width=\"1024\" height=\"683\" src=\"https:\/\/agora.xtec.cat\/ins-esc-santadria\/wp-content\/uploads\/usu1431\/2026\/03\/Milla-Mina-6186.jpg\" data-id=\"16472\" data-link=\"https:\/\/agora.xtec.cat\/ins-esc-santadria\/pagines-dinici\/pagina-dinici-buida\/attachment\/milla-mina-6186\/\" data-original-link=\"https:\/\/agora.xtec.cat\/ins-esc-santadria\/wp-content\/uploads\/usu1431\/2026\/03\/Milla-Mina-6186.jpg\" class=\"wp-block-getwid-images-slider__image wp-image-16472\" srcset=\"https:\/\/agora.xtec.cat\/ins-esc-santadria\/wp-content\/uploads\/usu1431\/2026\/03\/Milla-Mina-6186.jpg 1024w, https:\/\/agora.xtec.cat\/ins-esc-santadria\/wp-content\/uploads\/usu1431\/2026\/03\/Milla-Mina-6186-300x200.jpg 300w, https:\/\/agora.xtec.cat\/ins-esc-santadria\/wp-content\/uploads\/usu1431\/2026\/03\/Milla-Mina-6186-768x512.jpg 768w\" sizes=\"auto, (max-width: 1024px) 100vw, 1024px\" \/><\/figure><\/div><div class=\"wp-block-getwid-images-slider__item\"><figure><img loading=\"lazy\" decoding=\"async\" width=\"1024\" height=\"683\" src=\"https:\/\/agora.xtec.cat\/ins-esc-santadria\/wp-content\/uploads\/usu1431\/2026\/03\/Milla-Mina-6192.jpg\" data-id=\"16473\" data-link=\"https:\/\/agora.xtec.cat\/ins-esc-santadria\/pagines-dinici\/pagina-dinici-buida\/attachment\/milla-mina-6192\/\" data-original-link=\"https:\/\/agora.xtec.cat\/ins-esc-santadria\/wp-content\/uploads\/usu1431\/2026\/03\/Milla-Mina-6192.jpg\" class=\"wp-block-getwid-images-slider__image wp-image-16473\" srcset=\"https:\/\/agora.xtec.cat\/ins-esc-santadria\/wp-content\/uploads\/usu1431\/2026\/03\/Milla-Mina-6192.jpg 1024w, https:\/\/agora.xtec.cat\/ins-esc-santadria\/wp-content\/uploads\/usu1431\/2026\/03\/Milla-Mina-6192-300x200.jpg 300w, https:\/\/agora.xtec.cat\/ins-esc-santadria\/wp-content\/uploads\/usu1431\/2026\/03\/Milla-Mina-6192-768x512.jpg 768w\" sizes=\"auto, (max-width: 1024px) 100vw, 1024px\" \/><\/figure><\/div><div class=\"wp-block-getwid-images-slider__item\"><figure><img loading=\"lazy\" decoding=\"async\" width=\"1024\" height=\"683\" src=\"https:\/\/agora.xtec.cat\/ins-esc-santadria\/wp-content\/uploads\/usu1431\/2026\/03\/Milla-Mina-6292.jpg\" data-id=\"16474\" data-link=\"https:\/\/agora.xtec.cat\/ins-esc-santadria\/pagines-dinici\/pagina-dinici-buida\/attachment\/milla-mina-6292\/\" data-original-link=\"https:\/\/agora.xtec.cat\/ins-esc-santadria\/wp-content\/uploads\/usu1431\/2026\/03\/Milla-Mina-6292.jpg\" class=\"wp-block-getwid-images-slider__image wp-image-16474\" srcset=\"https:\/\/agora.xtec.cat\/ins-esc-santadria\/wp-content\/uploads\/usu1431\/2026\/03\/Milla-Mina-6292.jpg 1024w, https:\/\/agora.xtec.cat\/ins-esc-santadria\/wp-content\/uploads\/usu1431\/2026\/03\/Milla-Mina-6292-300x200.jpg 300w, https:\/\/agora.xtec.cat\/ins-esc-santadria\/wp-content\/uploads\/usu1431\/2026\/03\/Milla-Mina-6292-768x512.jpg 768w\" sizes=\"auto, (max-width: 1024px) 100vw, 1024px\" \/><\/figure><\/div><div class=\"wp-block-getwid-images-slider__item\"><figure><img loading=\"lazy\" decoding=\"async\" width=\"1024\" height=\"683\" src=\"https:\/\/agora.xtec.cat\/ins-esc-santadria\/wp-content\/uploads\/usu1431\/2026\/03\/Milla-Mina-6507.jpg\" data-id=\"16475\" data-link=\"https:\/\/agora.xtec.cat\/ins-esc-santadria\/pagines-dinici\/pagina-dinici-buida\/attachment\/milla-mina-6507\/\" data-original-link=\"https:\/\/agora.xtec.cat\/ins-esc-santadria\/wp-content\/uploads\/usu1431\/2026\/03\/Milla-Mina-6507.jpg\" class=\"wp-block-getwid-images-slider__image wp-image-16475\" srcset=\"https:\/\/agora.xtec.cat\/ins-esc-santadria\/wp-content\/uploads\/usu1431\/2026\/03\/Milla-Mina-6507.jpg 1024w, https:\/\/agora.xtec.cat\/ins-esc-santadria\/wp-content\/uploads\/usu1431\/2026\/03\/Milla-Mina-6507-300x200.jpg 300w, https:\/\/agora.xtec.cat\/ins-esc-santadria\/wp-content\/uploads\/usu1431\/2026\/03\/Milla-Mina-6507-768x512.jpg 768w\" sizes=\"auto, (max-width: 1024px) 100vw, 1024px\" \/><\/figure><\/div><div class=\"wp-block-getwid-images-slider__item\"><figure><img loading=\"lazy\" decoding=\"async\" width=\"1024\" height=\"683\" src=\"https:\/\/agora.xtec.cat\/ins-esc-santadria\/wp-content\/uploads\/usu1431\/2026\/03\/Milla-Mina-6311.jpg\" data-id=\"16476\" data-link=\"https:\/\/agora.xtec.cat\/ins-esc-santadria\/pagines-dinici\/pagina-dinici-buida\/attachment\/milla-mina-6311\/\" data-original-link=\"https:\/\/agora.xtec.cat\/ins-esc-santadria\/wp-content\/uploads\/usu1431\/2026\/03\/Milla-Mina-6311.jpg\" class=\"wp-block-getwid-images-slider__image wp-image-16476\" srcset=\"https:\/\/agora.xtec.cat\/ins-esc-santadria\/wp-content\/uploads\/usu1431\/2026\/03\/Milla-Mina-6311.jpg 1024w, https:\/\/agora.xtec.cat\/ins-esc-santadria\/wp-content\/uploads\/usu1431\/2026\/03\/Milla-Mina-6311-300x200.jpg 300w, https:\/\/agora.xtec.cat\/ins-esc-santadria\/wp-content\/uploads\/usu1431\/2026\/03\/Milla-Mina-6311-768x512.jpg 768w\" sizes=\"auto, (max-width: 1024px) 100vw, 1024px\" \/><\/figure><\/div><div class=\"wp-block-getwid-images-slider__item\"><figure><img loading=\"lazy\" decoding=\"async\" width=\"1024\" height=\"683\" src=\"https:\/\/agora.xtec.cat\/ins-esc-santadria\/wp-content\/uploads\/usu1431\/2026\/03\/DSC_1466.jpg\" data-id=\"16481\" data-link=\"https:\/\/agora.xtec.cat\/ins-esc-santadria\/pagines-dinici\/pagina-dinici-buida\/attachment\/dsc_1466\/\" data-original-link=\"https:\/\/agora.xtec.cat\/ins-esc-santadria\/wp-content\/uploads\/usu1431\/2026\/03\/DSC_1466.jpg\" class=\"wp-block-getwid-images-slider__image wp-image-16481\" srcset=\"https:\/\/agora.xtec.cat\/ins-esc-santadria\/wp-content\/uploads\/usu1431\/2026\/03\/DSC_1466.jpg 1024w, https:\/\/agora.xtec.cat\/ins-esc-santadria\/wp-content\/uploads\/usu1431\/2026\/03\/DSC_1466-300x200.jpg 300w, https:\/\/agora.xtec.cat\/ins-esc-santadria\/wp-content\/uploads\/usu1431\/2026\/03\/DSC_1466-768x512.jpg 768w\" sizes=\"auto, (max-width: 1024px) 100vw, 1024px\" \/><\/figure><\/div><div class=\"wp-block-getwid-images-slider__item\"><figure><img loading=\"lazy\" decoding=\"async\" width=\"1024\" height=\"683\" src=\"https:\/\/agora.xtec.cat\/ins-esc-santadria\/wp-content\/uploads\/usu1431\/2026\/03\/DSC_1507.jpg\" data-id=\"16482\" data-link=\"https:\/\/agora.xtec.cat\/ins-esc-santadria\/pagines-dinici\/pagina-dinici-buida\/attachment\/dsc_1507\/\" data-original-link=\"https:\/\/agora.xtec.cat\/ins-esc-santadria\/wp-content\/uploads\/usu1431\/2026\/03\/DSC_1507.jpg\" class=\"wp-block-getwid-images-slider__image wp-image-16482\" srcset=\"https:\/\/agora.xtec.cat\/ins-esc-santadria\/wp-content\/uploads\/usu1431\/2026\/03\/DSC_1507.jpg 1024w, https:\/\/agora.xtec.cat\/ins-esc-santadria\/wp-content\/uploads\/usu1431\/2026\/03\/DSC_1507-300x200.jpg 300w, https:\/\/agora.xtec.cat\/ins-esc-santadria\/wp-content\/uploads\/usu1431\/2026\/03\/DSC_1507-768x512.jpg 768w\" sizes=\"auto, (max-width: 1024px) 100vw, 1024px\" \/><\/figure><\/div><div class=\"wp-block-getwid-images-slider__item\"><figure><img loading=\"lazy\" decoding=\"async\" width=\"1024\" height=\"683\" src=\"https:\/\/agora.xtec.cat\/ins-esc-santadria\/wp-content\/uploads\/usu1431\/2026\/03\/DSC_1639.jpg\" data-id=\"16483\" data-link=\"https:\/\/agora.xtec.cat\/ins-esc-santadria\/pagines-dinici\/pagina-dinici-buida\/attachment\/dsc_1639\/\" data-original-link=\"https:\/\/agora.xtec.cat\/ins-esc-santadria\/wp-content\/uploads\/usu1431\/2026\/03\/DSC_1639.jpg\" class=\"wp-block-getwid-images-slider__image wp-image-16483\" srcset=\"https:\/\/agora.xtec.cat\/ins-esc-santadria\/wp-content\/uploads\/usu1431\/2026\/03\/DSC_1639.jpg 1024w, https:\/\/agora.xtec.cat\/ins-esc-santadria\/wp-content\/uploads\/usu1431\/2026\/03\/DSC_1639-300x200.jpg 300w, https:\/\/agora.xtec.cat\/ins-esc-santadria\/wp-content\/uploads\/usu1431\/2026\/03\/DSC_1639-768x512.jpg 768w\" sizes=\"auto, (max-width: 1024px) 100vw, 1024px\" \/><\/figure><\/div><div class=\"wp-block-getwid-images-slider__item\"><figure><img loading=\"lazy\" decoding=\"async\" width=\"1024\" height=\"683\" src=\"https:\/\/agora.xtec.cat\/ins-esc-santadria\/wp-content\/uploads\/usu1431\/2026\/03\/DSC_2063.jpg\" data-id=\"16484\" data-link=\"https:\/\/agora.xtec.cat\/ins-esc-santadria\/pagines-dinici\/pagina-dinici-buida\/attachment\/dsc_2063\/\" data-original-link=\"https:\/\/agora.xtec.cat\/ins-esc-santadria\/wp-content\/uploads\/usu1431\/2026\/03\/DSC_2063.jpg\" class=\"wp-block-getwid-images-slider__image wp-image-16484\" srcset=\"https:\/\/agora.xtec.cat\/ins-esc-santadria\/wp-content\/uploads\/usu1431\/2026\/03\/DSC_2063.jpg 1024w, https:\/\/agora.xtec.cat\/ins-esc-santadria\/wp-content\/uploads\/usu1431\/2026\/03\/DSC_2063-300x200.jpg 300w, https:\/\/agora.xtec.cat\/ins-esc-santadria\/wp-content\/uploads\/usu1431\/2026\/03\/DSC_2063-768x512.jpg 768w\" sizes=\"auto, (max-width: 1024px) 100vw, 1024px\" \/><\/figure><\/div><div class=\"wp-block-getwid-images-slider__item\"><figure><img loading=\"lazy\" decoding=\"async\" width=\"1024\" height=\"683\" src=\"https:\/\/agora.xtec.cat\/ins-esc-santadria\/wp-content\/uploads\/usu1431\/2026\/03\/DSC_2028.jpg\" data-id=\"16486\" data-link=\"https:\/\/agora.xtec.cat\/ins-esc-santadria\/pagines-dinici\/pagina-dinici-buida\/attachment\/dsc_2028\/\" data-original-link=\"https:\/\/agora.xtec.cat\/ins-esc-santadria\/wp-content\/uploads\/usu1431\/2026\/03\/DSC_2028.jpg\" class=\"wp-block-getwid-images-slider__image wp-image-16486\" srcset=\"https:\/\/agora.xtec.cat\/ins-esc-santadria\/wp-content\/uploads\/usu1431\/2026\/03\/DSC_2028.jpg 1024w, https:\/\/agora.xtec.cat\/ins-esc-santadria\/wp-content\/uploads\/usu1431\/2026\/03\/DSC_2028-300x200.jpg 300w, https:\/\/agora.xtec.cat\/ins-esc-santadria\/wp-content\/uploads\/usu1431\/2026\/03\/DSC_2028-768x512.jpg 768w\" sizes=\"auto, (max-width: 1024px) 100vw, 1024px\" \/><\/figure><\/div><\/div><\/div>\n\n\n\n<p><\/p>\n\n\n\n<p class=\"has-text-align-left\">Hem celebrat la 6a edici\u00f3 de la Milla de la Mina, la cursa popular que cada primavera ens enorgulleix com a Centre i com a barri. Volem donar les gr\u00e0cies a totes les persones que l&#8217;han tirat endavant, fent \u00e8mfasi en l&#8217;equip de professorat i alumnat de 2n d&#8217;ESO del projecte de vida saludable, que l&#8217;ha estat preparant des del gener. Sense el seu entusiasme, aquest \u00e8xit d&#8217;avui no hauria estat possible. Aquest carrusel \u00e9s una selecci\u00f3 de fotos d&#8217;en Jordi Casademont, Carlos Mestrallet, Pedro Garcia i \u00c0ngel Baiges.<\/p>\n\n\n\n<div class=\"wp-block-columns is-layout-flex wp-container-core-columns-is-layout-1 wp-block-columns-is-layout-flex\">\n<div class=\"wp-block-column is-layout-flow wp-block-column-is-layout-flow\"><\/div>\n\n\n\n<div class=\"wp-block-column is-layout-flow wp-block-column-is-layout-flow\"><\/div>\n<\/div>\n","protected":false},"excerpt":{"rendered":"<p>Hem celebrat la 6a edici\u00f3 de la Milla de la Mina, la cursa popular que cada primavera ens enorgulleix com a Centre i com a barri. Volem donar les gr\u00e0cies a totes les persones que l&#8217;han tirat endavant, fent \u00e8mfasi en l&#8217;equip de professorat i alumnat de 2n d&#8217;ESO del projecte de vida saludable, que [&hellip;]<\/p>\n","protected":false},"author":1,"featured_media":0,"parent":7,"menu_order":0,"comment_status":"closed","ping_status":"closed","template":"","meta":{"_bbp_topic_count":0,"_bbp_reply_count":0,"_bbp_total_topic_count":0,"_bbp_total_reply_count":0,"_bbp_voice_count":0,"_bbp_anonymous_reply_count":0,"_bbp_topic_count_hidden":0,"_bbp_reply_count_hidden":0,"_bbp_forum_subforum_count":0,"site-sidebar-layout":"default","site-content-layout":"","ast-site-content-layout":"default","site-content-style":"default","site-sidebar-style":"default","ast-global-header-display":"","ast-banner-title-visibility":"","ast-main-header-display":"","ast-hfb-above-header-display":"","ast-hfb-below-header-display":"","ast-hfb-mobile-header-display":"","site-post-title":"","ast-breadcrumbs-content":"","ast-featured-img":"","footer-sml-layout":"","theme-transparent-header-meta":"default","adv-header-id-meta":"","stick-header-meta":"","header-above-stick-meta":"","header-main-stick-meta":"","header-below-stick-meta":"","astra-migrate-meta-layouts":"set","ast-page-background-enabled":"default","ast-page-background-meta":{"desktop":{"background-color":"var(--ast-global-color-4)","background-image":"","background-repeat":"repeat","background-position":"center center","background-size":"auto","background-attachment":"scroll","background-type":"","background-media":"","overlay-type":"","overlay-color":"","overlay-opacity":"","overlay-gradient":""},"tablet":{"background-color":"","background-image":"","background-repeat":"repeat","background-position":"center center","background-size":"auto","background-attachment":"scroll","background-type":"","background-media":"","overlay-type":"","overlay-color":"","overlay-opacity":"","overlay-gradient":""},"mobile":{"background-color":"","background-image":"","background-repeat":"repeat","background-position":"center center","background-size":"auto","background-attachment":"scroll","background-type":"","background-media":"","overlay-type":"","overlay-color":"","overlay-opacity":"","overlay-gradient":""}},"ast-content-background-meta":{"desktop":{"background-color":"var(--ast-global-color-5)","background-image":"","background-repeat":"repeat","background-position":"center center","background-size":"auto","background-attachment":"scroll","background-type":"","background-media":"","overlay-type":"","overlay-color":"","overlay-opacity":"","overlay-gradient":""},"tablet":{"background-color":"var(--ast-global-color-5)","background-image":"","background-repeat":"repeat","background-position":"center center","background-size":"auto","background-attachment":"scroll","background-type":"","background-media":"","overlay-type":"","overlay-color":"","overlay-opacity":"","overlay-gradient":""},"mobile":{"background-color":"var(--ast-global-color-5)","background-image":"","background-repeat":"repeat","background-position":"center center","background-size":"auto","background-attachment":"scroll","background-type":"","background-media":"","overlay-type":"","overlay-color":"","overlay-opacity":"","overlay-gradient":""}},"footnotes":""},"class_list":["post-9","page","type-page","status-publish","hentry"],"post_mailing_queue_ids":[],"_links":{"self":[{"href":"https:\/\/agora.xtec.cat\/ins-esc-santadria\/wp-json\/wp\/v2\/pages\/9","targetHints":{"allow":["GET"]}}],"collection":[{"href":"https:\/\/agora.xtec.cat\/ins-esc-santadria\/wp-json\/wp\/v2\/pages"}],"about":[{"href":"https:\/\/agora.xtec.cat\/ins-esc-santadria\/wp-json\/wp\/v2\/types\/page"}],"author":[{"embeddable":true,"href":"https:\/\/agora.xtec.cat\/ins-esc-santadria\/wp-json\/wp\/v2\/users\/1"}],"replies":[{"embeddable":true,"href":"https:\/\/agora.xtec.cat\/ins-esc-santadria\/wp-json\/wp\/v2\/comments?post=9"}],"version-history":[{"count":6,"href":"https:\/\/agora.xtec.cat\/ins-esc-santadria\/wp-json\/wp\/v2\/pages\/9\/revisions"}],"predecessor-version":[{"id":16487,"href":"https:\/\/agora.xtec.cat\/ins-esc-santadria\/wp-json\/wp\/v2\/pages\/9\/revisions\/16487"}],"up":[{"embeddable":true,"href":"https:\/\/agora.xtec.cat\/ins-esc-santadria\/wp-json\/wp\/v2\/pages\/7"}],"wp:attachment":[{"href":"https:\/\/agora.xtec.cat\/ins-esc-santadria\/wp-json\/wp\/v2\/media?parent=9"}],"curies":[{"name":"wp","href":"https:\/\/api.w.org\/{rel}","templated":true}]}}