{"id":67,"date":"2014-09-18T10:14:18","date_gmt":"2014-09-18T09:14:18","guid":{"rendered":"http:\/\/agora.xtec.cat\/ins-esc-santadria\/?page_id=67"},"modified":"2021-07-05T12:47:19","modified_gmt":"2021-07-05T10:47:19","slug":"acollida","status":"publish","type":"page","link":"https:\/\/agora.xtec.cat\/ins-esc-santadria\/serveis\/acollida\/","title":{"rendered":"Acollida"},"content":{"rendered":"<p style=\"color: #444444;\"><span style=\"color: #444444;\"><a href=\"http:\/\/agora.xtec.cat\/ins-esc-santadria\/wp-content\/uploads\/usu1431\/2014\/09\/IMG-20160927-WA0024.jpg\"><img loading=\"lazy\" decoding=\"async\" class=\"wp-image-636 alignleft\" src=\"http:\/\/agora.xtec.cat\/ins-esc-santadria\/wp-content\/uploads\/usu1431\/2014\/09\/IMG-20160927-WA0024-1024x768.jpg\" alt=\"img-20160927-wa0024\" width=\"247\" height=\"185\" srcset=\"https:\/\/agora.xtec.cat\/ins-esc-santadria\/wp-content\/uploads\/usu1431\/2014\/09\/IMG-20160927-WA0024-1024x768.jpg 1024w, https:\/\/agora.xtec.cat\/ins-esc-santadria\/wp-content\/uploads\/usu1431\/2014\/09\/IMG-20160927-WA0024-300x225.jpg 300w, https:\/\/agora.xtec.cat\/ins-esc-santadria\/wp-content\/uploads\/usu1431\/2014\/09\/IMG-20160927-WA0024-768x576.jpg 768w, https:\/\/agora.xtec.cat\/ins-esc-santadria\/wp-content\/uploads\/usu1431\/2014\/09\/IMG-20160927-WA0024-200x150.jpg 200w, https:\/\/agora.xtec.cat\/ins-esc-santadria\/wp-content\/uploads\/usu1431\/2014\/09\/IMG-20160927-WA0024.jpg 1600w\" sizes=\"auto, (max-width: 247px) 100vw, 247px\" \/><\/a>El servei d&#8217;acollida a prim\u00e0ria \u00e9s de 8.00 a 9.00 hores. Se n&#8217;ocupen les monitores S\u00edlvia i Juana. Si voleu fer \u00fas d&#8217;aquest servei, demaneu-lo amb antelaci\u00f3 a la Secretaria de l&#8217;edifici de l&#8217;Escola.<\/span><\/p>\n","protected":false},"excerpt":{"rendered":"<p>El servei d&#8217;acollida a prim\u00e0ria \u00e9s de 8.00 a 9.00 hores. Se n&#8217;ocupen les monitores S\u00edlvia i Juana. Si voleu fer \u00fas d&#8217;aquest servei, demaneu-lo amb antelaci\u00f3 a la Secretaria de l&#8217;edifici de l&#8217;Escola.<\/p>\n","protected":false},"author":1,"featured_media":0,"parent":63,"menu_order":20,"comment_status":"closed","ping_status":"closed","template":"page-templates\/side-menu.php","meta":{"_bbp_topic_count":0,"_bbp_reply_count":0,"_bbp_total_topic_count":0,"_bbp_total_reply_count":0,"_bbp_voice_count":0,"_bbp_anonymous_reply_count":0,"_bbp_topic_count_hidden":0,"_bbp_reply_count_hidden":0,"_bbp_forum_subforum_count":0,"site-sidebar-layout":"default","site-content-layout":"","ast-site-content-layout":"","site-content-style":"default","site-sidebar-style":"default","ast-global-header-display":"","ast-banner-title-visibility":"","ast-main-header-display":"","ast-hfb-above-header-display":"","ast-hfb-below-header-display":"","ast-hfb-mobile-header-display":"","site-post-title":"","ast-breadcrumbs-content":"","ast-featured-img":"","footer-sml-layout":"","theme-transparent-header-meta":"","adv-header-id-meta":"","stick-header-meta":"","header-above-stick-meta":"","header-main-stick-meta":"","header-below-stick-meta":"","astra-migrate-meta-layouts":"default","ast-page-background-enabled":"default","ast-page-background-meta":{"desktop":{"background-color":"var(--ast-global-color-4)","background-image":"","background-repeat":"repeat","background-position":"center center","background-size":"auto","background-attachment":"scroll","background-type":"","background-media":"","overlay-type":"","overlay-color":"","overlay-opacity":"","overlay-gradient":""},"tablet":{"background-color":"","background-image":"","background-repeat":"repeat","background-position":"center center","background-size":"auto","background-attachment":"scroll","background-type":"","background-media":"","overlay-type":"","overlay-color":"","overlay-opacity":"","overlay-gradient":""},"mobile":{"background-color":"","background-image":"","background-repeat":"repeat","background-position":"center center","background-size":"auto","background-attachment":"scroll","background-type":"","background-media":"","overlay-type":"","overlay-color":"","overlay-opacity":"","overlay-gradient":""}},"ast-content-background-meta":{"desktop":{"background-color":"var(--ast-global-color-5)","background-image":"","background-repeat":"repeat","background-position":"center center","background-size":"auto","background-attachment":"scroll","background-type":"","background-media":"","overlay-type":"","overlay-color":"","overlay-opacity":"","overlay-gradient":""},"tablet":{"background-color":"var(--ast-global-color-5)","background-image":"","background-repeat":"repeat","background-position":"center center","background-size":"auto","background-attachment":"scroll","background-type":"","background-media":"","overlay-type":"","overlay-color":"","overlay-opacity":"","overlay-gradient":""},"mobile":{"background-color":"var(--ast-global-color-5)","background-image":"","background-repeat":"repeat","background-position":"center center","background-size":"auto","background-attachment":"scroll","background-type":"","background-media":"","overlay-type":"","overlay-color":"","overlay-opacity":"","overlay-gradient":""}},"footnotes":""},"class_list":["post-67","page","type-page","status-publish","hentry"],"post_mailing_queue_ids":[],"_links":{"self":[{"href":"https:\/\/agora.xtec.cat\/ins-esc-santadria\/wp-json\/wp\/v2\/pages\/67","targetHints":{"allow":["GET"]}}],"collection":[{"href":"https:\/\/agora.xtec.cat\/ins-esc-santadria\/wp-json\/wp\/v2\/pages"}],"about":[{"href":"https:\/\/agora.xtec.cat\/ins-esc-santadria\/wp-json\/wp\/v2\/types\/page"}],"author":[{"embeddable":true,"href":"https:\/\/agora.xtec.cat\/ins-esc-santadria\/wp-json\/wp\/v2\/users\/1"}],"replies":[{"embeddable":true,"href":"https:\/\/agora.xtec.cat\/ins-esc-santadria\/wp-json\/wp\/v2\/comments?post=67"}],"version-history":[{"count":4,"href":"https:\/\/agora.xtec.cat\/ins-esc-santadria\/wp-json\/wp\/v2\/pages\/67\/revisions"}],"predecessor-version":[{"id":10123,"href":"https:\/\/agora.xtec.cat\/ins-esc-santadria\/wp-json\/wp\/v2\/pages\/67\/revisions\/10123"}],"up":[{"embeddable":true,"href":"https:\/\/agora.xtec.cat\/ins-esc-santadria\/wp-json\/wp\/v2\/pages\/63"}],"wp:attachment":[{"href":"https:\/\/agora.xtec.cat\/ins-esc-santadria\/wp-json\/wp\/v2\/media?parent=67"}],"curies":[{"name":"wp","href":"https:\/\/api.w.org\/{rel}","templated":true}]}}