{"id":49,"date":"2014-09-17T16:55:55","date_gmt":"2014-09-17T16:55:55","guid":{"rendered":"http:\/\/agora.xtec.cat\/ins-esc-santadria\/?page_id=49"},"modified":"2026-03-05T09:48:34","modified_gmt":"2026-03-05T08:48:34","slug":"normes-dorganitzacio-i-funcionament","status":"publish","type":"page","link":"https:\/\/agora.xtec.cat\/ins-esc-santadria\/linstitut\/normes-dorganitzacio-i-funcionament\/","title":{"rendered":"Normes i funcionament"},"content":{"rendered":"<p>A l&#8217;Institut Escola La Mina entenem el <strong>respecte<\/strong> com un principi b\u00e0sic per conviure. \u00c9s l&#8217;actitud de reconeixement dels drets de les persones i la valoraci\u00f3 de la seva identitat, opini\u00f3 i manera de pensar. Vetllem perqu\u00e8 cadascuna de les persones de la nostra comunitat educativa es respecti a si mateixa i a les altres.<\/p>\n<p>Potenciem el sentit de <strong>responsabilitat dels professionals<\/strong> del nostre Centre pel que fa a l&#8217;exercici de la seva funci\u00f3 d&#8217;acord als valors, objectius i continguts del projecte educatiu. Reconeixem la import\u00e0ncia de la <strong>capacitat emp\u00e0tica dels educadors<\/strong> per entendre els i les alumnes i millorar el clima de Centre, i aix\u00ed afavorir la motivaci\u00f3 envers l&#8217;aprenentatge.<\/p>\n<p>Els valors que orienten la nostra activitat educativa s\u00f3n: la inclusi\u00f3, la interculturalitat i la coeducaci\u00f3.<\/p>\n<p><strong>Inclusi\u00f3<\/strong> &#8211; Orientem les nostres decisions i activitats a promoure cultures i pr\u00e0ctiques dirigides a la reducci\u00f3 de les barreres per a l&#8217;aprenentatge, la sociabilitat i la participaci\u00f3 de tot l\u2019alumnat.<\/p>\n<p><strong>Interculturalitat<\/strong> &#8211; Promovem el reconeixement mutu dels valors i formes de vida dels diversos grups socioculturals presents a la comunitat i la valoraci\u00f3 de les relacions que s&#8217;estableixen entre persones pertanyents a diferents grups \u00e8tnics, socials, professionals i de g\u00e8nere.<\/p>\n<p><strong>Coeducaci\u00f3<\/strong> &#8211; Donem a l&#8217;alumnat una visi\u00f3 del m\u00f3n que compta amb totes les persones per construir un model de ciutadania. Treballem els valors, les actituds, les pr\u00e0ctiques amb un enfocament integral de g\u00e8nere que aposta per potenciar la igualtat real d\u2019oportunitats i l\u2019eliminaci\u00f3 de tota mena de discriminaci\u00f3 per ra\u00f3 de sexe.<\/p>\n","protected":false},"excerpt":{"rendered":"<p>A l&#8217;Institut Escola La Mina entenem el respecte com un principi b\u00e0sic per conviure. \u00c9s l&#8217;actitud de reconeixement dels drets de les persones i la valoraci\u00f3 de la seva identitat, opini\u00f3 i manera de pensar. Vetllem perqu\u00e8 cadascuna de les persones de la nostra comunitat educativa es respecti a si mateixa i a les altres. [&hellip;]<\/p>\n","protected":false},"author":1,"featured_media":0,"parent":19,"menu_order":60,"comment_status":"closed","ping_status":"closed","template":"","meta":{"_bbp_topic_count":0,"_bbp_reply_count":0,"_bbp_total_topic_count":0,"_bbp_total_reply_count":0,"_bbp_voice_count":0,"_bbp_anonymous_reply_count":0,"_bbp_topic_count_hidden":0,"_bbp_reply_count_hidden":0,"_bbp_forum_subforum_count":0,"site-sidebar-layout":"no-sidebar","site-content-layout":"","ast-site-content-layout":"default","site-content-style":"default","site-sidebar-style":"default","ast-global-header-display":"","ast-banner-title-visibility":"","ast-main-header-display":"","ast-hfb-above-header-display":"","ast-hfb-below-header-display":"","ast-hfb-mobile-header-display":"","site-post-title":"","ast-breadcrumbs-content":"","ast-featured-img":"","footer-sml-layout":"","theme-transparent-header-meta":"","adv-header-id-meta":"","stick-header-meta":"","header-above-stick-meta":"","header-main-stick-meta":"","header-below-stick-meta":"","astra-migrate-meta-layouts":"set","ast-page-background-enabled":"default","ast-page-background-meta":{"desktop":{"background-color":"var(--ast-global-color-4)","background-image":"","background-repeat":"repeat","background-position":"center center","background-size":"auto","background-attachment":"scroll","background-type":"","background-media":"","overlay-type":"","overlay-color":"","overlay-opacity":"","overlay-gradient":""},"tablet":{"background-color":"","background-image":"","background-repeat":"repeat","background-position":"center center","background-size":"auto","background-attachment":"scroll","background-type":"","background-media":"","overlay-type":"","overlay-color":"","overlay-opacity":"","overlay-gradient":""},"mobile":{"background-color":"","background-image":"","background-repeat":"repeat","background-position":"center center","background-size":"auto","background-attachment":"scroll","background-type":"","background-media":"","overlay-type":"","overlay-color":"","overlay-opacity":"","overlay-gradient":""}},"ast-content-background-meta":{"desktop":{"background-color":"var(--ast-global-color-5)","background-image":"","background-repeat":"repeat","background-position":"center center","background-size":"auto","background-attachment":"scroll","background-type":"","background-media":"","overlay-type":"","overlay-color":"","overlay-opacity":"","overlay-gradient":""},"tablet":{"background-color":"var(--ast-global-color-5)","background-image":"","background-repeat":"repeat","background-position":"center center","background-size":"auto","background-attachment":"scroll","background-type":"","background-media":"","overlay-type":"","overlay-color":"","overlay-opacity":"","overlay-gradient":""},"mobile":{"background-color":"var(--ast-global-color-5)","background-image":"","background-repeat":"repeat","background-position":"center center","background-size":"auto","background-attachment":"scroll","background-type":"","background-media":"","overlay-type":"","overlay-color":"","overlay-opacity":"","overlay-gradient":""}},"footnotes":""},"class_list":["post-49","page","type-page","status-publish","hentry"],"post_mailing_queue_ids":[],"_links":{"self":[{"href":"https:\/\/agora.xtec.cat\/ins-esc-santadria\/wp-json\/wp\/v2\/pages\/49","targetHints":{"allow":["GET"]}}],"collection":[{"href":"https:\/\/agora.xtec.cat\/ins-esc-santadria\/wp-json\/wp\/v2\/pages"}],"about":[{"href":"https:\/\/agora.xtec.cat\/ins-esc-santadria\/wp-json\/wp\/v2\/types\/page"}],"author":[{"embeddable":true,"href":"https:\/\/agora.xtec.cat\/ins-esc-santadria\/wp-json\/wp\/v2\/users\/1"}],"replies":[{"embeddable":true,"href":"https:\/\/agora.xtec.cat\/ins-esc-santadria\/wp-json\/wp\/v2\/comments?post=49"}],"version-history":[{"count":3,"href":"https:\/\/agora.xtec.cat\/ins-esc-santadria\/wp-json\/wp\/v2\/pages\/49\/revisions"}],"predecessor-version":[{"id":16409,"href":"https:\/\/agora.xtec.cat\/ins-esc-santadria\/wp-json\/wp\/v2\/pages\/49\/revisions\/16409"}],"up":[{"embeddable":true,"href":"https:\/\/agora.xtec.cat\/ins-esc-santadria\/wp-json\/wp\/v2\/pages\/19"}],"wp:attachment":[{"href":"https:\/\/agora.xtec.cat\/ins-esc-santadria\/wp-json\/wp\/v2\/media?parent=49"}],"curies":[{"name":"wp","href":"https:\/\/api.w.org\/{rel}","templated":true}]}}