{"id":39,"date":"2014-09-17T16:36:44","date_gmt":"2014-09-17T16:36:44","guid":{"rendered":"http:\/\/agora.xtec.cat\/ins-esc-santadria\/?page_id=39"},"modified":"2026-03-03T17:55:37","modified_gmt":"2026-03-03T16:55:37","slug":"instal%c2%b7lacions","status":"publish","type":"page","link":"https:\/\/agora.xtec.cat\/ins-esc-santadria\/linstitut\/instal%c2%b7lacions\/","title":{"rendered":"Instal\u00b7lacions"},"content":{"rendered":"<p><a href=\"http:\/\/agora.xtec.cat\/ins-esc-santadria\/wp-content\/uploads\/usu1431\/2014\/09\/FOTO-ESCOLA.jpeg\"><img loading=\"lazy\" decoding=\"async\" class=\" wp-image-530 alignright\" src=\"http:\/\/agora.xtec.cat\/ins-esc-santadria\/wp-content\/uploads\/usu1431\/2014\/09\/FOTO-ESCOLA.jpeg\" alt=\"FOTO ESCOLA\" width=\"228\" height=\"228\" srcset=\"https:\/\/agora.xtec.cat\/ins-esc-santadria\/wp-content\/uploads\/usu1431\/2014\/09\/FOTO-ESCOLA.jpeg 316w, https:\/\/agora.xtec.cat\/ins-esc-santadria\/wp-content\/uploads\/usu1431\/2014\/09\/FOTO-ESCOLA-150x150.jpeg 150w, https:\/\/agora.xtec.cat\/ins-esc-santadria\/wp-content\/uploads\/usu1431\/2014\/09\/FOTO-ESCOLA-300x300.jpeg 300w\" sizes=\"auto, (max-width: 228px) 100vw, 228px\" \/><\/a><a href=\"http:\/\/agora.xtec.cat\/ins-esc-santadria\/wp-content\/uploads\/usu1431\/2014\/09\/FOTO-INSTITUT-2-PEQ.jpg\"><img loading=\"lazy\" decoding=\"async\" class=\" wp-image-516 alignleft\" src=\"http:\/\/agora.xtec.cat\/ins-esc-santadria\/wp-content\/uploads\/usu1431\/2014\/09\/FOTO-INSTITUT-2-PEQ.jpg\" alt=\"FOTO INSTITUT-2 PEQ\" width=\"292\" height=\"170\" srcset=\"https:\/\/agora.xtec.cat\/ins-esc-santadria\/wp-content\/uploads\/usu1431\/2014\/09\/FOTO-INSTITUT-2-PEQ.jpg 399w, https:\/\/agora.xtec.cat\/ins-esc-santadria\/wp-content\/uploads\/usu1431\/2014\/09\/FOTO-INSTITUT-2-PEQ-300x174.jpg 300w\" sizes=\"auto, (max-width: 292px) 100vw, 292px\" \/><\/a><\/p>\n<p>Estem ubicats en dos edificis, el de prim\u00e0ria, a la Rambla de la Mina, 36 , i el de secund\u00e0ria i estudis\u00a0postobligatoris, al carrer de Ramon Llull, 450-458, al barri de la Mina de\u00a0Sant Adri\u00e0 de Bes\u00f2s.<\/p>\n<p>Tots dos edificis s\u00f3n de construcci\u00f3 recent. Estan degudament equipats, tant pel que fa les darreres tecnologies a l&#8217;aula com pel que fa a les instal\u00b7lacions esportives i d&#8217;altres aules espec\u00edfiques, com poden ser les aules de tecnologia, laboratoris, aula de m\u00fasica o la biblioteca escolar.<\/p>\n<p>A m\u00e9s dels estudis obligatoris, oferim el Cicle Formatiu de Grau Mitj\u00e0 d&#8217;Electromec\u00e0nica de Vehicles Autom\u00f2bils, el Cicle Formatiu de Grau Mitj\u00e0 d&#8217;Activitats Comercials i el Cicle Formatiu de Grau Superior de Transport i Log\u00edstica. A l&#8217;edifici de l&#8217;Institut disposem de dos tallers de mec\u00e0nica, d&#8217;un d&#8217;electromec\u00e0nica, d&#8217;una aula polivalent i de tres aules d&#8217;inform\u00e0tica.<\/p>\n","protected":false},"excerpt":{"rendered":"<p>Estem ubicats en dos edificis, el de prim\u00e0ria, a la Rambla de la Mina, 36 , i el de secund\u00e0ria i estudis\u00a0postobligatoris, al carrer de Ramon Llull, 450-458, al barri de la Mina de\u00a0Sant Adri\u00e0 de Bes\u00f2s. Tots dos edificis s\u00f3n de construcci\u00f3 recent. Estan degudament equipats, tant pel que fa les darreres tecnologies a [&hellip;]<\/p>\n","protected":false},"author":1,"featured_media":0,"parent":19,"menu_order":30,"comment_status":"closed","ping_status":"closed","template":"","meta":{"_bbp_topic_count":0,"_bbp_reply_count":0,"_bbp_total_topic_count":0,"_bbp_total_reply_count":0,"_bbp_voice_count":0,"_bbp_anonymous_reply_count":0,"_bbp_topic_count_hidden":0,"_bbp_reply_count_hidden":0,"_bbp_forum_subforum_count":0,"site-sidebar-layout":"no-sidebar","site-content-layout":"","ast-site-content-layout":"default","site-content-style":"default","site-sidebar-style":"default","ast-global-header-display":"","ast-banner-title-visibility":"","ast-main-header-display":"","ast-hfb-above-header-display":"","ast-hfb-below-header-display":"","ast-hfb-mobile-header-display":"","site-post-title":"","ast-breadcrumbs-content":"","ast-featured-img":"","footer-sml-layout":"","theme-transparent-header-meta":"","adv-header-id-meta":"","stick-header-meta":"","header-above-stick-meta":"","header-main-stick-meta":"","header-below-stick-meta":"","astra-migrate-meta-layouts":"set","ast-page-background-enabled":"default","ast-page-background-meta":{"desktop":{"background-color":"var(--ast-global-color-4)","background-image":"","background-repeat":"repeat","background-position":"center center","background-size":"auto","background-attachment":"scroll","background-type":"","background-media":"","overlay-type":"","overlay-color":"","overlay-opacity":"","overlay-gradient":""},"tablet":{"background-color":"","background-image":"","background-repeat":"repeat","background-position":"center center","background-size":"auto","background-attachment":"scroll","background-type":"","background-media":"","overlay-type":"","overlay-color":"","overlay-opacity":"","overlay-gradient":""},"mobile":{"background-color":"","background-image":"","background-repeat":"repeat","background-position":"center center","background-size":"auto","background-attachment":"scroll","background-type":"","background-media":"","overlay-type":"","overlay-color":"","overlay-opacity":"","overlay-gradient":""}},"ast-content-background-meta":{"desktop":{"background-color":"var(--ast-global-color-5)","background-image":"","background-repeat":"repeat","background-position":"center center","background-size":"auto","background-attachment":"scroll","background-type":"","background-media":"","overlay-type":"","overlay-color":"","overlay-opacity":"","overlay-gradient":""},"tablet":{"background-color":"var(--ast-global-color-5)","background-image":"","background-repeat":"repeat","background-position":"center center","background-size":"auto","background-attachment":"scroll","background-type":"","background-media":"","overlay-type":"","overlay-color":"","overlay-opacity":"","overlay-gradient":""},"mobile":{"background-color":"var(--ast-global-color-5)","background-image":"","background-repeat":"repeat","background-position":"center center","background-size":"auto","background-attachment":"scroll","background-type":"","background-media":"","overlay-type":"","overlay-color":"","overlay-opacity":"","overlay-gradient":""}},"footnotes":""},"class_list":["post-39","page","type-page","status-publish","hentry"],"post_mailing_queue_ids":[],"_links":{"self":[{"href":"https:\/\/agora.xtec.cat\/ins-esc-santadria\/wp-json\/wp\/v2\/pages\/39","targetHints":{"allow":["GET"]}}],"collection":[{"href":"https:\/\/agora.xtec.cat\/ins-esc-santadria\/wp-json\/wp\/v2\/pages"}],"about":[{"href":"https:\/\/agora.xtec.cat\/ins-esc-santadria\/wp-json\/wp\/v2\/types\/page"}],"author":[{"embeddable":true,"href":"https:\/\/agora.xtec.cat\/ins-esc-santadria\/wp-json\/wp\/v2\/users\/1"}],"replies":[{"embeddable":true,"href":"https:\/\/agora.xtec.cat\/ins-esc-santadria\/wp-json\/wp\/v2\/comments?post=39"}],"version-history":[{"count":4,"href":"https:\/\/agora.xtec.cat\/ins-esc-santadria\/wp-json\/wp\/v2\/pages\/39\/revisions"}],"predecessor-version":[{"id":16405,"href":"https:\/\/agora.xtec.cat\/ins-esc-santadria\/wp-json\/wp\/v2\/pages\/39\/revisions\/16405"}],"up":[{"embeddable":true,"href":"https:\/\/agora.xtec.cat\/ins-esc-santadria\/wp-json\/wp\/v2\/pages\/19"}],"wp:attachment":[{"href":"https:\/\/agora.xtec.cat\/ins-esc-santadria\/wp-json\/wp\/v2\/media?parent=39"}],"curies":[{"name":"wp","href":"https:\/\/api.w.org\/{rel}","templated":true}]}}