{"id":21,"date":"2014-09-17T16:14:14","date_gmt":"2014-09-17T16:14:14","guid":{"rendered":"http:\/\/agora.xtec.cat\/ins-esc-santadria\/?page_id=21"},"modified":"2026-03-03T17:50:57","modified_gmt":"2026-03-03T16:50:57","slug":"on-som","status":"publish","type":"page","link":"https:\/\/agora.xtec.cat\/ins-esc-santadria\/linstitut\/on-som\/","title":{"rendered":"On som"},"content":{"rendered":"\n<h4 class=\"wp-block-heading\"><strong>Institut Escola La Mina<\/strong><\/h4>\n\n\n\n<p><a href=\"https:\/\/www.google.com\/maps\/place\/IE+La+Mina\/@41.4163493,2.2212508,15z\/data=!4m5!3m4!1s0x0:0x3ea753a701756599!8m2!3d41.4157902!4d2.2219527\">Carrer Ramon Llull&nbsp; 450-458, (Institut)<\/a> \/&nbsp; <a href=\"https:\/\/www.google.com\/maps\/place\/IE+La+Mina+(Escola)\/@41.4170507,2.2195653,17.5z\/data=!4m12!1m6!3m5!1s0x0:0x3ea753a701756599!2sIE+La+Mina!8m2!3d41.4157902!4d2.2219527!3m4!1s0x12a4a354ee65b6f5:0x46015158f75dc748!8m2!3d41.4179186!4d2.2212374\">Rambla de la Mina 36, 08930&nbsp; (Escola)<\/a> \/ Edifici Bes\u00f2s (edifici municipal) <a href=\"https:\/\/maps.app.goo.gl\/STbroF2bdgDQFtxR7\" data-type=\"link\" data-id=\"https:\/\/maps.app.goo.gl\/STbroF2bdgDQFtxR7\">Pla\u00e7a Francesc Micheli i Jov\u00e9 (PFI)<\/a>, 08930 Sant Adri\u00e0 de Bes\u00f2s, Barcelona<\/p>\n\n\n\n<figure class=\"wp-block-image size-large\"><a href=\"https:\/\/agora.xtec.cat\/ins-esc-santadria\/wp-content\/uploads\/usu1431\/2025\/06\/PLANOL-EDIFICIS-3.png\"><img loading=\"lazy\" decoding=\"async\" width=\"1024\" height=\"724\" src=\"https:\/\/agora.xtec.cat\/ins-esc-santadria\/wp-content\/uploads\/usu1431\/2025\/06\/PLANOL-EDIFICIS-3-1024x724.png\" alt=\"\" class=\"wp-image-15787\" srcset=\"https:\/\/agora.xtec.cat\/ins-esc-santadria\/wp-content\/uploads\/usu1431\/2025\/06\/PLANOL-EDIFICIS-3-1024x724.png 1024w, https:\/\/agora.xtec.cat\/ins-esc-santadria\/wp-content\/uploads\/usu1431\/2025\/06\/PLANOL-EDIFICIS-3-300x212.png 300w, https:\/\/agora.xtec.cat\/ins-esc-santadria\/wp-content\/uploads\/usu1431\/2025\/06\/PLANOL-EDIFICIS-3-768x543.png 768w, https:\/\/agora.xtec.cat\/ins-esc-santadria\/wp-content\/uploads\/usu1431\/2025\/06\/PLANOL-EDIFICIS-3-1536x1086.png 1536w, https:\/\/agora.xtec.cat\/ins-esc-santadria\/wp-content\/uploads\/usu1431\/2025\/06\/PLANOL-EDIFICIS-3.png 2000w\" sizes=\"auto, (max-width: 1024px) 100vw, 1024px\" \/><\/a><\/figure>\n\n\n\n<p><\/p>\n\n\n\n<p><strong>Com arribar-hi:<\/strong><\/p>\n\n\n\n<ul class=\"wp-block-list\">\n<li>Amb metro: amb la l\u00ednia&nbsp;4 (estaci\u00f3 Maresme-F\u00f2rum o Bes\u00f2s Mar)<\/li>\n\n\n\n<li>Amb el TRAM: T4, parada Campus Diagonal Bes\u00f2s, T5, Parc del Bes\u00f2s i T6, Rambla de la Mina.<\/li>\n\n\n\n<li>Amb bus:  V33, H16, B20 i B23<\/li>\n<\/ul>\n\n\n\n<p><strong>Tel\u00e8fons de contacte<\/strong><\/p>\n\n\n\n<p>933811816 (Institut)<\/p>\n\n\n\n<p>934621913 (Escola)<\/p>\n\n\n\n<p><strong>Correu electr\u00f2nic de contacte<\/strong><\/p>\n\n\n\n<p><a href=\"mailto:a8075384@xtec.cat\">a8075384@xtec.cat<\/a><\/p>\n","protected":false},"excerpt":{"rendered":"<p>Institut Escola La Mina Carrer Ramon Llull&nbsp; 450-458, (Institut) \/&nbsp; Rambla de la Mina 36, 08930&nbsp; (Escola) \/ Edifici Bes\u00f2s (edifici municipal) Pla\u00e7a Francesc Micheli i Jov\u00e9 (PFI), 08930 Sant Adri\u00e0 de Bes\u00f2s, Barcelona Com arribar-hi: Tel\u00e8fons de contacte 933811816 (Institut) 934621913 (Escola) Correu electr\u00f2nic de contacte a8075384@xtec.cat<\/p>\n","protected":false},"author":1,"featured_media":0,"parent":19,"menu_order":10,"comment_status":"closed","ping_status":"closed","template":"","meta":{"_bbp_topic_count":0,"_bbp_reply_count":0,"_bbp_total_topic_count":0,"_bbp_total_reply_count":0,"_bbp_voice_count":0,"_bbp_anonymous_reply_count":0,"_bbp_topic_count_hidden":0,"_bbp_reply_count_hidden":0,"_bbp_forum_subforum_count":0,"site-sidebar-layout":"no-sidebar","site-content-layout":"","ast-site-content-layout":"default","site-content-style":"default","site-sidebar-style":"default","ast-global-header-display":"","ast-banner-title-visibility":"","ast-main-header-display":"","ast-hfb-above-header-display":"","ast-hfb-below-header-display":"","ast-hfb-mobile-header-display":"","site-post-title":"","ast-breadcrumbs-content":"","ast-featured-img":"","footer-sml-layout":"","theme-transparent-header-meta":"","adv-header-id-meta":"","stick-header-meta":"","header-above-stick-meta":"","header-main-stick-meta":"","header-below-stick-meta":"","astra-migrate-meta-layouts":"set","ast-page-background-enabled":"default","ast-page-background-meta":{"desktop":{"background-color":"var(--ast-global-color-4)","background-image":"","background-repeat":"repeat","background-position":"center center","background-size":"auto","background-attachment":"scroll","background-type":"","background-media":"","overlay-type":"","overlay-color":"","overlay-opacity":"","overlay-gradient":""},"tablet":{"background-color":"","background-image":"","background-repeat":"repeat","background-position":"center center","background-size":"auto","background-attachment":"scroll","background-type":"","background-media":"","overlay-type":"","overlay-color":"","overlay-opacity":"","overlay-gradient":""},"mobile":{"background-color":"","background-image":"","background-repeat":"repeat","background-position":"center center","background-size":"auto","background-attachment":"scroll","background-type":"","background-media":"","overlay-type":"","overlay-color":"","overlay-opacity":"","overlay-gradient":""}},"ast-content-background-meta":{"desktop":{"background-color":"var(--ast-global-color-5)","background-image":"","background-repeat":"repeat","background-position":"center center","background-size":"auto","background-attachment":"scroll","background-type":"","background-media":"","overlay-type":"","overlay-color":"","overlay-opacity":"","overlay-gradient":""},"tablet":{"background-color":"var(--ast-global-color-5)","background-image":"","background-repeat":"repeat","background-position":"center center","background-size":"auto","background-attachment":"scroll","background-type":"","background-media":"","overlay-type":"","overlay-color":"","overlay-opacity":"","overlay-gradient":""},"mobile":{"background-color":"var(--ast-global-color-5)","background-image":"","background-repeat":"repeat","background-position":"center center","background-size":"auto","background-attachment":"scroll","background-type":"","background-media":"","overlay-type":"","overlay-color":"","overlay-opacity":"","overlay-gradient":""}},"footnotes":""},"class_list":["post-21","page","type-page","status-publish","hentry"],"post_mailing_queue_ids":[],"_links":{"self":[{"href":"https:\/\/agora.xtec.cat\/ins-esc-santadria\/wp-json\/wp\/v2\/pages\/21","targetHints":{"allow":["GET"]}}],"collection":[{"href":"https:\/\/agora.xtec.cat\/ins-esc-santadria\/wp-json\/wp\/v2\/pages"}],"about":[{"href":"https:\/\/agora.xtec.cat\/ins-esc-santadria\/wp-json\/wp\/v2\/types\/page"}],"author":[{"embeddable":true,"href":"https:\/\/agora.xtec.cat\/ins-esc-santadria\/wp-json\/wp\/v2\/users\/1"}],"replies":[{"embeddable":true,"href":"https:\/\/agora.xtec.cat\/ins-esc-santadria\/wp-json\/wp\/v2\/comments?post=21"}],"version-history":[{"count":6,"href":"https:\/\/agora.xtec.cat\/ins-esc-santadria\/wp-json\/wp\/v2\/pages\/21\/revisions"}],"predecessor-version":[{"id":15800,"href":"https:\/\/agora.xtec.cat\/ins-esc-santadria\/wp-json\/wp\/v2\/pages\/21\/revisions\/15800"}],"up":[{"embeddable":true,"href":"https:\/\/agora.xtec.cat\/ins-esc-santadria\/wp-json\/wp\/v2\/pages\/19"}],"wp:attachment":[{"href":"https:\/\/agora.xtec.cat\/ins-esc-santadria\/wp-json\/wp\/v2\/media?parent=21"}],"curies":[{"name":"wp","href":"https:\/\/api.w.org\/{rel}","templated":true}]}}