{"id":14604,"date":"2024-04-19T10:13:36","date_gmt":"2024-04-19T08:13:36","guid":{"rendered":"https:\/\/agora.xtec.cat\/ins-esc-santadria\/?page_id=14604"},"modified":"2025-07-15T10:15:51","modified_gmt":"2025-07-15T08:15:51","slug":"primaria-2","status":"publish","type":"page","link":"https:\/\/agora.xtec.cat\/ins-esc-santadria\/etapes-educatives\/primaria-2\/","title":{"rendered":"Prim\u00e0ria"},"content":{"rendered":"<p>En aquest <a href=\"https:\/\/agora.xtec.cat\/ins-esc-santadria\/wp-content\/uploads\/usu1431\/2025\/07\/Triptic-PRIMARIA-.pdf\" target=\"_blank\" rel=\"noopener\">TR\u00cdPTIC<\/a> trobareu algunes dades d\u2019inter\u00e8s dels estudis de prim\u00e0ria per a aquest curs. El nostre prop\u00f2sit \u00e9s que tothom aprengui. Estigueu atents a les informacions dels tutors i de les tutores, i interesseu-vos peri\u00f2dicament per l\u2019evoluci\u00f3 acad\u00e8mica del\/de la vostre\/a fill\/a.<\/p>\n","protected":false},"excerpt":{"rendered":"<p>En aquest TR\u00cdPTIC trobareu algunes dades d\u2019inter\u00e8s dels estudis de prim\u00e0ria per a aquest curs. El nostre prop\u00f2sit \u00e9s que tothom aprengui. Estigueu atents a les informacions dels tutors i de les tutores, i interesseu-vos peri\u00f2dicament per l\u2019evoluci\u00f3 acad\u00e8mica del\/de la vostre\/a fill\/a.<\/p>\n","protected":false},"author":3,"featured_media":0,"parent":12198,"menu_order":0,"comment_status":"closed","ping_status":"closed","template":"","meta":{"_bbp_topic_count":0,"_bbp_reply_count":0,"_bbp_total_topic_count":0,"_bbp_total_reply_count":0,"_bbp_voice_count":0,"_bbp_anonymous_reply_count":0,"_bbp_topic_count_hidden":0,"_bbp_reply_count_hidden":0,"_bbp_forum_subforum_count":0,"site-sidebar-layout":"default","site-content-layout":"","ast-site-content-layout":"default","site-content-style":"default","site-sidebar-style":"default","ast-global-header-display":"","ast-banner-title-visibility":"","ast-main-header-display":"","ast-hfb-above-header-display":"","ast-hfb-below-header-display":"","ast-hfb-mobile-header-display":"","site-post-title":"","ast-breadcrumbs-content":"","ast-featured-img":"","footer-sml-layout":"","theme-transparent-header-meta":"","adv-header-id-meta":"","stick-header-meta":"","header-above-stick-meta":"","header-main-stick-meta":"","header-below-stick-meta":"","astra-migrate-meta-layouts":"set","ast-page-background-enabled":"default","ast-page-background-meta":{"desktop":{"background-color":"var(--ast-global-color-4)","background-image":"","background-repeat":"repeat","background-position":"center center","background-size":"auto","background-attachment":"scroll","background-type":"","background-media":"","overlay-type":"","overlay-color":"","overlay-opacity":"","overlay-gradient":""},"tablet":{"background-color":"","background-image":"","background-repeat":"repeat","background-position":"center center","background-size":"auto","background-attachment":"scroll","background-type":"","background-media":"","overlay-type":"","overlay-color":"","overlay-opacity":"","overlay-gradient":""},"mobile":{"background-color":"","background-image":"","background-repeat":"repeat","background-position":"center center","background-size":"auto","background-attachment":"scroll","background-type":"","background-media":"","overlay-type":"","overlay-color":"","overlay-opacity":"","overlay-gradient":""}},"ast-content-background-meta":{"desktop":{"background-color":"var(--ast-global-color-5)","background-image":"","background-repeat":"repeat","background-position":"center center","background-size":"auto","background-attachment":"scroll","background-type":"","background-media":"","overlay-type":"","overlay-color":"","overlay-opacity":"","overlay-gradient":""},"tablet":{"background-color":"var(--ast-global-color-5)","background-image":"","background-repeat":"repeat","background-position":"center center","background-size":"auto","background-attachment":"scroll","background-type":"","background-media":"","overlay-type":"","overlay-color":"","overlay-opacity":"","overlay-gradient":""},"mobile":{"background-color":"var(--ast-global-color-5)","background-image":"","background-repeat":"repeat","background-position":"center center","background-size":"auto","background-attachment":"scroll","background-type":"","background-media":"","overlay-type":"","overlay-color":"","overlay-opacity":"","overlay-gradient":""}},"footnotes":""},"class_list":["post-14604","page","type-page","status-publish","hentry"],"post_mailing_queue_ids":[],"_links":{"self":[{"href":"https:\/\/agora.xtec.cat\/ins-esc-santadria\/wp-json\/wp\/v2\/pages\/14604","targetHints":{"allow":["GET"]}}],"collection":[{"href":"https:\/\/agora.xtec.cat\/ins-esc-santadria\/wp-json\/wp\/v2\/pages"}],"about":[{"href":"https:\/\/agora.xtec.cat\/ins-esc-santadria\/wp-json\/wp\/v2\/types\/page"}],"author":[{"embeddable":true,"href":"https:\/\/agora.xtec.cat\/ins-esc-santadria\/wp-json\/wp\/v2\/users\/3"}],"replies":[{"embeddable":true,"href":"https:\/\/agora.xtec.cat\/ins-esc-santadria\/wp-json\/wp\/v2\/comments?post=14604"}],"version-history":[{"count":6,"href":"https:\/\/agora.xtec.cat\/ins-esc-santadria\/wp-json\/wp\/v2\/pages\/14604\/revisions"}],"predecessor-version":[{"id":15998,"href":"https:\/\/agora.xtec.cat\/ins-esc-santadria\/wp-json\/wp\/v2\/pages\/14604\/revisions\/15998"}],"up":[{"embeddable":true,"href":"https:\/\/agora.xtec.cat\/ins-esc-santadria\/wp-json\/wp\/v2\/pages\/12198"}],"wp:attachment":[{"href":"https:\/\/agora.xtec.cat\/ins-esc-santadria\/wp-json\/wp\/v2\/media?parent=14604"}],"curies":[{"name":"wp","href":"https:\/\/api.w.org\/{rel}","templated":true}]}}