{"id":13694,"date":"2023-02-24T09:47:40","date_gmt":"2023-02-24T08:47:40","guid":{"rendered":"https:\/\/agora.xtec.cat\/ins-esc-santadria\/?page_id=13694"},"modified":"2026-03-03T17:53:09","modified_gmt":"2026-03-03T16:53:09","slug":"proa","status":"publish","type":"page","link":"https:\/\/agora.xtec.cat\/ins-esc-santadria\/projecte-educatiu\/proa\/","title":{"rendered":"PROA+"},"content":{"rendered":"\n<figure class=\"wp-block-image size-large\"><a href=\"https:\/\/agora.xtec.cat\/ins-esc-santadria\/wp-content\/uploads\/usu1431\/2025\/12\/Logo-PROA_page-0001-3-rotated.jpg\"><img loading=\"lazy\" decoding=\"async\" width=\"1024\" height=\"724\" src=\"https:\/\/agora.xtec.cat\/ins-esc-santadria\/wp-content\/uploads\/usu1431\/2025\/12\/Logo-PROA_page-0001-3-1024x724.jpg\" alt=\"\" class=\"wp-image-16198\" srcset=\"https:\/\/agora.xtec.cat\/ins-esc-santadria\/wp-content\/uploads\/usu1431\/2025\/12\/Logo-PROA_page-0001-3-1024x724.jpg 1024w, https:\/\/agora.xtec.cat\/ins-esc-santadria\/wp-content\/uploads\/usu1431\/2025\/12\/Logo-PROA_page-0001-3-300x212.jpg 300w, https:\/\/agora.xtec.cat\/ins-esc-santadria\/wp-content\/uploads\/usu1431\/2025\/12\/Logo-PROA_page-0001-3-768x543.jpg 768w, https:\/\/agora.xtec.cat\/ins-esc-santadria\/wp-content\/uploads\/usu1431\/2025\/12\/Logo-PROA_page-0001-3-1536x1086.jpg 1536w, https:\/\/agora.xtec.cat\/ins-esc-santadria\/wp-content\/uploads\/usu1431\/2025\/12\/Logo-PROA_page-0001-3-rotated.jpg 1754w\" sizes=\"auto, (max-width: 1024px) 100vw, 1024px\" \/><\/a><\/figure>\n\n\n<p><span style=\"font-size: revert; text-align: justify; background-color: rgba(0, 0, 0, 0); font-weight: inherit;\">L\u2019Institut Escola La Mina participa en <\/span><strong style=\"font-size: revert; text-align: justify; background-color: rgba(0, 0, 0, 0);\">el programa PROA+, un <\/strong><strong style=\"font-size: revert; text-align: justify; background-color: rgba(0, 0, 0, 0);\">Programa de cooperaci\u00f3 territorial per a l\u2019orientaci\u00f3, l\u2019aven\u00e7 i l\u2019enriquiment educatiu<\/strong><span style=\"font-size: revert; text-align: justify; background-color: rgba(0, 0, 0, 0); font-weight: inherit;\">, integrat en el PMOE (Programa de millora de les oportunitats educatives), entre el Ministeri d\u2019Educaci\u00f3 i Formaci\u00f3 Professional i les Comunitats Aut\u00f2nomes, finan\u00e7at per la Uni\u00f3 Europea.<\/span><\/p>\n<p style=\"text-align: justify;\"><strong>Els principis pedag\u00f2gics del PROA+ s\u00f3n:<\/strong><\/p>\n<ul style=\"text-align: justify;\">\n<li><strong>Equitat<\/strong>. Garantir la igualtat d\u2019oportunitats i la no segregaci\u00f3 en l\u2019acc\u00e9s i dins dels centres.<\/li>\n<li><strong>Educaci\u00f3 inclusiva<\/strong> com a principi fonamental, s\u2019at\u00e9n la diversitat de tot l\u2019alumnat.<\/li>\n<li><strong>Expectatives positives<\/strong> sobre l\u2019\u00e8xit de tot l\u2019alumnat.<\/li>\n<li><strong>Acompanyament i orientaci\u00f3<\/strong>.<\/li>\n<li><strong>Prevenci\u00f3 i detecci\u00f3<\/strong> primerenca de les dificultats d\u2019aprenentatge i mecanismes de refor\u00e7.<\/li>\n<li>Repercussi\u00f3 de <strong>l\u2019educaci\u00f3 socioemocional<\/strong> per l\u2019aprenentatge i benestar futur.<\/li>\n<li>Consideraci\u00f3 del <strong>coneixement<\/strong> adquirit <strong>en tots els \u00e0mbits<\/strong> per a la millora cont\u00ednua de l\u2019ensenyament-aprenentatge.<\/li>\n<\/ul>\n<p style=\"text-align: justify;\">\u200bTal i com regula la RESOLUCI\u00d3 EDU\/1931\/2022, de 17 de juny, <strong>els objectius espec\u00edfics per als centres participants en el PMOE PROA+, <\/strong>en relaci\u00f3 als centres que hi participen, s\u00f3n:<\/p>\n<ul style=\"text-align: justify;\">\n<li>Refor\u00e7ar l&#8217;equitat educativa.<\/li>\n<li>Refor\u00e7ar l&#8217;organitzaci\u00f3 i funcionament dels centres educatius promovent un enfocament inclusiu que erradiqui situacions de segregaci\u00f3 interna al centre.<\/li>\n<li>Garantir la continu\u00eftat i el progr\u00e9s educatiu de l&#8217;alumnat, amb especial atenci\u00f3 a l&#8217;alumnat en situaci\u00f3 de vulnerabilitat.<\/li>\n<li>Refor\u00e7ar l&#8217;acompanyament, la motivaci\u00f3 i el suport individual a l&#8217;alumnat, especialment de l&#8217;alumnat en situaci\u00f3 de vulnerabilitat.<\/li>\n<li>Promoure i mantenir expectatives positives del professorat sobre tot l&#8217;alumnat.<\/li>\n<li>Treballar per la millora del benestar emocional.<\/li>\n<li>Facilitar i impulsar la implicaci\u00f3 i la participaci\u00f3 de les fam\u00edlies.<\/li>\n<li>Millorar la comunicaci\u00f3 entre les fam\u00edlies i els centres educatius.<\/li>\n<li>Potenciar les oportunitats educatives m\u00e9s enll\u00e0 de l&#8217;escola en relaci\u00f3 amb l&#8217;alumnat en situaci\u00f3 de vulnerabilitat.<\/li>\n<li>Facilitar la participaci\u00f3 en el PROA+ del Ministeri d&#8217;Educaci\u00f3 i Formaci\u00f3 Professional integrat en el PMOE.<\/li>\n<\/ul>\n<p style=\"text-align: justify;\">Hem formalitzat la nostra participaci\u00f3 i compromisos mitjan\u00e7ant un <strong>acord de corresponsabilitat<\/strong> amb la directora del Servei Territorial, que es desplega a trav\u00e9s del nostre <strong>Pla Estrat\u00e8gic<\/strong> de millora. Aquest concreta les seves actuacions i es desplega, cada curs, amb <strong>activitats palanca recollides a la PGA<\/strong> (Programaci\u00f3 General Anual), incloent a la mem\u00f2ria anual de centre els resultats dels indicadors d\u2019avaluaci\u00f3 de cada actuaci\u00f3 incorporada al PMOE PROA+.<\/p>\n<p style=\"text-align: justify;\">\u00a0<\/p>","protected":false},"excerpt":{"rendered":"<p>L\u2019Institut Escola La Mina participa en el programa PROA+, un Programa de cooperaci\u00f3 territorial per a l\u2019orientaci\u00f3, l\u2019aven\u00e7 i l\u2019enriquiment educatiu, integrat en el PMOE (Programa de millora de les oportunitats educatives), entre el Ministeri d\u2019Educaci\u00f3 i Formaci\u00f3 Professional i les Comunitats Aut\u00f2nomes, finan\u00e7at per la Uni\u00f3 Europea. Els principis pedag\u00f2gics del PROA+ s\u00f3n: Equitat. [&hellip;]<\/p>\n","protected":false},"author":3,"featured_media":0,"parent":57,"menu_order":0,"comment_status":"closed","ping_status":"closed","template":"","meta":{"_bbp_topic_count":0,"_bbp_reply_count":0,"_bbp_total_topic_count":0,"_bbp_total_reply_count":0,"_bbp_voice_count":0,"_bbp_anonymous_reply_count":0,"_bbp_topic_count_hidden":0,"_bbp_reply_count_hidden":0,"_bbp_forum_subforum_count":0,"site-sidebar-layout":"no-sidebar","site-content-layout":"","ast-site-content-layout":"default","site-content-style":"default","site-sidebar-style":"default","ast-global-header-display":"","ast-banner-title-visibility":"","ast-main-header-display":"","ast-hfb-above-header-display":"","ast-hfb-below-header-display":"","ast-hfb-mobile-header-display":"","site-post-title":"","ast-breadcrumbs-content":"","ast-featured-img":"","footer-sml-layout":"","theme-transparent-header-meta":"","adv-header-id-meta":"","stick-header-meta":"","header-above-stick-meta":"","header-main-stick-meta":"","header-below-stick-meta":"","astra-migrate-meta-layouts":"set","ast-page-background-enabled":"default","ast-page-background-meta":{"desktop":{"background-color":"var(--ast-global-color-4)","background-image":"","background-repeat":"repeat","background-position":"center center","background-size":"auto","background-attachment":"scroll","background-type":"","background-media":"","overlay-type":"","overlay-color":"","overlay-opacity":"","overlay-gradient":""},"tablet":{"background-color":"","background-image":"","background-repeat":"repeat","background-position":"center center","background-size":"auto","background-attachment":"scroll","background-type":"","background-media":"","overlay-type":"","overlay-color":"","overlay-opacity":"","overlay-gradient":""},"mobile":{"background-color":"","background-image":"","background-repeat":"repeat","background-position":"center center","background-size":"auto","background-attachment":"scroll","background-type":"","background-media":"","overlay-type":"","overlay-color":"","overlay-opacity":"","overlay-gradient":""}},"ast-content-background-meta":{"desktop":{"background-color":"var(--ast-global-color-5)","background-image":"","background-repeat":"repeat","background-position":"center center","background-size":"auto","background-attachment":"scroll","background-type":"","background-media":"","overlay-type":"","overlay-color":"","overlay-opacity":"","overlay-gradient":""},"tablet":{"background-color":"var(--ast-global-color-5)","background-image":"","background-repeat":"repeat","background-position":"center center","background-size":"auto","background-attachment":"scroll","background-type":"","background-media":"","overlay-type":"","overlay-color":"","overlay-opacity":"","overlay-gradient":""},"mobile":{"background-color":"var(--ast-global-color-5)","background-image":"","background-repeat":"repeat","background-position":"center center","background-size":"auto","background-attachment":"scroll","background-type":"","background-media":"","overlay-type":"","overlay-color":"","overlay-opacity":"","overlay-gradient":""}},"footnotes":""},"class_list":["post-13694","page","type-page","status-publish","hentry"],"post_mailing_queue_ids":[],"_links":{"self":[{"href":"https:\/\/agora.xtec.cat\/ins-esc-santadria\/wp-json\/wp\/v2\/pages\/13694","targetHints":{"allow":["GET"]}}],"collection":[{"href":"https:\/\/agora.xtec.cat\/ins-esc-santadria\/wp-json\/wp\/v2\/pages"}],"about":[{"href":"https:\/\/agora.xtec.cat\/ins-esc-santadria\/wp-json\/wp\/v2\/types\/page"}],"author":[{"embeddable":true,"href":"https:\/\/agora.xtec.cat\/ins-esc-santadria\/wp-json\/wp\/v2\/users\/3"}],"replies":[{"embeddable":true,"href":"https:\/\/agora.xtec.cat\/ins-esc-santadria\/wp-json\/wp\/v2\/comments?post=13694"}],"version-history":[{"count":5,"href":"https:\/\/agora.xtec.cat\/ins-esc-santadria\/wp-json\/wp\/v2\/pages\/13694\/revisions"}],"predecessor-version":[{"id":16199,"href":"https:\/\/agora.xtec.cat\/ins-esc-santadria\/wp-json\/wp\/v2\/pages\/13694\/revisions\/16199"}],"up":[{"embeddable":true,"href":"https:\/\/agora.xtec.cat\/ins-esc-santadria\/wp-json\/wp\/v2\/pages\/57"}],"wp:attachment":[{"href":"https:\/\/agora.xtec.cat\/ins-esc-santadria\/wp-json\/wp\/v2\/media?parent=13694"}],"curies":[{"name":"wp","href":"https:\/\/api.w.org\/{rel}","templated":true}]}}