{"id":13001,"date":"2021-10-29T09:19:08","date_gmt":"2021-10-29T07:19:08","guid":{"rendered":"https:\/\/agora.xtec.cat\/ins-esc-santadria\/?page_id=13001"},"modified":"2025-06-20T09:30:19","modified_gmt":"2025-06-20T07:30:19","slug":"convenis-signats-amb-daltres-entitats","status":"publish","type":"page","link":"https:\/\/agora.xtec.cat\/ins-esc-santadria\/projecte-educatiu\/convenis-signats-amb-daltres-entitats\/","title":{"rendered":"Convenis signats amb d&#8217;altres entitats"},"content":{"rendered":"<p><a href=\"https:\/\/agora.xtec.cat\/ins-esc-santadria\/wp-content\/uploads\/usu1431\/2024\/03\/Foto-signatura-del-conveni-TRAM.jpg\"><img loading=\"lazy\" decoding=\"async\" class=\" wp-image-14441 alignleft\" src=\"https:\/\/agora.xtec.cat\/ins-esc-santadria\/wp-content\/uploads\/usu1431\/2024\/03\/Foto-signatura-del-conveni-TRAM-300x225.jpg\" alt=\"\" width=\"347\" height=\"260\" srcset=\"https:\/\/agora.xtec.cat\/ins-esc-santadria\/wp-content\/uploads\/usu1431\/2024\/03\/Foto-signatura-del-conveni-TRAM-300x225.jpg 300w, https:\/\/agora.xtec.cat\/ins-esc-santadria\/wp-content\/uploads\/usu1431\/2024\/03\/Foto-signatura-del-conveni-TRAM-768x576.jpg 768w, https:\/\/agora.xtec.cat\/ins-esc-santadria\/wp-content\/uploads\/usu1431\/2024\/03\/Foto-signatura-del-conveni-TRAM-200x150.jpg 200w, https:\/\/agora.xtec.cat\/ins-esc-santadria\/wp-content\/uploads\/usu1431\/2024\/03\/Foto-signatura-del-conveni-TRAM.jpg 1024w\" sizes=\"auto, (max-width: 347px) 100vw, 347px\" \/><\/a>Acord de corresponsabilitat PMOE <a href=\"https:\/\/agora.xtec.cat\/ins-esc-santadria\/wp-content\/uploads\/usu1431\/2023\/10\/PROA.pdf\" target=\"_blank\" rel=\"noopener\">PROA+<\/a><\/p>\n<p>Acord marc amb les empreses per a la pr\u00e0ctica de l&#8217;FP Dual.<\/p>\n<p>Conveni amb la Fundaci\u00f3 Ricard Fisas (<em>Nature Briss\u00e9<\/em>): acompanyament d&#8217;alumnes amb difer\u00e8ncies d&#8217;aprenentatge. (Curs 2022-2023)<\/p>\n<p>Acord amb el Projecte Rossinyol (Servei Solidari).<\/p>\n<p>Conveni amb la Fundaci\u00f3 <span class=\"\">Diverse <\/span>(metodologies adquisici\u00f3 lectoescriptura a prim\u00e0ria).<\/p>\n<p>Conveni amb Innovamat. Projecte Escoles V\u00e8rtex per a l&#8217;aprenentatge de les matem\u00e0tiques.<\/p>\n<p>Projecte Beat School (programa <em>ar<\/em><em>aART). <\/em>Fundaci\u00f3 Primavera Sound.<\/p>\n<p>Conveni amb el TRAM (cursa popular La Milla de la Mina)<\/p>\n<p>Conveni pel projecte <em>Science Bits<\/em><\/p>\n<p>Conveni amb el Banc de Sang i Teixits per a la campanya de donaci\u00f3 de sang (Servei Comunitari de 4t d&#8217;ESO)<\/p>\n<p>Conveni amb la Xarxa de Coeducaci\u00f3 de Sant Adri\u00e0 de Bes\u00f2s<\/p>\n<p>Conveni <a href=\"https:\/\/agora.xtec.cat\/ins-esc-santadria\/wp-content\/uploads\/usu1431\/2024\/09\/7.-Conveni-EN-RESIDENCIA_IES-La-Mina_SIGNAT.pdf\" target=\"_blank\" rel=\"noopener\">EM RESiD\u00c8NCIA<\/a><\/p>\n<p>Conveni amb la <a href=\"https:\/\/agora.xtec.cat\/ins-esc-santadria\/wp-content\/uploads\/usu1431\/2024\/09\/Convenio-FFS-IE-La-Mina.pdf\" target=\"_blank\" rel=\"noopener\">Fundaci\u00f3 Ferrer<\/a><\/p>\n<p>Col\u00b7laboraci\u00f3 amb l&#8217;Associaci\u00f3 Gauss<\/p>\n<p>Per a m\u00e9s informaci\u00f3 sobre cada conveni, truqueu al tel\u00e8fon 933811816 o envieu-nos un correu a a08075384@xtec.cat<\/p>\n","protected":false},"excerpt":{"rendered":"<p>Acord de corresponsabilitat PMOE PROA+ Acord marc amb les empreses per a la pr\u00e0ctica de l&#8217;FP Dual. Conveni amb la Fundaci\u00f3 Ricard Fisas (Nature Briss\u00e9): acompanyament d&#8217;alumnes amb difer\u00e8ncies d&#8217;aprenentatge. (Curs 2022-2023) Acord amb el Projecte Rossinyol (Servei Solidari). Conveni amb la Fundaci\u00f3 Diverse (metodologies adquisici\u00f3 lectoescriptura a prim\u00e0ria). Conveni amb Innovamat. Projecte Escoles V\u00e8rtex [&hellip;]<\/p>\n","protected":false},"author":3,"featured_media":0,"parent":57,"menu_order":0,"comment_status":"closed","ping_status":"closed","template":"","meta":{"_bbp_topic_count":0,"_bbp_reply_count":0,"_bbp_total_topic_count":0,"_bbp_total_reply_count":0,"_bbp_voice_count":0,"_bbp_anonymous_reply_count":0,"_bbp_topic_count_hidden":0,"_bbp_reply_count_hidden":0,"_bbp_forum_subforum_count":0,"site-sidebar-layout":"default","site-content-layout":"","ast-site-content-layout":"default","site-content-style":"default","site-sidebar-style":"default","ast-global-header-display":"","ast-banner-title-visibility":"","ast-main-header-display":"","ast-hfb-above-header-display":"","ast-hfb-below-header-display":"","ast-hfb-mobile-header-display":"","site-post-title":"","ast-breadcrumbs-content":"","ast-featured-img":"","footer-sml-layout":"","theme-transparent-header-meta":"","adv-header-id-meta":"","stick-header-meta":"","header-above-stick-meta":"","header-main-stick-meta":"","header-below-stick-meta":"","astra-migrate-meta-layouts":"set","ast-page-background-enabled":"default","ast-page-background-meta":{"desktop":{"background-color":"var(--ast-global-color-4)","background-image":"","background-repeat":"repeat","background-position":"center center","background-size":"auto","background-attachment":"scroll","background-type":"","background-media":"","overlay-type":"","overlay-color":"","overlay-opacity":"","overlay-gradient":""},"tablet":{"background-color":"","background-image":"","background-repeat":"repeat","background-position":"center center","background-size":"auto","background-attachment":"scroll","background-type":"","background-media":"","overlay-type":"","overlay-color":"","overlay-opacity":"","overlay-gradient":""},"mobile":{"background-color":"","background-image":"","background-repeat":"repeat","background-position":"center center","background-size":"auto","background-attachment":"scroll","background-type":"","background-media":"","overlay-type":"","overlay-color":"","overlay-opacity":"","overlay-gradient":""}},"ast-content-background-meta":{"desktop":{"background-color":"var(--ast-global-color-5)","background-image":"","background-repeat":"repeat","background-position":"center center","background-size":"auto","background-attachment":"scroll","background-type":"","background-media":"","overlay-type":"","overlay-color":"","overlay-opacity":"","overlay-gradient":""},"tablet":{"background-color":"var(--ast-global-color-5)","background-image":"","background-repeat":"repeat","background-position":"center center","background-size":"auto","background-attachment":"scroll","background-type":"","background-media":"","overlay-type":"","overlay-color":"","overlay-opacity":"","overlay-gradient":""},"mobile":{"background-color":"var(--ast-global-color-5)","background-image":"","background-repeat":"repeat","background-position":"center center","background-size":"auto","background-attachment":"scroll","background-type":"","background-media":"","overlay-type":"","overlay-color":"","overlay-opacity":"","overlay-gradient":""}},"footnotes":""},"class_list":["post-13001","page","type-page","status-publish","hentry"],"post_mailing_queue_ids":[],"_links":{"self":[{"href":"https:\/\/agora.xtec.cat\/ins-esc-santadria\/wp-json\/wp\/v2\/pages\/13001","targetHints":{"allow":["GET"]}}],"collection":[{"href":"https:\/\/agora.xtec.cat\/ins-esc-santadria\/wp-json\/wp\/v2\/pages"}],"about":[{"href":"https:\/\/agora.xtec.cat\/ins-esc-santadria\/wp-json\/wp\/v2\/types\/page"}],"author":[{"embeddable":true,"href":"https:\/\/agora.xtec.cat\/ins-esc-santadria\/wp-json\/wp\/v2\/users\/3"}],"replies":[{"embeddable":true,"href":"https:\/\/agora.xtec.cat\/ins-esc-santadria\/wp-json\/wp\/v2\/comments?post=13001"}],"version-history":[{"count":6,"href":"https:\/\/agora.xtec.cat\/ins-esc-santadria\/wp-json\/wp\/v2\/pages\/13001\/revisions"}],"predecessor-version":[{"id":15765,"href":"https:\/\/agora.xtec.cat\/ins-esc-santadria\/wp-json\/wp\/v2\/pages\/13001\/revisions\/15765"}],"up":[{"embeddable":true,"href":"https:\/\/agora.xtec.cat\/ins-esc-santadria\/wp-json\/wp\/v2\/pages\/57"}],"wp:attachment":[{"href":"https:\/\/agora.xtec.cat\/ins-esc-santadria\/wp-json\/wp\/v2\/media?parent=13001"}],"curies":[{"name":"wp","href":"https:\/\/api.w.org\/{rel}","templated":true}]}}