{"id":12395,"date":"2021-02-23T13:25:51","date_gmt":"2021-02-23T12:25:51","guid":{"rendered":"http:\/\/agora.xtec.cat\/ins-esc-santadria\/?page_id=12395"},"modified":"2026-03-03T17:54:20","modified_gmt":"2026-03-03T16:54:20","slug":"cicles-formatius-i-empresa","status":"publish","type":"page","link":"https:\/\/agora.xtec.cat\/ins-esc-santadria\/etapes-educatives\/cicles-formatius-i-empresa\/","title":{"rendered":"Cicles formatius"},"content":{"rendered":"<p style=\"text-align: left;\">Cicle Formatiu de Grau Mitj\u00e0 d<a href=\"https:\/\/agora.xtec.cat\/ins-esc-santadria\/wp-content\/uploads\/usu1431\/2026\/02\/INFO-1Activitats-Comercials.pdf\" target=\"_blank\" rel=\"noopener\">&#8216;Activitats Comercials<\/a><\/p>\n<p>Cicle Formatiu de Grau Mitj\u00e0 d&#8217;<a href=\"https:\/\/agora.xtec.cat\/ins-esc-santadria\/wp-content\/uploads\/usu1431\/2026\/02\/a52-INFO-2Electromecanica-de-Vehicles-Automobils.pdf\" target=\"_blank\" rel=\"noopener\">Electromec\u00e0nica de Vehicles Autom\u00f2bils<\/a><\/p>\n<p style=\"text-align: left;\">Cicle Formatiu de Grau Superior de<a href=\"https:\/\/agora.xtec.cat\/ins-esc-santadria\/wp-content\/uploads\/usu1431\/2026\/02\/INFO-3Transport-i-Logistica.pdf\" target=\"_blank\" rel=\"noopener\"> Transport i Log\u00edstica<\/a><\/p>\n<p style=\"text-align: left;\">La nostra intenci\u00f3 com a Institut Escola \u00e9s prestigiar al m\u00e0xim els nostres cicles formatius i l&#8217;<a href=\"https:\/\/agora.xtec.cat\/ins-esc-santadria\/lfp-dual\/\">FP Dual<\/a>. Mireu tamb\u00e9 <a href=\"https:\/\/www.youtube.com\/watch?v=-Da98yf2b-o\" target=\"_blank\" rel=\"noopener\">aquest v\u00eddeo<\/a> i mireu qu\u00e8 us oferim. Seguiu-nos a l&#8217;<a href=\"https:\/\/www.instagram.com\/fp_ielamina\/\" target=\"_blank\" rel=\"noopener\">Instagram<\/a>.<\/p>\n\n\n<p><\/p>\n","protected":false},"excerpt":{"rendered":"<p>Cicle Formatiu de Grau Mitj\u00e0 d&#8216;Activitats Comercials Cicle Formatiu de Grau Mitj\u00e0 d&#8217;Electromec\u00e0nica de Vehicles Autom\u00f2bils Cicle Formatiu de Grau Superior de Transport i Log\u00edstica La nostra intenci\u00f3 com a Institut Escola \u00e9s prestigiar al m\u00e0xim els nostres cicles formatius i l&#8217;FP Dual. Mireu tamb\u00e9 aquest v\u00eddeo i mireu qu\u00e8 us oferim. Seguiu-nos a l&#8217;Instagram.<\/p>\n","protected":false},"author":3,"featured_media":0,"parent":12198,"menu_order":0,"comment_status":"closed","ping_status":"closed","template":"","meta":{"_bbp_topic_count":0,"_bbp_reply_count":0,"_bbp_total_topic_count":0,"_bbp_total_reply_count":0,"_bbp_voice_count":0,"_bbp_anonymous_reply_count":0,"_bbp_topic_count_hidden":0,"_bbp_reply_count_hidden":0,"_bbp_forum_subforum_count":0,"site-sidebar-layout":"no-sidebar","site-content-layout":"","ast-site-content-layout":"default","site-content-style":"default","site-sidebar-style":"default","ast-global-header-display":"","ast-banner-title-visibility":"","ast-main-header-display":"","ast-hfb-above-header-display":"","ast-hfb-below-header-display":"","ast-hfb-mobile-header-display":"","site-post-title":"","ast-breadcrumbs-content":"","ast-featured-img":"","footer-sml-layout":"","theme-transparent-header-meta":"","adv-header-id-meta":"","stick-header-meta":"","header-above-stick-meta":"","header-main-stick-meta":"","header-below-stick-meta":"","astra-migrate-meta-layouts":"set","ast-page-background-enabled":"default","ast-page-background-meta":{"desktop":{"background-color":"var(--ast-global-color-4)","background-image":"","background-repeat":"repeat","background-position":"center center","background-size":"auto","background-attachment":"scroll","background-type":"","background-media":"","overlay-type":"","overlay-color":"","overlay-opacity":"","overlay-gradient":""},"tablet":{"background-color":"","background-image":"","background-repeat":"repeat","background-position":"center center","background-size":"auto","background-attachment":"scroll","background-type":"","background-media":"","overlay-type":"","overlay-color":"","overlay-opacity":"","overlay-gradient":""},"mobile":{"background-color":"","background-image":"","background-repeat":"repeat","background-position":"center center","background-size":"auto","background-attachment":"scroll","background-type":"","background-media":"","overlay-type":"","overlay-color":"","overlay-opacity":"","overlay-gradient":""}},"ast-content-background-meta":{"desktop":{"background-color":"var(--ast-global-color-5)","background-image":"","background-repeat":"repeat","background-position":"center center","background-size":"auto","background-attachment":"scroll","background-type":"","background-media":"","overlay-type":"","overlay-color":"","overlay-opacity":"","overlay-gradient":""},"tablet":{"background-color":"var(--ast-global-color-5)","background-image":"","background-repeat":"repeat","background-position":"center center","background-size":"auto","background-attachment":"scroll","background-type":"","background-media":"","overlay-type":"","overlay-color":"","overlay-opacity":"","overlay-gradient":""},"mobile":{"background-color":"var(--ast-global-color-5)","background-image":"","background-repeat":"repeat","background-position":"center center","background-size":"auto","background-attachment":"scroll","background-type":"","background-media":"","overlay-type":"","overlay-color":"","overlay-opacity":"","overlay-gradient":""}},"footnotes":""},"class_list":["post-12395","page","type-page","status-publish","hentry"],"post_mailing_queue_ids":[],"_links":{"self":[{"href":"https:\/\/agora.xtec.cat\/ins-esc-santadria\/wp-json\/wp\/v2\/pages\/12395","targetHints":{"allow":["GET"]}}],"collection":[{"href":"https:\/\/agora.xtec.cat\/ins-esc-santadria\/wp-json\/wp\/v2\/pages"}],"about":[{"href":"https:\/\/agora.xtec.cat\/ins-esc-santadria\/wp-json\/wp\/v2\/types\/page"}],"author":[{"embeddable":true,"href":"https:\/\/agora.xtec.cat\/ins-esc-santadria\/wp-json\/wp\/v2\/users\/3"}],"replies":[{"embeddable":true,"href":"https:\/\/agora.xtec.cat\/ins-esc-santadria\/wp-json\/wp\/v2\/comments?post=12395"}],"version-history":[{"count":6,"href":"https:\/\/agora.xtec.cat\/ins-esc-santadria\/wp-json\/wp\/v2\/pages\/12395\/revisions"}],"predecessor-version":[{"id":16384,"href":"https:\/\/agora.xtec.cat\/ins-esc-santadria\/wp-json\/wp\/v2\/pages\/12395\/revisions\/16384"}],"up":[{"embeddable":true,"href":"https:\/\/agora.xtec.cat\/ins-esc-santadria\/wp-json\/wp\/v2\/pages\/12198"}],"wp:attachment":[{"href":"https:\/\/agora.xtec.cat\/ins-esc-santadria\/wp-json\/wp\/v2\/media?parent=12395"}],"curies":[{"name":"wp","href":"https:\/\/api.w.org\/{rel}","templated":true}]}}