{"id":12198,"date":"2020-10-28T17:28:05","date_gmt":"2020-10-28T16:28:05","guid":{"rendered":"http:\/\/agora.xtec.cat\/ins-esc-santadria\/?page_id=12198"},"modified":"2025-06-20T00:23:26","modified_gmt":"2025-06-19T22:23:26","slug":"etapes-educatives","status":"publish","type":"page","link":"https:\/\/agora.xtec.cat\/ins-esc-santadria\/etapes-educatives\/","title":{"rendered":"Etapes educatives"},"content":{"rendered":"<p style=\"text-align: justify;\"><a href=\"https:\/\/agora.xtec.cat\/ins-esc-santadria\/wp-content\/uploads\/usu1431\/2023\/11\/Infografia-amb-PFI--scaled.jpg\"><img loading=\"lazy\" decoding=\"async\" class=\"wp-image-14276 aligncenter\" src=\"https:\/\/agora.xtec.cat\/ins-esc-santadria\/wp-content\/uploads\/usu1431\/2023\/11\/Infografia-amb-PFI--300x169.jpg\" alt=\"\" width=\"722\" height=\"407\" srcset=\"https:\/\/agora.xtec.cat\/ins-esc-santadria\/wp-content\/uploads\/usu1431\/2023\/11\/Infografia-amb-PFI--300x169.jpg 300w, https:\/\/agora.xtec.cat\/ins-esc-santadria\/wp-content\/uploads\/usu1431\/2023\/11\/Infografia-amb-PFI--1024x577.jpg 1024w, https:\/\/agora.xtec.cat\/ins-esc-santadria\/wp-content\/uploads\/usu1431\/2023\/11\/Infografia-amb-PFI--768x433.jpg 768w, https:\/\/agora.xtec.cat\/ins-esc-santadria\/wp-content\/uploads\/usu1431\/2023\/11\/Infografia-amb-PFI--1536x866.jpg 1536w, https:\/\/agora.xtec.cat\/ins-esc-santadria\/wp-content\/uploads\/usu1431\/2023\/11\/Infografia-amb-PFI--2048x1154.jpg 2048w\" sizes=\"auto, (max-width: 722px) 100vw, 722px\" \/><\/a>A l&#8217;Institut Escola oferim els estudis d&#8217;infantil, prim\u00e0ria, ESO, els Cicles Formatius de Grau Mitj\u00e0 d&#8217;Activitats Comercials i d&#8217;Electromec\u00e0nica de Vehicles Autom\u00f2bils, i el Cicle Formatiu de Grau Superior de Transport i Log\u00edstica. A m\u00e9s, oferim tamb\u00e9 el Programa de Formaci\u00f3 i Inserci\u00f3 (PFI)\u00a0 amb dos itineraris: Auxiliar en Imatge Personal, Est\u00e8tica; Auxiliar en Reparaci\u00f3 i Manteniment de Vehicles Lleugers<\/p>\n","protected":false},"excerpt":{"rendered":"<p>A l&#8217;Institut Escola oferim els estudis d&#8217;infantil, prim\u00e0ria, ESO, els Cicles Formatius de Grau Mitj\u00e0 d&#8217;Activitats Comercials i d&#8217;Electromec\u00e0nica de Vehicles Autom\u00f2bils, i el Cicle Formatiu de Grau Superior de Transport i Log\u00edstica. A m\u00e9s, oferim tamb\u00e9 el Programa de Formaci\u00f3 i Inserci\u00f3 (PFI)\u00a0 amb dos itineraris: Auxiliar en Imatge Personal, Est\u00e8tica; Auxiliar en Reparaci\u00f3 [&hellip;]<\/p>\n","protected":false},"author":3,"featured_media":0,"parent":0,"menu_order":0,"comment_status":"closed","ping_status":"closed","template":"","meta":{"_bbp_topic_count":0,"_bbp_reply_count":0,"_bbp_total_topic_count":0,"_bbp_total_reply_count":0,"_bbp_voice_count":0,"_bbp_anonymous_reply_count":0,"_bbp_topic_count_hidden":0,"_bbp_reply_count_hidden":0,"_bbp_forum_subforum_count":0,"site-sidebar-layout":"default","site-content-layout":"","ast-site-content-layout":"default","site-content-style":"default","site-sidebar-style":"default","ast-global-header-display":"","ast-banner-title-visibility":"","ast-main-header-display":"","ast-hfb-above-header-display":"","ast-hfb-below-header-display":"","ast-hfb-mobile-header-display":"","site-post-title":"","ast-breadcrumbs-content":"","ast-featured-img":"","footer-sml-layout":"","theme-transparent-header-meta":"","adv-header-id-meta":"","stick-header-meta":"","header-above-stick-meta":"","header-main-stick-meta":"","header-below-stick-meta":"","astra-migrate-meta-layouts":"set","ast-page-background-enabled":"default","ast-page-background-meta":{"desktop":{"background-color":"var(--ast-global-color-4)","background-image":"","background-repeat":"repeat","background-position":"center center","background-size":"auto","background-attachment":"scroll","background-type":"","background-media":"","overlay-type":"","overlay-color":"","overlay-opacity":"","overlay-gradient":""},"tablet":{"background-color":"","background-image":"","background-repeat":"repeat","background-position":"center center","background-size":"auto","background-attachment":"scroll","background-type":"","background-media":"","overlay-type":"","overlay-color":"","overlay-opacity":"","overlay-gradient":""},"mobile":{"background-color":"","background-image":"","background-repeat":"repeat","background-position":"center center","background-size":"auto","background-attachment":"scroll","background-type":"","background-media":"","overlay-type":"","overlay-color":"","overlay-opacity":"","overlay-gradient":""}},"ast-content-background-meta":{"desktop":{"background-color":"var(--ast-global-color-5)","background-image":"","background-repeat":"repeat","background-position":"center center","background-size":"auto","background-attachment":"scroll","background-type":"","background-media":"","overlay-type":"","overlay-color":"","overlay-opacity":"","overlay-gradient":""},"tablet":{"background-color":"var(--ast-global-color-5)","background-image":"","background-repeat":"repeat","background-position":"center center","background-size":"auto","background-attachment":"scroll","background-type":"","background-media":"","overlay-type":"","overlay-color":"","overlay-opacity":"","overlay-gradient":""},"mobile":{"background-color":"var(--ast-global-color-5)","background-image":"","background-repeat":"repeat","background-position":"center center","background-size":"auto","background-attachment":"scroll","background-type":"","background-media":"","overlay-type":"","overlay-color":"","overlay-opacity":"","overlay-gradient":""}},"footnotes":""},"class_list":["post-12198","page","type-page","status-publish","hentry"],"post_mailing_queue_ids":[],"_links":{"self":[{"href":"https:\/\/agora.xtec.cat\/ins-esc-santadria\/wp-json\/wp\/v2\/pages\/12198","targetHints":{"allow":["GET"]}}],"collection":[{"href":"https:\/\/agora.xtec.cat\/ins-esc-santadria\/wp-json\/wp\/v2\/pages"}],"about":[{"href":"https:\/\/agora.xtec.cat\/ins-esc-santadria\/wp-json\/wp\/v2\/types\/page"}],"author":[{"embeddable":true,"href":"https:\/\/agora.xtec.cat\/ins-esc-santadria\/wp-json\/wp\/v2\/users\/3"}],"replies":[{"embeddable":true,"href":"https:\/\/agora.xtec.cat\/ins-esc-santadria\/wp-json\/wp\/v2\/comments?post=12198"}],"version-history":[{"count":6,"href":"https:\/\/agora.xtec.cat\/ins-esc-santadria\/wp-json\/wp\/v2\/pages\/12198\/revisions"}],"predecessor-version":[{"id":15747,"href":"https:\/\/agora.xtec.cat\/ins-esc-santadria\/wp-json\/wp\/v2\/pages\/12198\/revisions\/15747"}],"wp:attachment":[{"href":"https:\/\/agora.xtec.cat\/ins-esc-santadria\/wp-json\/wp\/v2\/media?parent=12198"}],"curies":[{"name":"wp","href":"https:\/\/api.w.org\/{rel}","templated":true}]}}