{"id":11998,"date":"2020-07-20T12:21:04","date_gmt":"2020-07-20T10:21:04","guid":{"rendered":"http:\/\/agora.xtec.cat\/ins-esc-santadria\/?page_id=11998"},"modified":"2025-06-20T09:16:06","modified_gmt":"2025-06-20T07:16:06","slug":"projecte-linguistic-de-centre","status":"publish","type":"page","link":"https:\/\/agora.xtec.cat\/ins-esc-santadria\/projecte-educatiu\/projecte-linguistic-de-centre\/","title":{"rendered":"Projecte Ling\u00fc\u00edstic de Centre"},"content":{"rendered":"<p>Elaborat durant el curs 2019-2020, el projecte ling\u00fc\u00edstic de l&#8217;Institut Escola La Mina, com a part del projecte educatiu de Centre, t\u00e9 com a objectiu principal aconseguir que tot l\u2019alumnat, que t\u00e9 el castell\u00e0 com a llengua primera, acabi l\u2019escolaritzaci\u00f3 obligat\u00f2ria sent competent en catal\u00e0, en un context d\u2019educaci\u00f3 pluriling\u00fce que afavoreixi la interculturalitat. \u00c9s per aix\u00f2 que disposem d&#8217;una aula d&#8217;acollida tant a prim\u00e0ria com a secund\u00e0ria. El catal\u00e0 ha de ser al centre de l\u2019aprenentatge: com a instrument fonamental per al desenvolupament personal, social, acad\u00e8mic i professional de l\u2019alumnat, ja que considerem que el coneixement de la llengua catalana garantir\u00e0 la igualtat d\u2019oportunitats de tot l\u2019alumnat. Aquest projecte ling\u00fc\u00edstic engloba totes les etapes educatives del Centre.<\/p>\n<p><a href=\"https:\/\/agora.xtec.cat\/ins-esc-santadria\/wp-content\/uploads\/usu1431\/2020\/07\/PROJECTE-LING\u00dc\u00cdSTIC-DE-L\u2019INSTITUT-ESCOLA-LA-MINA.pdf\">PROJECTE LING\u00dc\u00cdSTIC DE CENTRE<\/a><\/p>\n","protected":false},"excerpt":{"rendered":"<p>Elaborat durant el curs 2019-2020, el projecte ling\u00fc\u00edstic de l&#8217;Institut Escola La Mina, com a part del projecte educatiu de Centre, t\u00e9 com a objectiu principal aconseguir que tot l\u2019alumnat, que t\u00e9 el castell\u00e0 com a llengua primera, acabi l\u2019escolaritzaci\u00f3 obligat\u00f2ria sent competent en catal\u00e0, en un context d\u2019educaci\u00f3 pluriling\u00fce que afavoreixi la interculturalitat. \u00c9s [&hellip;]<\/p>\n","protected":false},"author":3,"featured_media":0,"parent":57,"menu_order":0,"comment_status":"closed","ping_status":"closed","template":"","meta":{"_bbp_topic_count":0,"_bbp_reply_count":0,"_bbp_total_topic_count":0,"_bbp_total_reply_count":0,"_bbp_voice_count":0,"_bbp_anonymous_reply_count":0,"_bbp_topic_count_hidden":0,"_bbp_reply_count_hidden":0,"_bbp_forum_subforum_count":0,"site-sidebar-layout":"default","site-content-layout":"","ast-site-content-layout":"default","site-content-style":"default","site-sidebar-style":"default","ast-global-header-display":"","ast-banner-title-visibility":"","ast-main-header-display":"","ast-hfb-above-header-display":"","ast-hfb-below-header-display":"","ast-hfb-mobile-header-display":"","site-post-title":"","ast-breadcrumbs-content":"","ast-featured-img":"","footer-sml-layout":"","theme-transparent-header-meta":"","adv-header-id-meta":"","stick-header-meta":"","header-above-stick-meta":"","header-main-stick-meta":"","header-below-stick-meta":"","astra-migrate-meta-layouts":"set","ast-page-background-enabled":"default","ast-page-background-meta":{"desktop":{"background-color":"var(--ast-global-color-4)","background-image":"","background-repeat":"repeat","background-position":"center center","background-size":"auto","background-attachment":"scroll","background-type":"","background-media":"","overlay-type":"","overlay-color":"","overlay-opacity":"","overlay-gradient":""},"tablet":{"background-color":"","background-image":"","background-repeat":"repeat","background-position":"center center","background-size":"auto","background-attachment":"scroll","background-type":"","background-media":"","overlay-type":"","overlay-color":"","overlay-opacity":"","overlay-gradient":""},"mobile":{"background-color":"","background-image":"","background-repeat":"repeat","background-position":"center center","background-size":"auto","background-attachment":"scroll","background-type":"","background-media":"","overlay-type":"","overlay-color":"","overlay-opacity":"","overlay-gradient":""}},"ast-content-background-meta":{"desktop":{"background-color":"var(--ast-global-color-5)","background-image":"","background-repeat":"repeat","background-position":"center center","background-size":"auto","background-attachment":"scroll","background-type":"","background-media":"","overlay-type":"","overlay-color":"","overlay-opacity":"","overlay-gradient":""},"tablet":{"background-color":"var(--ast-global-color-5)","background-image":"","background-repeat":"repeat","background-position":"center center","background-size":"auto","background-attachment":"scroll","background-type":"","background-media":"","overlay-type":"","overlay-color":"","overlay-opacity":"","overlay-gradient":""},"mobile":{"background-color":"var(--ast-global-color-5)","background-image":"","background-repeat":"repeat","background-position":"center center","background-size":"auto","background-attachment":"scroll","background-type":"","background-media":"","overlay-type":"","overlay-color":"","overlay-opacity":"","overlay-gradient":""}},"footnotes":""},"class_list":["post-11998","page","type-page","status-publish","hentry"],"post_mailing_queue_ids":[],"_links":{"self":[{"href":"https:\/\/agora.xtec.cat\/ins-esc-santadria\/wp-json\/wp\/v2\/pages\/11998","targetHints":{"allow":["GET"]}}],"collection":[{"href":"https:\/\/agora.xtec.cat\/ins-esc-santadria\/wp-json\/wp\/v2\/pages"}],"about":[{"href":"https:\/\/agora.xtec.cat\/ins-esc-santadria\/wp-json\/wp\/v2\/types\/page"}],"author":[{"embeddable":true,"href":"https:\/\/agora.xtec.cat\/ins-esc-santadria\/wp-json\/wp\/v2\/users\/3"}],"replies":[{"embeddable":true,"href":"https:\/\/agora.xtec.cat\/ins-esc-santadria\/wp-json\/wp\/v2\/comments?post=11998"}],"version-history":[{"count":4,"href":"https:\/\/agora.xtec.cat\/ins-esc-santadria\/wp-json\/wp\/v2\/pages\/11998\/revisions"}],"predecessor-version":[{"id":15757,"href":"https:\/\/agora.xtec.cat\/ins-esc-santadria\/wp-json\/wp\/v2\/pages\/11998\/revisions\/15757"}],"up":[{"embeddable":true,"href":"https:\/\/agora.xtec.cat\/ins-esc-santadria\/wp-json\/wp\/v2\/pages\/57"}],"wp:attachment":[{"href":"https:\/\/agora.xtec.cat\/ins-esc-santadria\/wp-json\/wp\/v2\/media?parent=11998"}],"curies":[{"name":"wp","href":"https:\/\/api.w.org\/{rel}","templated":true}]}}