{"id":11045,"date":"2019-07-25T12:19:51","date_gmt":"2019-07-25T10:19:51","guid":{"rendered":"http:\/\/agora.xtec.cat\/ins-esc-santadria\/?page_id=11045"},"modified":"2026-03-03T17:47:58","modified_gmt":"2026-03-03T16:47:58","slug":"missio-visio-i-valors","status":"publish","type":"page","link":"https:\/\/agora.xtec.cat\/ins-esc-santadria\/linstitut\/missio-visio-i-valors\/","title":{"rendered":"Missi\u00f3, visi\u00f3 i valors"},"content":{"rendered":"<h2><strong>MISSI\u00d3 i <\/strong><strong>VISI\u00d3<\/strong><\/h2>\n<p>Som un <strong>Institut escola p\u00fablic<\/strong>, situat al barri de la Mina, de Sant Adri\u00e0 de Bes\u00f2s, que treballem per obrir-nos i integrar-nos a l&#8217;entorn. Som un <strong>centre aut\u00f2nom<\/strong>, gestionat amb transpar\u00e8ncia, que compta amb el comprom\u00eds tant del professorat\u00a0 com del personal no docent, que fomenta el di\u00e0leg i la participaci\u00f3. Estem compromesos amb la <strong>millora de la qualitat per a l&#8217;\u00e8xit educatiu<\/strong> de tot l&#8217;alumnat.<\/p>\n<p>Som un <strong>Centre inclusiu<\/strong> que at\u00e9n la <strong>diversitat<\/strong> impulsant <strong>una l\u00ednia pedag\u00f2gica<\/strong> coherent i consistent, en qu\u00e8 cada alumne \u00e9s el protagonista, tot oferint propostes educatives adequades a les seves necessitats i acompanyades d&#8217;un est\u00edmul de superaci\u00f3 personal. Oferim una <strong>formaci\u00f3 integral <\/strong>basada en<strong>:<\/strong><\/p>\n<ul>\n<li><strong>l&#8217;acompanyament i la tutoritzaci\u00f3<\/strong>, tot vetllant pel<em> proc\u00e9s d&#8217;aprenentatge i maduraci\u00f3 personal, acad\u00e8mica, social i humana de l&#8217;alumnat<\/em>,<\/li>\n<li>el treball per a <strong>l&#8217;adquisici\u00f3 de les compet\u00e8ncies b\u00e0siques<\/strong> tot proporcionant les eines necess\u00e0ries per desenvolupar la seva <em>autonomia, responsabilitat i respecte<\/em>, tant a si mateixos com als altres, i<\/li>\n<li>la preparaci\u00f3 necess\u00e0ria per esdevenir <em>persones competents i compromeses, i bons ciutadans per afrontar els nous reptes de la societat actual i futura.<\/em><\/li>\n<\/ul>\n<p>Valorem la <strong>diversitat cultural<\/strong>, promovent i aportant un <strong>clima acollidor i constructiu<\/strong>, que fa que l&#8217;alumnat es trobi segur i feli\u00e7. Impulsem la <strong>projecci\u00f3 social del nostre alumnat i del Centre,<\/strong> i treballem en <strong>coordinaci\u00f3 amb les entitats del barri<\/strong> per col\u00b7laborar en la seva cohesi\u00f3 social.<\/p>\n<p>Vetllem per garantir <strong>el dret a l&#8217;educaci\u00f3<\/strong> <em>buscant estrat\u00e8gies per reduir l\u2019absentisme i l&#8217;abandonament escolar, per afavorir la generaci\u00f3 d&#8217;expectatives positives envers l&#8217;aprenentatge i per estimular la continu\u00eftat dels estudis postobligatoris.<\/em><\/p>\n<p>Aspirem a ser el <strong>centre educatiu p\u00fablic de refer\u00e8ncia<\/strong> a Sant Adri\u00e0 de Bes\u00f2s pels seus <strong>projectes i metodologies innovadores i la seva oferta educativa completa de qualitat, <\/strong>i que destaqui<strong> per la implicaci\u00f3 de les fam\u00edlies.<\/strong>Tamb\u00e9 aspirem a ser <strong>un Centre d&#8217;excel\u00b7l\u00e8ncia<\/strong> que optimitza les capacitats personals i acad\u00e8miques del seu alumnat, per a garantir-los les millors oportunitats d&#8217;\u00e8xit personal, social i professional.<\/p>\n<p>Volem ser un Institut escola\u00a0 <strong>acollidor <\/strong>i<strong> obert<\/strong>, <strong>plural<\/strong> i <strong>innovador<\/strong>, amb capacitat per motivar i il\u00b7lusionar tot el nostre alumnat. Ens esfor\u00e7arem a <strong>generar expectatives positives envers l&#8217;aprenentatge <\/strong>per tal que tot l&#8217;alumnat culmini els estudis en la seva integritat<strong> i aconsegueixi l&#8217;\u00e8xit educatiu<\/strong>, amb la finalitat que arribin a ser ciutadans amb esperit cr\u00edtic, responsables i compromesos amb la societat. Volem ser un Centre que formi <strong>persones i que en un futur siguin referent i motor educatiu<\/strong> del barri.<\/p>\n<p>Pretenem ser un\u00a0 Centre <strong>integrat i arrelat a l&#8217;entorn,<\/strong> <strong>que col\u00b7labora amb agents, associacions i entitats<\/strong> per <em>assegurar les condicions d&#8217;educabilitat, millorar la qualitat de l&#8217;aprenentatge i l&#8217;acc\u00e9s a les activitats complement\u00e0ries i extraescolars. <\/em>Volem apostar per <strong>unes pr\u00e0ctiques de qualitat i una Formaci\u00f3 Professional\u00a0 en r\u00e8gim dual,<\/strong> i volem ampliar l\u2019oferta educativa, tant a <strong>ensenyaments obligatoris, postobligatoris, <\/strong>com<strong> de segona oportunitat,<\/strong> per tal de garantir la promoci\u00f3 social del nostre alumnat.<\/p>\n<h2><strong>VALORS<\/strong><\/h2>\n<ul>\n<li><strong><u>Just\u00edcia social \/ Equitat \/ Igualtat d&#8217;oportunitats <\/u><\/strong><\/li>\n<\/ul>\n<p>Reconeixem <strong>l&#8217;educaci\u00f3 <\/strong>com<em> &#8220;<\/em><em>la palanca que fa possible la superaci\u00f3 dels condicionants personals, socials, econ\u00f2mics i culturals en origen; \u00e9s la <strong>clau de les oportunitats per a superar les desigualtats<\/strong>&#8221; <\/em>(Pre\u00e0mbul la Llei 12\/2009, del 10 de juliol, d&#8217;educaci\u00f3)<\/p>\n<p><strong>Just\u00edcia social<\/strong><strong> &#8211; <\/strong>En aquest marc, l&#8217;Institut escola esdev\u00e9 una instituci\u00f3 que respecta els principis de la just\u00edcia social amb la finalitat de neutralitzar en l\u2019\u00e0mbit de l\u2019educaci\u00f3 les desigualtats d\u2019origen i naturals.<\/p>\n<p><strong>Igualtat d&#8217;oportunitats<\/strong> &#8211; Oferim a tot l&#8217;alumnat les mateixes <strong>possibilitats d&#8217;acc\u00e9s<\/strong> a l&#8217;educaci\u00f3, comptant amb els mateixos drets pel que fa a rebre una <strong>educaci\u00f3 integral <\/strong>(proc\u00e9s), orientada al ple <strong>desenvolupament personal<\/strong> (aprenentatges i resultats).<\/p>\n<p><strong>Equitat<\/strong> &#8211; Conjunt d&#8217;accions positives orientades a fomentar la igualtat d&#8217;oportunitats, a partir de la <strong>valoraci\u00f3 positiva de la diversitat cultural,<\/strong> <strong>facilitant condicions d&#8217;\u00e8xit<\/strong> per a tot l&#8217;alumnat, especialment als que es troben<strong> en situacions de vulnerabilitat social<\/strong>, amb la finalitat que tot l\u2019alumnat assoleixi l\u2019\u00e8xit educatiu<\/p>\n","protected":false},"excerpt":{"rendered":"<p>MISSI\u00d3 i VISI\u00d3 Som un Institut escola p\u00fablic, situat al barri de la Mina, de Sant Adri\u00e0 de Bes\u00f2s, que treballem per obrir-nos i integrar-nos a l&#8217;entorn. Som un centre aut\u00f2nom, gestionat amb transpar\u00e8ncia, que compta amb el comprom\u00eds tant del professorat\u00a0 com del personal no docent, que fomenta el di\u00e0leg i la participaci\u00f3. Estem [&hellip;]<\/p>\n","protected":false},"author":3,"featured_media":0,"parent":19,"menu_order":0,"comment_status":"closed","ping_status":"closed","template":"","meta":{"_bbp_topic_count":0,"_bbp_reply_count":0,"_bbp_total_topic_count":0,"_bbp_total_reply_count":0,"_bbp_voice_count":0,"_bbp_anonymous_reply_count":0,"_bbp_topic_count_hidden":0,"_bbp_reply_count_hidden":0,"_bbp_forum_subforum_count":0,"site-sidebar-layout":"no-sidebar","site-content-layout":"","ast-site-content-layout":"default","site-content-style":"default","site-sidebar-style":"default","ast-global-header-display":"","ast-banner-title-visibility":"","ast-main-header-display":"","ast-hfb-above-header-display":"","ast-hfb-below-header-display":"","ast-hfb-mobile-header-display":"","site-post-title":"","ast-breadcrumbs-content":"","ast-featured-img":"","footer-sml-layout":"","theme-transparent-header-meta":"","adv-header-id-meta":"","stick-header-meta":"","header-above-stick-meta":"","header-main-stick-meta":"","header-below-stick-meta":"","astra-migrate-meta-layouts":"set","ast-page-background-enabled":"default","ast-page-background-meta":{"desktop":{"background-color":"var(--ast-global-color-4)","background-image":"","background-repeat":"repeat","background-position":"center center","background-size":"auto","background-attachment":"scroll","background-type":"","background-media":"","overlay-type":"","overlay-color":"","overlay-opacity":"","overlay-gradient":""},"tablet":{"background-color":"","background-image":"","background-repeat":"repeat","background-position":"center center","background-size":"auto","background-attachment":"scroll","background-type":"","background-media":"","overlay-type":"","overlay-color":"","overlay-opacity":"","overlay-gradient":""},"mobile":{"background-color":"","background-image":"","background-repeat":"repeat","background-position":"center center","background-size":"auto","background-attachment":"scroll","background-type":"","background-media":"","overlay-type":"","overlay-color":"","overlay-opacity":"","overlay-gradient":""}},"ast-content-background-meta":{"desktop":{"background-color":"var(--ast-global-color-5)","background-image":"","background-repeat":"repeat","background-position":"center center","background-size":"auto","background-attachment":"scroll","background-type":"","background-media":"","overlay-type":"","overlay-color":"","overlay-opacity":"","overlay-gradient":""},"tablet":{"background-color":"var(--ast-global-color-5)","background-image":"","background-repeat":"repeat","background-position":"center center","background-size":"auto","background-attachment":"scroll","background-type":"","background-media":"","overlay-type":"","overlay-color":"","overlay-opacity":"","overlay-gradient":""},"mobile":{"background-color":"var(--ast-global-color-5)","background-image":"","background-repeat":"repeat","background-position":"center center","background-size":"auto","background-attachment":"scroll","background-type":"","background-media":"","overlay-type":"","overlay-color":"","overlay-opacity":"","overlay-gradient":""}},"footnotes":""},"class_list":["post-11045","page","type-page","status-publish","hentry"],"post_mailing_queue_ids":[],"_links":{"self":[{"href":"https:\/\/agora.xtec.cat\/ins-esc-santadria\/wp-json\/wp\/v2\/pages\/11045","targetHints":{"allow":["GET"]}}],"collection":[{"href":"https:\/\/agora.xtec.cat\/ins-esc-santadria\/wp-json\/wp\/v2\/pages"}],"about":[{"href":"https:\/\/agora.xtec.cat\/ins-esc-santadria\/wp-json\/wp\/v2\/types\/page"}],"author":[{"embeddable":true,"href":"https:\/\/agora.xtec.cat\/ins-esc-santadria\/wp-json\/wp\/v2\/users\/3"}],"replies":[{"embeddable":true,"href":"https:\/\/agora.xtec.cat\/ins-esc-santadria\/wp-json\/wp\/v2\/comments?post=11045"}],"version-history":[{"count":4,"href":"https:\/\/agora.xtec.cat\/ins-esc-santadria\/wp-json\/wp\/v2\/pages\/11045\/revisions"}],"predecessor-version":[{"id":15754,"href":"https:\/\/agora.xtec.cat\/ins-esc-santadria\/wp-json\/wp\/v2\/pages\/11045\/revisions\/15754"}],"up":[{"embeddable":true,"href":"https:\/\/agora.xtec.cat\/ins-esc-santadria\/wp-json\/wp\/v2\/pages\/19"}],"wp:attachment":[{"href":"https:\/\/agora.xtec.cat\/ins-esc-santadria\/wp-json\/wp\/v2\/media?parent=11045"}],"curies":[{"name":"wp","href":"https:\/\/api.w.org\/{rel}","templated":true}]}}