{"id":11028,"date":"2019-07-25T11:56:20","date_gmt":"2019-07-25T09:56:20","guid":{"rendered":"http:\/\/agora.xtec.cat\/ins-esc-santadria\/?page_id=11028"},"modified":"2026-03-03T17:48:29","modified_gmt":"2026-03-03T16:48:29","slug":"qui-som","status":"publish","type":"page","link":"https:\/\/agora.xtec.cat\/ins-esc-santadria\/linstitut\/qui-som\/","title":{"rendered":"Qui som?"},"content":{"rendered":"<p>L\u2019Institut Escola La Mina neix el setembre de 2016 com a fusi\u00f3 dels dos centres educatius p\u00fablics del barri de la Mina: l\u2019Escola Mediterr\u00e0nia i l\u2019Institut F\u00f2rum 2004. \u00c9s un centre educatiu p\u00fablic, de dues l\u00ednies, de m\u00e0xima complexitat en un barri de la perif\u00e8ria de Barcelona, un entorn complex i d&#8217;exclusi\u00f3 social que condiciona l&#8217;\u00e8xit educatiu. Comptem amb dos edificis, a uns 300 metres de dist\u00e0ncia.<\/p>\n<p>Amb l&#8217;objectiu de millorar aquest \u00e8xit educatiu i afavorir la cohesi\u00f3 social, hem dissenyat un pla estrat\u00e8gic, de manera compartida, que inclou el plantejament institucional del Centre (missi\u00f3, visi\u00f3 i valors), una diagnosi, uns objectius a mitj\u00e0 termini, estrat\u00e8gies per aconseguir-los i indicadors de progr\u00e9s.<\/p>\n<p>Estem oberts al canvi i promovem la innovaci\u00f3. Vam entendre la creaci\u00f3 de l\u2019Institut Escola com una oportunitat, com una aposta pel canvi i la millora per adequar-lo a les necessitats del barri. Treballem en equip, posant \u00e8mfasi en la cooperaci\u00f3 i la participaci\u00f3, per millorar la coordinaci\u00f3 i innovaci\u00f3 metodol\u00f2gica, l&#8217;atenci\u00f3 a la diversitat, la tutoria i orientaci\u00f3 acad\u00e8mica, la conviv\u00e8ncia i la implicaci\u00f3 de les fam\u00edlies.<\/p>\n","protected":false},"excerpt":{"rendered":"<p>L\u2019Institut Escola La Mina neix el setembre de 2016 com a fusi\u00f3 dels dos centres educatius p\u00fablics del barri de la Mina: l\u2019Escola Mediterr\u00e0nia i l\u2019Institut F\u00f2rum 2004. \u00c9s un centre educatiu p\u00fablic, de dues l\u00ednies, de m\u00e0xima complexitat en un barri de la perif\u00e8ria de Barcelona, un entorn complex i d&#8217;exclusi\u00f3 social que condiciona [&hellip;]<\/p>\n","protected":false},"author":3,"featured_media":0,"parent":19,"menu_order":0,"comment_status":"closed","ping_status":"closed","template":"","meta":{"_bbp_topic_count":0,"_bbp_reply_count":0,"_bbp_total_topic_count":0,"_bbp_total_reply_count":0,"_bbp_voice_count":0,"_bbp_anonymous_reply_count":0,"_bbp_topic_count_hidden":0,"_bbp_reply_count_hidden":0,"_bbp_forum_subforum_count":0,"site-sidebar-layout":"no-sidebar","site-content-layout":"","ast-site-content-layout":"default","site-content-style":"default","site-sidebar-style":"default","ast-global-header-display":"","ast-banner-title-visibility":"","ast-main-header-display":"","ast-hfb-above-header-display":"","ast-hfb-below-header-display":"","ast-hfb-mobile-header-display":"","site-post-title":"","ast-breadcrumbs-content":"","ast-featured-img":"","footer-sml-layout":"","theme-transparent-header-meta":"","adv-header-id-meta":"","stick-header-meta":"","header-above-stick-meta":"","header-main-stick-meta":"","header-below-stick-meta":"","astra-migrate-meta-layouts":"set","ast-page-background-enabled":"default","ast-page-background-meta":{"desktop":{"background-color":"var(--ast-global-color-4)","background-image":"","background-repeat":"repeat","background-position":"center center","background-size":"auto","background-attachment":"scroll","background-type":"","background-media":"","overlay-type":"","overlay-color":"","overlay-opacity":"","overlay-gradient":""},"tablet":{"background-color":"","background-image":"","background-repeat":"repeat","background-position":"center center","background-size":"auto","background-attachment":"scroll","background-type":"","background-media":"","overlay-type":"","overlay-color":"","overlay-opacity":"","overlay-gradient":""},"mobile":{"background-color":"","background-image":"","background-repeat":"repeat","background-position":"center center","background-size":"auto","background-attachment":"scroll","background-type":"","background-media":"","overlay-type":"","overlay-color":"","overlay-opacity":"","overlay-gradient":""}},"ast-content-background-meta":{"desktop":{"background-color":"var(--ast-global-color-5)","background-image":"","background-repeat":"repeat","background-position":"center center","background-size":"auto","background-attachment":"scroll","background-type":"","background-media":"","overlay-type":"","overlay-color":"","overlay-opacity":"","overlay-gradient":""},"tablet":{"background-color":"var(--ast-global-color-5)","background-image":"","background-repeat":"repeat","background-position":"center center","background-size":"auto","background-attachment":"scroll","background-type":"","background-media":"","overlay-type":"","overlay-color":"","overlay-opacity":"","overlay-gradient":""},"mobile":{"background-color":"var(--ast-global-color-5)","background-image":"","background-repeat":"repeat","background-position":"center center","background-size":"auto","background-attachment":"scroll","background-type":"","background-media":"","overlay-type":"","overlay-color":"","overlay-opacity":"","overlay-gradient":""}},"footnotes":""},"class_list":["post-11028","page","type-page","status-publish","hentry"],"post_mailing_queue_ids":[],"_links":{"self":[{"href":"https:\/\/agora.xtec.cat\/ins-esc-santadria\/wp-json\/wp\/v2\/pages\/11028","targetHints":{"allow":["GET"]}}],"collection":[{"href":"https:\/\/agora.xtec.cat\/ins-esc-santadria\/wp-json\/wp\/v2\/pages"}],"about":[{"href":"https:\/\/agora.xtec.cat\/ins-esc-santadria\/wp-json\/wp\/v2\/types\/page"}],"author":[{"embeddable":true,"href":"https:\/\/agora.xtec.cat\/ins-esc-santadria\/wp-json\/wp\/v2\/users\/3"}],"replies":[{"embeddable":true,"href":"https:\/\/agora.xtec.cat\/ins-esc-santadria\/wp-json\/wp\/v2\/comments?post=11028"}],"version-history":[{"count":5,"href":"https:\/\/agora.xtec.cat\/ins-esc-santadria\/wp-json\/wp\/v2\/pages\/11028\/revisions"}],"predecessor-version":[{"id":15855,"href":"https:\/\/agora.xtec.cat\/ins-esc-santadria\/wp-json\/wp\/v2\/pages\/11028\/revisions\/15855"}],"up":[{"embeddable":true,"href":"https:\/\/agora.xtec.cat\/ins-esc-santadria\/wp-json\/wp\/v2\/pages\/19"}],"wp:attachment":[{"href":"https:\/\/agora.xtec.cat\/ins-esc-santadria\/wp-json\/wp\/v2\/media?parent=11028"}],"curies":[{"name":"wp","href":"https:\/\/api.w.org\/{rel}","templated":true}]}}